{"id":9652,"date":"2018-12-24T13:15:48","date_gmt":"2018-12-24T15:15:48","guid":{"rendered":"http:\/\/lagh-univ.dz\/genie-civil-departement-architecture-presentation-2\/"},"modified":"2020-02-19T00:10:22","modified_gmt":"2020-02-19T02:10:22","slug":"genie-civil-departement-architecture-presentation-2","status":"publish","type":"page","link":"http:\/\/lagh-univ.dz\/fr\/genie-civil-departement-architecture-2\/genie-civil-departement-architecture-presentation-2\/","title":{"rendered":"Genie civil-Departement- architecture-presentation"},"content":{"rendered":"<p dir=\"ltr\" style=\"text-align: center\"><span style=\"font-size: 24pt\"><strong><span style=\"font-family: 'Book Antiqua', Palatino;color: #000000\">Le d\u00e9partement d\u2019architecture<\/span><\/strong><\/span><\/p>\n<p dir=\"ltr\"><img fetchpriority=\"high\" decoding=\"async\" class=\"wp-image-29244 aligncenter\" src=\"http:\/\/lagh-univ.dz\/wp-content\/uploads\/2020\/02\/unnamed-2-300x93.jpg\" alt=\"\" width=\"548\" height=\"170\" srcset=\"http:\/\/lagh-univ.dz\/wp-content\/uploads\/2020\/02\/unnamed-2-300x93.jpg 300w, http:\/\/lagh-univ.dz\/wp-content\/uploads\/2020\/02\/unnamed-2.jpg 512w\" sizes=\"(max-width: 548px) 100vw, 548px\" \/><\/p>\n<p dir=\"ltr\" style=\"text-align: center\"><span style=\"font-size: 14pt;font-family: 'Book Antiqua', Palatino;color: #000000\">\u00a0Chef du d\u00e9partement<\/span><\/p>\n<p dir=\"ltr\" style=\"text-align: center\"><span style=\"font-size: 14pt;font-family: 'Book Antiqua', Palatino;color: #000000\"><img decoding=\"async\" class=\"alignnone size-full wp-image-13824\" src=\"http:\/\/lagh-univ.dz\/wp-content\/uploads\/2019\/02\/22.png\" alt=\"\" width=\"122\" height=\"151\" \/>\u00a0<\/span><\/p>\n<p dir=\"ltr\" style=\"text-align: center\"><strong><span style=\"font-family: 'Book Antiqua', Palatino;color: #000000\">Dr:CHETTIH AZZEDDINE<\/span><\/strong><\/p>\n<p dir=\"ltr\" style=\"text-align: center\"><strong><span style=\"font-family: 'Book Antiqua', Palatino;color: #000000\">T\u00e9l\/Fax\u00a0:0666.67.84.76<\/span><\/strong><\/p>\n<p dir=\"ltr\" style=\"text-align: center\"><strong><span style=\"font-family: 'Book Antiqua', Palatino;color: #000000\">Email\u00a0:<u>az.chettih@lagh-univ.dz<\/u><\/span><\/strong><\/p>\n<p dir=\"ltr\"><span style=\"font-size: 14pt;font-family: 'Book Antiqua', Palatino;color: #000000\">Le d\u00e9partement d\u2019architecture \u00e0 l\u2019universit\u00e9 de Laghouat offre une formation intense (Master acad\u00e9mique) qui a pour objectif la mise \u00e0 niveau de l&rsquo;enseignement de l&rsquo;architecture par une adaptation des programmes aux besoins r\u00e9els du terrain et nouvelles politiques de la production du cadre b\u00e2ti r\u00e9pondant aux imp\u00e9ratifs du d\u00e9veloppement durable dans le contexte de globalisation.<\/span><\/p>\n<p dir=\"ltr\"><span style=\"font-size: 14pt;font-family: 'Book Antiqua', Palatino;color: #000000\">Il est \u00e0 la\u00a0 fois\u00a0un lieu de r\u00e9flexion, de production et de cr\u00e9ation, offrant une pluralit\u00e9 d\u2019approches disciplinaires ainsi qu\u2019une diversit\u00e9 des \u00e9chelles de manipulation et de mod\u00e9lisation<\/span><\/p>\n<p dir=\"ltr\"><span style=\"font-size: 14pt;font-family: 'Book Antiqua', Palatino;color: #000000\">D\u00e8s sa cr\u00e9ation en 2001, le d\u00e9partement d\u2019architecture s\u2019est consid\u00e9rablement d\u00e9velopp\u00e9 en assurant une formation de haute qualit\u00e9 pour diverses options en graduation permettant de r\u00e9pondre aux besoins progressifs de la soci\u00e9t\u00e9.<\/span><\/p>\n","protected":false},"excerpt":{"rendered":"<p>Le d\u00e9partement d\u2019architecture \u00a0Chef du d\u00e9partement \u00a0 Dr:CHETTIH AZZEDDINE T\u00e9l\/Fax\u00a0:0666.67.84.76 Email\u00a0:az.chettih@lagh-univ.dz Le d\u00e9partement d\u2019architecture \u00e0 l\u2019universit\u00e9 de Laghouat offre une formation intense (Master acad\u00e9mique) qui a pour objectif la mise \u00e0 niveau de l&rsquo;enseignement de l&rsquo;architecture par une adaptation des programmes aux besoins r\u00e9els du terrain et nouvelles politiques de la production du cadre b\u00e2ti [&hellip;]<\/p>\n","protected":false},"author":18,"featured_media":0,"parent":9593,"menu_order":0,"comment_status":"closed","ping_status":"closed","template":"elementor_header_footer","meta":{"_exactmetrics_skip_tracking":false,"_exactmetrics_sitenote_active":false,"_exactmetrics_sitenote_note":"","_exactmetrics_sitenote_category":0,"footnotes":""},"coauthors":[527],"class_list":["post-9652","page","type-page","status-publish","hentry"],"_links":{"self":[{"href":"http:\/\/lagh-univ.dz\/fr\/wp-json\/wp\/v2\/pages\/9652","targetHints":{"allow":["GET"]}}],"collection":[{"href":"http:\/\/lagh-univ.dz\/fr\/wp-json\/wp\/v2\/pages"}],"about":[{"href":"http:\/\/lagh-univ.dz\/fr\/wp-json\/wp\/v2\/types\/page"}],"author":[{"embeddable":true,"href":"http:\/\/lagh-univ.dz\/fr\/wp-json\/wp\/v2\/users\/18"}],"replies":[{"embeddable":true,"href":"http:\/\/lagh-univ.dz\/fr\/wp-json\/wp\/v2\/comments?post=9652"}],"version-history":[{"count":7,"href":"http:\/\/lagh-univ.dz\/fr\/wp-json\/wp\/v2\/pages\/9652\/revisions"}],"predecessor-version":[{"id":29260,"href":"http:\/\/lagh-univ.dz\/fr\/wp-json\/wp\/v2\/pages\/9652\/revisions\/29260"}],"up":[{"embeddable":true,"href":"http:\/\/lagh-univ.dz\/fr\/wp-json\/wp\/v2\/pages\/9593"}],"wp:attachment":[{"href":"http:\/\/lagh-univ.dz\/fr\/wp-json\/wp\/v2\/media?parent=9652"}],"wp:term":[{"taxonomy":"author","embeddable":true,"href":"http:\/\/lagh-univ.dz\/fr\/wp-json\/wp\/v2\/coauthors?post=9652"}],"curies":[{"name":"wp","href":"https:\/\/api.w.org\/{rel}","templated":true}]}}