{"id":9654,"date":"2018-12-24T13:17:23","date_gmt":"2018-12-24T15:17:23","guid":{"rendered":"http:\/\/lagh-univ.dz\/genie-civil-departement-architecture-administration-2\/"},"modified":"2019-02-28T07:58:23","modified_gmt":"2019-02-28T09:58:23","slug":"genie-civil-departement-architecture-administration-2","status":"publish","type":"page","link":"http:\/\/lagh-univ.dz\/fr\/genie-civil-departement-architecture-2\/genie-civil-departement-architecture-administration-2\/","title":{"rendered":"Genie civil-Departement- architecture-administration"},"content":{"rendered":"<ul>\n<li style=\"text-align: left\"><strong><span style=\"font-size: 14pt;color: #000000;font-family: 'Book Antiqua', Palatino\">Chef de d\u00e9partement<\/span><\/strong><\/li>\n<\/ul>\n<p dir=\"ltr\"><img decoding=\"async\" class=\"size-full wp-image-13824 aligncenter\" src=\"http:\/\/lagh-univ.dz\/wp-content\/uploads\/2019\/02\/22.png\" alt=\"\" width=\"122\" height=\"151\" \/><\/p>\n<p dir=\"ltr\" style=\"text-align: center\"><span style=\"font-size: 14pt;color: #000000;font-family: 'Book Antiqua', Palatino\">CHETTIH AZZEDDINE<\/span><\/p>\n<p dir=\"ltr\" style=\"text-align: center\"><span style=\"font-size: 14pt;color: #000000;font-family: 'Book Antiqua', Palatino\">T\u00e9l\/Fax\u00a0:0666.67.84.76<\/span><\/p>\n<p dir=\"ltr\" style=\"text-align: center\"><span style=\"font-size: 14pt;color: #000000;font-family: 'Book Antiqua', Palatino\">Email\u00a0:<u>az.chettih@lagh-univ.dz<\/u><\/span><\/p>\n<ul style=\"text-align: left\">\n<li><strong><span style=\"font-size: 14pt;color: #000000;font-family: 'Book Antiqua', Palatino\">Staf Administratif\u00a0<\/span><\/strong><\/li>\n<\/ul>\n<p dir=\"ltr\" style=\"text-align: left\"><span style=\"font-size: 14pt;color: #000000;font-family: 'Book Antiqua', Palatino\">\u00a0Nom et pr\u00e9nom de l\u2019adjoint du chef de d\u00e9partement\u00a0:<\/span><\/p>\n<p dir=\"ltr\" style=\"text-align: left\"><span style=\"font-size: 14pt;color: #000000;font-family: 'Book Antiqua', Palatino\">\u00a0\u00a0\u00a0\u00a0 KORKAZ \u00a0HARZALLAH<\/span><\/p>\n<p dir=\"ltr\" style=\"text-align: left\"><span style=\"font-size: 14pt;color: #000000;font-family: 'Book Antiqua', Palatino\">\u00a0\u00a0\u00a0 T\u00e9l\/Fax\u00a0: 06.55.41.81.92<\/span><\/p>\n<p dir=\"ltr\" style=\"text-align: left\"><span style=\"font-size: 14pt;color: #000000;font-family: 'Book Antiqua', Palatino\">\u00a0\u00a0\u00a0 Email\u00a0: harzallahk@yahoo.fr<\/span><\/p>\n<ul>\n<li style=\"text-align: left\"><strong><span style=\"font-size: 14pt;color: #000000;font-family: 'Book Antiqua', Palatino\">\u00a0Les Chefs du Domaine et Fili\u00e8re\u00a0<\/span><\/strong><\/li>\n<\/ul>\n<table class=\" alignleft\" dir=\"ltr\" style=\"height: 145px\" width=\"586\">\n<tbody>\n<tr style=\"height: 26px\">\n<td style=\"height: 10px;width: 106px\"><strong><span style=\"font-size: 14pt;color: #000000;font-family: 'Book Antiqua', Palatino\">D\u00e9part.<\/span><\/strong><\/td>\n<td style=\"height: 10px;width: 101px\"><strong><span style=\"font-size: 14pt;color: #000000;font-family: 'Book Antiqua', Palatino\">N\u00b0<\/span><\/strong><\/td>\n<td style=\"height: 10px;width: 163px\"><strong><span style=\"font-size: 14pt;color: #000000;font-family: 'Book Antiqua', Palatino\">Les Fili\u00e8res<\/span><\/strong><\/td>\n<td style=\"height: 10px;width: 188px\"><strong><span style=\"font-size: 14pt;color: #000000;font-family: 'Book Antiqua', Palatino\">Responsable de Fili\u00e8re<\/span><\/strong><\/td>\n<\/tr>\n<tr style=\"height: 81px\">\n<td style=\"height: 135px;width: 106px\" rowspan=\"2\"><\/td>\n<td style=\"height: 81px;width: 101px\"><span style=\"font-size: 14pt;color: #000000;font-family: 'Book Antiqua', Palatino\">Domaine<\/span><\/td>\n<td style=\"height: 81px;width: 163px\"><span style=\"font-size: 14pt;color: #000000;font-family: 'Book Antiqua', Palatino\">Architecture, urbanisme et m\u00e9tiers de la ville<\/span><\/td>\n<td style=\"height: 81px;width: 188px\"><span style=\"font-size: 14pt;color: #000000;font-family: 'Book Antiqua', Palatino\">Pr BENCHEIKH Hamida<\/span><\/td>\n<\/tr>\n<tr style=\"height: 54px\">\n<td style=\"height: 54px;width: 101px\"><span style=\"font-size: 14pt;color: #000000;font-family: 'Book Antiqua', Palatino\">Fili\u00e8re<\/span><\/td>\n<td style=\"height: 54px;width: 163px\"><span style=\"font-size: 14pt;color: #000000;font-family: 'Book Antiqua', Palatino\">Architecture<\/span><\/td>\n<td style=\"height: 54px;width: 188px\"><span style=\"font-size: 14pt;color: #000000;font-family: 'Book Antiqua', Palatino\">MOKEDDEM Mahmoud<\/span><\/td>\n<\/tr>\n<\/tbody>\n<\/table>\n<p dir=\"ltr\" style=\"text-align: left\">\n","protected":false},"excerpt":{"rendered":"<p>Chef de d\u00e9partement CHETTIH AZZEDDINE T\u00e9l\/Fax\u00a0:0666.67.84.76 Email\u00a0:az.chettih@lagh-univ.dz Staf Administratif\u00a0 \u00a0Nom et pr\u00e9nom de l\u2019adjoint du chef de d\u00e9partement\u00a0: \u00a0\u00a0\u00a0\u00a0 KORKAZ \u00a0HARZALLAH \u00a0\u00a0\u00a0 T\u00e9l\/Fax\u00a0: 06.55.41.81.92 \u00a0\u00a0\u00a0 Email\u00a0: harzallahk@yahoo.fr \u00a0Les Chefs du Domaine et Fili\u00e8re\u00a0 D\u00e9part. N\u00b0 Les Fili\u00e8res Responsable de Fili\u00e8re Domaine Architecture, urbanisme et m\u00e9tiers de la ville Pr BENCHEIKH Hamida Fili\u00e8re Architecture MOKEDDEM Mahmoud<\/p>\n","protected":false},"author":18,"featured_media":0,"parent":9593,"menu_order":0,"comment_status":"closed","ping_status":"closed","template":"elementor_header_footer","meta":{"_exactmetrics_skip_tracking":false,"_exactmetrics_sitenote_active":false,"_exactmetrics_sitenote_note":"","_exactmetrics_sitenote_category":0,"footnotes":""},"coauthors":[527],"class_list":["post-9654","page","type-page","status-publish","hentry"],"_links":{"self":[{"href":"http:\/\/lagh-univ.dz\/fr\/wp-json\/wp\/v2\/pages\/9654","targetHints":{"allow":["GET"]}}],"collection":[{"href":"http:\/\/lagh-univ.dz\/fr\/wp-json\/wp\/v2\/pages"}],"about":[{"href":"http:\/\/lagh-univ.dz\/fr\/wp-json\/wp\/v2\/types\/page"}],"author":[{"embeddable":true,"href":"http:\/\/lagh-univ.dz\/fr\/wp-json\/wp\/v2\/users\/18"}],"replies":[{"embeddable":true,"href":"http:\/\/lagh-univ.dz\/fr\/wp-json\/wp\/v2\/comments?post=9654"}],"version-history":[{"count":12,"href":"http:\/\/lagh-univ.dz\/fr\/wp-json\/wp\/v2\/pages\/9654\/revisions"}],"predecessor-version":[{"id":13822,"href":"http:\/\/lagh-univ.dz\/fr\/wp-json\/wp\/v2\/pages\/9654\/revisions\/13822"}],"up":[{"embeddable":true,"href":"http:\/\/lagh-univ.dz\/fr\/wp-json\/wp\/v2\/pages\/9593"}],"wp:attachment":[{"href":"http:\/\/lagh-univ.dz\/fr\/wp-json\/wp\/v2\/media?parent=9654"}],"wp:term":[{"taxonomy":"author","embeddable":true,"href":"http:\/\/lagh-univ.dz\/fr\/wp-json\/wp\/v2\/coauthors?post=9654"}],"curies":[{"name":"wp","href":"https:\/\/api.w.org\/{rel}","templated":true}]}}