{"id":9664,"date":"2018-12-24T13:18:47","date_gmt":"2018-12-24T15:18:47","guid":{"rendered":"http:\/\/lagh-univ.dz\/genie-civil-departement-architecture-formations-licence-2\/"},"modified":"2020-01-28T20:39:28","modified_gmt":"2020-01-28T22:39:28","slug":"genie-civil-departement-architecture-formations-licence-2","status":"publish","type":"page","link":"http:\/\/lagh-univ.dz\/fr\/genie-civil-departement-architecture-2\/genie-civil-departement-architecture-formations-licence-2\/","title":{"rendered":"Genie civil-Departement- architecture-formations -licence"},"content":{"rendered":"<ul>\n<li style=\"text-align: center\"><strong><span style=\"color: #000000;font-size: 14pt;font-family: 'Book Antiqua', Palatino\">Formations Agr\u00e9es\u00a0au sein du d\u00e9partement<\/span><\/strong><\/li>\n<\/ul>\n<p dir=\"ltr\" style=\"text-align: left\"><span style=\"color: #000000;font-size: 14pt;font-family: 'Book Antiqua', Palatino\">\u00a0La formation assur\u00e9e par le d\u00e9partement d\u2019architecture est\u00a0:Fili\u00e8re architecture<\/span><\/p>\n<ul style=\"text-align: left\">\n<li><span style=\"color: #000000;font-size: 14pt;font-family: 'Book Antiqua', Palatino\">Licence : architecture<\/span><\/li>\n<li><span style=\"color: #000000;font-size: 14pt;font-family: 'Book Antiqua', Palatino\">Master :architecture.<\/span><\/li>\n<\/ul>\n<ul style=\"text-align: left\">\n<li><span style=\"color: #000000;font-size: 14pt;font-family: 'Book Antiqua', Palatino\">Licences\u00a0<\/span><\/li>\n<\/ul>\n<table class=\" alignleft\" dir=\"ltr\" width=\"586\">\n<tbody>\n<tr>\n<td colspan=\"4\" width=\"586\"><span style=\"color: #000000;font-size: 14pt;font-family: 'Book Antiqua', Palatino\">Licences<\/span><\/td>\n<\/tr>\n<tr>\n<td width=\"124\"><span style=\"color: #000000;font-size: 14pt;font-family: 'Book Antiqua', Palatino\">D\u00e9part.<\/span><\/td>\n<td width=\"150\"><span style=\"color: #000000;font-size: 14pt;font-family: 'Book Antiqua', Palatino\">Licence<\/span><\/td>\n<td width=\"255\"><span style=\"color: #000000;font-size: 14pt;font-family: 'Book Antiqua', Palatino\">Responsable de Licence<\/span><\/td>\n<td width=\"57\"><\/td>\n<\/tr>\n<tr>\n<td rowspan=\"2\" width=\"124\"><\/td>\n<td width=\"150\"><span style=\"color: #000000;font-size: 14pt;font-family: 'Book Antiqua', Palatino\">Architecture<\/span><\/td>\n<td width=\"255\"><span style=\"color: #000000;font-size: 14pt;font-family: 'Book Antiqua', Palatino\">DEHINA KARIM<\/span><\/td>\n<td width=\"57\"><\/td>\n<\/tr>\n<tr>\n<td width=\"150\"><\/td>\n<td width=\"255\"><\/td>\n<td width=\"57\"><\/td>\n<\/tr>\n<\/tbody>\n<\/table>\n<ul style=\"text-align: left\">\n<li><span style=\"color: #000000;font-size: 14pt;font-family: 'Book Antiqua', Palatino\">Masters<\/span><\/li>\n<\/ul>\n<table class=\" alignleft\" dir=\"ltr\" width=\"586\">\n<tbody>\n<tr>\n<td colspan=\"5\" width=\"586\"><span style=\"color: #000000;font-size: 14pt;font-family: 'Book Antiqua', Palatino\">Master I<\/span><\/td>\n<\/tr>\n<tr>\n<td width=\"104\"><span style=\"color: #000000;font-size: 14pt;font-family: 'Book Antiqua', Palatino\">D\u00e9part.<\/span><\/td>\n<td colspan=\"2\" width=\"192\"><span style=\"color: #000000;font-size: 14pt;font-family: 'Book Antiqua', Palatino\">Master<\/span><\/td>\n<td width=\"281\"><span style=\"color: #000000;font-size: 14pt;font-family: 'Book Antiqua', Palatino\">Responsable de Master<\/span><\/td>\n<td width=\"9\"><\/td>\n<\/tr>\n<tr>\n<td width=\"104\"><\/td>\n<td colspan=\"2\" width=\"192\"><span style=\"color: #000000;font-size: 14pt;font-family: 'Book Antiqua', Palatino\">Architecture<\/span><\/td>\n<td width=\"281\"><span style=\"color: #000000;font-size: 14pt;font-family: 'Book Antiqua', Palatino\">SOFRANI Khelifa<\/span><\/td>\n<td width=\"9\"><\/td>\n<\/tr>\n<tr>\n<td colspan=\"5\" width=\"586\"><span style=\"color: #000000;font-size: 14pt;font-family: 'Book Antiqua', Palatino\">Master II<\/span><\/td>\n<\/tr>\n<tr>\n<td colspan=\"2\" width=\"113\"><span style=\"color: #000000;font-size: 14pt;font-family: 'Book Antiqua', Palatino\">D\u00e9part.<\/span><\/td>\n<td width=\"182\"><span style=\"color: #000000;font-size: 14pt;font-family: 'Book Antiqua', Palatino\">Master II<\/span><\/td>\n<td width=\"281\"><span style=\"color: #000000;font-size: 14pt;font-family: 'Book Antiqua', Palatino\">Responsable de Master<\/span><\/td>\n<td width=\"9\"><\/td>\n<\/tr>\n<tr>\n<td colspan=\"2\" rowspan=\"3\" width=\"113\"><\/td>\n<td width=\"182\"><span style=\"color: #000000;font-size: 14pt;font-family: 'Book Antiqua', Palatino\">Architecture et environnement<\/span><\/td>\n<td width=\"281\"><span style=\"color: #000000;font-size: 14pt;font-family: 'Book Antiqua', Palatino\">Mezaoukh Lakhdar<\/span><\/td>\n<td width=\"9\"><\/td>\n<\/tr>\n<tr>\n<td width=\"182\"><span style=\"color: #000000;font-size: 14pt;font-family: 'Book Antiqua', Palatino\">Architecture et patrimoine<\/span><\/td>\n<td width=\"281\"><span style=\"color: #000000;font-size: 14pt;font-family: 'Book Antiqua', Palatino\">ChettihAzzeddine<\/span><\/td>\n<td width=\"9\"><\/td>\n<\/tr>\n<tr>\n<td width=\"182\"><span style=\"color: #000000;font-size: 14pt;font-family: 'Book Antiqua', Palatino\">Urbanisme et m\u00e9tiers de la ville<\/span><\/td>\n<td width=\"281\"><span style=\"color: #000000;font-size: 14pt;font-family: 'Book Antiqua', Palatino\">Rezzoug Abdelkader<\/span><\/td>\n<td width=\"9\"><\/td>\n<\/tr>\n<\/tbody>\n<\/table>\n<p>&nbsp;<\/p>\n","protected":false},"excerpt":{"rendered":"<p>Formations Agr\u00e9es\u00a0au sein du d\u00e9partement \u00a0La formation assur\u00e9e par le d\u00e9partement d\u2019architecture est\u00a0:Fili\u00e8re architecture Licence : architecture Master :architecture. Licences\u00a0 Licences D\u00e9part. Licence Responsable de Licence Architecture DEHINA KARIM Masters Master I D\u00e9part. Master Responsable de Master Architecture SOFRANI Khelifa Master II D\u00e9part. Master II Responsable de Master Architecture et environnement Mezaoukh Lakhdar Architecture et [&hellip;]<\/p>\n","protected":false},"author":18,"featured_media":0,"parent":9593,"menu_order":0,"comment_status":"closed","ping_status":"closed","template":"elementor_header_footer","meta":{"_exactmetrics_skip_tracking":false,"_exactmetrics_sitenote_active":false,"_exactmetrics_sitenote_note":"","_exactmetrics_sitenote_category":0,"footnotes":""},"coauthors":[527],"class_list":["post-9664","page","type-page","status-publish","hentry"],"_links":{"self":[{"href":"http:\/\/lagh-univ.dz\/fr\/wp-json\/wp\/v2\/pages\/9664","targetHints":{"allow":["GET"]}}],"collection":[{"href":"http:\/\/lagh-univ.dz\/fr\/wp-json\/wp\/v2\/pages"}],"about":[{"href":"http:\/\/lagh-univ.dz\/fr\/wp-json\/wp\/v2\/types\/page"}],"author":[{"embeddable":true,"href":"http:\/\/lagh-univ.dz\/fr\/wp-json\/wp\/v2\/users\/18"}],"replies":[{"embeddable":true,"href":"http:\/\/lagh-univ.dz\/fr\/wp-json\/wp\/v2\/comments?post=9664"}],"version-history":[{"count":2,"href":"http:\/\/lagh-univ.dz\/fr\/wp-json\/wp\/v2\/pages\/9664\/revisions"}],"predecessor-version":[{"id":22153,"href":"http:\/\/lagh-univ.dz\/fr\/wp-json\/wp\/v2\/pages\/9664\/revisions\/22153"}],"up":[{"embeddable":true,"href":"http:\/\/lagh-univ.dz\/fr\/wp-json\/wp\/v2\/pages\/9593"}],"wp:attachment":[{"href":"http:\/\/lagh-univ.dz\/fr\/wp-json\/wp\/v2\/media?parent=9664"}],"wp:term":[{"taxonomy":"author","embeddable":true,"href":"http:\/\/lagh-univ.dz\/fr\/wp-json\/wp\/v2\/coauthors?post=9664"}],"curies":[{"name":"wp","href":"https:\/\/api.w.org\/{rel}","templated":true}]}}