{"id":9685,"date":"2019-01-20T08:52:29","date_gmt":"2019-01-20T10:52:29","guid":{"rendered":"http:\/\/lagh-univ.dz\/sociale-departement-tronc-commun-sciences-sociales\/"},"modified":"2020-02-19T08:41:09","modified_gmt":"2020-02-19T10:41:09","slug":"sociale-departement-tronc-commun-sciences-sociales","status":"publish","type":"page","link":"http:\/\/lagh-univ.dz\/fr\/sociale-departement-tronc-commun-sciences-sociales\/","title":{"rendered":"Sociale-Departement- Tronc commun sciences sociales"},"content":{"rendered":"<p dir=\"ltr\"><span style=\"color: #000000;font-size: 14pt;font-family: 'Book Antiqua', Palatino\"><strong>FACULTE DES SCIENCES SOCIALES\u00a0:<\/strong><\/span><\/p>\n<p dir=\"ltr\"><span style=\"color: #0000ff;font-size: 14pt;font-family: 'Book Antiqua', Palatino\"><strong>D\u00e9partement Tronc Commun Sciences Sociales<\/strong><\/span><\/p>\n<p dir=\"ltr\"><span style=\"color: #800000;font-size: 14pt;font-family: 'Book Antiqua', Palatino\"><strong>Mot du chef de d\u00e9partement Dr Kouidri Ali\u00a0:<\/strong><\/span><\/p>\n<p dir=\"ltr\" style=\"text-align: justify\"><span style=\"color: #000000;font-size: 14pt;font-family: 'Book Antiqua', Palatino\">\u00a0 \u00a0 \u00a0Avec fiert\u00e9 nous \u00e9crivons ces quelques mots pour remercier tous ceux qui nous ont ouvert la voie pour exprimer nos sentiments, dans cet espace scientifique et cet \u00e9difice prometteur, et cette aimable fen\u00eatre. En esp\u00e9rant que les chercheurs dans leurs diff\u00e9rentes sp\u00e9cialit\u00e9s uniront leurs efforts au service de la recherche scientifique, afin que notre universit\u00e9 occupe les plus hauts rangs nationaux et internationaux.<\/span><\/p>\n","protected":false},"excerpt":{"rendered":"<p>FACULTE DES SCIENCES SOCIALES\u00a0: D\u00e9partement Tronc Commun Sciences Sociales Mot du chef de d\u00e9partement Dr Kouidri Ali\u00a0: \u00a0 \u00a0 \u00a0Avec fiert\u00e9 nous \u00e9crivons ces quelques mots pour remercier tous ceux qui nous ont ouvert la voie pour exprimer nos sentiments, dans cet espace scientifique et cet \u00e9difice prometteur, et cette aimable fen\u00eatre. En esp\u00e9rant que [&hellip;]<\/p>\n","protected":false},"author":16,"featured_media":0,"parent":0,"menu_order":0,"comment_status":"closed","ping_status":"closed","template":"elementor_header_footer","meta":{"_exactmetrics_skip_tracking":false,"_exactmetrics_sitenote_active":false,"_exactmetrics_sitenote_note":"","_exactmetrics_sitenote_category":0,"footnotes":""},"coauthors":[532],"class_list":["post-9685","page","type-page","status-publish","hentry"],"_links":{"self":[{"href":"http:\/\/lagh-univ.dz\/fr\/wp-json\/wp\/v2\/pages\/9685","targetHints":{"allow":["GET"]}}],"collection":[{"href":"http:\/\/lagh-univ.dz\/fr\/wp-json\/wp\/v2\/pages"}],"about":[{"href":"http:\/\/lagh-univ.dz\/fr\/wp-json\/wp\/v2\/types\/page"}],"author":[{"embeddable":true,"href":"http:\/\/lagh-univ.dz\/fr\/wp-json\/wp\/v2\/users\/16"}],"replies":[{"embeddable":true,"href":"http:\/\/lagh-univ.dz\/fr\/wp-json\/wp\/v2\/comments?post=9685"}],"version-history":[{"count":8,"href":"http:\/\/lagh-univ.dz\/fr\/wp-json\/wp\/v2\/pages\/9685\/revisions"}],"predecessor-version":[{"id":29407,"href":"http:\/\/lagh-univ.dz\/fr\/wp-json\/wp\/v2\/pages\/9685\/revisions\/29407"}],"wp:attachment":[{"href":"http:\/\/lagh-univ.dz\/fr\/wp-json\/wp\/v2\/media?parent=9685"}],"wp:term":[{"taxonomy":"author","embeddable":true,"href":"http:\/\/lagh-univ.dz\/fr\/wp-json\/wp\/v2\/coauthors?post=9685"}],"curies":[{"name":"wp","href":"https:\/\/api.w.org\/{rel}","templated":true}]}}