{"id":9687,"date":"2019-01-20T09:01:20","date_gmt":"2019-01-20T11:01:20","guid":{"rendered":"http:\/\/lagh-univ.dz\/sociale-departement-psycho-et-ortophonie\/"},"modified":"2020-02-19T09:01:43","modified_gmt":"2020-02-19T11:01:43","slug":"sociale-departement-psycho-et-ortophonie","status":"publish","type":"page","link":"http:\/\/lagh-univ.dz\/fr\/sociale-departement-psycho-et-ortophonie\/","title":{"rendered":"Sociale-Departement- Psycho et ortophonie"},"content":{"rendered":"<p dir=\"ltr\" style=\"text-align: center\"><span style=\"font-family: 'Book Antiqua', Palatino;font-size: 14pt;color: #000000\">\u00a0 <\/span><\/p>\n<p dir=\"ltr\"><span style=\"font-size: 18pt;color: #000080\"><strong><span style=\"font-family: 'Book Antiqua', Palatino\">\u00a0D\u00e9partement de Psychologie, Sciences de l\u2019\u00e9ducation et de l\u2019Orthophonie :<\/span><\/strong><\/span><\/p>\n<p dir=\"ltr\" style=\"text-align: justify\"><span style=\"color: #000000;font-size: 14pt;font-family: 'Book Antiqua', Palatino\">C\u2019 est l une des premi\u00e8refili\u00e8re ouverte dans cette facult\u00e9 dans L\u2019ann\u00e9e universitaire 2000\/ 2001 par le\u00a0 d\u00e9cret ex\u00e9cutifd\u00e9cret ex\u00e9cutif n\u00b0 10-198 du 15 Ramadhan 1431 correspondant au 25 ao\u00fbt 2010Le d\u00e9partement poss\u00e8de de nombreuses sp\u00e9cialit\u00e9s scientifiques et voies de recherche acad\u00e9miques au niveau des trois \u00e9tapes de la formation (Licence, Master, Doctorat)<\/span><\/p>\n<p dir=\"ltr\" style=\"text-align: justify\"><span style=\"color: #000000;font-size: 14pt;font-family: 'Book Antiqua', Palatino\">Le d\u00e9partement comprend un groupe de professeurs qualifi\u00e9s avec une exp\u00e9rience acad\u00e9mique distingu\u00e9e dans la formation universitaire et acad\u00e9mique qui fournissent des connaissances continues et un soutien scientifique aux \u00e9tudiants et aux apprenants du d\u00e9partement.<\/span><\/p>\n","protected":false},"excerpt":{"rendered":"<p>\u00a0 \u00a0D\u00e9partement de Psychologie, Sciences de l\u2019\u00e9ducation et de l\u2019Orthophonie : C\u2019 est l une des premi\u00e8refili\u00e8re ouverte dans cette facult\u00e9 dans L\u2019ann\u00e9e universitaire 2000\/ 2001 par le\u00a0 d\u00e9cret ex\u00e9cutifd\u00e9cret ex\u00e9cutif n\u00b0 10-198 du 15 Ramadhan 1431 correspondant au 25 ao\u00fbt 2010Le d\u00e9partement poss\u00e8de de nombreuses sp\u00e9cialit\u00e9s scientifiques et voies de recherche acad\u00e9miques au niveau [&hellip;]<\/p>\n","protected":false},"author":16,"featured_media":0,"parent":0,"menu_order":0,"comment_status":"closed","ping_status":"closed","template":"elementor_header_footer","meta":{"_exactmetrics_skip_tracking":false,"_exactmetrics_sitenote_active":false,"_exactmetrics_sitenote_note":"","_exactmetrics_sitenote_category":0,"footnotes":""},"coauthors":[532],"class_list":["post-9687","page","type-page","status-publish","hentry"],"_links":{"self":[{"href":"http:\/\/lagh-univ.dz\/fr\/wp-json\/wp\/v2\/pages\/9687","targetHints":{"allow":["GET"]}}],"collection":[{"href":"http:\/\/lagh-univ.dz\/fr\/wp-json\/wp\/v2\/pages"}],"about":[{"href":"http:\/\/lagh-univ.dz\/fr\/wp-json\/wp\/v2\/types\/page"}],"author":[{"embeddable":true,"href":"http:\/\/lagh-univ.dz\/fr\/wp-json\/wp\/v2\/users\/16"}],"replies":[{"embeddable":true,"href":"http:\/\/lagh-univ.dz\/fr\/wp-json\/wp\/v2\/comments?post=9687"}],"version-history":[{"count":8,"href":"http:\/\/lagh-univ.dz\/fr\/wp-json\/wp\/v2\/pages\/9687\/revisions"}],"predecessor-version":[{"id":29435,"href":"http:\/\/lagh-univ.dz\/fr\/wp-json\/wp\/v2\/pages\/9687\/revisions\/29435"}],"wp:attachment":[{"href":"http:\/\/lagh-univ.dz\/fr\/wp-json\/wp\/v2\/media?parent=9687"}],"wp:term":[{"taxonomy":"author","embeddable":true,"href":"http:\/\/lagh-univ.dz\/fr\/wp-json\/wp\/v2\/coauthors?post=9687"}],"curies":[{"name":"wp","href":"https:\/\/api.w.org\/{rel}","templated":true}]}}