{"id":9689,"date":"2019-01-20T08:55:27","date_gmt":"2019-01-20T10:55:27","guid":{"rendered":"http:\/\/lagh-univ.dz\/sociale-departement-philosophie\/"},"modified":"2020-02-19T09:30:03","modified_gmt":"2020-02-19T11:30:03","slug":"sociale-departement-philosophie","status":"publish","type":"page","link":"http:\/\/lagh-univ.dz\/fr\/sociale-departement-philosophie\/","title":{"rendered":"Sociale-Departement- Philosophie"},"content":{"rendered":"<p dir=\"ltr\"><span style=\"color: #000000;font-size: 14pt;font-family: 'Book Antiqua', Palatino\"><strong>\u00a0D\u00e9partement de philosophie :<\/strong><\/span><\/p>\n<p dir=\"ltr\"><span style=\"color: #000000;font-size: 14pt;font-family: 'Book Antiqua', Palatino\">Le D\u00e9partement de Philosophie a \u00e9t\u00e9 cr\u00e9\u00e9 au d\u00e9but de l&rsquo;ann\u00e9e acad\u00e9mique 2015\/2016 selon (Le d\u00e9cret ex\u00e9cutif num\u00e9ro 586\u00a0 , du 09 juin 2016), dans le cadre de la nouvelle structure d\u00e9finie par la r\u00e9forme de l&rsquo;enseignement sup\u00e9rieur.<\/span><\/p>\n<p dir=\"ltr\">\n<p><span style=\"font-size: 14pt;font-family: arabic-kufi;color: #000000\">\u00a0 \u00a0 \u00a0 <\/span><\/p>\n","protected":false},"excerpt":{"rendered":"<p>\u00a0D\u00e9partement de philosophie : Le D\u00e9partement de Philosophie a \u00e9t\u00e9 cr\u00e9\u00e9 au d\u00e9but de l&rsquo;ann\u00e9e acad\u00e9mique 2015\/2016 selon (Le d\u00e9cret ex\u00e9cutif num\u00e9ro 586\u00a0 , du 09 juin 2016), dans le cadre de la nouvelle structure d\u00e9finie par la r\u00e9forme de l&rsquo;enseignement sup\u00e9rieur. \u00a0 \u00a0 \u00a0<\/p>\n","protected":false},"author":16,"featured_media":0,"parent":0,"menu_order":0,"comment_status":"closed","ping_status":"closed","template":"elementor_header_footer","meta":{"_exactmetrics_skip_tracking":false,"_exactmetrics_sitenote_active":false,"_exactmetrics_sitenote_note":"","_exactmetrics_sitenote_category":0,"footnotes":""},"coauthors":[532],"class_list":["post-9689","page","type-page","status-publish","hentry"],"_links":{"self":[{"href":"http:\/\/lagh-univ.dz\/fr\/wp-json\/wp\/v2\/pages\/9689","targetHints":{"allow":["GET"]}}],"collection":[{"href":"http:\/\/lagh-univ.dz\/fr\/wp-json\/wp\/v2\/pages"}],"about":[{"href":"http:\/\/lagh-univ.dz\/fr\/wp-json\/wp\/v2\/types\/page"}],"author":[{"embeddable":true,"href":"http:\/\/lagh-univ.dz\/fr\/wp-json\/wp\/v2\/users\/16"}],"replies":[{"embeddable":true,"href":"http:\/\/lagh-univ.dz\/fr\/wp-json\/wp\/v2\/comments?post=9689"}],"version-history":[{"count":7,"href":"http:\/\/lagh-univ.dz\/fr\/wp-json\/wp\/v2\/pages\/9689\/revisions"}],"predecessor-version":[{"id":29457,"href":"http:\/\/lagh-univ.dz\/fr\/wp-json\/wp\/v2\/pages\/9689\/revisions\/29457"}],"wp:attachment":[{"href":"http:\/\/lagh-univ.dz\/fr\/wp-json\/wp\/v2\/media?parent=9689"}],"wp:term":[{"taxonomy":"author","embeddable":true,"href":"http:\/\/lagh-univ.dz\/fr\/wp-json\/wp\/v2\/coauthors?post=9689"}],"curies":[{"name":"wp","href":"https:\/\/api.w.org\/{rel}","templated":true}]}}