{"id":9725,"date":"2019-01-20T07:50:40","date_gmt":"2019-01-20T09:50:40","guid":{"rendered":"http:\/\/lagh-univ.dz\/sociale-formation-licence\/"},"modified":"2020-02-19T11:11:35","modified_gmt":"2020-02-19T13:11:35","slug":"sociale-formation-licence","status":"publish","type":"page","link":"http:\/\/lagh-univ.dz\/fr\/sociale-formation\/sociale-formation-licence\/","title":{"rendered":"sociale- formation-licence"},"content":{"rendered":"<p dir=\"ltr\" style=\"text-align: left\">\n<table class=\" alignleft\" dir=\"ltr\">\n<tbody>\n<tr>\n<td width=\"385\"><span style=\"color: #000000;font-size: 14pt;font-family: 'Book Antiqua', Palatino\"><strong>Sp\u00e9cialit\u00e9 <\/strong><\/span><\/td>\n<td width=\"182\"><span style=\"color: #000000;font-size: 14pt;font-family: 'Book Antiqua', Palatino\"><strong>Fili\u00e8re <\/strong><\/span><\/td>\n<td width=\"180\"><span style=\"color: #000000;font-size: 14pt;font-family: 'Book Antiqua', Palatino\"><strong>D\u00e9partement<\/strong><\/span><\/td>\n<\/tr>\n<tr>\n<td colspan=\"2\" width=\"567\"><span style=\"color: #000000;font-size: 14pt;font-family: 'Book Antiqua', Palatino\">Sciences Sociales (Tronc Commun)<\/span><\/td>\n<td width=\"180\"><span style=\"color: #000000;font-size: 14pt;font-family: 'Book Antiqua', Palatino\">D\u00e9partement de Tronc Commun<\/span><\/td>\n<\/tr>\n<tr>\n<td width=\"385\">&nbsp;<\/p>\n<p><span style=\"color: #000000;font-size: 14pt;font-family: 'Book Antiqua', Palatino\">Psychologie \/ Psychologie du\u00a0 Travail et Organisation<\/span><\/td>\n<td rowspan=\"3\" width=\"182\"><span style=\"color: #000000;font-size: 14pt;font-family: 'Book Antiqua', Palatino\"><strong>Fili\u00e8rePsychologie<\/strong><\/span><\/td>\n<td rowspan=\"5\" width=\"180\"><span style=\"color: #000000;font-size: 14pt;font-family: 'Book Antiqua', Palatino\">D\u00e9partement de Psychologie et Sciences de l\u2019Education et Orthophonie<\/span><\/td>\n<\/tr>\n<tr>\n<td width=\"385\">&nbsp;<\/p>\n<p><span style=\"color: #000000;font-size: 14pt;font-family: 'Book Antiqua', Palatino\">Psychologie\/ Psychologie Scolaire<\/span><\/td>\n<\/tr>\n<tr>\n<td width=\"385\">&nbsp;<\/p>\n<p><span style=\"color: #000000;font-size: 14pt;font-family: 'Book Antiqua', Palatino\">Psychologie\/ Psychologie Clinique<\/span><\/td>\n<\/tr>\n<tr>\n<td width=\"385\"><span style=\"color: #000000;font-size: 14pt;font-family: 'Book Antiqua', Palatino\"><strong>Fili\u00e8re Sciences de l\u2019\u00c9ducation\/ Psychologie de de l\u2019\u00c9ducation<\/strong><\/span><\/td>\n<td width=\"182\"><span style=\"color: #000000;font-size: 14pt;font-family: 'Book Antiqua', Palatino\"><strong>Fili\u00e8re Sciences de l\u2019\u00c9ducation <\/strong><\/span><\/td>\n<\/tr>\n<tr>\n<td width=\"385\">&nbsp;<\/p>\n<p><span style=\"color: #000000;font-size: 14pt;font-family: 'Book Antiqua', Palatino\"><strong>Fili\u00e8re Orthophonie\/ Orthophonie<\/strong><\/span><\/td>\n<td width=\"182\">&nbsp;<\/p>\n<p><span style=\"color: #000000;font-size: 14pt;font-family: 'Book Antiqua', Palatino\"><strong>Fili\u00e8re Orthophonie <\/strong><\/span><\/td>\n<\/tr>\n<tr>\n<td width=\"385\">&nbsp;<\/p>\n<p><span style=\"color: #000000;font-size: 14pt;font-family: 'Book Antiqua', Palatino\"><strong>Fili\u00e8re Philosophie\/ Philosophie G\u00e9n\u00e9rale<\/strong><\/span><\/td>\n<td width=\"182\">&nbsp;<\/p>\n<p><span style=\"color: #000000;font-size: 14pt;font-family: 'Book Antiqua', Palatino\"><strong>Fili\u00e8rePhilosophie<\/strong><\/span><\/td>\n<td width=\"180\">&nbsp;<\/p>\n<p><span style=\"color: #000000;font-size: 14pt;font-family: 'Book Antiqua', Palatino\">D\u00e9partement de Philosophie<\/span><\/td>\n<\/tr>\n<tr>\n<td width=\"385\">&nbsp;<\/p>\n<p><span style=\"color: #000000;font-size: 14pt;font-family: 'Book Antiqua', Palatino\"><strong>Fili\u00e8re Sociologie\/ Sociologie Urbaine <\/strong><\/span><\/td>\n<td rowspan=\"3\" width=\"182\"><span style=\"color: #000000;font-size: 14pt;font-family: 'Book Antiqua', Palatino\"><strong>Fili\u00e8reSociologie <\/strong><\/span><\/td>\n<td rowspan=\"5\" width=\"180\">&nbsp;<\/p>\n<p><span style=\"color: #000000;font-size: 14pt;font-family: 'Book Antiqua', Palatino\">D\u00e9partement de Sociologie et D\u00e9mographie<\/span><\/td>\n<\/tr>\n<tr>\n<td width=\"385\">&nbsp;<\/p>\n<p><span style=\"color: #000000;font-size: 14pt;font-family: 'Book Antiqua', Palatino\"><strong>Fili\u00e8re Sociologie\/ Sociologie de la Communication<\/strong><\/span><\/td>\n<\/tr>\n<tr>\n<td width=\"385\">&nbsp;<\/p>\n<p><span style=\"color: #000000;font-size: 14pt;font-family: 'Book Antiqua', Palatino\"><strong>Fili\u00e8re Sociologie\/ Sociologie de l\u2019Organisation et du Travail<\/strong><\/span><\/td>\n<\/tr>\n<tr>\n<td width=\"385\"><span style=\"color: #000000;font-size: 14pt;font-family: 'Book Antiqua', Palatino\"><strong>Fili\u00e8re Anthropologie\/ Anthropologie<\/strong><\/span><\/td>\n<td width=\"182\">&nbsp;<\/p>\n<p><span style=\"color: #000000;font-size: 14pt;font-family: 'Book Antiqua', Palatino\"><strong>Fili\u00e8reAnthropologie <\/strong><\/span><\/td>\n<\/tr>\n<tr>\n<td width=\"385\">&nbsp;<\/p>\n<p><span style=\"color: #000000;font-size: 14pt;font-family: 'Book Antiqua', Palatino\"><strong>Fili\u00e8reD\u00e9mographie\/D\u00e9mographie G\u00e9n\u00e9rale<\/strong><\/span><\/td>\n<td width=\"182\"><span style=\"color: #000000;font-size: 14pt;font-family: 'Book Antiqua', Palatino\"><strong>Fili\u00e8reD\u00e9mographie <\/strong><\/span><\/td>\n<\/tr>\n<\/tbody>\n<\/table>\n","protected":false},"excerpt":{"rendered":"<p>Sp\u00e9cialit\u00e9 Fili\u00e8re D\u00e9partement Sciences Sociales (Tronc Commun) D\u00e9partement de Tronc Commun &nbsp; Psychologie \/ Psychologie du\u00a0 Travail et Organisation Fili\u00e8rePsychologie D\u00e9partement de Psychologie et Sciences de l\u2019Education et Orthophonie &nbsp; Psychologie\/ Psychologie Scolaire &nbsp; Psychologie\/ Psychologie Clinique Fili\u00e8re Sciences de l\u2019\u00c9ducation\/ Psychologie de de l\u2019\u00c9ducation Fili\u00e8re Sciences de l\u2019\u00c9ducation &nbsp; Fili\u00e8re Orthophonie\/ Orthophonie &nbsp; Fili\u00e8re [&hellip;]<\/p>\n","protected":false},"author":16,"featured_media":0,"parent":9723,"menu_order":0,"comment_status":"closed","ping_status":"closed","template":"elementor_header_footer","meta":{"_exactmetrics_skip_tracking":false,"_exactmetrics_sitenote_active":false,"_exactmetrics_sitenote_note":"","_exactmetrics_sitenote_category":0,"footnotes":""},"coauthors":[532],"class_list":["post-9725","page","type-page","status-publish","hentry"],"_links":{"self":[{"href":"http:\/\/lagh-univ.dz\/fr\/wp-json\/wp\/v2\/pages\/9725","targetHints":{"allow":["GET"]}}],"collection":[{"href":"http:\/\/lagh-univ.dz\/fr\/wp-json\/wp\/v2\/pages"}],"about":[{"href":"http:\/\/lagh-univ.dz\/fr\/wp-json\/wp\/v2\/types\/page"}],"author":[{"embeddable":true,"href":"http:\/\/lagh-univ.dz\/fr\/wp-json\/wp\/v2\/users\/16"}],"replies":[{"embeddable":true,"href":"http:\/\/lagh-univ.dz\/fr\/wp-json\/wp\/v2\/comments?post=9725"}],"version-history":[{"count":4,"href":"http:\/\/lagh-univ.dz\/fr\/wp-json\/wp\/v2\/pages\/9725\/revisions"}],"predecessor-version":[{"id":29552,"href":"http:\/\/lagh-univ.dz\/fr\/wp-json\/wp\/v2\/pages\/9725\/revisions\/29552"}],"up":[{"embeddable":true,"href":"http:\/\/lagh-univ.dz\/fr\/wp-json\/wp\/v2\/pages\/9723"}],"wp:attachment":[{"href":"http:\/\/lagh-univ.dz\/fr\/wp-json\/wp\/v2\/media?parent=9725"}],"wp:term":[{"taxonomy":"author","embeddable":true,"href":"http:\/\/lagh-univ.dz\/fr\/wp-json\/wp\/v2\/coauthors?post=9725"}],"curies":[{"name":"wp","href":"https:\/\/api.w.org\/{rel}","templated":true}]}}