{"id":9727,"date":"2019-01-20T07:50:44","date_gmt":"2019-01-20T09:50:44","guid":{"rendered":"http:\/\/lagh-univ.dz\/sociale-formation-master\/"},"modified":"2020-02-19T11:13:41","modified_gmt":"2020-02-19T13:13:41","slug":"sociale-formation-master","status":"publish","type":"page","link":"http:\/\/lagh-univ.dz\/fr\/sociale-formation\/sociale-formation-master\/","title":{"rendered":"sociale- formation-master"},"content":{"rendered":"<p dir=\"ltr\" style=\"text-align: left\">\n<table class=\" alignleft\" dir=\"ltr\" width=\"715\">\n<tbody>\n<tr>\n<td width=\"389\"><span style=\"color: #000000;font-size: 14pt;font-family: 'Book Antiqua', Palatino\"><strong>Sp\u00e9cialit\u00e9 <\/strong><\/span><\/td>\n<td width=\"170\"><span style=\"color: #000000;font-size: 14pt;font-family: 'Book Antiqua', Palatino\"><strong>Fili\u00e8re <\/strong><\/span><\/td>\n<td width=\"154\"><span style=\"color: #000000;font-size: 14pt;font-family: 'Book Antiqua', Palatino\"><strong>D\u00e9partement<\/strong><\/span><\/td>\n<td width=\"1\">&nbsp;<\/td>\n<\/tr>\n<tr>\n<td width=\"389\"><span style=\"color: #000000;font-size: 14pt;font-family: 'Book Antiqua', Palatino\">Psychologie \/ Psychologie du\u00a0 Travail et Organisation<\/span><\/td>\n<td rowspan=\"3\" width=\"170\"><span style=\"color: #000000;font-size: 14pt;font-family: 'Book Antiqua', Palatino\"><strong>Fili\u00e8re Psychologie<\/strong><\/span><\/td>\n<td colspan=\"2\" rowspan=\"6\" width=\"155\">&nbsp;<\/p>\n<p>&nbsp;<\/p>\n<p><span style=\"color: #000000;font-size: 14pt;font-family: 'Book Antiqua', Palatino\">D\u00e9partement de Psychologie et Sciences de l\u2019Education et Orthophonie<\/span><\/td>\n<\/tr>\n<tr>\n<td width=\"389\"><span style=\"color: #000000;font-size: 14pt;font-family: 'Book Antiqua', Palatino\">Psychologie\/ Psychologie Scolaire<\/span><\/td>\n<\/tr>\n<tr>\n<td width=\"389\"><span style=\"color: #000000;font-size: 14pt;font-family: 'Book Antiqua', Palatino\">Psychologie\/ Psychologie Clinique<\/span><\/td>\n<\/tr>\n<tr>\n<td width=\"389\"><span style=\"color: #000000;font-size: 14pt;font-family: 'Book Antiqua', Palatino\">Fili\u00e8re Sciences de l\u2019\u00c9ducation\/ Psychologie de de l\u2019\u00c9ducation<\/span><\/td>\n<td rowspan=\"2\" width=\"170\"><span style=\"color: #000000;font-size: 14pt;font-family: 'Book Antiqua', Palatino\"><strong>Fili\u00e8re Sciences de l\u2019\u00c9ducation<\/strong><\/span><\/td>\n<\/tr>\n<tr>\n<td width=\"389\"><span style=\"color: #000000;font-size: 14pt;font-family: 'Book Antiqua', Palatino\">Fili\u00e8re Sciences de l\u2019\u00c9ducation Counseling et Orientation<\/span><\/td>\n<\/tr>\n<tr>\n<td width=\"389\"><span style=\"color: #000000;font-size: 14pt;font-family: 'Book Antiqua', Palatino\">Fili\u00e8re Orthophonie\/ Pathologie de langage et de la Parole<\/span><\/td>\n<td width=\"170\"><span style=\"color: #000000;font-size: 14pt;font-family: 'Book Antiqua', Palatino\"><strong>Fili\u00e8re Orthophonie<\/strong><\/span><\/td>\n<\/tr>\n<tr>\n<td width=\"389\"><span style=\"color: #000000;font-size: 14pt;font-family: 'Book Antiqua', Palatino\"><strong>Fili\u00e8re Philosophie\/ Philosophie G\u00e9n\u00e9rale<\/strong><\/span><\/td>\n<td width=\"170\">&nbsp;<\/p>\n<p><span style=\"color: #000000;font-size: 14pt;font-family: 'Book Antiqua', Palatino\"><strong>Fili\u00e8re Philosophie<\/strong><\/span><\/td>\n<td colspan=\"2\" width=\"155\">&nbsp;<\/p>\n<p><span style=\"color: #000000;font-size: 14pt;font-family: 'Book Antiqua', Palatino\">D\u00e9partement de Philosophie<\/span><\/td>\n<\/tr>\n<tr>\n<td width=\"389\"><span style=\"color: #000000;font-size: 14pt;font-family: 'Book Antiqua', Palatino\"><strong>Fili\u00e8re Sociologie\/ Sociologie Urbaine<\/strong><\/span><\/td>\n<td rowspan=\"4\" width=\"170\"><span style=\"color: #000000;font-size: 14pt;font-family: 'Book Antiqua', Palatino\"><strong>Fili\u00e8re Sociologie<\/strong><\/span><\/td>\n<td colspan=\"2\" rowspan=\"6\" width=\"155\"><span style=\"color: #000000;font-size: 14pt;font-family: 'Book Antiqua', Palatino\">D\u00e9partement de Sociologie et D\u00e9mographie<\/span><\/td>\n<\/tr>\n<tr>\n<td width=\"389\"><span style=\"color: #000000;font-size: 14pt;font-family: 'Book Antiqua', Palatino\"><strong>Fili\u00e8re Sociologie\/ Sociologie de la Communication<\/strong><\/span><\/td>\n<\/tr>\n<tr>\n<td width=\"389\"><span style=\"color: #000000;font-size: 14pt;font-family: 'Book Antiqua', Palatino\"><strong>Fili\u00e8re Sociologie\/ Sociologie de l\u2019Organisation et du Travail<\/strong><\/span><\/td>\n<\/tr>\n<tr>\n<td width=\"389\"><span style=\"color: #000000;font-size: 14pt;font-family: 'Book Antiqua', Palatino\"><strong>Fili\u00e8re Sociologie\/Sociologie de l\u2019\u00c9ducation<\/strong><\/span><\/td>\n<\/tr>\n<tr>\n<td width=\"389\"><span style=\"color: #000000;font-size: 14pt;font-family: 'Book Antiqua', Palatino\"><strong>Fili\u00e8re Anthropologie\/\u00a0 Anthropologie et Orientation Touristique<\/strong><\/span><\/td>\n<td width=\"170\"><span style=\"color: #000000;font-size: 14pt;font-family: 'Book Antiqua', Palatino\"><strong>Fili\u00e8re Anthropologie<\/strong><\/span><\/td>\n<\/tr>\n<tr>\n<td width=\"389\"><span style=\"color: #000000;font-size: 14pt;font-family: 'Book Antiqua', Palatino\"><strong>Fili\u00e8re D\u00e9mographie\/ <\/strong><strong>Population et D\u00e9veloppement<\/strong><\/span><\/td>\n<td width=\"170\"><span style=\"color: #000000;font-size: 14pt;font-family: 'Book Antiqua', Palatino\"><strong>Fili\u00e8re D\u00e9mographie<\/strong><\/span><\/td>\n<\/tr>\n<\/tbody>\n<\/table>\n","protected":false},"excerpt":{"rendered":"<p>Sp\u00e9cialit\u00e9 Fili\u00e8re D\u00e9partement &nbsp; Psychologie \/ Psychologie du\u00a0 Travail et Organisation Fili\u00e8re Psychologie &nbsp; &nbsp; D\u00e9partement de Psychologie et Sciences de l\u2019Education et Orthophonie Psychologie\/ Psychologie Scolaire Psychologie\/ Psychologie Clinique Fili\u00e8re Sciences de l\u2019\u00c9ducation\/ Psychologie de de l\u2019\u00c9ducation Fili\u00e8re Sciences de l\u2019\u00c9ducation Fili\u00e8re Sciences de l\u2019\u00c9ducation Counseling et Orientation Fili\u00e8re Orthophonie\/ Pathologie de langage et [&hellip;]<\/p>\n","protected":false},"author":16,"featured_media":0,"parent":9723,"menu_order":0,"comment_status":"closed","ping_status":"closed","template":"elementor_header_footer","meta":{"_exactmetrics_skip_tracking":false,"_exactmetrics_sitenote_active":false,"_exactmetrics_sitenote_note":"","_exactmetrics_sitenote_category":0,"footnotes":""},"coauthors":[532],"class_list":["post-9727","page","type-page","status-publish","hentry"],"_links":{"self":[{"href":"http:\/\/lagh-univ.dz\/fr\/wp-json\/wp\/v2\/pages\/9727","targetHints":{"allow":["GET"]}}],"collection":[{"href":"http:\/\/lagh-univ.dz\/fr\/wp-json\/wp\/v2\/pages"}],"about":[{"href":"http:\/\/lagh-univ.dz\/fr\/wp-json\/wp\/v2\/types\/page"}],"author":[{"embeddable":true,"href":"http:\/\/lagh-univ.dz\/fr\/wp-json\/wp\/v2\/users\/16"}],"replies":[{"embeddable":true,"href":"http:\/\/lagh-univ.dz\/fr\/wp-json\/wp\/v2\/comments?post=9727"}],"version-history":[{"count":5,"href":"http:\/\/lagh-univ.dz\/fr\/wp-json\/wp\/v2\/pages\/9727\/revisions"}],"predecessor-version":[{"id":29553,"href":"http:\/\/lagh-univ.dz\/fr\/wp-json\/wp\/v2\/pages\/9727\/revisions\/29553"}],"up":[{"embeddable":true,"href":"http:\/\/lagh-univ.dz\/fr\/wp-json\/wp\/v2\/pages\/9723"}],"wp:attachment":[{"href":"http:\/\/lagh-univ.dz\/fr\/wp-json\/wp\/v2\/media?parent=9727"}],"wp:term":[{"taxonomy":"author","embeddable":true,"href":"http:\/\/lagh-univ.dz\/fr\/wp-json\/wp\/v2\/coauthors?post=9727"}],"curies":[{"name":"wp","href":"https:\/\/api.w.org\/{rel}","templated":true}]}}