{"id":9732,"date":"2019-01-20T08:52:39","date_gmt":"2019-01-20T10:52:39","guid":{"rendered":"http:\/\/lagh-univ.dz\/sociale-departement-tronc-commun-sciences-sociales-presentation\/"},"modified":"2020-02-19T08:44:29","modified_gmt":"2020-02-19T10:44:29","slug":"sociale-departement-tronc-commun-sciences-sociales-presentation","status":"publish","type":"page","link":"http:\/\/lagh-univ.dz\/fr\/sociale-departement-tronc-commun-sciences-sociales\/sociale-departement-tronc-commun-sciences-sociales-presentation\/","title":{"rendered":"Sociale-Departement- Tronc commun sciences sociales-presentation"},"content":{"rendered":"<p dir=\"ltr\" style=\"text-align: justify\"><span style=\"color: #ff0000;font-size: 18pt;font-family: 'Book Antiqua', Palatino\"><strong>Pr\u00e9sentation du d\u00e9partement\u00a0:<\/strong><\/span><\/p>\n<p dir=\"ltr\" style=\"text-align: justify\"><span style=\"color: #000000;font-size: 14pt;font-family: 'Book Antiqua', Palatino\">Les cours sont assur\u00e9s par neuf enseignants chercheurs permanants en plus d&rsquo;autres enseignants contractuels. Ces enseignants encadrent 976 \u00e9tudiants dans la premi\u00e8re ann\u00e9e tronc commun (statistiques 2019\/2020)<\/span><\/p>\n<p dir=\"ltr\" style=\"text-align: justify\"><span style=\"color: #000000;font-size: 14pt;font-family: 'Book Antiqua', Palatino\"><strong>Les cours dispens\u00e9s pour le premier semestre\u00a0:<\/strong><\/span><\/p>\n<p dir=\"ltr\" style=\"text-align: justify\"><span style=\"color: #000000;font-size: 14pt;font-family: 'Book Antiqua', Palatino\">Introduction \u00e0 la psychologie, Introduction \u00e0 la sociologie\u00a0, Introduction \u00e0 la philosophie,Grands courants scientifiques et m\u00e9thodologies, Introduction \u00e0 l\u2019anthropologie, L\u2019 individu et la culture, Introduction \u00e0 l\u2019 \u00e9conomie, Informatique, Statistique, Langue \u00e9trang\u00e8re.<\/span><\/p>\n<p dir=\"ltr\" style=\"text-align: justify\"><span style=\"color: #000000;font-size: 14pt;font-family: 'Book Antiqua', Palatino\"><strong>Les cours dispens\u00e9s pour le deuxi\u00e8me semestre\u00a0:<\/strong><\/span><\/p>\n<p dir=\"ltr\" style=\"text-align: justify\"><span style=\"color: #000000;font-size: 14pt;font-family: 'Book Antiqua', Palatino\">\u00a0Introduction \u00e0 la d\u00e9mographie, Les domaines des sciences sociales, Introduction \u00e0 la science de l&rsquo;information, Introduction \u00e0 l\u2019 orthophonie , Introduction aux statistiques inf\u00e9rentielles, Grands courants scientifiques et m\u00e9thodologies, Histoire culturelle de l&rsquo;Alg\u00e9rie, Informatique , Introduction aux sciences de l&rsquo;\u00e9ducation, Langue \u00e9trang\u00e8re.<\/span><\/p>\n","protected":false},"excerpt":{"rendered":"<p>Pr\u00e9sentation du d\u00e9partement\u00a0: Les cours sont assur\u00e9s par neuf enseignants chercheurs permanants en plus d&rsquo;autres enseignants contractuels. Ces enseignants encadrent 976 \u00e9tudiants dans la premi\u00e8re ann\u00e9e tronc commun (statistiques 2019\/2020) Les cours dispens\u00e9s pour le premier semestre\u00a0: Introduction \u00e0 la psychologie, Introduction \u00e0 la sociologie\u00a0, Introduction \u00e0 la philosophie,Grands courants scientifiques et m\u00e9thodologies, Introduction \u00e0 [&hellip;]<\/p>\n","protected":false},"author":16,"featured_media":0,"parent":9685,"menu_order":0,"comment_status":"closed","ping_status":"closed","template":"elementor_header_footer","meta":{"_exactmetrics_skip_tracking":false,"_exactmetrics_sitenote_active":false,"_exactmetrics_sitenote_note":"","_exactmetrics_sitenote_category":0,"footnotes":""},"coauthors":[532],"class_list":["post-9732","page","type-page","status-publish","hentry"],"_links":{"self":[{"href":"http:\/\/lagh-univ.dz\/fr\/wp-json\/wp\/v2\/pages\/9732","targetHints":{"allow":["GET"]}}],"collection":[{"href":"http:\/\/lagh-univ.dz\/fr\/wp-json\/wp\/v2\/pages"}],"about":[{"href":"http:\/\/lagh-univ.dz\/fr\/wp-json\/wp\/v2\/types\/page"}],"author":[{"embeddable":true,"href":"http:\/\/lagh-univ.dz\/fr\/wp-json\/wp\/v2\/users\/16"}],"replies":[{"embeddable":true,"href":"http:\/\/lagh-univ.dz\/fr\/wp-json\/wp\/v2\/comments?post=9732"}],"version-history":[{"count":6,"href":"http:\/\/lagh-univ.dz\/fr\/wp-json\/wp\/v2\/pages\/9732\/revisions"}],"predecessor-version":[{"id":29411,"href":"http:\/\/lagh-univ.dz\/fr\/wp-json\/wp\/v2\/pages\/9732\/revisions\/29411"}],"up":[{"embeddable":true,"href":"http:\/\/lagh-univ.dz\/fr\/wp-json\/wp\/v2\/pages\/9685"}],"wp:attachment":[{"href":"http:\/\/lagh-univ.dz\/fr\/wp-json\/wp\/v2\/media?parent=9732"}],"wp:term":[{"taxonomy":"author","embeddable":true,"href":"http:\/\/lagh-univ.dz\/fr\/wp-json\/wp\/v2\/coauthors?post=9732"}],"curies":[{"name":"wp","href":"https:\/\/api.w.org\/{rel}","templated":true}]}}