{"id":9752,"date":"2019-01-20T09:01:47","date_gmt":"2019-01-20T11:01:47","guid":{"rendered":"http:\/\/lagh-univ.dz\/sociale-departement-psycho-et-ortophonie-formations-licence\/"},"modified":"2020-02-19T09:11:44","modified_gmt":"2020-02-19T11:11:44","slug":"sociale-departement-psycho-et-ortophonie-formations-licence","status":"publish","type":"page","link":"http:\/\/lagh-univ.dz\/fr\/sociale-departement-psycho-et-ortophonie\/sociale-departement-psycho-et-ortophonie-formations-licence\/","title":{"rendered":"Sociale-Departement- Psycho et ortophonie- formations -licence"},"content":{"rendered":"<p dir=\"ltr\" style=\"text-align: justify\"><span style=\"color: #000000;font-size: 14pt;font-family: 'Book Antiqua', Palatino\"><strong>Sp\u00e9cialit\u00e9s<\/strong><\/span><\/p>\n<p dir=\"ltr\" style=\"text-align: justify\"><span style=\"color: #000000;font-size: 14pt;font-family: 'Book Antiqua', Palatino\">Plusieurs sp\u00e9cialit\u00e9s sont propos\u00e9es aux \u00e9tudiants comme suit\u00a0:<\/span><\/p>\n<p dir=\"ltr\" style=\"text-align: justify\"><span style=\"color: #000000;font-size: 14pt;font-family: 'Book Antiqua', Palatino\">Psychologie clinique, Orthophonie, P\u00e9dagogie, Psychologie Scolaire, Psychologie du counseling ( orientation et guidance psychologique)<\/span><\/p>\n<p dir=\"ltr\" style=\"text-align: left\">\n<table class=\" alignleft\" dir=\"ltr\" width=\"435\">\n<tbody>\n<tr>\n<td style=\"text-align: center\" width=\"218\"><strong><span style=\"color: #000000;font-size: 14pt;font-family: 'Book Antiqua', Palatino\">Sp\u00e9cialit\u00e9<\/span><\/strong><\/td>\n<td style=\"text-align: center\" width=\"94\"><strong><span style=\"color: #000000;font-size: 14pt;font-family: 'Book Antiqua', Palatino\">Niveau<\/span><\/strong><\/td>\n<td style=\"text-align: center\" width=\"123\"><strong><span style=\"color: #000000;font-size: 14pt;font-family: 'Book Antiqua', Palatino\">Nombre<\/span><\/strong><\/td>\n<\/tr>\n<tr>\n<td style=\"text-align: center\" width=\"218\"><span style=\"color: #000000;font-size: 14pt;font-family: 'Book Antiqua', Palatino\">Psychologie<\/span><\/td>\n<td style=\"text-align: center\" width=\"94\"><span style=\"color: #000000;font-size: 14pt;font-family: 'Book Antiqua', Palatino\">2<\/span><\/td>\n<td style=\"text-align: center\" width=\"123\"><span style=\"color: #000000;font-size: 14pt;font-family: 'Book Antiqua', Palatino\">255<\/span><\/td>\n<\/tr>\n<tr>\n<td style=\"text-align: center\" width=\"218\"><span style=\"color: #000000;font-size: 14pt;font-family: 'Book Antiqua', Palatino\">P\u00e9dagogie<\/span><\/td>\n<td style=\"text-align: center\" width=\"94\"><span style=\"color: #000000;font-size: 14pt;font-family: 'Book Antiqua', Palatino\">2<\/span><\/td>\n<td style=\"text-align: center\" width=\"123\"><span style=\"color: #000000;font-size: 14pt;font-family: 'Book Antiqua', Palatino\">74<\/span><\/td>\n<\/tr>\n<tr>\n<td style=\"text-align: center\" width=\"218\"><span style=\"color: #000000;font-size: 14pt;font-family: 'Book Antiqua', Palatino\">Orthophonie<\/span><\/td>\n<td style=\"text-align: center\" width=\"94\"><span style=\"color: #000000;font-size: 14pt;font-family: 'Book Antiqua', Palatino\">2<\/span><\/td>\n<td style=\"text-align: center\" width=\"123\"><span style=\"color: #000000;font-size: 14pt;font-family: 'Book Antiqua', Palatino\">30<\/span><\/td>\n<\/tr>\n<tr>\n<td style=\"text-align: center\" width=\"218\"><span style=\"color: #000000;font-size: 14pt;font-family: 'Book Antiqua', Palatino\">Psychologie Clinique<\/span><\/td>\n<td style=\"text-align: center\" width=\"94\"><span style=\"color: #000000;font-size: 14pt;font-family: 'Book Antiqua', Palatino\">3<\/span><\/td>\n<td style=\"text-align: center\" width=\"123\"><span style=\"color: #000000;font-size: 14pt;font-family: 'Book Antiqua', Palatino\">118<\/span><\/td>\n<\/tr>\n<tr>\n<td style=\"text-align: center\" width=\"218\"><span style=\"color: #000000;font-size: 14pt;font-family: 'Book Antiqua', Palatino\">Scolaire<\/span><\/td>\n<td style=\"text-align: center\" width=\"94\"><span style=\"color: #000000;font-size: 14pt;font-family: 'Book Antiqua', Palatino\">3<\/span><\/td>\n<td style=\"text-align: center\" width=\"123\"><span style=\"color: #000000;font-size: 14pt;font-family: 'Book Antiqua', Palatino\">24<\/span><\/td>\n<\/tr>\n<tr>\n<td style=\"text-align: center\" width=\"218\"><span style=\"color: #000000;font-size: 14pt;font-family: 'Book Antiqua', Palatino\">Orthophonie<\/span><\/td>\n<td style=\"text-align: center\" width=\"94\"><span style=\"color: #000000;font-size: 14pt;font-family: 'Book Antiqua', Palatino\">3<\/span><\/td>\n<td style=\"text-align: center\" width=\"123\"><span style=\"color: #000000;font-size: 14pt;font-family: 'Book Antiqua', Palatino\">42<\/span><\/td>\n<\/tr>\n<tr>\n<td style=\"text-align: center\" width=\"218\"><span style=\"color: #000000;font-size: 14pt;font-family: 'Book Antiqua', Palatino\">P\u00e9dagogie<\/span><\/td>\n<td style=\"text-align: center\" width=\"94\"><span style=\"color: #000000;font-size: 14pt;font-family: 'Book Antiqua', Palatino\">3<\/span><\/td>\n<td style=\"text-align: center\" width=\"123\"><span style=\"color: #000000;font-size: 14pt;font-family: 'Book Antiqua', Palatino\">108<\/span><\/td>\n<\/tr>\n<tr>\n<td style=\"text-align: center\" width=\"218\">\n<p dir=\"ltr\"><span style=\"color: #000000;font-size: 14pt;font-family: 'Book Antiqua', Palatino\">Organisation et travail<\/span><\/p>\n<\/td>\n<td style=\"text-align: center\" width=\"94\"><span style=\"color: #000000;font-size: 14pt;font-family: 'Book Antiqua', Palatino\">3<\/span><\/td>\n<td style=\"text-align: center\" width=\"123\"><span style=\"color: #000000;font-size: 14pt;font-family: 'Book Antiqua', Palatino\">101<\/span><\/td>\n<\/tr>\n<\/tbody>\n<\/table>\n","protected":false},"excerpt":{"rendered":"<p>Sp\u00e9cialit\u00e9s Plusieurs sp\u00e9cialit\u00e9s sont propos\u00e9es aux \u00e9tudiants comme suit\u00a0: Psychologie clinique, Orthophonie, P\u00e9dagogie, Psychologie Scolaire, Psychologie du counseling ( orientation et guidance psychologique) Sp\u00e9cialit\u00e9 Niveau Nombre Psychologie 2 255 P\u00e9dagogie 2 74 Orthophonie 2 30 Psychologie Clinique 3 118 Scolaire 3 24 Orthophonie 3 42 P\u00e9dagogie 3 108 Organisation et travail 3 101<\/p>\n","protected":false},"author":16,"featured_media":0,"parent":9687,"menu_order":0,"comment_status":"closed","ping_status":"closed","template":"elementor_header_footer","meta":{"_exactmetrics_skip_tracking":false,"_exactmetrics_sitenote_active":false,"_exactmetrics_sitenote_note":"","_exactmetrics_sitenote_category":0,"footnotes":""},"coauthors":[532],"class_list":["post-9752","page","type-page","status-publish","hentry"],"_links":{"self":[{"href":"http:\/\/lagh-univ.dz\/fr\/wp-json\/wp\/v2\/pages\/9752","targetHints":{"allow":["GET"]}}],"collection":[{"href":"http:\/\/lagh-univ.dz\/fr\/wp-json\/wp\/v2\/pages"}],"about":[{"href":"http:\/\/lagh-univ.dz\/fr\/wp-json\/wp\/v2\/types\/page"}],"author":[{"embeddable":true,"href":"http:\/\/lagh-univ.dz\/fr\/wp-json\/wp\/v2\/users\/16"}],"replies":[{"embeddable":true,"href":"http:\/\/lagh-univ.dz\/fr\/wp-json\/wp\/v2\/comments?post=9752"}],"version-history":[{"count":5,"href":"http:\/\/lagh-univ.dz\/fr\/wp-json\/wp\/v2\/pages\/9752\/revisions"}],"predecessor-version":[{"id":29445,"href":"http:\/\/lagh-univ.dz\/fr\/wp-json\/wp\/v2\/pages\/9752\/revisions\/29445"}],"up":[{"embeddable":true,"href":"http:\/\/lagh-univ.dz\/fr\/wp-json\/wp\/v2\/pages\/9687"}],"wp:attachment":[{"href":"http:\/\/lagh-univ.dz\/fr\/wp-json\/wp\/v2\/media?parent=9752"}],"wp:term":[{"taxonomy":"author","embeddable":true,"href":"http:\/\/lagh-univ.dz\/fr\/wp-json\/wp\/v2\/coauthors?post=9752"}],"curies":[{"name":"wp","href":"https:\/\/api.w.org\/{rel}","templated":true}]}}