{"id":9757,"date":"2019-01-20T09:02:04","date_gmt":"2019-01-20T11:02:04","guid":{"rendered":"http:\/\/lagh-univ.dz\/sociale-departement-psycho-et-ortophonie-formations-master\/"},"modified":"2020-02-19T09:16:11","modified_gmt":"2020-02-19T11:16:11","slug":"sociale-departement-psycho-et-ortophonie-formations-master","status":"publish","type":"page","link":"http:\/\/lagh-univ.dz\/fr\/sociale-departement-psycho-et-ortophonie\/sociale-departement-psycho-et-ortophonie-formations-master\/","title":{"rendered":"Sociale-Departement- Psycho et ortophonie- formations-master"},"content":{"rendered":"<table class=\" alignleft\" dir=\"ltr\" style=\"width: 425px\" width=\"435\">\n<tbody>\n<tr>\n<td style=\"width: 208px;text-align: center\" width=\"218\"><strong><span style=\"color: #000000;font-size: 14pt;font-family: 'Book Antiqua', Palatino\">Sp\u00e9cialit\u00e9<\/span><\/strong><\/td>\n<td style=\"width: 95px;text-align: center\" width=\"94\"><strong><span style=\"color: #000000;font-size: 14pt;font-family: 'Book Antiqua', Palatino\">Niveau<\/span><\/strong><\/td>\n<td style=\"width: 122px;text-align: center\" width=\"123\"><strong><span style=\"color: #000000;font-size: 14pt;font-family: 'Book Antiqua', Palatino\">Nombre<\/span><\/strong><\/td>\n<\/tr>\n<tr>\n<td style=\"width: 208px;text-align: center\" width=\"218\">Orthophonie<\/td>\n<td style=\"width: 95px;text-align: center\" width=\"94\">1 Master<\/td>\n<td style=\"width: 122px;text-align: center\" width=\"123\">130<\/td>\n<\/tr>\n<tr>\n<td style=\"width: 208px;text-align: center\" width=\"218\">Orthophonie<\/td>\n<td style=\"width: 95px;text-align: center\" width=\"94\">2 Master<\/td>\n<td style=\"width: 122px;text-align: center\" width=\"123\">66<\/td>\n<\/tr>\n<tr>\n<td style=\"width: 208px;text-align: center\" width=\"218\">Organisation et travail<\/td>\n<td style=\"width: 95px;text-align: center\" width=\"94\">Master 1+2<\/td>\n<td style=\"width: 122px;text-align: center\" width=\"123\">91<\/td>\n<\/tr>\n<tr>\n<td style=\"width: 208px;text-align: center\" width=\"218\">P\u00e9dagogie<\/td>\n<td style=\"width: 95px;text-align: center\" width=\"94\">Master 1+2<\/td>\n<td style=\"width: 122px;text-align: center\" width=\"123\">81<\/td>\n<\/tr>\n<tr>\n<td style=\"width: 208px;text-align: center\" width=\"218\">Scolaire<\/td>\n<td style=\"width: 95px;text-align: center\" width=\"94\">Master 1+2<\/td>\n<td style=\"width: 122px;text-align: center\" width=\"123\">159<\/td>\n<\/tr>\n<tr>\n<td style=\"width: 208px;text-align: center\" width=\"218\">Counseling<\/td>\n<td style=\"width: 95px;text-align: center\" width=\"94\">Master 1+2<\/td>\n<td style=\"width: 122px;text-align: center\" width=\"123\">68<\/td>\n<\/tr>\n<\/tbody>\n<\/table>\n<p dir=\"ltr\" style=\"text-align: left\">\n<p dir=\"ltr\">\n<p dir=\"ltr\">\n<p dir=\"ltr\">\n<p dir=\"ltr\">\n","protected":false},"excerpt":{"rendered":"<p>Sp\u00e9cialit\u00e9 Niveau Nombre Orthophonie 1 Master 130 Orthophonie 2 Master 66 Organisation et travail Master 1+2 91 P\u00e9dagogie Master 1+2 81 Scolaire Master 1+2 159 Counseling Master 1+2 68<\/p>\n","protected":false},"author":16,"featured_media":0,"parent":9687,"menu_order":0,"comment_status":"closed","ping_status":"closed","template":"elementor_header_footer","meta":{"_exactmetrics_skip_tracking":false,"_exactmetrics_sitenote_active":false,"_exactmetrics_sitenote_note":"","_exactmetrics_sitenote_category":0,"footnotes":""},"coauthors":[532],"class_list":["post-9757","page","type-page","status-publish","hentry"],"_links":{"self":[{"href":"http:\/\/lagh-univ.dz\/fr\/wp-json\/wp\/v2\/pages\/9757","targetHints":{"allow":["GET"]}}],"collection":[{"href":"http:\/\/lagh-univ.dz\/fr\/wp-json\/wp\/v2\/pages"}],"about":[{"href":"http:\/\/lagh-univ.dz\/fr\/wp-json\/wp\/v2\/types\/page"}],"author":[{"embeddable":true,"href":"http:\/\/lagh-univ.dz\/fr\/wp-json\/wp\/v2\/users\/16"}],"replies":[{"embeddable":true,"href":"http:\/\/lagh-univ.dz\/fr\/wp-json\/wp\/v2\/comments?post=9757"}],"version-history":[{"count":4,"href":"http:\/\/lagh-univ.dz\/fr\/wp-json\/wp\/v2\/pages\/9757\/revisions"}],"predecessor-version":[{"id":29449,"href":"http:\/\/lagh-univ.dz\/fr\/wp-json\/wp\/v2\/pages\/9757\/revisions\/29449"}],"up":[{"embeddable":true,"href":"http:\/\/lagh-univ.dz\/fr\/wp-json\/wp\/v2\/pages\/9687"}],"wp:attachment":[{"href":"http:\/\/lagh-univ.dz\/fr\/wp-json\/wp\/v2\/media?parent=9757"}],"wp:term":[{"taxonomy":"author","embeddable":true,"href":"http:\/\/lagh-univ.dz\/fr\/wp-json\/wp\/v2\/coauthors?post=9757"}],"curies":[{"name":"wp","href":"https:\/\/api.w.org\/{rel}","templated":true}]}}