{"id":9773,"date":"2019-01-20T08:56:13","date_gmt":"2019-01-20T10:56:13","guid":{"rendered":"http:\/\/lagh-univ.dz\/sociale-departement-philosophie-formations-licence\/"},"modified":"2020-02-19T09:41:47","modified_gmt":"2020-02-19T11:41:47","slug":"sociale-departement-philosophie-formations-licence","status":"publish","type":"page","link":"http:\/\/lagh-univ.dz\/fr\/sociale-departement-philosophie\/sociale-departement-philosophie-formations-licence\/","title":{"rendered":"Sociale-Departement- Philosophie-formations -licence"},"content":{"rendered":"<p dir=\"ltr\"><span style=\"color: #000000;font-size: 14pt;font-family: 'Book Antiqua', Palatino\"><strong>Sp\u00e9cialit\u00e9s\u00a0:<\/strong><\/span><\/p>\n<p dir=\"ltr\"><span style=\"color: #000000;font-size: 14pt;font-family: 'Book Antiqua', Palatino\">\u00a0\u00a0 Une seule sp\u00e9cialit\u00e9 est ouverte Philosophie arabe et islamique<\/span><\/p>\n<table class=\" alignleft\" dir=\"ltr\" width=\"293\">\n<tbody>\n<tr>\n<td width=\"133\"><strong><span style=\"color: #000000;font-size: 14pt;font-family: 'Book Antiqua', Palatino\">Sp\u00e9cialit\u00e9<\/span><\/strong><\/td>\n<td width=\"80\"><strong><span style=\"color: #000000;font-size: 14pt;font-family: 'Book Antiqua', Palatino\">niveau<\/span><\/strong><\/td>\n<td width=\"80\"><strong><span style=\"color: #000000;font-size: 14pt;font-family: 'Book Antiqua', Palatino\">nombre<\/span><\/strong><\/td>\n<\/tr>\n<tr>\n<td width=\"133\"><span style=\"color: #000000;font-size: 14pt;font-family: 'Book Antiqua', Palatino\">Philosophie<\/span><\/td>\n<td width=\"80\"><span style=\"color: #000000;font-size: 14pt;font-family: 'Book Antiqua', Palatino\">2<\/span><\/td>\n<td width=\"80\"><span style=\"color: #000000;font-size: 14pt;font-family: 'Book Antiqua', Palatino\">16<\/span><\/td>\n<\/tr>\n<tr>\n<td width=\"133\"><span style=\"color: #000000;font-size: 14pt;font-family: 'Book Antiqua', Palatino\">Philosophie<\/span><\/td>\n<td width=\"80\"><span style=\"color: #000000;font-size: 14pt;font-family: 'Book Antiqua', Palatino\">3<\/span><\/td>\n<td width=\"80\"><span style=\"color: #000000;font-size: 14pt;font-family: 'Book Antiqua', Palatino\">22<\/span><\/td>\n<\/tr>\n<\/tbody>\n<\/table>\n<p dir=\"ltr\" style=\"text-align: left\">\n","protected":false},"excerpt":{"rendered":"<p>Sp\u00e9cialit\u00e9s\u00a0: \u00a0\u00a0 Une seule sp\u00e9cialit\u00e9 est ouverte Philosophie arabe et islamique Sp\u00e9cialit\u00e9 niveau nombre Philosophie 2 16 Philosophie 3 22<\/p>\n","protected":false},"author":16,"featured_media":0,"parent":9689,"menu_order":0,"comment_status":"closed","ping_status":"closed","template":"elementor_header_footer","meta":{"_exactmetrics_skip_tracking":false,"_exactmetrics_sitenote_active":false,"_exactmetrics_sitenote_note":"","_exactmetrics_sitenote_category":0,"footnotes":""},"coauthors":[532],"class_list":["post-9773","page","type-page","status-publish","hentry"],"_links":{"self":[{"href":"http:\/\/lagh-univ.dz\/fr\/wp-json\/wp\/v2\/pages\/9773","targetHints":{"allow":["GET"]}}],"collection":[{"href":"http:\/\/lagh-univ.dz\/fr\/wp-json\/wp\/v2\/pages"}],"about":[{"href":"http:\/\/lagh-univ.dz\/fr\/wp-json\/wp\/v2\/types\/page"}],"author":[{"embeddable":true,"href":"http:\/\/lagh-univ.dz\/fr\/wp-json\/wp\/v2\/users\/16"}],"replies":[{"embeddable":true,"href":"http:\/\/lagh-univ.dz\/fr\/wp-json\/wp\/v2\/comments?post=9773"}],"version-history":[{"count":4,"href":"http:\/\/lagh-univ.dz\/fr\/wp-json\/wp\/v2\/pages\/9773\/revisions"}],"predecessor-version":[{"id":29465,"href":"http:\/\/lagh-univ.dz\/fr\/wp-json\/wp\/v2\/pages\/9773\/revisions\/29465"}],"up":[{"embeddable":true,"href":"http:\/\/lagh-univ.dz\/fr\/wp-json\/wp\/v2\/pages\/9689"}],"wp:attachment":[{"href":"http:\/\/lagh-univ.dz\/fr\/wp-json\/wp\/v2\/media?parent=9773"}],"wp:term":[{"taxonomy":"author","embeddable":true,"href":"http:\/\/lagh-univ.dz\/fr\/wp-json\/wp\/v2\/coauthors?post=9773"}],"curies":[{"name":"wp","href":"https:\/\/api.w.org\/{rel}","templated":true}]}}