{"id":9788,"date":"2019-01-20T08:58:46","date_gmt":"2019-01-20T10:58:46","guid":{"rendered":"http:\/\/lagh-univ.dz\/sociale-departement-demographie-administration\/"},"modified":"2020-02-19T09:49:10","modified_gmt":"2020-02-19T11:49:10","slug":"sociale-departement-demographie-administration","status":"publish","type":"page","link":"http:\/\/lagh-univ.dz\/fr\/sociale-departement-demographie\/sociale-departement-demographie-administration\/","title":{"rendered":"Sociale-Departement- Demographie-administration"},"content":{"rendered":"<p dir=\"ltr\" style=\"text-align: left\"><strong>Comit\u00e9 Scientifique\u00a0:<\/strong><\/p>\n<table class=\" alignleft\" dir=\"ltr\">\n<tbody>\n<tr>\n<td width=\"36\"><strong>N<\/strong><\/td>\n<td width=\"170\"><strong>Noms et Pr\u00e9noms<\/strong><\/td>\n<td width=\"104\"><strong>Grades<\/strong><\/td>\n<td width=\"189\"><strong>Membres<\/strong><\/td>\n<\/tr>\n<tr>\n<td width=\"36\">1<\/td>\n<td width=\"170\">HaranElarbi<\/td>\n<td width=\"104\">Pr.<\/td>\n<td width=\"189\">Pr\u00e9sident du CS<\/td>\n<\/tr>\n<tr>\n<td width=\"36\">2<\/td>\n<td width=\"170\">BenaissaLazehari<\/td>\n<td width=\"104\">MCA<\/td>\n<td width=\"189\">Chef du d\u00e9partement<\/td>\n<\/tr>\n<tr>\n<td width=\"36\">3<\/td>\n<td width=\"170\">NaouiAttalah<\/td>\n<td width=\"104\">MCA<\/td>\n<td width=\"189\">Vice Chef du d\u00e9partement<\/td>\n<\/tr>\n<tr>\n<td width=\"36\">4<\/td>\n<td width=\"170\">DalassiAmhamed<\/td>\n<td width=\"104\">Pr.<\/td>\n<td width=\"189\">Membre<\/td>\n<\/tr>\n<tr>\n<td width=\"36\">5<\/td>\n<td width=\"170\">TounsiFaiza<\/td>\n<td width=\"104\">MCA<\/td>\n<td width=\"189\">Membre<\/td>\n<\/tr>\n<tr>\n<td width=\"36\">6<\/td>\n<td width=\"170\">BiraneBenchaa<\/td>\n<td width=\"104\">MCA<\/td>\n<td width=\"189\">Membre<\/td>\n<\/tr>\n<tr>\n<td width=\"36\">7<\/td>\n<td width=\"170\">KhelifiHafidha<\/td>\n<td width=\"104\">MCA<\/td>\n<td width=\"189\">Membre<\/td>\n<\/tr>\n<tr>\n<td width=\"36\">8<\/td>\n<td width=\"170\">Kandoussi Saadia<\/td>\n<td width=\"104\">MCA<\/td>\n<td width=\"189\">Membre<\/td>\n<\/tr>\n<tr>\n<td width=\"36\">9<\/td>\n<td width=\"170\">Keroum Mohamed<\/td>\n<td width=\"104\">MCA<\/td>\n<td width=\"189\">Membre<\/td>\n<\/tr>\n<\/tbody>\n<\/table>\n","protected":false},"excerpt":{"rendered":"<p>Comit\u00e9 Scientifique\u00a0: N Noms et Pr\u00e9noms Grades Membres 1 HaranElarbi Pr. Pr\u00e9sident du CS 2 BenaissaLazehari MCA Chef du d\u00e9partement 3 NaouiAttalah MCA Vice Chef du d\u00e9partement 4 DalassiAmhamed Pr. Membre 5 TounsiFaiza MCA Membre 6 BiraneBenchaa MCA Membre 7 KhelifiHafidha MCA Membre 8 Kandoussi Saadia MCA Membre 9 Keroum Mohamed MCA Membre<\/p>\n","protected":false},"author":16,"featured_media":0,"parent":9691,"menu_order":0,"comment_status":"closed","ping_status":"closed","template":"elementor_header_footer","meta":{"_exactmetrics_skip_tracking":false,"_exactmetrics_sitenote_active":false,"_exactmetrics_sitenote_note":"","_exactmetrics_sitenote_category":0,"footnotes":""},"coauthors":[532],"class_list":["post-9788","page","type-page","status-publish","hentry"],"_links":{"self":[{"href":"http:\/\/lagh-univ.dz\/fr\/wp-json\/wp\/v2\/pages\/9788","targetHints":{"allow":["GET"]}}],"collection":[{"href":"http:\/\/lagh-univ.dz\/fr\/wp-json\/wp\/v2\/pages"}],"about":[{"href":"http:\/\/lagh-univ.dz\/fr\/wp-json\/wp\/v2\/types\/page"}],"author":[{"embeddable":true,"href":"http:\/\/lagh-univ.dz\/fr\/wp-json\/wp\/v2\/users\/16"}],"replies":[{"embeddable":true,"href":"http:\/\/lagh-univ.dz\/fr\/wp-json\/wp\/v2\/comments?post=9788"}],"version-history":[{"count":7,"href":"http:\/\/lagh-univ.dz\/fr\/wp-json\/wp\/v2\/pages\/9788\/revisions"}],"predecessor-version":[{"id":29476,"href":"http:\/\/lagh-univ.dz\/fr\/wp-json\/wp\/v2\/pages\/9788\/revisions\/29476"}],"up":[{"embeddable":true,"href":"http:\/\/lagh-univ.dz\/fr\/wp-json\/wp\/v2\/pages\/9691"}],"wp:attachment":[{"href":"http:\/\/lagh-univ.dz\/fr\/wp-json\/wp\/v2\/media?parent=9788"}],"wp:term":[{"taxonomy":"author","embeddable":true,"href":"http:\/\/lagh-univ.dz\/fr\/wp-json\/wp\/v2\/coauthors?post=9788"}],"curies":[{"name":"wp","href":"https:\/\/api.w.org\/{rel}","templated":true}]}}