{"id":9809,"date":"2018-07-18T19:10:53","date_gmt":"2018-07-18T21:10:53","guid":{"rendered":"http:\/\/lagh-univ.dz\/droit-faculte-mot-de-doyen\/"},"modified":"2020-02-17T17:42:10","modified_gmt":"2020-02-17T19:42:10","slug":"droit-faculte-mot-de-doyen","status":"publish","type":"page","link":"http:\/\/lagh-univ.dz\/fr\/droit-faculte-mot-de-doyen\/","title":{"rendered":"\u0643\u0644\u0645\u0629 \u0627\u0644\u0633\u064a\u062f \u0627\u0644\u0639\u0645\u064a\u062f"},"content":{"rendered":"<p><img decoding=\"async\" class=\" wp-image-16921 aligncenter\" src=\"http:\/\/lagh-univ.dz\/wp-content\/uploads\/2019\/11\/49789421_915970715460646_3833728365785776128_o-300x123.jpg\" alt=\"\" width=\"215\" height=\"88\" srcset=\"http:\/\/lagh-univ.dz\/wp-content\/uploads\/2019\/11\/49789421_915970715460646_3833728365785776128_o-300x123.jpg 300w, http:\/\/lagh-univ.dz\/wp-content\/uploads\/2019\/11\/49789421_915970715460646_3833728365785776128_o-768x316.jpg 768w, http:\/\/lagh-univ.dz\/wp-content\/uploads\/2019\/11\/49789421_915970715460646_3833728365785776128_o-1024x421.jpg 1024w, http:\/\/lagh-univ.dz\/wp-content\/uploads\/2019\/11\/49789421_915970715460646_3833728365785776128_o.jpg 1125w\" sizes=\"(max-width: 215px) 100vw, 215px\" \/><\/p>\n<p style=\"text-align: center\"><span style=\"font-size: 18pt;font-family: arabic-kufi;color: #000000\"><strong>LE MOT DU DOYEN<\/strong><\/span><\/p>\n<p style=\"direction: ltr\"><span style=\"font-family: 'Times New Roman', Times;color: #000000;font-size: 14pt\"><strong>Le Doyen Dr LAZHAR ABDELAZIZ,<\/strong> <u>l.abdelaziz@lagh-univ.dz<\/u><\/span><\/p>\n<p style=\"direction: ltr\"><span style=\"font-family: 'Times New Roman', Times;color: #000000;font-size: 14pt\">Peu apr\u00e8s le d\u00e9but de la nouvelle saison universitaire 2019\/2020,\u00a0 la facult\u00e9 de droit et de science politique s&rsquo;appr\u00eate \u00e0 initier une nouvelle strat\u00e9gie visant principalement \u00e0 d\u00e9velopper la facult\u00e9 dans ses diff\u00e9rents aspects p\u00e9dagogiques, scientifiques et culturels. Cette nouvelle strat\u00e9gie intervient \u00e9galement dans le sillage du nouveau souffle donn\u00e9 par le doyen. Si les nobles objectifs que nous visons \u00e0 la t\u00eate de cet facult\u00e9 ne sont atteints qu&rsquo;\u00e0 la lumi\u00e8re d&rsquo;une vision claire, d&rsquo;une perception profonde, en phase avec les r\u00e9alit\u00e9s humaines et mat\u00e9rielles de la r\u00e9alit\u00e9, alors nous partons dans ce projet progressif de d\u00e9veloppement \u00e0 partir d&rsquo;une strat\u00e9gie pratique bas\u00e9e sur trois piliers:<\/span><\/p>\n<p style=\"direction: ltr\"><span style=\"font-family: 'Times New Roman', Times;color: #000000;font-size: 14pt\">\u00a0\u00a0\u00a0\u00a0\u00a0\u00a0\u00a0\u00a0\u00a0\u00a0<strong>Pour le premier pilier, <\/strong>le pilier du facteur humain dont jouit notre coll\u00e8ge, provenant d&rsquo;un grand nombre de professeurs et de diff\u00e9rents grades universitaires et employ\u00e9s similaires dans une diversit\u00e9 parmi eux dans les grades, les comp\u00e9tences et les domaines dans lesquels ils travaillent, en plus des \u00e9tudiants dont les derni\u00e8res statistiques r\u00e9alis\u00e9es par nos d\u00e9partements indiquent qu&rsquo;ils ont franchi le seuil de 4000 \u00e9tudiants. Il ne fait aucun doute que cette \u00e9nergie humaine, si elle fait preuve d&rsquo;un esprit de responsabilit\u00e9 et de conscience professionnelle et de d\u00e9vouement au service de la facult\u00e9 et cherche \u00e0 recycler ses comp\u00e9tences et ses capacit\u00e9s pour donner la valeur ajout\u00e9e et requise aux divers int\u00e9r\u00eats de la facult\u00e9 et de ses d\u00e9partements.\u00a0 \u00a0\u00a0<\/span><\/p>\n<p style=\"direction: ltr\"><span style=\"font-family: 'Times New Roman', Times;color: #000000;font-size: 14pt\">\u00a0 <strong>Le deuxi\u00e8me pilier <\/strong>\u00a0repose sur l&rsquo;infrastructure et la structure logistique de la facult\u00e9, malgr\u00e9 le fait que de nombreuses ann\u00e9es se soient \u00e9coul\u00e9es depuis la cr\u00e9ation de cet facult\u00e9 et son occupation de l&rsquo;espace universitaire (nouveau \/ ancien), les espaces p\u00e9dagogiques et les structures administratives disponibles sont suffisants pour accompagner, soutenir et m\u00eame contribuer au succ\u00e8s du d\u00e9collage souhait\u00e9 de la facult\u00e9 vers la direction p\u00e9dagogique et scientifique M\u00eame culturels, au niveau de notre universit\u00e9. Dans ce contexte, et conscients de l&rsquo;importance de ce pilier, et de son impact sur la performance professionnelle des enseignants, \u00e9tudiants et employ\u00e9s, nous nous sommes lanc\u00e9s dans un projet de r\u00e9habilitation des espaces et des structures de la facult\u00e9, et de r\u00e9parer ce qui en vieillit, afin de pr\u00e9server les biens et les moyens de l&rsquo;universit\u00e9, mais plut\u00f4t nous sommes all\u00e9s au-del\u00e0 du processus de r\u00e9habilitation.\u00a0\u00a0\u00a0\u00a0<\/span><\/p>\n<p style=\"direction: ltr\"><span style=\"font-family: 'Times New Roman', Times;color: #000000;font-size: 14pt\">\u00a0\u00a0<strong>Le troisi\u00e8me pilier <\/strong>est de dimension purement scientifique, il s&rsquo;appuie sur l&rsquo;activation des activit\u00e9s scientifiques sp\u00e9cialis\u00e9es dans toutes les fili\u00e8res et sp\u00e9cialit\u00e9s du domaine de droit et de science politique, en intensifiant les forums et conf\u00e9rences locaux, r\u00e9gionaux et internationaux, sans oublier les journ\u00e9es acad\u00e9miques qui sont g\u00e9n\u00e9ralement organis\u00e9es par les doctorants de troisi\u00e8me cycle, dont la facult\u00e9 conna\u00eet une augmentation de leur nombre d&rsquo;une ann\u00e9e universitaire \u00e0 Autre. Il va sans dire que chacun de nous se rend compte que les trois piliers, s&rsquo;ils collaborent et collaborent, resteront tributaires d&rsquo;une politique de communication m\u00e9diatique encadr\u00e9e par le Doyen de la facult\u00e9 et \u00e0 travers laquelle il vise \u00e0 d\u00e9velopper les m\u00e9canismes de travail de communication qui visent \u00e0 d\u00e9livrer des informations compl\u00e8tes et correctes \u00e0 son avenir (professeurs, \u00e9tudiants ou salari\u00e9s) ) En plus de souligner les r\u00e9alisations de la facult\u00e9 et ses nombreuses activit\u00e9s, qui parient que le cyberespace nous avons d\u00e9di\u00e9 un portail pour nous pr\u00e9senter et faire para\u00eetre nos contributions \u00e0 l&rsquo;Universit\u00e9 Ammar Thelidji en particulier et \u00e0 l&rsquo;Universit\u00e9 alg\u00e9rienne en g\u00e9n\u00e9ral.<\/span><\/p>\n<p style=\"direction: ltr\"><span style=\"font-size: 14pt\"><strong><span style=\"font-family: 'Times New Roman', Times;color: #000000\">Je souhaite \u00e9galement \u00e0 mes confr\u00e8res enseignants, \u00e9tudiants et fonctionnaires, une ann\u00e9e universitaire r\u00e9ussie, vive l&rsquo;Alg\u00e9rie, la gloire et l&rsquo;\u00e9ternit\u00e9 \u00e0 nos justes martyr<\/span>s.<\/strong><\/span><\/p>\n","protected":false},"excerpt":{"rendered":"<p>LE MOT DU DOYEN Le Doyen Dr LAZHAR ABDELAZIZ, l.abdelaziz@lagh-univ.dz Peu apr\u00e8s le d\u00e9but de la nouvelle saison universitaire 2019\/2020,\u00a0 la facult\u00e9 de droit et de science politique s&rsquo;appr\u00eate \u00e0 initier une nouvelle strat\u00e9gie visant principalement \u00e0 d\u00e9velopper la facult\u00e9 dans ses diff\u00e9rents aspects p\u00e9dagogiques, scientifiques et culturels. Cette nouvelle strat\u00e9gie intervient \u00e9galement dans le [&hellip;]<\/p>\n","protected":false},"author":1,"featured_media":0,"parent":0,"menu_order":0,"comment_status":"closed","ping_status":"closed","template":"elementor_header_footer","meta":{"_exactmetrics_skip_tracking":false,"_exactmetrics_sitenote_active":false,"_exactmetrics_sitenote_note":"","_exactmetrics_sitenote_category":0,"footnotes":""},"coauthors":[217,525],"class_list":["post-9809","page","type-page","status-publish","hentry"],"_links":{"self":[{"href":"http:\/\/lagh-univ.dz\/fr\/wp-json\/wp\/v2\/pages\/9809","targetHints":{"allow":["GET"]}}],"collection":[{"href":"http:\/\/lagh-univ.dz\/fr\/wp-json\/wp\/v2\/pages"}],"about":[{"href":"http:\/\/lagh-univ.dz\/fr\/wp-json\/wp\/v2\/types\/page"}],"author":[{"embeddable":true,"href":"http:\/\/lagh-univ.dz\/fr\/wp-json\/wp\/v2\/users\/1"}],"replies":[{"embeddable":true,"href":"http:\/\/lagh-univ.dz\/fr\/wp-json\/wp\/v2\/comments?post=9809"}],"version-history":[{"count":12,"href":"http:\/\/lagh-univ.dz\/fr\/wp-json\/wp\/v2\/pages\/9809\/revisions"}],"predecessor-version":[{"id":28259,"href":"http:\/\/lagh-univ.dz\/fr\/wp-json\/wp\/v2\/pages\/9809\/revisions\/28259"}],"wp:attachment":[{"href":"http:\/\/lagh-univ.dz\/fr\/wp-json\/wp\/v2\/media?parent=9809"}],"wp:term":[{"taxonomy":"author","embeddable":true,"href":"http:\/\/lagh-univ.dz\/fr\/wp-json\/wp\/v2\/coauthors?post=9809"}],"curies":[{"name":"wp","href":"https:\/\/api.w.org\/{rel}","templated":true}]}}