{"id":9903,"date":"2018-07-18T19:11:21","date_gmt":"2018-07-18T19:11:21","guid":{"rendered":"http:\/\/lagh-univ.dz\/sport-faculte-mot-de-doyen\/"},"modified":"2022-03-18T14:29:57","modified_gmt":"2022-03-18T13:29:57","slug":"sport-faculte-mot-de-doyen","status":"publish","type":"page","link":"http:\/\/lagh-univ.dz\/fr\/sport-formation\/sport-faculte-mot-de-doyen\/","title":{"rendered":"Sport-Facult\u00e9- mot de doyen"},"content":{"rendered":"<p dir=\"ltr\" style=\"text-align: center\"><span style=\"text-decoration: underline;color: #0000ff\"><span style=\"font-family: 'Times New Roman', Times;font-size: 14pt\"><strong><span style=\"font-size: 18pt\">Le mot de directeur<\/span><\/strong><\/span><\/span><\/p>\n<p dir=\"ltr\" style=\"text-align: justify\"><span style=\"color: #000000;font-family: 'Times New Roman', Times;font-size: 14pt\">\u00a0 \u00a0 \u00a0 Bienvenue \u00e0 L\u2019universit\u00e9 de Laghouat a \u00a0L&rsquo;institut des sciences et des techniques des activit\u00e9s physiques et sportives \u00a0\u00a0ISTAPS, l\u2019un des plus importantes de l\u2019Alg\u00e9rie \u00a0avec plus de 600 \u00e9tudiants. Notre institut propose une offre de formation diversifi\u00e9e avec 2 mentions de Licence, 2 mentions en Master dont 2 parcours sp\u00e9cifiques, 2 licence et master \u00a0acad\u00e9mique.<\/span><\/p>\n<p dir=\"ltr\" style=\"text-align: justify\"><span style=\"color: #000000;font-family: 'Times New Roman', Times;font-size: 14pt\">\u00a0 \u00a0 \u00a0 Les formations propos\u00e9es \u00e0 ISTAPS de Laghouat \u00a0allient les enseignements scientifiques aux comp\u00e9tences sp\u00e9cifiques de chaque parcours. Nos \u00e9tudiants consacrent une part importante de leurs \u00e9tudes \u00e0 l\u2019approfondissement pratique et th\u00e9orique de leur sp\u00e9cialit\u00e9 sportive. Cette approche constitue la colonne vert\u00e9brale de la formation, donnant du sens aux versants scientifique et professionnel des \u00e9tudes. Chaque \u00e9tudiant poss\u00e8de ainsi une double identit\u00e9 : d\u2019une part celle de la sp\u00e9cialit\u00e9 acad\u00e9mique \u00a0qu\u2019il a choisie, et d\u2019autre part celle de sa sp\u00e9cialit\u00e9 sportive.<\/span><\/p>\n<p dir=\"ltr\" style=\"text-align: justify\"><span style=\"color: #000000;font-family: 'Times New Roman', Times;font-size: 14pt\">\u00a0 \u00a0 \u00a0 \u00a0Nos formations pr\u00e9parent \u00e0 l\u2019ensemble des m\u00e9tiers relatifs au sport, \u00e0 l\u2019activit\u00e9 physique, au mouvement : entra\u00eeneurs, professeurs d\u2019\u00e9ducation physiques, coach, \u00e9ducateurs sportifs, professionnels du tourisme sportif et de l\u2019\u00e9v\u00e9nementiel sportif, cadres dans les secteurs de la performance sportive ou de la sant\u00e9, enseignants-chercheurs, analyste vid\u00e9o, etc. Ce sont des m\u00e9tiers passionnants, mais surtout des m\u00e9tiers d\u2019avenir qui connaissent aujourd\u2019hui un r\u00e9el engouement dans le march\u00e9 du travail \u00e0 la poursuite d\u2019\u00e9tudes universitaires jusqu\u2019\u00e0 l\u2019obtention de la Licence, du Master ou encore du Doctorat. Les \u00e9tudes en STAPS sont sans doute passionnantes, vari\u00e9es, mais certainement pas faciles. Nous faisons tout notre possible pour aider les \u00e9tudiants en difficult\u00e9, pour diversifier nos proc\u00e9dures d\u2019enseignement et nos fili\u00e8res de formation.<\/span><\/p>\n<p dir=\"ltr\" style=\"text-align: justify\"><span style=\"color: #000000;font-family: 'Times New Roman', Times;font-size: 14pt\">\u00a0 \u00a0 \u00a0 \u00a0 Aujourd\u2019hui, notre STAPS de Laghouat\u00a0 est fi\u00e8re d\u2019\u00eatre un site de r\u00e9f\u00e9rence en mati\u00e8re d\u2019enseignement et de recherche dans le domaine des activit\u00e9s physiques et sportives. Forts de notre exp\u00e9rience et des r\u00e9ussites de nos \u00e9tudiants, nous continuons \u00e0 b\u00e9n\u00e9ficier de la confiance que les lyc\u00e9ens et leurs familles accordent \u00e0 notre offre de formation et restons au niveau de leurs exigences.<\/span><\/p>\n<p dir=\"ltr\" style=\"text-align: center\"><span style=\"text-decoration: underline\"><strong><span style=\"color: #000000;font-family: 'Times New Roman', Times;font-size: 14pt;text-decoration: underline\">Directeur de l\u2019institut : STAPS \u00a0BAIT Redouane Bendjedou<\/span><\/strong><\/span><\/p>\n<p><img decoding=\"async\" class=\" wp-image-23513 aligncenter\" src=\"http:\/\/lagh-univ.dz\/wp-content\/uploads\/2020\/02\/\u0628\u0631\u0648\u0641\u064a\u0633\u0648\u0631-\u0628\u0639\u064a\u0637-\u0628\u0646-\u062c\u062f\u0648-\u0631\u0636\u0648\u0627\u0646.png\" alt=\"\" width=\"128\" height=\"145\" \/><\/p>\n<p dir=\"ltr\" style=\"text-align: center\"><span style=\"font-family: 'Times New Roman', Times;font-size: 14pt;color: #000000\"><strong><u>Num\u00e9ro de t\u00e9l\u00e9phone:<\/u> 0.660.430.333<\/strong><\/span><\/p>\n<p dir=\"ltr\" style=\"text-align: center\"><span style=\"font-family: 'Times New Roman', Times;font-size: 14pt;color: #000000\"><strong><u>Gmail:<\/u> ali.sadRadben.bait@lagh-univ.dz<\/strong><\/span><\/p>\n","protected":false},"excerpt":{"rendered":"<p>Le mot de directeur \u00a0 \u00a0 \u00a0 Bienvenue \u00e0 L\u2019universit\u00e9 de Laghouat a \u00a0L&rsquo;institut des sciences et des techniques des activit\u00e9s physiques et sportives \u00a0\u00a0ISTAPS, l\u2019un des plus importantes de l\u2019Alg\u00e9rie \u00a0avec plus de 600 \u00e9tudiants. Notre institut propose une offre de formation diversifi\u00e9e avec 2 mentions de Licence, 2 mentions en Master dont 2 [&hellip;]<\/p>\n","protected":false},"author":15,"featured_media":0,"parent":9945,"menu_order":0,"comment_status":"closed","ping_status":"closed","template":"elementor_header_footer","meta":{"_exactmetrics_skip_tracking":false,"_exactmetrics_sitenote_active":false,"_exactmetrics_sitenote_note":"","_exactmetrics_sitenote_category":0,"footnotes":""},"coauthors":[534],"class_list":["post-9903","page","type-page","status-publish","hentry"],"_links":{"self":[{"href":"http:\/\/lagh-univ.dz\/fr\/wp-json\/wp\/v2\/pages\/9903","targetHints":{"allow":["GET"]}}],"collection":[{"href":"http:\/\/lagh-univ.dz\/fr\/wp-json\/wp\/v2\/pages"}],"about":[{"href":"http:\/\/lagh-univ.dz\/fr\/wp-json\/wp\/v2\/types\/page"}],"author":[{"embeddable":true,"href":"http:\/\/lagh-univ.dz\/fr\/wp-json\/wp\/v2\/users\/15"}],"replies":[{"embeddable":true,"href":"http:\/\/lagh-univ.dz\/fr\/wp-json\/wp\/v2\/comments?post=9903"}],"version-history":[{"count":10,"href":"http:\/\/lagh-univ.dz\/fr\/wp-json\/wp\/v2\/pages\/9903\/revisions"}],"predecessor-version":[{"id":30586,"href":"http:\/\/lagh-univ.dz\/fr\/wp-json\/wp\/v2\/pages\/9903\/revisions\/30586"}],"up":[{"embeddable":true,"href":"http:\/\/lagh-univ.dz\/fr\/wp-json\/wp\/v2\/pages\/9945"}],"wp:attachment":[{"href":"http:\/\/lagh-univ.dz\/fr\/wp-json\/wp\/v2\/media?parent=9903"}],"wp:term":[{"taxonomy":"author","embeddable":true,"href":"http:\/\/lagh-univ.dz\/fr\/wp-json\/wp\/v2\/coauthors?post=9903"}],"curies":[{"name":"wp","href":"https:\/\/api.w.org\/{rel}","templated":true}]}}