{"id":9907,"date":"2018-07-18T18:57:48","date_gmt":"2018-07-18T18:57:48","guid":{"rendered":"http:\/\/lagh-univ.dz\/sport-faculte-fac-en-chiffre\/"},"modified":"2022-03-18T14:29:58","modified_gmt":"2022-03-18T13:29:58","slug":"sport-faculte-fac-en-chiffre","status":"publish","type":"page","link":"http:\/\/lagh-univ.dz\/fr\/sport-formation\/sport-faculte-fac-en-chiffre\/","title":{"rendered":"Sport-Facult\u00e9-Fac en chiffre"},"content":{"rendered":"<p dir=\"ltr\" style=\"text-align: center\"><span style=\"text-decoration: underline;color: #0000ff;font-size: 18pt\"><span style=\"font-family: 'Times New Roman', Times\"><strong>ISTAPS en chiffres:<\/strong><\/span><\/span><\/p>\n<p dir=\"ltr\" style=\"text-align: justify\">\n<strong><span style=\"font-family: 'Times New Roman', Times;font-size: 14pt;color: #000000\">Plus de 560 \u00e9tudiants sont inscrits en 2019 -2020<\/span><\/strong><\/p>\n<p dir=\"ltr\" style=\"text-align: justify\"><strong><span style=\"font-family: 'Times New Roman', Times;font-size: 14pt;color: #000000\">1ere ann\u00e9e = 40 \u00e9tudiants<\/span><\/strong><\/p>\n<p dir=\"ltr\" style=\"text-align: justify\"><strong><span style=\"font-family: 'Times New Roman', Times;font-size: 14pt;color: #000000\">2eme ann\u00e9e = 85 \u00e9tudiants<\/span><\/strong><\/p>\n<p dir=\"ltr\" style=\"text-align: justify\"><strong><span style=\"font-family: 'Times New Roman', Times;font-size: 14pt;color: #000000\">3eme ann\u00e9e = 89 \u00e9tudiants<\/span><\/strong><\/p>\n<p dir=\"ltr\" style=\"text-align: justify\"><strong><span style=\"font-family: 'Times New Roman', Times;font-size: 14pt;color: #000000\">1ere ann\u00e9e master = 182 \u00e9tudiants<\/span><\/strong><\/p>\n<p dir=\"ltr\" style=\"text-align: justify\"><strong><span style=\"font-family: 'Times New Roman', Times;font-size: 14pt;color: #000000\">2eme ann\u00e9e master = 166 \u00e9tudiants<\/span><\/strong><\/p>\n","protected":false},"excerpt":{"rendered":"<p>ISTAPS en chiffres: Plus de 560 \u00e9tudiants sont inscrits en 2019 -2020 1ere ann\u00e9e = 40 \u00e9tudiants 2eme ann\u00e9e = 85 \u00e9tudiants 3eme ann\u00e9e = 89 \u00e9tudiants 1ere ann\u00e9e master = 182 \u00e9tudiants 2eme ann\u00e9e master = 166 \u00e9tudiants<\/p>\n","protected":false},"author":15,"featured_media":0,"parent":9945,"menu_order":0,"comment_status":"closed","ping_status":"closed","template":"elementor_header_footer","meta":{"_exactmetrics_skip_tracking":false,"_exactmetrics_sitenote_active":false,"_exactmetrics_sitenote_note":"","_exactmetrics_sitenote_category":0,"footnotes":""},"coauthors":[534],"class_list":["post-9907","page","type-page","status-publish","hentry"],"_links":{"self":[{"href":"http:\/\/lagh-univ.dz\/fr\/wp-json\/wp\/v2\/pages\/9907","targetHints":{"allow":["GET"]}}],"collection":[{"href":"http:\/\/lagh-univ.dz\/fr\/wp-json\/wp\/v2\/pages"}],"about":[{"href":"http:\/\/lagh-univ.dz\/fr\/wp-json\/wp\/v2\/types\/page"}],"author":[{"embeddable":true,"href":"http:\/\/lagh-univ.dz\/fr\/wp-json\/wp\/v2\/users\/15"}],"replies":[{"embeddable":true,"href":"http:\/\/lagh-univ.dz\/fr\/wp-json\/wp\/v2\/comments?post=9907"}],"version-history":[{"count":9,"href":"http:\/\/lagh-univ.dz\/fr\/wp-json\/wp\/v2\/pages\/9907\/revisions"}],"predecessor-version":[{"id":26987,"href":"http:\/\/lagh-univ.dz\/fr\/wp-json\/wp\/v2\/pages\/9907\/revisions\/26987"}],"up":[{"embeddable":true,"href":"http:\/\/lagh-univ.dz\/fr\/wp-json\/wp\/v2\/pages\/9945"}],"wp:attachment":[{"href":"http:\/\/lagh-univ.dz\/fr\/wp-json\/wp\/v2\/media?parent=9907"}],"wp:term":[{"taxonomy":"author","embeddable":true,"href":"http:\/\/lagh-univ.dz\/fr\/wp-json\/wp\/v2\/coauthors?post=9907"}],"curies":[{"name":"wp","href":"https:\/\/api.w.org\/{rel}","templated":true}]}}