{"id":9911,"date":"2018-07-18T19:01:15","date_gmt":"2018-07-18T19:01:15","guid":{"rendered":"http:\/\/lagh-univ.dz\/sport-faculte-conseil-d-administration\/"},"modified":"2022-03-18T14:29:55","modified_gmt":"2022-03-18T13:29:55","slug":"sport-faculte-conseil-d-administration","status":"publish","type":"page","link":"http:\/\/lagh-univ.dz\/fr\/sport-formation\/sport-faculte-conseil-d-administration\/","title":{"rendered":"Sport-Facult\u00e9- conseil-d-administration"},"content":{"rendered":"<p dir=\"ltr\" style=\"text-align: center\"><span style=\"text-decoration: underline;color: #0000ff;font-family: 'Times New Roman', Times\"><span style=\"font-size: 18pt\"><strong>La liste nominative des membres du conseil d\u2019institut.<\/strong><\/span><\/span><\/p>\n<p dir=\"ltr\"><span style=\"text-decoration: underline;color: #ff0000\"><span style=\"font-family: 'Times New Roman', Times;font-size: 14pt\"><strong>Directeur d\u2019Institut:<\/strong><\/span><\/span><\/p>\n<p dir=\"ltr\"><span style=\"color: #000000;font-family: 'Times New Roman', Times;font-size: 14pt\">&#8211; M\/\u00a0 <\/span><strong style=\"color: #000000;font-family: 'Times New Roman', Times;font-size: 14pt\">BAIT\u00a0 RADHOUANE BEN DJEDDOU<\/strong><\/p>\n<p dir=\"ltr\"><span style=\"text-decoration: underline;color: #ff0000\"><span style=\"font-family: 'Times New Roman', Times;font-size: 14pt\"><strong>Pr\u00e9sident du conseil scientifique\u00a0:<\/strong><\/span><\/span><\/p>\n<p dir=\"ltr\"><span style=\"color: #000000;font-family: 'Times New Roman', Times;font-size: 14pt\">M\/ <strong>BAIT AISSA<\/strong><\/span><\/p>\n<p dir=\"ltr\"><span style=\"text-decoration: underline;color: #ff0000\"><span style=\"font-family: 'Times New Roman', Times;font-size: 14pt\"><strong>Chefs de D\u00e9partements:<\/strong><\/span><\/span><\/p>\n<h2 style=\"text-align: left\"><span style=\"color: #000000;font-family: 'Times New Roman', Times;font-size: 14pt\">M\/ BENCHERIF\u00a0 YACINE \u00a0chef du department Activit\u00e9 physique et <a style=\"color: #000000\" href=\"http:\/\/www.univ-soukahras.dz\/fr\/formation\/73\">Education<\/a> sportive<\/span><\/h2>\n<p dir=\"ltr\" style=\"text-align: left\"><span style=\"color: #000000;font-family: 'Times New Roman', Times;font-size: 14pt\">M\/ <strong>GUETTAF MOHAMED<\/strong>\u00a0 chef du d\u00e9partement <strong>Administration et gestion du sport<\/strong><\/span><\/p>\n<p dir=\"ltr\"><span style=\"text-decoration: underline;color: #ff0000\"><span style=\"font-family: 'Times New Roman', Times;font-size: 14pt\"><strong>Directeurs de laboratoires et\/ou d\u2019unit\u00e9s de recherche<\/strong><\/span><\/span><\/p>\n<p dir=\"ltr\"><span style=\"color: #000000;font-family: 'Times New Roman', Times;font-size: 14pt\">M\/<strong> BAIT AISSA\u00a0, <\/strong>Directeur<strong> du laboratoire les dimension des savoirs et des perceptions pratiques des sciences de l\u2019entrainement sportif visions et approches pluridisciplinaires.<\/strong><\/span><\/p>\n<p dir=\"ltr\"><span style=\"text-decoration: underline;color: #ff0000\"><span style=\"font-family: 'Times New Roman', Times;font-size: 14pt\"><strong>Repr\u00e9sentants des Enseignants de Rang Magistral (02 par d\u00e9partement)<\/strong><\/span><\/span><\/p>\n<h2 style=\"text-align: left\"><span style=\"color: #000000;font-family: 'Times New Roman', Times;font-size: 14pt\">&#8211;\u00a0\u00a0\u00a0\u00a0\u00a0 M\/ HAOUDACHI\u00a0\u00a0 HARZALLAH\u00a0 Ma\u00eetre de Conf\u00e9rences A department Activit\u00e9 physique et <a style=\"color: #000000\" href=\"http:\/\/www.univ-soukahras.dz\/fr\/formation\/73\">Education<\/a> sportive<\/span><\/h2>\n<h2 style=\"text-align: left\"><span style=\"color: #000000;font-family: 'Times New Roman', Times;font-size: 14pt\">&#8211;\u00a0\u00a0\u00a0\u00a0\u00a0 M\/ MEKHANET \u00a0\u00a0MOHAMMED\u00a0 Ma\u00eetre de Conf\u00e9rences A department Activit\u00e9 physique et <a style=\"color: #000000\" href=\"http:\/\/www.univ-soukahras.dz\/fr\/formation\/73\">Education<\/a> sportive<\/span><\/h2>\n<p dir=\"ltr\"><span style=\"color: #000000;font-family: 'Times New Roman', Times;font-size: 14pt\">M\/ <strong>ACHOUR<\/strong> <strong>ADEL<\/strong> Ma\u00eetre de Conf\u00e9rences A d\u00e9partement Administration et gestion du sport<\/span><\/p>\n<p dir=\"ltr\"><span style=\"color: #000000;font-family: 'Times New Roman', Times;font-size: 14pt\">M\/ <strong>DEHINA<\/strong> <strong>MOHAMED<\/strong> <strong>RADOUANE<\/strong> Ma\u00eetre de Conf\u00e9rences A d\u00e9partement Administration et gestion du sport<\/span><\/p>\n<p dir=\"ltr\"><span style=\"text-decoration: underline;color: #ff0000\"><span style=\"font-family: 'Times New Roman', Times;font-size: 14pt\"><strong>Repr\u00e9sentants des Maitres Assistants<\/strong><\/span><\/span><\/p>\n<p dir=\"ltr\"><span style=\"color: #000000;font-family: 'Times New Roman', Times;font-size: 14pt\">M\/ <strong>HADJ AISSAMOHAMMED TAYEB<\/strong> Ma\u00eetre Assistant A<\/span><\/p>\n<p dir=\"ltr\"><span style=\"color: #000000;font-family: 'Times New Roman', Times;font-size: 14pt\">M\/ \u00a0\u00a0<strong>RAOUAN \u00a0\u00a0MOHAMED<\/strong>\u00a0 Ma\u00eetre Assistant A<\/span><\/p>\n<p dir=\"ltr\"><span style=\"text-decoration: underline;color: #ff0000\"><span style=\"font-family: 'Times New Roman', Times;font-size: 14pt\"><strong>Repr\u00e9sentants des ATS et Contractuels<\/strong><\/span><\/span><\/p>\n<p dir=\"ltr\"><span style=\"color: #000000;font-family: 'Times New Roman', Times;font-size: 14pt\">M\/ <strong>TADJ TAREK<\/strong> Administrateur analyste<\/span><\/p>\n<p dir=\"ltr\"><span style=\"color: #000000;font-family: 'Times New Roman', Times;font-size: 14pt\">M\/ <strong>BENTOUATI<\/strong> <strong>TAREK<\/strong> Technicien sup\u00e9rieur en informatique<\/span><\/p>\n<p dir=\"ltr\"><span style=\"text-decoration: underline;color: #ff0000\"><span style=\"font-family: 'Times New Roman', Times;font-size: 14pt\"><strong>Repr\u00e9sentants des \u00e9tudiants<\/strong><\/span><\/span><\/p>\n<p dir=\"ltr\"><span style=\"color: #000000;font-family: 'Times New Roman', Times;font-size: 14pt\">M\/ <strong>CHETTIKH LOBNA NARIMANE<\/strong> DEPARTEMENT d&rsquo;activit\u00e9s physiques et sportives \u00e9ducative<\/span><\/p>\n<p dir=\"ltr\"><span style=\"color: #000000;font-family: 'Times New Roman', Times;font-size: 14pt\">M\/ <strong>SEBAA MOHAMED ABDELDJALIL<\/strong> DEPARTEMENT d&rsquo;administration et gestion de sportive<\/span><\/p>\n<p dir=\"ltr\">\n","protected":false},"excerpt":{"rendered":"<p>La liste nominative des membres du conseil d\u2019institut. Directeur d\u2019Institut: &#8211; M\/\u00a0 BAIT\u00a0 RADHOUANE BEN DJEDDOU Pr\u00e9sident du conseil scientifique\u00a0: M\/ BAIT AISSA Chefs de D\u00e9partements: M\/ BENCHERIF\u00a0 YACINE \u00a0chef du department Activit\u00e9 physique et Education sportive M\/ GUETTAF MOHAMED\u00a0 chef du d\u00e9partement Administration et gestion du sport Directeurs de laboratoires et\/ou d\u2019unit\u00e9s de recherche [&hellip;]<\/p>\n","protected":false},"author":15,"featured_media":0,"parent":9945,"menu_order":0,"comment_status":"closed","ping_status":"closed","template":"elementor_header_footer","meta":{"_exactmetrics_skip_tracking":false,"_exactmetrics_sitenote_active":false,"_exactmetrics_sitenote_note":"","_exactmetrics_sitenote_category":0,"footnotes":""},"coauthors":[534],"class_list":["post-9911","page","type-page","status-publish","hentry"],"_links":{"self":[{"href":"http:\/\/lagh-univ.dz\/fr\/wp-json\/wp\/v2\/pages\/9911","targetHints":{"allow":["GET"]}}],"collection":[{"href":"http:\/\/lagh-univ.dz\/fr\/wp-json\/wp\/v2\/pages"}],"about":[{"href":"http:\/\/lagh-univ.dz\/fr\/wp-json\/wp\/v2\/types\/page"}],"author":[{"embeddable":true,"href":"http:\/\/lagh-univ.dz\/fr\/wp-json\/wp\/v2\/users\/15"}],"replies":[{"embeddable":true,"href":"http:\/\/lagh-univ.dz\/fr\/wp-json\/wp\/v2\/comments?post=9911"}],"version-history":[{"count":8,"href":"http:\/\/lagh-univ.dz\/fr\/wp-json\/wp\/v2\/pages\/9911\/revisions"}],"predecessor-version":[{"id":29776,"href":"http:\/\/lagh-univ.dz\/fr\/wp-json\/wp\/v2\/pages\/9911\/revisions\/29776"}],"up":[{"embeddable":true,"href":"http:\/\/lagh-univ.dz\/fr\/wp-json\/wp\/v2\/pages\/9945"}],"wp:attachment":[{"href":"http:\/\/lagh-univ.dz\/fr\/wp-json\/wp\/v2\/media?parent=9911"}],"wp:term":[{"taxonomy":"author","embeddable":true,"href":"http:\/\/lagh-univ.dz\/fr\/wp-json\/wp\/v2\/coauthors?post=9911"}],"curies":[{"name":"wp","href":"https:\/\/api.w.org\/{rel}","templated":true}]}}