{"id":9913,"date":"2018-07-18T19:03:21","date_gmt":"2018-07-18T19:03:21","guid":{"rendered":"http:\/\/lagh-univ.dz\/sport-faculte-conseil-scientifque\/"},"modified":"2022-03-18T14:29:53","modified_gmt":"2022-03-18T13:29:53","slug":"sport-faculte-conseil-scientifque","status":"publish","type":"page","link":"http:\/\/lagh-univ.dz\/fr\/sport-formation\/sport-faculte-conseil-scientifque\/","title":{"rendered":"Sport-Facult\u00e9- conseil scientifque"},"content":{"rendered":"<p style=\"text-align: center\"><span style=\"color: #0000ff\"><strong><span style=\"text-decoration: underline;font-family: 'Times New Roman', Times;font-size: 14pt\">Le Conseil scientifique de l&rsquo;Institut des sciences et techniques\u00a0des activit\u00e9s physiques et sportives<\/span><\/strong><\/span><\/p>\n<table class=\" aligncenter\" style=\"width: 641px;height: 946px\" width=\"501\">\n<tbody>\n<tr style=\"height: 56px\">\n<td style=\"width: 80px;height: 56px;text-align: left\">\n<p dir=\"ltr\"><span style=\"color: #000000\"><strong>N<\/strong><\/span><\/p>\n<\/td>\n<td style=\"width: 188px;height: 56px;text-align: left\"><span style=\"color: #000000\"><strong><u>Nom et pr\u00e9nom<\/u><\/strong><\/span><\/td>\n<td style=\"width: 350px;height: 56px;text-align: left\"><span style=\"color: #000000\"><strong>le poste<\/strong><\/span><\/td>\n<\/tr>\n<tr style=\"height: 56px\">\n<td style=\"width: 80px;height: 56px;text-align: left\"><span style=\"color: #000000\"><strong>01<\/strong><\/span><\/td>\n<td style=\"width: 188px;height: 56px;text-align: left\"><span style=\"font-family: 'Times New Roman', Times;font-size: 14pt;color: #000000\"><strong>Aissa Bait<\/strong><\/span><\/td>\n<td style=\"width: 350px;height: 56px;text-align: left\"><span style=\"color: #000000\"><strong><span style=\"font-family: 'Times New Roman', Times;font-size: 14pt\">Pr\u00e9sident du Conseil Scientifique<\/span><\/strong><\/span><\/td>\n<\/tr>\n<tr style=\"height: 56px\">\n<td style=\"width: 80px;height: 56px;text-align: left\"><span style=\"color: #000000\"><strong>02<\/strong><\/span><\/td>\n<td style=\"width: 188px;height: 56px;text-align: left\"><span style=\"font-family: 'Times New Roman', Times;font-size: 14pt;color: #000000\"><strong>Benjdou Radhouan Bait<\/strong><\/span><\/td>\n<td style=\"width: 350px;height: 56px;text-align: left\"><span style=\"color: #000000\"><strong><span style=\"font-family: 'Times New Roman', Times;font-size: 14pt\">Directeur de l&rsquo;Institut<\/span><\/strong><\/span><\/td>\n<\/tr>\n<tr style=\"height: 104px\">\n<td style=\"width: 80px;height: 104px;text-align: left\"><span style=\"color: #000000\"><strong>03<\/strong><\/span><\/td>\n<td style=\"width: 188px;height: 104px;text-align: left\"><span style=\"font-family: 'Times New Roman', Times;font-size: 14pt;color: #000000\"><strong>Sadki Alli<\/strong><\/span><\/td>\n<td style=\"width: 350px;height: 104px;text-align: left\"><span style=\"color: #000000\"><strong><span style=\"font-family: 'Times New Roman', Times;font-size: 14pt\">Directeur adjoint charge des relations ext\u00e9rieures <\/span><\/strong><\/span><\/td>\n<\/tr>\n<tr style=\"height: 80px\">\n<td style=\"width: 80px;height: 80px;text-align: left\"><span style=\"color: #000000\"><strong>04<\/strong><\/span><\/td>\n<td style=\"width: 188px;height: 80px;text-align: left\"><span style=\"font-family: 'Times New Roman', Times;font-size: 14pt;color: #000000\"><strong>Hammadi Djamal<\/strong><\/span><\/td>\n<td style=\"width: 350px;height: 80px;text-align: left\"><span style=\"color: #000000;font-family: 'Times New Roman', Times;font-size: 14pt\"><strong>Directeur adjoint charge de la p\u00e9dagogie<\/strong><\/span><\/td>\n<\/tr>\n<tr style=\"height: 80px\">\n<td style=\"width: 80px;height: 80px;text-align: left\"><span style=\"color: #000000\"><strong>05<\/strong><\/span><\/td>\n<td style=\"width: 188px;height: 80px;text-align: left\"><span style=\"font-family: 'Times New Roman', Times;font-size: 14pt;color: #000000\"><strong>Gattafe Mohamed<\/strong><\/span><\/td>\n<td style=\"width: 350px;height: 80px;text-align: left\"><span style=\"font-family: 'Times New Roman', Times;font-size: 14pt;color: #000000\"><strong>chef departement\u00a0 management et gestion de sport<\/strong> <\/span><\/td>\n<\/tr>\n<tr style=\"height: 80px\">\n<td style=\"width: 80px;height: 80px;text-align: left\"><span style=\"color: #000000\"><strong>06<\/strong><\/span><\/td>\n<td style=\"width: 188px;height: 80px;text-align: left\"><span style=\"font-family: 'Times New Roman', Times;font-size: 14pt;color: #000000\"><strong>Bencherife Yacine<\/strong><\/span><\/td>\n<td style=\"width: 350px;height: 80px;text-align: left\"><strong><span style=\"font-family: 'Times New Roman', Times;font-size: 14pt;color: #000000\">Chef de d\u00e9partement activit\u00e9s physiques et sportives \u00e9ducative<\/span><\/strong><\/td>\n<\/tr>\n<tr style=\"height: 56px\">\n<td style=\"width: 80px;height: 56px;text-align: left\"><span style=\"color: #000000\"><strong>07<\/strong><\/span><\/td>\n<td style=\"width: 188px;height: 56px;text-align: left\"><span style=\"font-family: 'Times New Roman', Times;font-size: 14pt;color: #000000\"><strong>Hayzome Mohamed<\/strong><\/span><\/td>\n<td style=\"width: 350px;height: 56px;text-align: left\"><span style=\"color: #000000\"><strong><span style=\"font-family: 'Times New Roman', Times;font-size: 14pt\">Membre<\/span><\/strong><\/span><\/td>\n<\/tr>\n<tr style=\"height: 56px\">\n<td style=\"width: 80px;height: 56px;text-align: left\"><span style=\"color: #000000\"><strong>08<\/strong><\/span><\/td>\n<td style=\"width: 188px;height: 56px;text-align: left\"><span style=\"font-family: 'Times New Roman', Times;font-size: 14pt;color: #000000\"><strong>Madjadi Mustapha<\/strong><\/span><\/td>\n<td style=\"width: 350px;height: 56px;text-align: left\"><span style=\"color: #000000\"><strong><span style=\"font-family: 'Times New Roman', Times;font-size: 14pt\">Membre<\/span><\/strong><\/span><\/td>\n<\/tr>\n<tr style=\"height: 56px\">\n<td style=\"width: 80px;height: 56px;text-align: left\"><span style=\"color: #000000\"><strong>09<\/strong><\/span><\/td>\n<td style=\"width: 188px;height: 56px;text-align: left\"><span style=\"font-family: 'Times New Roman', Times;font-size: 14pt;color: #000000\"><strong>Karoum Bachir<\/strong><\/span><\/td>\n<td style=\"width: 350px;height: 56px;text-align: left\"><span style=\"color: #000000\"><strong><span style=\"font-family: 'Times New Roman', Times;font-size: 14pt\">Membre<\/span><\/strong><\/span><\/td>\n<\/tr>\n<tr style=\"height: 68px\">\n<td style=\"width: 80px;height: 68px;text-align: left\"><span style=\"color: #000000\"><strong>10<\/strong><\/span><\/td>\n<td style=\"width: 188px;height: 68px;text-align: left\"><span style=\"font-family: 'Times New Roman', Times;font-size: 14pt;color: #000000\"><strong>Raouan mohamed<\/strong><\/span><\/td>\n<td style=\"width: 350px;height: 68px;text-align: left\"><span style=\"color: #000000\"><strong><span style=\"font-family: 'Times New Roman', Times;font-size: 14pt\">Membre<\/span><\/strong><\/span><\/td>\n<\/tr>\n<tr style=\"height: 56px\">\n<td style=\"width: 80px;height: 56px;text-align: left\"><span style=\"color: #000000\"><strong>11<\/strong><\/span><\/td>\n<td style=\"width: 188px;height: 56px;text-align: left\"><span style=\"font-family: 'Times New Roman', Times;font-size: 14pt;color: #000000\"><strong>Leadjal Madani<\/strong><\/span><\/td>\n<td style=\"width: 350px;height: 56px;text-align: left\"><span style=\"color: #000000\"><strong><span style=\"font-family: 'Times New Roman', Times;font-size: 14pt\">Responsable de la biblioth\u00e8que de l&rsquo;Institut<\/span><\/strong><\/span><\/td>\n<\/tr>\n<\/tbody>\n<\/table>\n","protected":false},"excerpt":{"rendered":"<p>Le Conseil scientifique de l&rsquo;Institut des sciences et techniques\u00a0des activit\u00e9s physiques et sportives N Nom et pr\u00e9nom le poste 01 Aissa Bait Pr\u00e9sident du Conseil Scientifique 02 Benjdou Radhouan Bait Directeur de l&rsquo;Institut 03 Sadki Alli Directeur adjoint charge des relations ext\u00e9rieures 04 Hammadi Djamal Directeur adjoint charge de la p\u00e9dagogie 05 Gattafe Mohamed chef [&hellip;]<\/p>\n","protected":false},"author":15,"featured_media":0,"parent":9945,"menu_order":0,"comment_status":"closed","ping_status":"closed","template":"elementor_header_footer","meta":{"_exactmetrics_skip_tracking":false,"_exactmetrics_sitenote_active":false,"_exactmetrics_sitenote_note":"","_exactmetrics_sitenote_category":0,"footnotes":""},"coauthors":[534],"class_list":["post-9913","page","type-page","status-publish","hentry"],"_links":{"self":[{"href":"http:\/\/lagh-univ.dz\/fr\/wp-json\/wp\/v2\/pages\/9913","targetHints":{"allow":["GET"]}}],"collection":[{"href":"http:\/\/lagh-univ.dz\/fr\/wp-json\/wp\/v2\/pages"}],"about":[{"href":"http:\/\/lagh-univ.dz\/fr\/wp-json\/wp\/v2\/types\/page"}],"author":[{"embeddable":true,"href":"http:\/\/lagh-univ.dz\/fr\/wp-json\/wp\/v2\/users\/15"}],"replies":[{"embeddable":true,"href":"http:\/\/lagh-univ.dz\/fr\/wp-json\/wp\/v2\/comments?post=9913"}],"version-history":[{"count":11,"href":"http:\/\/lagh-univ.dz\/fr\/wp-json\/wp\/v2\/pages\/9913\/revisions"}],"predecessor-version":[{"id":29817,"href":"http:\/\/lagh-univ.dz\/fr\/wp-json\/wp\/v2\/pages\/9913\/revisions\/29817"}],"up":[{"embeddable":true,"href":"http:\/\/lagh-univ.dz\/fr\/wp-json\/wp\/v2\/pages\/9945"}],"wp:attachment":[{"href":"http:\/\/lagh-univ.dz\/fr\/wp-json\/wp\/v2\/media?parent=9913"}],"wp:term":[{"taxonomy":"author","embeddable":true,"href":"http:\/\/lagh-univ.dz\/fr\/wp-json\/wp\/v2\/coauthors?post=9913"}],"curies":[{"name":"wp","href":"https:\/\/api.w.org\/{rel}","templated":true}]}}