{"id":9919,"date":"2019-01-24T15:06:00","date_gmt":"2019-01-24T17:06:00","guid":{"rendered":"http:\/\/lagh-univ.dz\/sport-departement-gestion-sportive\/"},"modified":"2022-03-18T14:29:30","modified_gmt":"2022-03-18T13:29:30","slug":"sport-departement-gestion-sportive","status":"publish","type":"page","link":"http:\/\/lagh-univ.dz\/fr\/sport-departement-gestion-sportive\/","title":{"rendered":"Sport-Departement- G\u00e9stion sportive"},"content":{"rendered":"<p dir=\"ltr\" style=\"text-align: center\"><span style=\"text-decoration: underline;color: #ff0000;font-size: 18pt\"><span style=\"font-family: 'Times New Roman', Times\"><strong>D\u00e9partement De Gestion Sportive:<\/strong><\/span><\/span><\/p>\n<p dir=\"ltr\" style=\"text-align: justify\"><span style=\"font-family: 'Times New Roman', Times;font-size: 14pt;color: #000000\">\u00a0\u00a0Le d\u00e9partement GS d\u00e9termine la politique de formation en Management du Sport. \u2013 il d\u00e9finit et impulse l\u2019offre de formation en MS,<\/span><br \/>\n<span style=\"font-family: 'Times New Roman', Times;font-size: 14pt;color: #000000\">\u2013 il veille \u00e0 sa coh\u00e9rence (orientation des maquettes, d\u00e9bouch\u00e9s, etc.),<\/span><br \/>\n<span style=\"font-family: 'Times New Roman', Times;font-size: 14pt;color: #000000\">\u2013 il donne son avis sur l\u2019ensemble des questions relatives aux enseignements de la sp\u00e9cialit\u00e9 MS au sein des dipl\u00f4mes (Licence, Master),<\/span><br \/>\n<span style=\"font-family: 'Times New Roman', Times;font-size: 14pt;color: #000000\">\u2013 il veille \u00e0 l\u2019ad\u00e9quation entre les comp\u00e9tences attendues par le milieu professionnel et celles d\u00e9livr\u00e9es dans les contenus de formation (enseignements th\u00e9oriques et pratiques, stages) de fa\u00e7on \u00e0 favoriser l\u2019insertion professionnelle des \u00e9tudiants,<\/span><br \/>\n<span style=\"font-family: 'Times New Roman', Times;font-size: 14pt;color: #000000\">\u2013 il d\u00e9termine les besoins p\u00e9dagogiques en MS pr\u00e9alables aux recrutements de coll\u00e8gues contractuels ou permanents.<\/span><\/p>\n<p dir=\"ltr\" style=\"text-align: justify\"><span style=\"font-family: 'Times New Roman', Times;font-size: 14pt;color: #000000\">ISTAPS de Laghouat\u00a0 propose \u00e0 ses \u00e9tudiants une offre de formation pluridisciplinaire et, diversifi\u00e9e, attractive et coh\u00e9rente, permettant de s\u2019adapter au contexte en pleine \u00e9volution de l\u2019enseignement sup\u00e9rieur et d\u2019en anticiper les mutations \u00e0 venir.<\/span><\/p>\n","protected":false},"excerpt":{"rendered":"<p>D\u00e9partement De Gestion Sportive: \u00a0\u00a0Le d\u00e9partement GS d\u00e9termine la politique de formation en Management du Sport. \u2013 il d\u00e9finit et impulse l\u2019offre de formation en MS, \u2013 il veille \u00e0 sa coh\u00e9rence (orientation des maquettes, d\u00e9bouch\u00e9s, etc.), \u2013 il donne son avis sur l\u2019ensemble des questions relatives aux enseignements de la sp\u00e9cialit\u00e9 MS au sein [&hellip;]<\/p>\n","protected":false},"author":15,"featured_media":0,"parent":0,"menu_order":0,"comment_status":"closed","ping_status":"closed","template":"elementor_header_footer","meta":{"_exactmetrics_skip_tracking":false,"_exactmetrics_sitenote_active":false,"_exactmetrics_sitenote_note":"","_exactmetrics_sitenote_category":0,"footnotes":""},"coauthors":[534],"class_list":["post-9919","page","type-page","status-publish","hentry"],"_links":{"self":[{"href":"http:\/\/lagh-univ.dz\/fr\/wp-json\/wp\/v2\/pages\/9919","targetHints":{"allow":["GET"]}}],"collection":[{"href":"http:\/\/lagh-univ.dz\/fr\/wp-json\/wp\/v2\/pages"}],"about":[{"href":"http:\/\/lagh-univ.dz\/fr\/wp-json\/wp\/v2\/types\/page"}],"author":[{"embeddable":true,"href":"http:\/\/lagh-univ.dz\/fr\/wp-json\/wp\/v2\/users\/15"}],"replies":[{"embeddable":true,"href":"http:\/\/lagh-univ.dz\/fr\/wp-json\/wp\/v2\/comments?post=9919"}],"version-history":[{"count":6,"href":"http:\/\/lagh-univ.dz\/fr\/wp-json\/wp\/v2\/pages\/9919\/revisions"}],"predecessor-version":[{"id":27612,"href":"http:\/\/lagh-univ.dz\/fr\/wp-json\/wp\/v2\/pages\/9919\/revisions\/27612"}],"wp:attachment":[{"href":"http:\/\/lagh-univ.dz\/fr\/wp-json\/wp\/v2\/media?parent=9919"}],"wp:term":[{"taxonomy":"author","embeddable":true,"href":"http:\/\/lagh-univ.dz\/fr\/wp-json\/wp\/v2\/coauthors?post=9919"}],"curies":[{"name":"wp","href":"https:\/\/api.w.org\/{rel}","templated":true}]}}