{"id":9925,"date":"2018-07-18T19:40:46","date_gmt":"2018-07-18T19:40:46","guid":{"rendered":"http:\/\/lagh-univ.dz\/sport-graduation-responsable-pedagogique\/"},"modified":"2022-03-18T14:28:28","modified_gmt":"2022-03-18T13:28:28","slug":"sport-graduation-responsable-pedagogique","status":"publish","type":"page","link":"http:\/\/lagh-univ.dz\/fr\/sport-formation\/sport-graduation-responsable-pedagogique\/","title":{"rendered":"Sport- Graduation-responsable pedagogique"},"content":{"rendered":"<p dir=\"ltr\" style=\"text-align: center\"><span style=\"color: #0000ff;font-family: 'Times New Roman', Times\"><strong><span style=\"text-decoration: underline\"><span style=\"font-size: 18pt\">Responsable Pedagogique<\/span><\/span><\/strong><\/span><\/p>\n<p dir=\"ltr\" style=\"text-align: center\"><span style=\"text-decoration: underline;color: #000000;font-family: 'Times New Roman', Times\"><strong style=\"font-size: 14pt\">D<\/strong><strong style=\"font-size: 14pt\">irecteur de l\u2019institut STAPS:<\/strong><\/span><\/p>\n<p dir=\"rtl\"><span style=\"font-family: 'Times New Roman', Times\"><img decoding=\"async\" class=\"wp-image-23510 aligncenter\" style=\"font-size: 18.6667px\" src=\"http:\/\/lagh-univ.dz\/wp-content\/uploads\/2020\/02\/\u0628\u0646-\u062c\u062f\u0648.png\" alt=\"\" width=\"118\" height=\"133\" \/><\/span><\/p>\n<p dir=\"rtl\" style=\"text-align: left\"><span style=\"font-family: 'Times New Roman', Times\"><span style=\"text-decoration: underline;color: #ff0000;font-size: 14pt\"><strong>N<\/strong><\/span><strong><span style=\"font-size: 14pt;color: #000000\"><span style=\"color: #ff0000\"><u>om et pr\u00e9nom:<\/u> <\/span>BAIT Redouane Bendjedou<\/span><\/strong><\/span><\/p>\n<p dir=\"ltr\" style=\"text-align: left\"><span style=\"font-family: 'Times New Roman', Times\"><strong style=\"color: #000000;font-size: 14pt\"><span style=\"color: #ff0000\"><strong style=\"font-size: 16px\"><span style=\"font-size: 14pt\"><u>G<\/u><\/span><\/strong><u>mail:<\/u><\/span> ali.sadRadben.bait@lagh-univ.dz<\/strong><\/span><\/p>\n<p dir=\"ltr\" style=\"text-align: left\"><span style=\"font-family: 'Times New Roman', Times;font-size: 14pt;color: #000000\"><strong><span style=\"color: #ff0000\"><u>Num\u00e9ro de t\u00e9l\u00e9phone:<\/u><\/span>\u00a00.660.430.333<\/strong><\/span><\/p>\n<p dir=\"ltr\" style=\"text-align: center\"><span style=\"text-decoration: underline;color: #000000;font-family: 'Times New Roman', Times\"><span style=\"font-size: 14pt\"><strong>Directeur adjoint charge de la p\u00e9dagogie:<\/strong><\/span><\/span><\/p>\n<p dir=\"ltr\"><span style=\"font-family: 'Times New Roman', Times\"><img decoding=\"async\" class=\"wp-image-25949 aligncenter\" src=\"http:\/\/lagh-univ.dz\/wp-content\/uploads\/2020\/02\/\u0627\u0644\u062f\u0643\u062a\u0648\u0631-\u062c\u0645\u0627\u0644-\u062d\u0645\u0627\u062f\u064a.png\" alt=\"\" width=\"120\" height=\"123\" \/><\/span><\/p>\n<p dir=\"ltr\" style=\"text-align: left\"><span style=\"font-family: 'Times New Roman', Times;font-size: 14pt;color: #000000\"><strong><span style=\"color: #ff0000\"><u>Nom et pr\u00e9nom:<\/u><\/span>\u00a0Hammadi Djamal<\/strong><\/span><\/p>\n<div class=\"main-section\" dir=\"ltr\" style=\"text-align: left\">\n<div class=\"container\">\n<div class=\"row\">\n<div class=\"page-content\">\n<div class=\"page-section\">\n<div class=\"container\">\n<div class=\"row\">\n<div class=\"col-md-12 lightbox\">\n<p dir=\"ltr\"><span style=\"font-family: 'Times New Roman', Times;font-size: 14pt;color: #000000\"><strong><span style=\"color: #ff0000\"><u>Gmail:<\/u><\/span> d.hamadi@lagh-univ.dz<\/strong><\/span><\/p>\n<\/div>\n<\/div>\n<\/div>\n<\/div>\n<\/div>\n<\/div>\n<\/div>\n<\/div>\n<p dir=\"ltr\" style=\"text-align: left\"><span style=\"font-family: 'Times New Roman', Times;font-size: 14pt;color: #000000\"><strong><span style=\"color: #ff0000\"><u>Num\u00e9ro de t\u00e9l\u00e9phone:<\/u><\/span>\u00a00.555.684.460<\/strong><\/span><\/p>\n<p dir=\"ltr\" style=\"text-align: center\"><span style=\"font-family: 'Times New Roman', Times;color: #000000\"><span style=\"font-size: 14pt\"><strong><u>directeur adjoint responsable des relations ext\u00e9rieures, de la coop\u00e9ration, l\u2019animation, de <\/u><\/strong><\/span><span style=\"font-size: 14pt\"><strong><u>lacommunication et des manifestations scientifiques.<\/u><\/strong><\/span><\/span><\/p>\n<p dir=\"ltr\"><img decoding=\"async\" class=\"wp-image-26442 aligncenter\" src=\"http:\/\/lagh-univ.dz\/wp-content\/uploads\/2020\/02\/\u0627\u0644\u062f\u0643\u062a\u0648\u0631-\u0639\u0644\u064a-\u0635\u0627\u062f\u0642\u064a.png\" alt=\"\" width=\"123\" height=\"129\" \/><\/p>\n<p dir=\"ltr\" style=\"text-align: left\"><b style=\"font-family: 'Times New Roman', Times;text-align: left;font-size: 18.6667px;color: #ff0000\"><u><span style=\"font-size: 14pt;color: #000000\"><strong><span style=\"color: #ff0000\">Nom et pr\u00e9nom:<\/span>\u00a0Ali Sadki<\/strong><\/span><\/u><\/b><\/p>\n<div class=\"main-section\" dir=\"ltr\" style=\"text-align: left\">\n<div class=\"container\">\n<div class=\"row\">\n<div class=\"page-content\">\n<div class=\"page-section\">\n<div class=\"container\">\n<div class=\"row\">\n<p dir=\"ltr\"><span style=\"font-family: 'Times New Roman', Times;font-size: 14pt;color: #000000\"><strong><span style=\"color: #ff0000\"><u>Gmail:<\/u><\/span> ali.sadki@lagh-univ.dz<\/strong><\/span><\/p>\n<p dir=\"ltr\"><span style=\"font-family: 'Times New Roman', Times\"><strong style=\"color: #000000;font-size: 14pt\"><span style=\"color: #ff0000\"><u>Num\u00e9ro de t\u00e9l\u00e9phone:<\/u><\/span>\u00a00.670.443.833<\/strong><\/span><\/p>\n<\/div>\n<\/div>\n<\/div>\n<\/div>\n<\/div>\n<\/div>\n<\/div>\n<h2 style=\"text-align: center\"><span style=\"text-decoration: underline;color: #ff0000;font-family: 'Times New Roman', Times\"><strong><span style=\"font-size: 14pt\"><span style=\"color: #000000;text-decoration: underline\">chef du department Activit\u00e9 physique et Education sportive<\/span><img loading=\"lazy\" decoding=\"async\" class=\"wp-image-23794 aligncenter\" src=\"http:\/\/lagh-univ.dz\/wp-content\/uploads\/2020\/02\/\u0627\u0644\u062f\u0643\u062a\u0648\u0631-\u0628\u0646-\u0634\u0631\u064a\u0641-\u064a\u0627\u0633\u064a\u0646.png\" alt=\"\" width=\"105\" height=\"127\" \/><\/span><\/strong><\/span><\/h2>\n<h2 style=\"text-align: left\"><span style=\"color: #000000;font-family: 'Times New Roman', Times\"><strong><span style=\"font-size: 14pt\"><span style=\"font-size: 14pt;color: #000000\"><span style=\"color: #ff0000\"><u>Nom et pr\u00e9nom:<\/u><\/span><\/span> BENCHERIF\u00a0 YACINE\u00a0<\/span><\/strong><\/span><\/h2>\n<p dir=\"ltr\" style=\"text-align: left\"><span style=\"color: #000000;font-family: 'Times New Roman', Times\"><strong><span style=\"font-size: 14pt\"><span style=\"font-size: 14pt;color: #000000\"><span style=\"color: #ff0000\"><u>Num\u00e9ro de t\u00e9l\u00e9phone:<\/u><\/span><\/span> 0550.671.636<\/span><\/strong><\/span><\/p>\n<p dir=\"ltr\" style=\"text-align: left\"><span style=\"color: #000000;font-family: 'Times New Roman', Times\"><strong><span style=\"font-size: 14pt\"><span style=\"color: #ff0000\"><u>Gmail:<\/u>\u00a0<\/span>istapslaghouat@gmail.com<\/span><\/strong><\/span><\/p>\n<h2 style=\"text-align: center\"><span style=\"color: #000000;font-family: 'Times New Roman', Times\"><strong><span style=\"font-size: 14pt\"><span style=\"text-decoration: underline;color: #000000\">chef departement\u00a0 management et gestion de sport<\/span><img loading=\"lazy\" decoding=\"async\" class=\"wp-image-23865 aligncenter\" src=\"http:\/\/lagh-univ.dz\/wp-content\/uploads\/2020\/02\/\u062f\u0643\u062a\u0648\u0631-\u0642\u0637\u0627\u0641-\u0645\u062d\u0645\u062f.png\" alt=\"\" width=\"110\" height=\"131\" \/> <\/span><\/strong><\/span><\/h2>\n<h2 style=\"text-align: left\"><span style=\"font-family: 'Times New Roman', Times\"><span style=\"color: #000000\"><strong><span style=\"font-size: 14pt\"><span style=\"font-size: 14pt;color: #000000\"><span style=\"color: #ff0000\"><u>Nom et pr\u00e9nom:<\/u><\/span><\/span><\/span><\/strong><\/span><span style=\"color: #000000\"><strong><span style=\"font-size: 14pt\"> GUETTAF Mohammed <\/span><\/strong><\/span><\/span><\/h2>\n<p dir=\"ltr\" style=\"text-align: left\"><span style=\"color: #000000;font-family: 'Times New Roman', Times\"><strong><span style=\"font-size: 14pt\"><span style=\"font-size: 14pt;color: #000000\"><span style=\"color: #ff0000\"><u>Num\u00e9ro de t\u00e9l\u00e9phone:<\/u><\/span><\/span> 029.107.433<\/span><\/strong><\/span><\/p>\n<p dir=\"ltr\" style=\"text-align: left\"><span style=\"color: #000000;font-family: 'Times New Roman', Times\"><strong><span style=\"font-size: 14pt\"><span style=\"color: #ff0000\"><u>Gmail:<\/u><\/span><\/span><\/strong><\/span><\/p>\n<p style=\"text-align: center\"><span style=\"color: #000000;font-family: 'Times New Roman', Times\"><strong><span style=\"text-decoration: underline\"><span style=\"font-size: 14pt\">Sous directeur d&rsquo;administration et des finances<\/span><\/span><\/strong><\/span><\/p>\n<p><span style=\"font-family: 'Times New Roman', Times\"><img loading=\"lazy\" decoding=\"async\" class=\"wp-image-23785 aligncenter\" src=\"http:\/\/lagh-univ.dz\/wp-content\/uploads\/2020\/02\/\u0627\u0644\u0633\u064a\u062f-\u0639\u0628\u062f-\u0627\u0644\u062c\u0628\u0627\u0631-\u0628\u0646-\u062b\u0627\u0628\u062a.png\" alt=\"\" width=\"109\" height=\"115\" \/><\/span><\/p>\n<p dir=\"ltr\" style=\"text-align: left\"><span style=\"font-family: 'Times New Roman', Times\"><strong><span style=\"font-size: 14pt;color: #000000\"><span style=\"color: #ff0000\"><u>Nom et pr\u00e9nom:<\/u><\/span> Benthabet Abdeldjabbar<\/span><\/strong><\/span><\/p>\n<p dir=\"ltr\" style=\"text-align: left\"><span style=\"color: #ff0000;font-family: 'Times New Roman', Times\"><strong><span style=\"font-size: 14pt\"><u>Num\u00e9ro de t\u00e9l\u00e9phone:<\/u><\/span><\/strong><\/span><\/p>\n<p dir=\"ltr\" style=\"text-align: left\"><span style=\"font-family: 'Times New Roman', Times\"><strong><span style=\"font-size: 14pt;color: #000000\"><span style=\"color: #ff0000\"><u>Gmail:<\/u><\/span> ben.abdeldjbar@lagh-univ.dz<\/span><\/strong><\/span><\/p>\n<p dir=\"ltr\" style=\"text-align: center\"><span style=\"text-decoration: underline;color: #000000;font-family: 'Times New Roman', Times;font-size: 14pt\"><strong>Les services de l&rsquo;institu<\/strong><\/span><\/p>\n<p dir=\"ltr\" style=\"text-align: center\"><span style=\"text-decoration: underline;color: #000000\"><span style=\"font-family: 'Times New Roman', Times;font-size: 14pt\"><strong>Service d&rsquo;enseignement:<\/strong><\/span><\/span><\/p>\n<p dir=\"ltr\" style=\"text-align: left\"><span style=\"color: #ff0000\"><strong><span style=\"text-decoration: underline\"><span style=\"font-family: 'Times New Roman', Times;font-size: 14pt\">Chef de service:<span style=\"color: #000000;text-decoration: underline\"> Farhat Taher<\/span><\/span><\/span><\/strong><\/span><\/p>\n<p dir=\"ltr\" style=\"text-align: left\"><span style=\"color: #ff0000\"><strong><span style=\"text-decoration: underline\"><span style=\"font-family: 'Times New Roman', Times;font-size: 14pt\">Num\u00e9ro de t\u00e9l\u00e9phone:<span style=\"color: #000000;text-decoration: underline\"> 029.107.433<\/span><\/span><\/span><\/strong><\/span><\/p>\n<p dir=\"ltr\" style=\"text-align: left\"><span style=\"color: #ff0000\"><strong><span style=\"text-decoration: underline\"><span style=\"font-family: 'Times New Roman', Times;font-size: 14pt\">Gmail:<\/span><\/span><\/strong><\/span><\/p>\n<p style=\"text-align: center\"><span style=\"color: #000000\"><strong><span style=\"text-decoration: underline\"><span style=\"font-family: 'Times New Roman', Times;font-size: 14pt\">:Service des statistiques<\/span><\/span><\/strong><\/span><\/p>\n<p dir=\"ltr\" style=\"text-align: left\"><span style=\"color: #ff0000\"><strong><span style=\"text-decoration: underline\"><span style=\"font-family: 'Times New Roman', Times;font-size: 14pt\">Chef de service:<span style=\"color: #000000;text-decoration: underline\"> Ben chaoui Khaira<\/span><\/span><\/span><\/strong><\/span><\/p>\n<p dir=\"ltr\" style=\"text-align: left\"><span style=\"color: #ff0000\"><strong><span style=\"text-decoration: underline\"><span style=\"font-family: 'Times New Roman', Times;font-size: 14pt\">Num\u00e9ro de t\u00e9l\u00e9phone:<span style=\"color: #000000;text-decoration: underline\"> 029.107.433<\/span><\/span><\/span><\/strong><\/span><\/p>\n<p dir=\"ltr\" style=\"text-align: left\"><span style=\"color: #ff0000\"><strong><span style=\"text-decoration: underline\"><span style=\"font-family: 'Times New Roman', Times;font-size: 14pt\">Gmail:<\/span><\/span><\/strong><\/span><\/p>\n<p dir=\"ltr\" style=\"text-align: center\"><span style=\"color: #000000\"><strong><span style=\"text-decoration: underline\"><span style=\"font-family: 'Times New Roman', Times;font-size: 14pt\">Service des personnels:<\/span><\/span><\/strong><\/span><\/p>\n<p dir=\"ltr\" style=\"text-align: left\"><span style=\"color: #ff0000\"><strong><span style=\"text-decoration: underline\"><span style=\"font-family: 'Times New Roman', Times;font-size: 14pt\">Chef de service:<span style=\"color: #000000;text-decoration: underline\"> Khalat Kihal Mohamed Lamin<\/span><\/span><\/span><\/strong><\/span><\/p>\n<p dir=\"ltr\" style=\"text-align: left\"><span style=\"color: #ff0000\"><strong><span style=\"text-decoration: underline\"><span style=\"font-family: 'Times New Roman', Times;font-size: 14pt\">Gmail:<span style=\"color: #000000;text-decoration: underline\"> amine_joy@hotmail.com<\/span><\/span><\/span><\/strong><\/span><\/p>\n<p dir=\"ltr\" style=\"text-align: left\"><span style=\"color: #ff0000\"><strong><span style=\"text-decoration: underline\"><span style=\"font-family: 'Times New Roman', Times;font-size: 14pt\">Num\u00e9ro de t\u00e9l\u00e9phone:<\/span><\/span><\/strong><\/span><\/p>\n<p dir=\"ltr\" style=\"text-align: center\"><span style=\"color: #000000\"><strong><span style=\"text-decoration: underline\"><span style=\"font-family: 'Times New Roman', Times;font-size: 14pt\">Service de budget et de comptabilit\u00e9:<\/span><\/span><\/strong><\/span><\/p>\n<p dir=\"ltr\" style=\"text-align: left\"><span style=\"color: #ff0000\"><strong><span style=\"text-decoration: underline\"><span style=\"font-family: 'Times New Roman', Times;font-size: 14pt\">Chef de service:<span style=\"color: #000000;text-decoration: underline\"> Zaabta Widade<\/span><\/span><\/span><\/strong><\/span><\/p>\n<p dir=\"ltr\" style=\"text-align: left\"><span style=\"color: #ff0000\"><strong><span style=\"text-decoration: underline\"><span style=\"font-family: 'Times New Roman', Times;font-size: 14pt\">Gmail:<span style=\"color: #000000;text-decoration: underline\"> widade_za@hotmail.com<\/span><\/span><\/span><\/strong><\/span><\/p>\n<p dir=\"ltr\" style=\"text-align: left\"><span style=\"color: #ff0000\"><strong><span style=\"text-decoration: underline\"><span style=\"font-family: 'Times New Roman', Times;font-size: 14pt\">Num\u00e9ro de t\u00e9l\u00e9phone:<\/span><\/span><\/strong><\/span><\/p>\n<p dir=\"ltr\" style=\"text-align: center\"><span style=\"color: #000000\"><strong><span style=\"text-decoration: underline\"><span style=\"font-family: 'Times New Roman', Times;font-size: 14pt\">Service des moyens et de la maintenance:<\/span><\/span><\/strong><\/span><\/p>\n<p dir=\"ltr\" style=\"text-align: left\"><span style=\"color: #ff0000\"><strong><span style=\"text-decoration: underline\"><span style=\"font-family: 'Times New Roman', Times;font-size: 14pt\">Chef de service:<span style=\"color: #000000;text-decoration: underline\"> Ben Atia Ismaaille<\/span><\/span><\/span><\/strong><\/span><\/p>\n<p dir=\"ltr\" style=\"text-align: left\"><span style=\"color: #ff0000\"><strong><span style=\"text-decoration: underline\"><span style=\"font-family: 'Times New Roman', Times;font-size: 14pt\">Gmail:<span style=\"color: #000000;text-decoration: underline\"> isma_ben@gmail.com<\/span><\/span><\/span><\/strong><\/span><\/p>\n<p dir=\"ltr\" style=\"text-align: left\"><span style=\"color: #ff0000\"><strong><span style=\"text-decoration: underline\"><span style=\"font-family: 'Times New Roman', Times;font-size: 14pt\">Num\u00e9ro de t\u00e9l\u00e9phone:<\/span><\/span><\/strong><\/span><\/p>\n<p style=\"text-align: center\"><span style=\"color: #000000\"><strong><span style=\"text-decoration: underline\"><span style=\"font-family: 'Times New Roman', Times;font-size: 14pt\">:Biblioth\u00e8que de l&rsquo;Institut<\/span><\/span><\/strong><\/span><\/p>\n<p dir=\"ltr\" style=\"text-align: left\"><span style=\"color: #ff0000\"><strong><span style=\"text-decoration: underline\"><span style=\"font-family: 'Times New Roman', Times;font-size: 14pt\">Chef de service:<span style=\"color: #000000;text-decoration: underline\"> Laadjal Madni<\/span><\/span><\/span><\/strong><\/span><\/p>\n<p dir=\"ltr\" style=\"text-align: left\"><span style=\"color: #ff0000\"><strong><span style=\"text-decoration: underline\"><span style=\"font-family: 'Times New Roman', Times;font-size: 14pt\">Gmail:<\/span><\/span><\/strong><\/span><\/p>\n<p dir=\"ltr\" style=\"text-align: left\"><span style=\"color: #ff0000\"><strong><span style=\"text-decoration: underline\"><span style=\"font-family: 'Times New Roman', Times;font-size: 14pt\">Num\u00e9ro de t\u00e9l\u00e9phone:<span style=\"color: #000000;text-decoration: underline\"> 029.107.433<\/span><\/span><\/span><\/strong><\/span><\/p>\n<p style=\"text-align: center\"><span style=\"color: #000000\"><strong><span style=\"text-decoration: underline\"><span style=\"font-family: 'Times New Roman', Times;font-size: 14pt\">chef service charg\u00e9 de l&rsquo;enseignement et d&rsquo;\u00e9valuation en tronc commun\u00a0<\/span><\/span><\/strong><\/span><\/p>\n<p dir=\"ltr\" style=\"text-align: left\"><span style=\"color: #ff0000\"><strong><span style=\"text-decoration: underline\"><span style=\"font-family: 'Times New Roman', Times;font-size: 14pt\">Chef de service:<span style=\"color: #000000;text-decoration: underline\"> Chaki Hadda<\/span><\/span><\/span><\/strong><\/span><\/p>\n<p dir=\"ltr\" style=\"text-align: left\"><span style=\"color: #ff0000\"><strong><span style=\"text-decoration: underline\"><span style=\"font-family: 'Times New Roman', Times;font-size: 14pt\">Gmail:<\/span><\/span><\/strong><\/span><\/p>\n<p dir=\"ltr\" style=\"text-align: left\"><span style=\"color: #ff0000\"><strong><span style=\"text-decoration: underline\"><span style=\"font-family: 'Times New Roman', Times;font-size: 14pt\">Num\u00e9ro de t\u00e9l\u00e9phone:<span style=\"color: #000000;text-decoration: underline\"> 029.107.433<\/span><\/span><\/span><\/strong><\/span><\/p>\n<p dir=\"ltr\" style=\"text-align: center\"><span style=\"color: #000000\"><strong><span style=\"text-decoration: underline\"><span style=\"font-family: 'Times New Roman', Times;font-size: 14pt\">chef service charg\u00e9 de poursuive de l&rsquo;enseignement et d&rsquo;\u00e9valuation en graduation\u00a0<\/span><\/span><\/strong><\/span><\/p>\n<p dir=\"ltr\" style=\"text-align: left\"><span style=\"color: #ff0000\"><strong><span style=\"text-decoration: underline\"><span style=\"font-family: 'Times New Roman', Times;font-size: 14pt\">Chef de service:<span style=\"color: #000000;text-decoration: underline\"> Sahraoui Moustapha<\/span><\/span><\/span><\/strong><\/span><\/p>\n<p dir=\"ltr\" style=\"text-align: left\"><span style=\"color: #ff0000\"><strong><span style=\"text-decoration: underline\"><span style=\"font-family: 'Times New Roman', Times;font-size: 14pt\">Gmail:<\/span><\/span><\/strong><\/span><\/p>\n<p dir=\"ltr\" style=\"text-align: left\"><span style=\"color: #ff0000\"><strong><span style=\"text-decoration: underline\"><span style=\"font-family: 'Times New Roman', Times;font-size: 14pt\">Num\u00e9ro de t\u00e9l\u00e9phone:<span style=\"color: #000000;text-decoration: underline\"> 029.107.433<\/span><\/span><\/span><\/strong><\/span><\/p>\n<p dir=\"ltr\" style=\"text-align: center\"><span style=\"color: #000000\"><strong><span style=\"text-decoration: underline\"><span style=\"font-family: 'Times New Roman', Times;font-size: 14pt\">service d&rsquo;enseignement et d&rsquo;\u00e9valuation<\/span><\/span><\/strong><\/span><\/p>\n<p dir=\"ltr\" style=\"text-align: left\"><span style=\"color: #ff0000\"><strong><span style=\"text-decoration: underline\"><span style=\"font-family: 'Times New Roman', Times;font-size: 14pt\">Chef de service:\u00a0<\/span><\/span><\/strong><\/span><\/p>\n<p dir=\"ltr\" style=\"text-align: left\"><span style=\"color: #ff0000\"><strong><span style=\"text-decoration: underline\"><span style=\"font-family: 'Times New Roman', Times;font-size: 14pt\">Num\u00e9ro de t\u00e9l\u00e9phone:<\/span><\/span><\/strong><\/span><\/p>\n<p dir=\"ltr\" style=\"text-align: left\"><span style=\"color: #ff0000\"><strong><span style=\"text-decoration: underline\"><span style=\"font-family: 'Times New Roman', Times;font-size: 14pt\">Gmail:<\/span><\/span><\/strong><\/span><\/p>\n<p style=\"text-align: center\"><span style=\"color: #000000\"><strong><span style=\"text-decoration: underline\"><span style=\"font-family: 'Times New Roman', Times;font-size: 14pt\">:Service de poursuit de formation en poste graduation<\/span><\/span><\/strong><\/span><\/p>\n<p dir=\"ltr\" style=\"text-align: left\"><span style=\"color: #ff0000\"><strong><span style=\"text-decoration: underline\"><span style=\"font-family: 'Times New Roman', Times;font-size: 14pt\">Chef de service:\u00a0<\/span><\/span><\/strong><\/span><\/p>\n<p dir=\"ltr\" style=\"text-align: left\"><span style=\"color: #ff0000\"><strong><span style=\"text-decoration: underline\"><span style=\"font-family: 'Times New Roman', Times;font-size: 14pt\">Num\u00e9ro de t\u00e9l\u00e9phone:<\/span><\/span><\/strong><\/span><\/p>\n<p dir=\"ltr\" style=\"text-align: left\"><span style=\"color: #ff0000\"><strong><span style=\"text-decoration: underline\"><span style=\"font-family: 'Times New Roman', Times;font-size: 14pt\">Gmail:<\/span><\/span><\/strong><\/span><\/p>\n<p style=\"text-align: center\"><span style=\"color: #000000\"><strong><span style=\"text-decoration: underline\"><span style=\"font-family: 'Times New Roman', Times;font-size: 14pt\">:Service charg\u00e9 des activit\u00e9s de la Recherche\u00a0<\/span><\/span><\/strong><\/span><\/p>\n<p dir=\"ltr\" style=\"text-align: left\"><span style=\"color: #ff0000\"><strong><span style=\"text-decoration: underline\"><span style=\"font-family: 'Times New Roman', Times;font-size: 14pt\">Chef de service:\u00a0<\/span><\/span><\/strong><\/span><\/p>\n<p dir=\"ltr\" style=\"text-align: left\"><span style=\"color: #ff0000\"><strong><span style=\"text-decoration: underline\"><span style=\"font-family: 'Times New Roman', Times;font-size: 14pt\">Num\u00e9ro de t\u00e9l\u00e9phone:<\/span><\/span><\/strong><\/span><\/p>\n<p dir=\"ltr\" style=\"text-align: left\"><span style=\"color: #ff0000\"><strong><span style=\"text-decoration: underline\"><span style=\"font-family: 'Times New Roman', Times;font-size: 14pt\">Gmail:<\/span><\/span><\/strong><\/span><\/p>\n<p style=\"text-align: center\"><span style=\"color: #000000\"><strong><span style=\"text-decoration: underline\"><span style=\"font-family: 'Times New Roman', Times;font-size: 14pt\">:Service des activit\u00e9s scientifiques et culturelles et sportives<\/span><\/span><\/strong><\/span><\/p>\n<p dir=\"ltr\" style=\"text-align: left\"><span style=\"color: #ff0000\"><strong><span style=\"text-decoration: underline\"><span style=\"font-family: 'Times New Roman', Times;font-size: 14pt\">Chef de service:\u00a0<\/span><\/span><\/strong><\/span><\/p>\n<p dir=\"ltr\" style=\"text-align: left\"><span style=\"color: #ff0000\"><strong><span style=\"text-decoration: underline\"><span style=\"font-family: 'Times New Roman', Times;font-size: 14pt\">Gmail:<\/span><\/span><\/strong><\/span><\/p>\n<p dir=\"ltr\" style=\"text-align: left\"><span style=\"color: #ff0000\"><strong><span style=\"text-decoration: underline\"><span style=\"font-family: 'Times New Roman', Times;font-size: 14pt\">Num\u00e9ro de t\u00e9l\u00e9phone:<\/span><\/span><\/strong><\/span><\/p>\n","protected":false},"excerpt":{"rendered":"<p>Responsable Pedagogique Directeur de l\u2019institut STAPS: Nom et pr\u00e9nom: BAIT Redouane Bendjedou Gmail: ali.sadRadben.bait@lagh-univ.dz Num\u00e9ro de t\u00e9l\u00e9phone:\u00a00.660.430.333 Directeur adjoint charge de la p\u00e9dagogie: Nom et pr\u00e9nom:\u00a0Hammadi Djamal Gmail: d.hamadi@lagh-univ.dz Num\u00e9ro de t\u00e9l\u00e9phone:\u00a00.555.684.460 directeur adjoint responsable des relations ext\u00e9rieures, de la coop\u00e9ration, l\u2019animation, de lacommunication et des manifestations scientifiques. Nom et pr\u00e9nom:\u00a0Ali Sadki Gmail: ali.sadki@lagh-univ.dz Num\u00e9ro [&hellip;]<\/p>\n","protected":false},"author":15,"featured_media":0,"parent":9945,"menu_order":0,"comment_status":"closed","ping_status":"closed","template":"elementor_header_footer","meta":{"_exactmetrics_skip_tracking":false,"_exactmetrics_sitenote_active":false,"_exactmetrics_sitenote_note":"","_exactmetrics_sitenote_category":0,"footnotes":""},"coauthors":[534],"class_list":["post-9925","page","type-page","status-publish","hentry"],"_links":{"self":[{"href":"http:\/\/lagh-univ.dz\/fr\/wp-json\/wp\/v2\/pages\/9925","targetHints":{"allow":["GET"]}}],"collection":[{"href":"http:\/\/lagh-univ.dz\/fr\/wp-json\/wp\/v2\/pages"}],"about":[{"href":"http:\/\/lagh-univ.dz\/fr\/wp-json\/wp\/v2\/types\/page"}],"author":[{"embeddable":true,"href":"http:\/\/lagh-univ.dz\/fr\/wp-json\/wp\/v2\/users\/15"}],"replies":[{"embeddable":true,"href":"http:\/\/lagh-univ.dz\/fr\/wp-json\/wp\/v2\/comments?post=9925"}],"version-history":[{"count":35,"href":"http:\/\/lagh-univ.dz\/fr\/wp-json\/wp\/v2\/pages\/9925\/revisions"}],"predecessor-version":[{"id":33481,"href":"http:\/\/lagh-univ.dz\/fr\/wp-json\/wp\/v2\/pages\/9925\/revisions\/33481"}],"up":[{"embeddable":true,"href":"http:\/\/lagh-univ.dz\/fr\/wp-json\/wp\/v2\/pages\/9945"}],"wp:attachment":[{"href":"http:\/\/lagh-univ.dz\/fr\/wp-json\/wp\/v2\/media?parent=9925"}],"wp:term":[{"taxonomy":"author","embeddable":true,"href":"http:\/\/lagh-univ.dz\/fr\/wp-json\/wp\/v2\/coauthors?post=9925"}],"curies":[{"name":"wp","href":"https:\/\/api.w.org\/{rel}","templated":true}]}}