{"id":9937,"date":"2018-07-18T19:24:42","date_gmt":"2018-07-18T19:24:42","guid":{"rendered":"http:\/\/lagh-univ.dz\/sport-post-graduation-mot-de-vice-doyen\/"},"modified":"2022-03-18T14:28:47","modified_gmt":"2022-03-18T13:28:47","slug":"sport-post-graduation-mot-de-vice-doyen","status":"publish","type":"page","link":"http:\/\/lagh-univ.dz\/fr\/sport-formation\/sport-post-graduation-mot-de-vice-doyen\/","title":{"rendered":"Sport- post Graduation-mot de vice doyen"},"content":{"rendered":"<p dir=\"ltr\" style=\"text-align: center\"><span style=\"color: #0000ff;font-family: 'Times New Roman', Times;font-size: 14pt\"><strong><u>Mot du directeur adjoint responsable des relations ext\u00e9rieures, de la coop\u00e9ration, l\u2019animation, de la communication et des manifestations scientifiques: <\/u><\/strong><\/span><\/p>\n<p dir=\"ltr\" style=\"text-align: justify\"><span style=\"color: #000000;font-family: 'Times New Roman', Times;font-size: 14pt\">Les Services des relations ext\u00e9rieures\u00a0 et de la recherche et formation en poste-graduation et gestion des manifestations scientifiques \u00a0assurent le suivi de plus de dizaines d\u2019accords et des offres\u00a0 avec des universit\u00e9s dans le monde entier. Conscient de l&rsquo;int\u00e9r\u00eat et de l&rsquo;importance d&rsquo;un s\u00e9jour \u00e0 l&rsquo;international, il se veut un appui solide pour les enseignants chercheurs et les \u00e9tudiants qui partent \u00e0 l\u2019\u00e9tranger.<\/span><br \/>\n<span style=\"color: #000000;font-family: 'Times New Roman', Times;font-size: 14pt\">ISTAPS de Laghouat\u00a0 encourage ses \u00e9tudiants \u00e0 tenter cette exp\u00e9rience unique tant pour leurs \u00e9tudes et l&rsquo;approfondissement de la connaissance d&rsquo;une langue que pour la compr\u00e9hension d&rsquo;une autre culture et l&rsquo;adaptation \u00e0 un autre mode de vie et de pens\u00e9e.<\/span><\/p>\n<p dir=\"ltr\" style=\"text-align: justify\"><span style=\"color: #000000;font-family: 'Times New Roman', Times;font-size: 14pt\">Nos services g\u00e8rent plusieurs\u00a0 manifestations, journ\u00e9es d\u2019\u00e9tudes et s\u00e9minaires et colloques, et une formation doctorale pour trois ans en deux sp\u00e9cialit\u00e9s.<\/span><\/p>\n<p dir=\"ltr\" style=\"text-align: justify\"><span style=\"color: #000000;font-family: 'Times New Roman', Times;font-size: 14pt\">&#8211; Activit\u00e9\u00a0 physique et sportive scolaire.<\/span><\/p>\n<p dir=\"ltr\" style=\"text-align: justify\"><span style=\"color: #000000;font-family: 'Times New Roman', Times;font-size: 14pt\">&#8211; Activit\u00e9 physique et sportive r\u00e9cr\u00e9ative.<\/span><\/p>\n<p dir=\"ltr\">\n<p dir=\"ltr\" style=\"text-align: justify\"><img decoding=\"async\" class=\"size-full wp-image-26442 alignright\" src=\"http:\/\/lagh-univ.dz\/wp-content\/uploads\/2020\/02\/\u0627\u0644\u062f\u0643\u062a\u0648\u0631-\u0639\u0644\u064a-\u0635\u0627\u062f\u0642\u064a.png\" alt=\"\" width=\"122\" height=\"128\" \/><\/p>\n<p dir=\"ltr\" style=\"text-align: left\"><strong><span style=\"color: #000000;font-family: 'Times New Roman', Times;font-size: 14pt\"><span style=\"color: #ff0000\"><u>Nom et pr\u00e9nom:<\/u><\/span> Ali Sadki<\/span><\/strong><\/p>\n<p dir=\"ltr\" style=\"text-align: justify\"><strong><span style=\"color: #000000;font-family: 'Times New Roman', Times;font-size: 14pt\"><span style=\"color: #ff0000\"><u>Num\u00e9ro de t\u00e9l\u00e9phone:<\/u><\/span> <span style=\"font-family: 'Times New Roman', Times;font-size: 14pt\">0.670.443.833<\/span><\/span><\/strong><\/p>\n<p dir=\"ltr\" style=\"text-align: justify\"><strong><span style=\"color: #000000;font-family: 'Times New Roman', Times;font-size: 14pt\"><span style=\"color: #ff0000\"><u>Gmail:<\/u><\/span> ali.sadki@lagh-univ.dz<\/span><\/strong><\/p>\n","protected":false},"excerpt":{"rendered":"<p>Mot du directeur adjoint responsable des relations ext\u00e9rieures, de la coop\u00e9ration, l\u2019animation, de la communication et des manifestations scientifiques: Les Services des relations ext\u00e9rieures\u00a0 et de la recherche et formation en poste-graduation et gestion des manifestations scientifiques \u00a0assurent le suivi de plus de dizaines d\u2019accords et des offres\u00a0 avec des universit\u00e9s dans le monde entier. [&hellip;]<\/p>\n","protected":false},"author":15,"featured_media":0,"parent":9945,"menu_order":0,"comment_status":"closed","ping_status":"closed","template":"elementor_header_footer","meta":{"_exactmetrics_skip_tracking":false,"_exactmetrics_sitenote_active":false,"_exactmetrics_sitenote_note":"","_exactmetrics_sitenote_category":0,"footnotes":""},"coauthors":[534],"class_list":["post-9937","page","type-page","status-publish","hentry"],"_links":{"self":[{"href":"http:\/\/lagh-univ.dz\/fr\/wp-json\/wp\/v2\/pages\/9937","targetHints":{"allow":["GET"]}}],"collection":[{"href":"http:\/\/lagh-univ.dz\/fr\/wp-json\/wp\/v2\/pages"}],"about":[{"href":"http:\/\/lagh-univ.dz\/fr\/wp-json\/wp\/v2\/types\/page"}],"author":[{"embeddable":true,"href":"http:\/\/lagh-univ.dz\/fr\/wp-json\/wp\/v2\/users\/15"}],"replies":[{"embeddable":true,"href":"http:\/\/lagh-univ.dz\/fr\/wp-json\/wp\/v2\/comments?post=9937"}],"version-history":[{"count":8,"href":"http:\/\/lagh-univ.dz\/fr\/wp-json\/wp\/v2\/pages\/9937\/revisions"}],"predecessor-version":[{"id":30580,"href":"http:\/\/lagh-univ.dz\/fr\/wp-json\/wp\/v2\/pages\/9937\/revisions\/30580"}],"up":[{"embeddable":true,"href":"http:\/\/lagh-univ.dz\/fr\/wp-json\/wp\/v2\/pages\/9945"}],"wp:attachment":[{"href":"http:\/\/lagh-univ.dz\/fr\/wp-json\/wp\/v2\/media?parent=9937"}],"wp:term":[{"taxonomy":"author","embeddable":true,"href":"http:\/\/lagh-univ.dz\/fr\/wp-json\/wp\/v2\/coauthors?post=9937"}],"curies":[{"name":"wp","href":"https:\/\/api.w.org\/{rel}","templated":true}]}}