{"id":9957,"date":"2019-01-24T14:55:31","date_gmt":"2019-01-24T16:55:31","guid":{"rendered":"http:\/\/lagh-univ.dz\/sport-departement-activites-physiques-et-educations-sportives-administration\/"},"modified":"2022-03-18T14:29:13","modified_gmt":"2022-03-18T13:29:13","slug":"sport-departement-activites-physiques-et-educations-sportives-administration","status":"publish","type":"page","link":"http:\/\/lagh-univ.dz\/fr\/sport-departement-activites-physiques-et-educations-sportives\/sport-departement-activites-physiques-et-educations-sportives-administration\/","title":{"rendered":"Sport-Departement- activit\u00e9s physiques et \u00e9ducations sportives-administration"},"content":{"rendered":"<p dir=\"ltr\" style=\"text-align: center\"><span style=\"text-decoration: underline;color: #0000ff\"><span style=\"font-family: 'Times New Roman', Times;font-size: 18pt\"><strong>D\u00e9partement des activit\u00e9s physique\u00a0 et sportive \u00e9ducative:<\/strong><\/span><\/span><\/p>\n<p dir=\"ltr\"><img decoding=\"async\" class=\"size-full wp-image-23792 alignright\" src=\"http:\/\/lagh-univ.dz\/wp-content\/uploads\/2020\/02\/\u0627\u0644\u062f\u0643\u062a\u0648\u0631-\u0628\u0646-\u0634\u0631\u064a\u0641-\u064a\u0627\u0633\u064a\u0646.png\" alt=\"\" width=\"135\" height=\"162\" \/><\/p>\n<h2 style=\"text-align: left\"><span style=\"text-decoration: underline;color: #000000\"><span style=\"font-family: 'Times New Roman', Times;font-size: 14pt\">chef du department Activit\u00e9 physique et Education sportive<\/span><\/span><\/h2>\n<h2 style=\"text-align: left\"><span style=\"color: #000000;font-family: 'Times New Roman', Times;font-size: 14pt\">M\/ BENCHERIF\u00a0 YACINE\u00a0<\/span><\/h2>\n<p dir=\"ltr\"><span style=\"font-family: 'Times New Roman', Times;font-size: 14pt;color: #000000\"><strong><u>Num\u00e9ro de t\u00e9l\u00e9phone:<\/u> 0550.671.636<\/strong><\/span><\/p>\n<p dir=\"ltr\"><span style=\"font-family: 'Times New Roman', Times;font-size: 14pt;color: #000000\"><strong><u>Gmail:<\/u> istapslaghouat@gmail.com<\/strong><\/span><\/p>\n","protected":false},"excerpt":{"rendered":"<p>D\u00e9partement des activit\u00e9s physique\u00a0 et sportive \u00e9ducative: chef du department Activit\u00e9 physique et Education sportive M\/ BENCHERIF\u00a0 YACINE\u00a0 Num\u00e9ro de t\u00e9l\u00e9phone: 0550.671.636 Gmail: istapslaghouat@gmail.com<\/p>\n","protected":false},"author":15,"featured_media":0,"parent":9917,"menu_order":0,"comment_status":"closed","ping_status":"closed","template":"elementor_header_footer","meta":{"_exactmetrics_skip_tracking":false,"_exactmetrics_sitenote_active":false,"_exactmetrics_sitenote_note":"","_exactmetrics_sitenote_category":0,"footnotes":""},"coauthors":[534],"class_list":["post-9957","page","type-page","status-publish","hentry"],"_links":{"self":[{"href":"http:\/\/lagh-univ.dz\/fr\/wp-json\/wp\/v2\/pages\/9957","targetHints":{"allow":["GET"]}}],"collection":[{"href":"http:\/\/lagh-univ.dz\/fr\/wp-json\/wp\/v2\/pages"}],"about":[{"href":"http:\/\/lagh-univ.dz\/fr\/wp-json\/wp\/v2\/types\/page"}],"author":[{"embeddable":true,"href":"http:\/\/lagh-univ.dz\/fr\/wp-json\/wp\/v2\/users\/15"}],"replies":[{"embeddable":true,"href":"http:\/\/lagh-univ.dz\/fr\/wp-json\/wp\/v2\/comments?post=9957"}],"version-history":[{"count":7,"href":"http:\/\/lagh-univ.dz\/fr\/wp-json\/wp\/v2\/pages\/9957\/revisions"}],"predecessor-version":[{"id":29782,"href":"http:\/\/lagh-univ.dz\/fr\/wp-json\/wp\/v2\/pages\/9957\/revisions\/29782"}],"up":[{"embeddable":true,"href":"http:\/\/lagh-univ.dz\/fr\/wp-json\/wp\/v2\/pages\/9917"}],"wp:attachment":[{"href":"http:\/\/lagh-univ.dz\/fr\/wp-json\/wp\/v2\/media?parent=9957"}],"wp:term":[{"taxonomy":"author","embeddable":true,"href":"http:\/\/lagh-univ.dz\/fr\/wp-json\/wp\/v2\/coauthors?post=9957"}],"curies":[{"name":"wp","href":"https:\/\/api.w.org\/{rel}","templated":true}]}}