{"id":9965,"date":"2019-01-24T14:55:58","date_gmt":"2019-01-24T16:55:58","guid":{"rendered":"http:\/\/lagh-univ.dz\/sport-departement-activites-physiques-et-educations-sportives-formations-licence\/"},"modified":"2022-03-18T14:29:24","modified_gmt":"2022-03-18T13:29:24","slug":"sport-departement-activites-physiques-et-educations-sportives-formations-licence","status":"publish","type":"page","link":"http:\/\/lagh-univ.dz\/fr\/sport-departement-activites-physiques-et-educations-sportives\/sport-departement-activites-physiques-et-educations-sportives-formations-licence\/","title":{"rendered":"Sport-Departement- activit\u00e9s physiques et \u00e9ducations sportives-formations-licence"},"content":{"rendered":"<p dir=\"ltr\" style=\"text-align: center\"><span style=\"text-decoration: underline;color: #0000ff\"><strong><span style=\"font-family: 'Times New Roman', Times;font-size: 24px\">LICENCE<\/span><\/strong><\/span><\/p>\n<p dir=\"ltr\" style=\"text-align: justify\"><span style=\"font-family: 'Times New Roman', Times;font-size: 14pt;color: #000000\"><strong>Qu\u2019est-ce qu\u2019une licence STAPS\u00a0?<\/strong><\/span><\/p>\n<p dir=\"ltr\" style=\"text-align: justify\"><span style=\"font-family: 'Times New Roman', Times;font-size: 14pt;color: #000000\">Une\u00a0licence\u00a0STAPS est un\u00a0dipl\u00f4me de niveau\u00a0bac+3. La formation se d\u00e9roule\u00a0sur 6 semestres, vous conf\u00e9rant, \u00e0 l\u2019issue de votre formation, 180\u00a0cr\u00e9dits. La licence Sciences et Techniques des Activit\u00e9s Physiques et Sportives forme les \u00e9tudiants \u00e0 la pratique sportive, mais pas seulement\u00a0: elle comporte aussi tout un\u00a0enseignement scientifique, informatique et statistique. Lors de votre cursus, plusieurs parcours sont propos\u00e9s pour vous sp\u00e9cialiser. Vous pouvez trouver\u00a0:<\/span><\/p>\n<p dir=\"ltr\"><span style=\"font-family: 'Times New Roman', Times;font-size: 14pt;color: #000000\">&#8211; Activit\u00e9 physique et sportive \u00e9ducative<\/span><\/p>\n<p dir=\"ltr\"><span style=\"font-family: 'Times New Roman', Times;font-size: 14pt;color: #000000\">&#8211; Education et motricit\u00e9<\/span><\/p>\n<p dir=\"ltr\" style=\"text-align: justify\"><span style=\"font-family: 'Times New Roman', Times;font-size: 14pt;color: #000000\">Une licence STAPS dure trois ans, en pr\u00e9sentiel en formation\u00a0continue. Dispens\u00e9e au sein de notre universit\u00e9, la licence STAPS\u00a0propose un parcours\u00a0polyvalent\u00a0et\u00a0professionnalisant\u00a0qui vous permet de travailler dans les nombreux secteurs du sport. Une large place est \u00e9galement donn\u00e9e \u00e0 l\u2019innovation dans les pratiques sportives et dans la recherche scientifique du milieu.<\/span><\/p>\n<p dir=\"ltr\" style=\"text-align: justify\"><span style=\"font-family: 'Times New Roman', Times;font-size: 14pt;color: #000000\"><strong>Quel est le programme d\u2019une licence STAPS\u00a0?<\/strong><\/span><\/p>\n<p dir=\"ltr\" style=\"text-align: justify\"><span style=\"font-family: 'Times New Roman', Times;font-size: 14pt;color: #000000\">Lors d\u2019une licence des Sciences et Techniques des Activit\u00e9s Physiques, un tiers de votre temps sera consacr\u00e9 \u00e0 la\u00a0pratique sportive. Le reste de votre formation sera ax\u00e9 sur des\u00a0cours\u00a0th\u00e9oriques, dans le but de d\u00e9velopper les comp\u00e9tences n\u00e9cessaires \u00e0 l\u2019exercice de votre m\u00e9tier, dans la sp\u00e9cialisation demand\u00e9e. En ce qui concerne les cours, ils varient en fonction de votre sp\u00e9cialisation.<\/span><\/p>\n<p dir=\"ltr\" style=\"text-align: justify\"><span style=\"font-family: 'Times New Roman', Times;font-size: 14pt;color: #000000\">Le stage vient compl\u00e9ter ces enseignements. Ils servent \u00e0 mettre en pratique les enseignements de la licence.\u00a0<\/span><\/p>\n<p dir=\"ltr\" style=\"text-align: justify\"><span style=\"font-family: 'Times New Roman', Times;font-size: 14pt;color: #000000\"><strong>-D\u00e9partement des activit\u00e9s physique\u00a0 et sportive \u00e9ducative.<\/strong><\/span><\/p>\n<p dir=\"ltr\" style=\"text-align: justify\"><span style=\"font-family: 'Times New Roman', Times;font-size: 14pt;color: #000000\">La Mention\u00a0activit\u00e9 physique et sportive \u00e9ducative \u00a0forme des professionnels de l\u2019enseignement, de l\u2019animation sportive et, plus largement, de l\u2019intervention \u00e9ducative dans le champ des activit\u00e9s physiques, sportives et \u00e9ducatif. Plus pr\u00e9cis\u00e9ment, elle pr\u00e9pare les \u00e9tudiants \u00e0 concevoir et encadrer des activit\u00e9s de formation dans les domaines de l\u2019\u00e9ducation physique et sportive (EPS), du sport et de l\u2019\u00e9ducation \u00e0 (pour) la sant\u00e9 et \u00e0 (pour) la citoyennet\u00e9.<\/span><\/p>\n<p dir=\"ltr\" style=\"text-align: justify\"><span style=\"font-family: 'Times New Roman', Times;font-size: 14pt;color: #000000\"><strong>-D\u00e9partement Education et motricit\u00e9<\/strong><\/span><\/p>\n<p dir=\"ltr\" style=\"text-align: justify\"><span style=\"font-family: 'Times New Roman', Times;font-size: 14pt;color: #000000\">\u00a0Elle s&rsquo;appuie sur des connaissances scientifiques et pratiques qui constituent le r\u00e9f\u00e9rentiel de l&rsquo;intervention p\u00e9dagogique en toute autonomie en secteur public ou priv\u00e9.<\/span><\/p>\n<p dir=\"ltr\" style=\"text-align: justify\"><span style=\"font-family: 'Times New Roman', Times;font-size: 14pt;color: #000000\">Cette sp\u00e9cialisation lui permet d&rsquo;encadrer des activit\u00e9s physiques et sportives dans les milieux scolaires, sportifs et de loisirs.<\/span><\/p>\n<p dir=\"ltr\" style=\"text-align: justify\"><span style=\"font-family: 'Times New Roman', Times;font-size: 14pt;color: #000000\">ISTAPS de Laghouat\u00a0 propose \u00e0 ses \u00e9tudiants une offre de formation pluridisciplinaire et, diversifi\u00e9e, attractive et coh\u00e9rente, permettant de s\u2019adapter au contexte en pleine \u00e9volution de l\u2019enseignement sup\u00e9rieur et d\u2019en anticiper les mutations \u00e0 venir.<\/span><\/p>\n<p dir=\"ltr\"><img fetchpriority=\"high\" decoding=\"async\" class=\"wp-image-29731 alignleft\" src=\"http:\/\/lagh-univ.dz\/wp-content\/uploads\/2020\/02\/DSCF6136-300x225.jpg\" alt=\"\" width=\"373\" height=\"280\" srcset=\"http:\/\/lagh-univ.dz\/wp-content\/uploads\/2020\/02\/DSCF6136-300x225.jpg 300w, http:\/\/lagh-univ.dz\/wp-content\/uploads\/2020\/02\/DSCF6136-768x576.jpg 768w, http:\/\/lagh-univ.dz\/wp-content\/uploads\/2020\/02\/DSCF6136-1024x768.jpg 1024w, http:\/\/lagh-univ.dz\/wp-content\/uploads\/2020\/02\/DSCF6136-340x255.jpg 340w, http:\/\/lagh-univ.dz\/wp-content\/uploads\/2020\/02\/DSCF6136-250x188.jpg 250w\" sizes=\"(max-width: 373px) 100vw, 373px\" \/><\/p>\n<p><img decoding=\"async\" class=\"wp-image-29629 alignright\" src=\"http:\/\/lagh-univ.dz\/wp-content\/uploads\/2020\/02\/DSC_0043-300x200.jpg\" alt=\"\" width=\"420\" height=\"280\" srcset=\"http:\/\/lagh-univ.dz\/wp-content\/uploads\/2020\/02\/DSC_0043-300x200.jpg 300w, http:\/\/lagh-univ.dz\/wp-content\/uploads\/2020\/02\/DSC_0043-768x512.jpg 768w, http:\/\/lagh-univ.dz\/wp-content\/uploads\/2020\/02\/DSC_0043-1024x683.jpg 1024w\" sizes=\"(max-width: 420px) 100vw, 420px\" \/><img decoding=\"async\" class=\"wp-image-29723 alignleft\" src=\"http:\/\/lagh-univ.dz\/wp-content\/uploads\/2020\/02\/DSCF6198-300x225.jpg\" alt=\"\" width=\"369\" height=\"277\" srcset=\"http:\/\/lagh-univ.dz\/wp-content\/uploads\/2020\/02\/DSCF6198-300x225.jpg 300w, http:\/\/lagh-univ.dz\/wp-content\/uploads\/2020\/02\/DSCF6198-768x576.jpg 768w, http:\/\/lagh-univ.dz\/wp-content\/uploads\/2020\/02\/DSCF6198-1024x768.jpg 1024w, http:\/\/lagh-univ.dz\/wp-content\/uploads\/2020\/02\/DSCF6198-340x255.jpg 340w, http:\/\/lagh-univ.dz\/wp-content\/uploads\/2020\/02\/DSCF6198-250x188.jpg 250w\" sizes=\"(max-width: 369px) 100vw, 369px\" \/><\/p>\n<p dir=\"ltr\"><img loading=\"lazy\" decoding=\"async\" class=\"wp-image-29661 alignright\" src=\"http:\/\/lagh-univ.dz\/wp-content\/uploads\/2020\/02\/DSC_0051-300x200.jpg\" alt=\"\" width=\"421\" height=\"280\" srcset=\"http:\/\/lagh-univ.dz\/wp-content\/uploads\/2020\/02\/DSC_0051-300x200.jpg 300w, http:\/\/lagh-univ.dz\/wp-content\/uploads\/2020\/02\/DSC_0051-768x512.jpg 768w, http:\/\/lagh-univ.dz\/wp-content\/uploads\/2020\/02\/DSC_0051-1024x683.jpg 1024w\" sizes=\"(max-width: 421px) 100vw, 421px\" \/><\/p>\n","protected":false},"excerpt":{"rendered":"<p>LICENCE Qu\u2019est-ce qu\u2019une licence STAPS\u00a0? Une\u00a0licence\u00a0STAPS est un\u00a0dipl\u00f4me de niveau\u00a0bac+3. La formation se d\u00e9roule\u00a0sur 6 semestres, vous conf\u00e9rant, \u00e0 l\u2019issue de votre formation, 180\u00a0cr\u00e9dits. La licence Sciences et Techniques des Activit\u00e9s Physiques et Sportives forme les \u00e9tudiants \u00e0 la pratique sportive, mais pas seulement\u00a0: elle comporte aussi tout un\u00a0enseignement scientifique, informatique et statistique. Lors de [&hellip;]<\/p>\n","protected":false},"author":15,"featured_media":0,"parent":9917,"menu_order":0,"comment_status":"closed","ping_status":"closed","template":"elementor_header_footer","meta":{"_exactmetrics_skip_tracking":false,"_exactmetrics_sitenote_active":false,"_exactmetrics_sitenote_note":"","_exactmetrics_sitenote_category":0,"footnotes":""},"coauthors":[534],"class_list":["post-9965","page","type-page","status-publish","hentry"],"_links":{"self":[{"href":"http:\/\/lagh-univ.dz\/fr\/wp-json\/wp\/v2\/pages\/9965","targetHints":{"allow":["GET"]}}],"collection":[{"href":"http:\/\/lagh-univ.dz\/fr\/wp-json\/wp\/v2\/pages"}],"about":[{"href":"http:\/\/lagh-univ.dz\/fr\/wp-json\/wp\/v2\/types\/page"}],"author":[{"embeddable":true,"href":"http:\/\/lagh-univ.dz\/fr\/wp-json\/wp\/v2\/users\/15"}],"replies":[{"embeddable":true,"href":"http:\/\/lagh-univ.dz\/fr\/wp-json\/wp\/v2\/comments?post=9965"}],"version-history":[{"count":6,"href":"http:\/\/lagh-univ.dz\/fr\/wp-json\/wp\/v2\/pages\/9965\/revisions"}],"predecessor-version":[{"id":29735,"href":"http:\/\/lagh-univ.dz\/fr\/wp-json\/wp\/v2\/pages\/9965\/revisions\/29735"}],"up":[{"embeddable":true,"href":"http:\/\/lagh-univ.dz\/fr\/wp-json\/wp\/v2\/pages\/9917"}],"wp:attachment":[{"href":"http:\/\/lagh-univ.dz\/fr\/wp-json\/wp\/v2\/media?parent=9965"}],"wp:term":[{"taxonomy":"author","embeddable":true,"href":"http:\/\/lagh-univ.dz\/fr\/wp-json\/wp\/v2\/coauthors?post=9965"}],"curies":[{"name":"wp","href":"https:\/\/api.w.org\/{rel}","templated":true}]}}