{"id":9967,"date":"2019-01-24T14:56:11","date_gmt":"2019-01-24T16:56:11","guid":{"rendered":"http:\/\/lagh-univ.dz\/sport-departement-activites-physiques-et-educations-sportives-formations-master\/"},"modified":"2022-03-18T14:29:22","modified_gmt":"2022-03-18T13:29:22","slug":"sport-departement-activites-physiques-et-educations-sportives-formations-master","status":"publish","type":"page","link":"http:\/\/lagh-univ.dz\/fr\/sport-departement-activites-physiques-et-educations-sportives\/sport-departement-activites-physiques-et-educations-sportives-formations-master\/","title":{"rendered":"Sport-Departement- activit\u00e9s physiques et \u00e9ducations sportives-formations -master"},"content":{"rendered":"<p dir=\"ltr\" style=\"text-align: center\"><span style=\"font-family: 'Times New Roman', Times;font-size: 18pt;color: #0000ff\"><strong><span style=\"text-decoration: underline\">Master<\/span> <\/strong><\/span><\/p>\n<p dir=\"ltr\"><span style=\"font-family: 'Times New Roman', Times;font-size: 14pt;color: #000000\"><strong>Que faire apr\u00e8s une licence STAPS\u00a0?<\/strong><\/span><\/p>\n<p dir=\"ltr\"><span style=\"font-family: 'Times New Roman', Times;font-size: 14pt;color: #000000\">Une licence des Sciences et Techniques des Activit\u00e9s Physiques et Sportives est une formation professionnalisante, qui vous permet d\u2019int\u00e9grer directement le march\u00e9 du travail. Cependant, comme beaucoup d\u2019\u00e9tudiants apr\u00e8s cette licence, vous pouvez d\u00e9cider de poursuivre vos \u00e9tudes, notamment en master MEEF (Master de l\u2019Enseignement, de l\u2019\u00c9ducation et de la Formation).\u00a0<\/span><\/p>\n<p dir=\"ltr\"><span style=\"font-family: 'Times New Roman', Times;font-size: 14pt;color: #000000\">\u00a0Les sp\u00e9cialit\u00e9s en master\u00a0 sont\u00a0:<\/span><\/p>\n<p dir=\"ltr\"><span style=\"font-family: 'Times New Roman', Times;font-size: 14pt;color: #000000\">\u00a0\u00a0 -Activit\u00e9 physique et sportive scolaire<\/span><\/p>\n<p dir=\"ltr\"><img fetchpriority=\"high\" decoding=\"async\" class=\"alignnone wp-image-29706\" src=\"http:\/\/lagh-univ.dz\/wp-content\/uploads\/2020\/02\/DSCF6234-300x225.jpg\" alt=\"\" width=\"401\" height=\"301\" srcset=\"http:\/\/lagh-univ.dz\/wp-content\/uploads\/2020\/02\/DSCF6234-300x225.jpg 300w, http:\/\/lagh-univ.dz\/wp-content\/uploads\/2020\/02\/DSCF6234-768x576.jpg 768w, http:\/\/lagh-univ.dz\/wp-content\/uploads\/2020\/02\/DSCF6234-1024x768.jpg 1024w, http:\/\/lagh-univ.dz\/wp-content\/uploads\/2020\/02\/DSCF6234-340x255.jpg 340w, http:\/\/lagh-univ.dz\/wp-content\/uploads\/2020\/02\/DSCF6234-250x188.jpg 250w\" sizes=\"(max-width: 401px) 100vw, 401px\" \/> <img decoding=\"async\" class=\" wp-image-29712 alignright\" src=\"http:\/\/lagh-univ.dz\/wp-content\/uploads\/2020\/02\/DSCF6233-300x225.jpg\" alt=\"\" width=\"405\" height=\"304\" srcset=\"http:\/\/lagh-univ.dz\/wp-content\/uploads\/2020\/02\/DSCF6233-300x225.jpg 300w, http:\/\/lagh-univ.dz\/wp-content\/uploads\/2020\/02\/DSCF6233-768x576.jpg 768w, http:\/\/lagh-univ.dz\/wp-content\/uploads\/2020\/02\/DSCF6233-1024x768.jpg 1024w, http:\/\/lagh-univ.dz\/wp-content\/uploads\/2020\/02\/DSCF6233-340x255.jpg 340w, http:\/\/lagh-univ.dz\/wp-content\/uploads\/2020\/02\/DSCF6233-250x188.jpg 250w\" sizes=\"(max-width: 405px) 100vw, 405px\" \/><\/p>\n<p dir=\"ltr\"><span style=\"font-family: 'Times New Roman', Times;font-size: 14pt;color: #000000\"><img decoding=\"async\" class=\"wp-image-29661 alignleft\" src=\"http:\/\/lagh-univ.dz\/wp-content\/uploads\/2020\/02\/DSC_0051-300x200.jpg\" alt=\"\" width=\"389\" height=\"260\" srcset=\"http:\/\/lagh-univ.dz\/wp-content\/uploads\/2020\/02\/DSC_0051-300x200.jpg 300w, http:\/\/lagh-univ.dz\/wp-content\/uploads\/2020\/02\/DSC_0051-768x512.jpg 768w, http:\/\/lagh-univ.dz\/wp-content\/uploads\/2020\/02\/DSC_0051-1024x683.jpg 1024w\" sizes=\"(max-width: 389px) 100vw, 389px\" \/><\/span><\/p>\n<p dir=\"ltr\" style=\"text-align: center\"><img loading=\"lazy\" decoding=\"async\" class=\"wp-image-29629 alignright\" src=\"http:\/\/lagh-univ.dz\/wp-content\/uploads\/2020\/02\/DSC_0043-300x200.jpg\" alt=\"\" width=\"398\" height=\"266\" srcset=\"http:\/\/lagh-univ.dz\/wp-content\/uploads\/2020\/02\/DSC_0043-300x200.jpg 300w, http:\/\/lagh-univ.dz\/wp-content\/uploads\/2020\/02\/DSC_0043-768x512.jpg 768w, http:\/\/lagh-univ.dz\/wp-content\/uploads\/2020\/02\/DSC_0043-1024x683.jpg 1024w\" sizes=\"(max-width: 398px) 100vw, 398px\" \/><\/p>\n","protected":false},"excerpt":{"rendered":"<p>Master Que faire apr\u00e8s une licence STAPS\u00a0? Une licence des Sciences et Techniques des Activit\u00e9s Physiques et Sportives est une formation professionnalisante, qui vous permet d\u2019int\u00e9grer directement le march\u00e9 du travail. Cependant, comme beaucoup d\u2019\u00e9tudiants apr\u00e8s cette licence, vous pouvez d\u00e9cider de poursuivre vos \u00e9tudes, notamment en master MEEF (Master de l\u2019Enseignement, de l\u2019\u00c9ducation et [&hellip;]<\/p>\n","protected":false},"author":15,"featured_media":0,"parent":9917,"menu_order":0,"comment_status":"closed","ping_status":"closed","template":"elementor_header_footer","meta":{"_exactmetrics_skip_tracking":false,"_exactmetrics_sitenote_active":false,"_exactmetrics_sitenote_note":"","_exactmetrics_sitenote_category":0,"footnotes":""},"coauthors":[534],"class_list":["post-9967","page","type-page","status-publish","hentry"],"_links":{"self":[{"href":"http:\/\/lagh-univ.dz\/fr\/wp-json\/wp\/v2\/pages\/9967","targetHints":{"allow":["GET"]}}],"collection":[{"href":"http:\/\/lagh-univ.dz\/fr\/wp-json\/wp\/v2\/pages"}],"about":[{"href":"http:\/\/lagh-univ.dz\/fr\/wp-json\/wp\/v2\/types\/page"}],"author":[{"embeddable":true,"href":"http:\/\/lagh-univ.dz\/fr\/wp-json\/wp\/v2\/users\/15"}],"replies":[{"embeddable":true,"href":"http:\/\/lagh-univ.dz\/fr\/wp-json\/wp\/v2\/comments?post=9967"}],"version-history":[{"count":4,"href":"http:\/\/lagh-univ.dz\/fr\/wp-json\/wp\/v2\/pages\/9967\/revisions"}],"predecessor-version":[{"id":29728,"href":"http:\/\/lagh-univ.dz\/fr\/wp-json\/wp\/v2\/pages\/9967\/revisions\/29728"}],"up":[{"embeddable":true,"href":"http:\/\/lagh-univ.dz\/fr\/wp-json\/wp\/v2\/pages\/9917"}],"wp:attachment":[{"href":"http:\/\/lagh-univ.dz\/fr\/wp-json\/wp\/v2\/media?parent=9967"}],"wp:term":[{"taxonomy":"author","embeddable":true,"href":"http:\/\/lagh-univ.dz\/fr\/wp-json\/wp\/v2\/coauthors?post=9967"}],"curies":[{"name":"wp","href":"https:\/\/api.w.org\/{rel}","templated":true}]}}