{"id":9975,"date":"2019-01-24T15:07:31","date_gmt":"2019-01-24T17:07:31","guid":{"rendered":"https:\/\/lagh-univ.dz\/sport-departement-gestion-sportive-emploi-du-temps-licence\/"},"modified":"2022-03-18T14:29:34","modified_gmt":"2022-03-18T13:29:34","slug":"sport-departement-gestion-sportive-emploi-du-temps-licence","status":"publish","type":"page","link":"https:\/\/lagh-univ.dz\/fr\/sport-departement-gestion-sportive\/sport-departement-gestion-sportive-emploi-du-temps-licence\/","title":{"rendered":"Sport-Departement- G\u00e9stion sportive-Emploi du temps-licence"},"content":{"rendered":"<p style=\"text-align: center\"><span style=\"text-decoration: underline;color: #000000\"><span style=\"font-family: 'Times New Roman', Times;font-size: 14pt\"><strong>Emploi du temps-licence<\/strong><\/span><\/span><\/p>\n<p>&nbsp;<\/p>\n<p><span style=\"text-decoration: underline;color: #000000\"><span style=\"font-family: 'Times New Roman', Times;font-size: 14pt\"><strong>Deuxi\u00e8me ann\u00e9e de licence<\/strong><\/span><\/span><\/p>\n<p><a href=\"https:\/\/lagh-univ.dz\/wp-content\/uploads\/2020\/02\/2EME-ANNEE-GESTION-SPORT.pdf\">2EME ANNEE GESTION SPORT<\/a><\/p>\n<p><span style=\"text-decoration: underline;color: #000000\"><span style=\"font-family: 'Times New Roman', Times;font-size: 14pt\"><strong>Troisi\u00e8me ann\u00e9e de licence<\/strong><\/span><\/span><\/p>\n<p><a href=\"https:\/\/lagh-univ.dz\/wp-content\/uploads\/2020\/02\/3eme-gesttion.pdf\">3eme gesttion<\/a><\/p>\n<p>&nbsp;<\/p>\n","protected":false},"excerpt":{"rendered":"<p>Emploi du temps-licence &nbsp; Deuxi\u00e8me ann\u00e9e de licence 2EME ANNEE GESTION SPORT Troisi\u00e8me ann\u00e9e de licence 3eme gesttion &nbsp;<\/p>\n","protected":false},"author":15,"featured_media":0,"parent":9919,"menu_order":0,"comment_status":"closed","ping_status":"closed","template":"elementor_header_footer","meta":{"_exactmetrics_skip_tracking":false,"_exactmetrics_sitenote_active":false,"_exactmetrics_sitenote_note":"","_exactmetrics_sitenote_category":0,"footnotes":""},"coauthors":[534],"class_list":["post-9975","page","type-page","status-publish","hentry"],"_links":{"self":[{"href":"https:\/\/lagh-univ.dz\/fr\/wp-json\/wp\/v2\/pages\/9975","targetHints":{"allow":["GET"]}}],"collection":[{"href":"https:\/\/lagh-univ.dz\/fr\/wp-json\/wp\/v2\/pages"}],"about":[{"href":"https:\/\/lagh-univ.dz\/fr\/wp-json\/wp\/v2\/types\/page"}],"author":[{"embeddable":true,"href":"https:\/\/lagh-univ.dz\/fr\/wp-json\/wp\/v2\/users\/15"}],"replies":[{"embeddable":true,"href":"https:\/\/lagh-univ.dz\/fr\/wp-json\/wp\/v2\/comments?post=9975"}],"version-history":[{"count":7,"href":"https:\/\/lagh-univ.dz\/fr\/wp-json\/wp\/v2\/pages\/9975\/revisions"}],"predecessor-version":[{"id":30655,"href":"https:\/\/lagh-univ.dz\/fr\/wp-json\/wp\/v2\/pages\/9975\/revisions\/30655"}],"up":[{"embeddable":true,"href":"https:\/\/lagh-univ.dz\/fr\/wp-json\/wp\/v2\/pages\/9919"}],"wp:attachment":[{"href":"https:\/\/lagh-univ.dz\/fr\/wp-json\/wp\/v2\/media?parent=9975"}],"wp:term":[{"taxonomy":"author","embeddable":true,"href":"https:\/\/lagh-univ.dz\/fr\/wp-json\/wp\/v2\/coauthors?post=9975"}],"curies":[{"name":"wp","href":"https:\/\/api.w.org\/{rel}","templated":true}]}}