{"id":9977,"date":"2019-01-24T15:07:50","date_gmt":"2019-01-24T17:07:50","guid":{"rendered":"http:\/\/lagh-univ.dz\/sport-departement-gestion-sportive-emploi-du-temps-master\/"},"modified":"2022-03-18T14:29:36","modified_gmt":"2022-03-18T13:29:36","slug":"sport-departement-gestion-sportive-emploi-du-temps-master","status":"publish","type":"page","link":"http:\/\/lagh-univ.dz\/fr\/sport-departement-gestion-sportive\/sport-departement-gestion-sportive-emploi-du-temps-master\/","title":{"rendered":"Sport-Departement- G\u00e9stion sportive-Emploi du temps-master"},"content":{"rendered":"<p style=\"text-align: center\"><span style=\"text-decoration: underline;color: #000000\"><strong>Emploi du temps-master<\/strong><\/span><\/p>\n<p dir=\"ltr\"><span style=\"text-decoration: underline;color: #000000\"><span><strong>Premi\u00e8re Ann\u00e9e<\/strong><\/span><\/span><\/p>\n<p dir=\"ltr\"><a href=\"http:\/\/lagh-univ.dz\/wp-content\/uploads\/2020\/02\/1ERE-MASTER-GESTION-SPORT.pdf\">1ERE MASTER GESTION SPORT<\/a><\/p>\n<p dir=\"ltr\"><span style=\"text-decoration: underline;color: #000000\"><span><strong>Deuxi\u00e8me ann\u00e9e<\/strong><\/span><\/span><\/p>\n<p dir=\"ltr\"><a href=\"http:\/\/lagh-univ.dz\/wp-content\/uploads\/2020\/02\/2eme-master-gestion.pdf\">2eme master gestion<\/a><\/p>\n","protected":false},"excerpt":{"rendered":"<p>Emploi du temps-master Premi\u00e8re Ann\u00e9e 1ERE MASTER GESTION SPORT Deuxi\u00e8me ann\u00e9e 2eme master gestion<\/p>\n","protected":false},"author":15,"featured_media":0,"parent":9919,"menu_order":0,"comment_status":"closed","ping_status":"closed","template":"elementor_header_footer","meta":{"_exactmetrics_skip_tracking":false,"_exactmetrics_sitenote_active":false,"_exactmetrics_sitenote_note":"","_exactmetrics_sitenote_category":0,"footnotes":""},"coauthors":[534],"class_list":["post-9977","page","type-page","status-publish","hentry"],"_links":{"self":[{"href":"http:\/\/lagh-univ.dz\/fr\/wp-json\/wp\/v2\/pages\/9977","targetHints":{"allow":["GET"]}}],"collection":[{"href":"http:\/\/lagh-univ.dz\/fr\/wp-json\/wp\/v2\/pages"}],"about":[{"href":"http:\/\/lagh-univ.dz\/fr\/wp-json\/wp\/v2\/types\/page"}],"author":[{"embeddable":true,"href":"http:\/\/lagh-univ.dz\/fr\/wp-json\/wp\/v2\/users\/15"}],"replies":[{"embeddable":true,"href":"http:\/\/lagh-univ.dz\/fr\/wp-json\/wp\/v2\/comments?post=9977"}],"version-history":[{"count":4,"href":"http:\/\/lagh-univ.dz\/fr\/wp-json\/wp\/v2\/pages\/9977\/revisions"}],"predecessor-version":[{"id":30648,"href":"http:\/\/lagh-univ.dz\/fr\/wp-json\/wp\/v2\/pages\/9977\/revisions\/30648"}],"up":[{"embeddable":true,"href":"http:\/\/lagh-univ.dz\/fr\/wp-json\/wp\/v2\/pages\/9919"}],"wp:attachment":[{"href":"http:\/\/lagh-univ.dz\/fr\/wp-json\/wp\/v2\/media?parent=9977"}],"wp:term":[{"taxonomy":"author","embeddable":true,"href":"http:\/\/lagh-univ.dz\/fr\/wp-json\/wp\/v2\/coauthors?post=9977"}],"curies":[{"name":"wp","href":"https:\/\/api.w.org\/{rel}","templated":true}]}}