{"id":9983,"date":"2019-01-24T15:07:19","date_gmt":"2019-01-24T17:07:19","guid":{"rendered":"http:\/\/lagh-univ.dz\/sport-departement-gestion-sportive-formations-master\/"},"modified":"2022-03-18T14:29:42","modified_gmt":"2022-03-18T13:29:42","slug":"sport-departement-gestion-sportive-formations-master","status":"publish","type":"page","link":"http:\/\/lagh-univ.dz\/fr\/sport-departement-gestion-sportive\/sport-departement-gestion-sportive-formations-master\/","title":{"rendered":"Sport-Departement- G\u00e9stion sportive-formations -master"},"content":{"rendered":"<p dir=\"ltr\" style=\"text-align: center\"><span style=\"text-decoration: underline;color: #ff0000\"><span style=\"font-family: 'Times New Roman', Times;font-size: 14pt\"><strong><span style=\"font-size: 18pt\">Master<\/span> <\/strong><\/span><\/span><\/p>\n<p dir=\"ltr\" style=\"text-align: left\"><span style=\"font-family: 'Times New Roman', Times;font-size: 14pt;color: #000000\"><strong>Que faire apr\u00e8s une licence STAPS\u00a0?<\/strong><\/span><\/p>\n<p dir=\"ltr\" style=\"text-align: left\"><span style=\"font-family: 'Times New Roman', Times;font-size: 14pt;color: #000000\">Une licence des Sciences et Techniques des Activit\u00e9s Physiques et Sportives est une formation professionnalisante, qui vous permet d\u2019int\u00e9grer\u00a0directement\u00a0le march\u00e9 du travail. Cependant, comme beaucoup d\u2019\u00e9tudiants apr\u00e8s cette licence, vous pouvez d\u00e9cider de poursuivre vos \u00e9tudes, notamment en master MEEF (Master de l\u2019Enseignement, de l\u2019\u00c9ducation et de la Formation ou Management sportif).\u00a0<\/span><\/p>\n<p dir=\"ltr\" style=\"text-align: left\"><span style=\"font-family: 'Times New Roman', Times;font-size: 14pt;color: #000000\">\u00a0Les sp\u00e9cialit\u00e9s en master\u00a0 sont\u00a0:<\/span><\/p>\n<p dir=\"ltr\" style=\"text-align: left\"><span style=\"font-family: 'Times New Roman', Times;font-size: 14pt;color: #000000\">\u00a0\u00a0\u00a0 &#8211; Management sport<\/span><\/p>\n","protected":false},"excerpt":{"rendered":"<p>Master Que faire apr\u00e8s une licence STAPS\u00a0? Une licence des Sciences et Techniques des Activit\u00e9s Physiques et Sportives est une formation professionnalisante, qui vous permet d\u2019int\u00e9grer\u00a0directement\u00a0le march\u00e9 du travail. Cependant, comme beaucoup d\u2019\u00e9tudiants apr\u00e8s cette licence, vous pouvez d\u00e9cider de poursuivre vos \u00e9tudes, notamment en master MEEF (Master de l\u2019Enseignement, de l\u2019\u00c9ducation et de la [&hellip;]<\/p>\n","protected":false},"author":15,"featured_media":0,"parent":9919,"menu_order":0,"comment_status":"closed","ping_status":"closed","template":"elementor_header_footer","meta":{"_exactmetrics_skip_tracking":false,"_exactmetrics_sitenote_active":false,"_exactmetrics_sitenote_note":"","_exactmetrics_sitenote_category":0,"footnotes":""},"coauthors":[534],"class_list":["post-9983","page","type-page","status-publish","hentry"],"_links":{"self":[{"href":"http:\/\/lagh-univ.dz\/fr\/wp-json\/wp\/v2\/pages\/9983","targetHints":{"allow":["GET"]}}],"collection":[{"href":"http:\/\/lagh-univ.dz\/fr\/wp-json\/wp\/v2\/pages"}],"about":[{"href":"http:\/\/lagh-univ.dz\/fr\/wp-json\/wp\/v2\/types\/page"}],"author":[{"embeddable":true,"href":"http:\/\/lagh-univ.dz\/fr\/wp-json\/wp\/v2\/users\/15"}],"replies":[{"embeddable":true,"href":"http:\/\/lagh-univ.dz\/fr\/wp-json\/wp\/v2\/comments?post=9983"}],"version-history":[{"count":4,"href":"http:\/\/lagh-univ.dz\/fr\/wp-json\/wp\/v2\/pages\/9983\/revisions"}],"predecessor-version":[{"id":33199,"href":"http:\/\/lagh-univ.dz\/fr\/wp-json\/wp\/v2\/pages\/9983\/revisions\/33199"}],"up":[{"embeddable":true,"href":"http:\/\/lagh-univ.dz\/fr\/wp-json\/wp\/v2\/pages\/9919"}],"wp:attachment":[{"href":"http:\/\/lagh-univ.dz\/fr\/wp-json\/wp\/v2\/media?parent=9983"}],"wp:term":[{"taxonomy":"author","embeddable":true,"href":"http:\/\/lagh-univ.dz\/fr\/wp-json\/wp\/v2\/coauthors?post=9983"}],"curies":[{"name":"wp","href":"https:\/\/api.w.org\/{rel}","templated":true}]}}