{"id":6761,"date":"2018-05-19T16:38:19","date_gmt":"2018-05-19T16:38:19","guid":{"rendered":"https:\/\/lagh-univ.dz\/secretariat-general\/"},"modified":"2024-11-24T09:01:03","modified_gmt":"2024-11-24T08:01:03","slug":"secretariat-general","status":"publish","type":"page","link":"https:\/\/lagh-univ.dz\/en\/secretariat-general\/","title":{"rendered":"SECR\u00c9TARIAT G\u00c9N\u00c9RAL"},"content":{"rendered":"\t\t<div data-elementor-type=\"wp-page\" data-elementor-id=\"6761\" class=\"elementor elementor-6761\" data-elementor-post-type=\"page\">\n\t\t\t\t\t\t<section class=\"elementor-section elementor-top-section elementor-element elementor-element-4efc7e6c elementor-section-boxed elementor-section-height-default elementor-section-height-default\" data-id=\"4efc7e6c\" data-element_type=\"section\" data-e-type=\"section\">\n\t\t\t\t\t\t<div class=\"elementor-container elementor-column-gap-default\">\n\t\t\t\t\t<div class=\"elementor-column elementor-col-100 elementor-top-column elementor-element elementor-element-52f461ad\" data-id=\"52f461ad\" data-element_type=\"column\" data-e-type=\"column\">\n\t\t\t<div class=\"elementor-widget-wrap elementor-element-populated\">\n\t\t\t\t\t\t<div class=\"elementor-element elementor-element-393820d1 elementor-widget elementor-widget-text-editor\" data-id=\"393820d1\" data-element_type=\"widget\" data-e-type=\"widget\" data-widget_type=\"text-editor.default\">\n\t\t\t\t<div class=\"elementor-widget-container\">\n\t\t\t\t\t\t\t\t\t<div class=\"contentpaneopen_heading\">\r\n<h2><span style=\"font-family: arabic-kufi; color: #000000;\">\u062a\u0642\u062f\u064a\u0645 \u0627\u0644\u0623\u0645\u0627\u0646\u0629 \u0627\u0644\u0639\u0627\u0645\u0640\u0629<\/span><\/h2>\r\n<div><\/div>\r\n<\/div>\r\n<div><\/div>\r\n<div class=\"s5_contentwrapper\">\r\n<p dir=\"RTL\"><span style=\"font-family: arabic-kufi; font-size: 14pt; color: #000000;\"><b>\u0627\u0644\u0623\u0645\u064a\u0646 \u0627\u0644\u0639\u0627\u0645<\/b><\/span><\/p>\r\n<p dir=\"RTL\"><span style=\"font-family: arabic-kufi; font-size: 14pt; color: #000000;\">\u0627\u0644\u0623\u0633\u062a\u0627\u0630 : \u0628\u0634\u064a\u0631\u00a0 \u0631\u0648\u064a\u063a\u064a<\/span><\/p>\r\n<p dir=\"RTL\"><span style=\"font-family: arabic-kufi; font-size: 14pt; color: #000000;\">\u0627\u0644\u0628\u0631\u064a\u062f \u0627\u0644\u0627\u0644\u0643\u062a\u0631\u0648\u0646\u064a:b.rouighi@lagh-univ.dz<\/span><\/p>\r\n<p dir=\"RTL\"><span style=\"font-family: arabic-kufi; font-size: 14pt; color: #000000;\">\u0627\u0644\u0647\u0627\u062a\u0641 \/ \u0627\u0644\u0641\u0627\u0643\u0633: 33 54 14 029<\/span><\/p>\r\n<span style=\"font-family: arabic-kufi; font-size: 14pt; color: #000000;\">\u062a\u0648\u0636\u0639 \u0627\u0644\u0623\u0645\u0627\u0646\u0629 \u0627\u0644\u0639\u0627\u0645\u0629 \u0644\u0644\u062c\u0627\u0645\u0639\u0629\u00a0 \u062a\u062d\u062a \u0645\u0633\u0624\u0648\u0644\u064a\u0629 \u0623\u0645\u064a\u0646 \u0639\u0627\u0645 \u064a\u0643\u0644\u0641 \u0628\u0633\u064a\u0631 \u0627\u0644\u0647\u064a\u0627\u0643\u0644 \u0627\u0644\u0645\u0648\u0636\u0648\u0639\u0629 \u062a\u062d\u062a \u0633\u0644\u0637\u062a\u0647 \u0648 \u0627\u0644\u0645\u0635\u0627\u0644\u062d \u0627\u0644\u0625\u062f\u0627\u0631\u064a\u0629 \u0648 \u0627\u0644\u062a\u0642\u0646\u064a\u0629 \u0627\u0644\u0645\u0634\u062a\u0631\u0643\u0629 \u0648 \u062a\u0633\u064a\u064a\u0631\u0647\u0627 \u0627\u0644\u0625\u062f\u0627\u0631\u064a \u0648 \u0627\u0644\u0645\u0627\u0644\u064a .<\/span>\r\n\r\n<span style=\"font-family: arabic-kufi; font-size: 14pt; color: #000000;\"><b>\u062a\u062a\u0643\u0641\u0644 \u0627\u0644\u0623\u0645\u0627\u0646\u0629 \u0627\u0644\u0639\u0627\u0645\u0629 \u0628\u0645\u0627 \u064a\u0623\u062a\u064a<\/b>:<\/span>\r\n<p dir=\"RTL\"><span style=\"font-family: arabic-kufi; font-size: 14pt; color: #000000;\">&#8211; \u00a0 \u0636\u0645\u0627\u0646 \u062a\u0633\u064a\u064a\u0631 \u0627\u0644\u0645\u0633\u0627\u0631 \u0627\u0644\u0645\u0647\u0646\u064a \u0644\u0645\u0633\u062a\u062e\u062f\u0645\u064a \u0627\u0644\u062c\u0627\u0645\u0639\u0629 \u0645\u0639 \u0627\u062d\u062a\u0631\u0627\u0645 \u0635\u0644\u0627\u062d\u064a\u0627\u062a \u0627\u0644\u0643\u0644\u064a\u0629 \u0648\u0627\u0644\u0645\u0639\u0647\u062f \u0641\u064a \u0647\u0630\u0627 \u0627\u0644\u0645\u062c\u0627\u0644\u060c<\/span><\/p>\r\n<p dir=\"RTL\"><span style=\"font-family: arabic-kufi; font-size: 14pt; color: #000000;\">&#8211; \u00a0 \u062a\u062d\u0636\u064a\u0631 \u0645\u0634\u0631\u0648\u0639 \u0645\u064a\u0632\u0627\u0646\u064a\u0629 \u0627\u0644\u062c\u0627\u0645\u0639\u0629 \u0648\u0645\u062a\u0627\u0628\u0639\u0629 \u062a\u0646\u0641\u064a\u0630\u0647\u0627\u060c<\/span><\/p>\r\n<p dir=\"RTL\"><span style=\"font-family: arabic-kufi; font-size: 14pt; color: #000000;\">&#8211; \u00a0 \u0636\u0645\u0627\u0646 \u0645\u062a\u0627\u0628\u0639\u0629 \u062a\u0645\u0648\u064a\u0644 \u0623\u0646\u0634\u0637\u0629 \u0627\u0644\u0645\u062e\u0627\u0628\u0631 \u0648\u0648\u062d\u062f\u0627\u062a \u0627\u0644\u0628\u062d\u062b\u060c<\/span><\/p>\r\n<p dir=\"RTL\"><span style=\"font-family: arabic-kufi; font-size: 14pt; color: #000000;\">&#8211; \u00a0 \u0627\u0644\u0633\u0647\u0631 \u0639\u0644\u0649 \u0627\u0644\u0633\u064a\u0631 \u0627\u0644\u062d\u0633\u0646 \u0644\u0644\u0645\u0635\u0627\u0644\u062d \u0627\u0644\u0645\u0634\u062a\u0631\u0643\u0629 \u0644\u0644\u062c\u0627\u0645\u0639\u0629 \u060c<\/span><\/p>\r\n<p dir=\"RTL\"><span style=\"font-family: arabic-kufi; font-size: 14pt; color: #000000;\">&#8211; \u00a0 \u0648\u0636\u0639 \u0627\u0644\u0623\u0646\u0634\u0637\u0629 \u0627\u0644\u062b\u0642\u0627\u0641\u064a\u0629 \u0648\u0627\u0644\u0631\u064a\u0627\u0636\u064a\u0629 \u0644\u0644\u062c\u0627\u0645\u0639\u0629 \u0648\u062a\u0631\u0642\u064a\u062a\u0647\u0627 \u060c<\/span><\/p>\r\n<p dir=\"RTL\"><span style=\"font-family: arabic-kufi; font-size: 14pt; color: #000000;\">&#8211; \u00a0 \u0636\u0645\u0627\u0646 \u0645\u062a\u0627\u0628\u0639\u0629 \u0648\u062a\u0646\u0633\u064a\u0642 \u0645\u062e\u0637\u0637\u0627\u062a \u0627\u0644\u0623\u0645\u0646 \u0627\u0644\u062f\u0627\u062e\u0644\u064a \u0644\u0644\u062c\u0627\u0645\u0639\u0629 \u0628\u0627\u0644\u062a\u0646\u0633\u064a\u0642 \u0645\u0639 \u0627\u0644\u0645\u0643\u062a\u0628 \u0627\u0644\u0648\u0632\u0627\u0631\u064a \u0644\u0644\u0623\u0645\u0646 \u0627\u0644\u062f\u0627\u062e\u0644\u064a\u060c<\/span><\/p>\r\n<p dir=\"RTL\"><span style=\"font-family: arabic-kufi; font-size: 14pt; color: #000000;\">&#8211; \u00a0 \u0636\u0645\u0627\u0646 \u062a\u0633\u064a\u064a\u0631 \u0648\u062d\u0641\u0638 \u0627\u0644\u0623\u0631\u0634\u064a\u0641 \u0648\u0627\u0644\u062a\u0648\u062b\u064a\u0642 \u0644\u0645\u062f\u064a\u0631\u064a\u0629 \u0627\u0644\u062c\u0627\u0645\u0639\u0629\u060c<\/span><\/p>\r\n<p dir=\"RTL\"><span style=\"font-family: arabic-kufi; font-size: 14pt; color: #000000;\">&#8211; \u00a0 \u0636\u0645\u0627\u0646 \u0645\u0643\u062a\u0628 \u062a\u0646\u0638\u064a\u0645 \u0627\u0644\u062c\u0627\u0645\u0639\u0629 \u0648\u062a\u0633\u064a\u064a\u0631\u0647.<\/span><\/p>\r\n<p dir=\"RTL\"><span style=\"font-family: arabic-kufi; font-size: 14pt; color: #000000;\"><b>\u062a\u0634\u0645\u0644 \u0627\u0644\u0623\u0645\u0627\u0646\u0629 \u0627\u0644\u0639\u0627\u0645\u0629 \u0627\u0644\u062a\u064a \u064a\u0644\u062d\u0642 \u0628\u0647\u0627 \u0645\u0643\u062a\u0628 \u0627\u0644\u062a\u0646\u0638\u064a\u0645 \u0627\u0644\u0639\u0627\u0645 \u0648\u0645\u0643\u062a\u0628 \u0627\u0644\u0623\u0645\u0646 \u0627\u0644\u062f\u0627\u062e\u0644\u064a \u0627\u0644\u0645\u062f\u064a\u0631\u064a\u0627\u062a \u0627\u0644\u0641\u0631\u0639\u064a\u0629 \u0627\u0644\u062a\u0627\u0644\u064a\u0629<\/b><b>:<\/b><\/span><\/p>\r\n<p dir=\"RTL\"><span style=\"font-family: arabic-kufi; font-size: 14pt; color: #000000;\">&#8211; \u00a0 \u0627\u0644\u0645\u062f\u064a\u0631\u064a\u0629 \u0627\u0644\u0641\u0631\u0639\u064a\u0629 \u0644\u0644\u0645\u0633\u062a\u062e\u062f\u0645\u064a\u0646 \u0648\u0627\u0644\u062a\u0643\u0648\u064a\u0646\u060c<\/span><\/p>\r\n<p dir=\"RTL\"><span style=\"font-family: arabic-kufi; font-size: 14pt; color: #000000;\">&#8211; \u00a0 \u0627\u0644\u0645\u062f\u064a\u0631\u064a\u0629 \u0627\u0644\u0641\u0631\u0639\u064a\u0629 \u0644\u0644\u0645\u0627\u0644\u064a\u0629 \u0648 \u0627\u0644\u0645\u062d\u0627\u0633\u0628\u0629 \u060c<\/span><\/p>\r\n<p dir=\"RTL\"><span style=\"font-family: arabic-kufi; font-size: 14pt; color: #000000;\">&#8211; \u00a0 \u0627\u0644\u0645\u062f\u064a\u0631\u064a\u0629 \u0627\u0644\u0641\u0631\u0639\u064a\u0629 \u0644\u0644\u0648\u0633\u0627\u0626\u0644 \u0648 \u0627\u0644\u0635\u064a\u0627\u0646\u0629\u060c<\/span><\/p>\r\n<p dir=\"RTL\"><span style=\"font-family: arabic-kufi; font-size: 14pt; color: #000000;\">&#8211; \u00a0 \u0627\u0644\u0645\u062f\u064a\u0631\u064a\u0629 \u0627\u0644\u0641\u0631\u0639\u064a\u0629 \u0644\u0644\u0623\u0646\u0634\u0637\u0629 \u0627\u0644\u0639\u0644\u0645\u064a\u0629 \u0648 \u0627\u0644\u062b\u0642\u0627\u0641\u064a\u0629 \u0648 \u0627\u0644\u0631\u064a\u0627\u0636\u064a\u0629 \u060c<\/span><\/p>\r\n<p dir=\"RTL\"><span style=\"font-family: arabic-kufi; font-size: 14pt; color: #000000;\">&#8211; \u00a0 \u0628\u0627\u0644\u0625\u0636\u0627\u0641\u0629 \u0625\u0644\u0649 \u0627\u0644\u0645\u0635\u0627\u0644\u062d \u0627\u0644\u0645\u0634\u062a\u0631\u0643\u0629.<\/span><\/p>\r\n<p dir=\"RTL\"><\/p>\r\n\r\n<\/div>\t\t\t\t\t\t\t\t<\/div>\n\t\t\t\t<\/div>\n\t\t\t\t\t<\/div>\n\t\t<\/div>\n\t\t\t\t\t<\/div>\n\t\t<\/section>\n\t\t\t\t<\/div>\n\t\t","protected":false},"excerpt":{"rendered":"<p>\u062a\u0642\u062f\u064a\u0645 \u0627\u0644\u0623\u0645\u0627\u0646\u0629 \u0627\u0644\u0639\u0627\u0645\u0640\u0629 \u0627\u0644\u0623\u0645\u064a\u0646 \u0627\u0644\u0639\u0627\u0645 \u0627\u0644\u0623\u0633\u062a\u0627\u0630 : \u0628\u0634\u064a\u0631\u00a0 \u0631\u0648\u064a\u063a\u064a \u0627\u0644\u0628\u0631\u064a\u062f \u0627\u0644\u0627\u0644\u0643\u062a\u0631\u0648\u0646\u064a:b.rouighi@lagh-univ.dz \u0627\u0644\u0647\u0627\u062a\u0641 \/ \u0627\u0644\u0641\u0627\u0643\u0633: 33 54 14 029 \u062a\u0648\u0636\u0639 \u0627\u0644\u0623\u0645\u0627\u0646\u0629 \u0627\u0644\u0639\u0627\u0645\u0629 \u0644\u0644\u062c\u0627\u0645\u0639\u0629\u00a0 \u062a\u062d\u062a \u0645\u0633\u0624\u0648\u0644\u064a\u0629 \u0623\u0645\u064a\u0646 \u0639\u0627\u0645 \u064a\u0643\u0644\u0641 \u0628\u0633\u064a\u0631 \u0627\u0644\u0647\u064a\u0627\u0643\u0644 \u0627\u0644\u0645\u0648\u0636\u0648\u0639\u0629 \u062a\u062d\u062a \u0633\u0644\u0637\u062a\u0647 \u0648 \u0627\u0644\u0645\u0635\u0627\u0644\u062d \u0627\u0644\u0625\u062f\u0627\u0631\u064a\u0629 \u0648 \u0627\u0644\u062a\u0642\u0646\u064a\u0629 \u0627\u0644\u0645\u0634\u062a\u0631\u0643\u0629 \u0648 \u062a\u0633\u064a\u064a\u0631\u0647\u0627 \u0627\u0644\u0625\u062f\u0627\u0631\u064a \u0648 \u0627\u0644\u0645\u0627\u0644\u064a . \u062a\u062a\u0643\u0641\u0644 \u0627\u0644\u0623\u0645\u0627\u0646\u0629 \u0627\u0644\u0639\u0627\u0645\u0629 \u0628\u0645\u0627 \u064a\u0623\u062a\u064a: &#8211; \u00a0 \u0636\u0645\u0627\u0646 \u062a\u0633\u064a\u064a\u0631 \u0627\u0644\u0645\u0633\u0627\u0631 \u0627\u0644\u0645\u0647\u0646\u064a [&hellip;]<\/p>\n","protected":false},"author":1,"featured_media":0,"parent":0,"menu_order":0,"comment_status":"closed","ping_status":"closed","template":"elementor_header_footer","meta":{"_exactmetrics_skip_tracking":false,"_exactmetrics_sitenote_active":false,"_exactmetrics_sitenote_note":"","_exactmetrics_sitenote_category":0,"footnotes":""},"coauthors":[213,217],"class_list":["post-6761","page","type-page","status-publish","hentry"],"_links":{"self":[{"href":"https:\/\/lagh-univ.dz\/en\/wp-json\/wp\/v2\/pages\/6761","targetHints":{"allow":["GET"]}}],"collection":[{"href":"https:\/\/lagh-univ.dz\/en\/wp-json\/wp\/v2\/pages"}],"about":[{"href":"https:\/\/lagh-univ.dz\/en\/wp-json\/wp\/v2\/types\/page"}],"author":[{"embeddable":true,"href":"https:\/\/lagh-univ.dz\/en\/wp-json\/wp\/v2\/users\/1"}],"replies":[{"embeddable":true,"href":"https:\/\/lagh-univ.dz\/en\/wp-json\/wp\/v2\/comments?post=6761"}],"version-history":[{"count":25,"href":"https:\/\/lagh-univ.dz\/en\/wp-json\/wp\/v2\/pages\/6761\/revisions"}],"predecessor-version":[{"id":62372,"href":"https:\/\/lagh-univ.dz\/en\/wp-json\/wp\/v2\/pages\/6761\/revisions\/62372"}],"wp:attachment":[{"href":"https:\/\/lagh-univ.dz\/en\/wp-json\/wp\/v2\/media?parent=6761"}],"wp:term":[{"taxonomy":"author","embeddable":true,"href":"https:\/\/lagh-univ.dz\/en\/wp-json\/wp\/v2\/coauthors?post=6761"}],"curies":[{"name":"wp","href":"https:\/\/api.w.org\/{rel}","templated":true}]}}