{"id":6765,"date":"2018-07-13T19:38:07","date_gmt":"2018-07-13T19:38:07","guid":{"rendered":"https:\/\/lagh-univ.dz\/vice-rectorat-charge-de-la-formation-superieure-du-troisieme-cycle-de-lhabilitation-universitaire-de-la-recherche-scientifique-de-la-formation-superieure-de-la-post-graduation\/"},"modified":"2024-11-20T10:39:23","modified_gmt":"2024-11-20T09:39:23","slug":"vice-rectorat-charge-de-la-formation-superieure-du-troisieme-cycle-de-lhabilitation-universitaire-de-la-recherche-scientifique-de-la-formation-superieure-de-la-post-graduation","status":"publish","type":"page","link":"https:\/\/lagh-univ.dz\/en\/vice-rectorat-charge-de-la-formation-superieure-du-troisieme-cycle-de-lhabilitation-universitaire-de-la-recherche-scientifique-de-la-formation-superieure-de-la-post-graduation\/","title":{"rendered":"Vice rectorat charg\u00e9 de la formation sup\u00e9rieure du troisi\u00e8me cycle, de l&#8217;habilitation universitaire, de la recherche scientifique, de la formation sup\u00e9rieure de la post-graduation"},"content":{"rendered":"","protected":false},"excerpt":{"rendered":"","protected":false},"author":1,"featured_media":0,"parent":0,"menu_order":0,"comment_status":"closed","ping_status":"closed","template":"elementor_header_footer","meta":{"_exactmetrics_skip_tracking":false,"_exactmetrics_sitenote_active":false,"_exactmetrics_sitenote_note":"","_exactmetrics_sitenote_category":0,"footnotes":""},"coauthors":[217,523],"class_list":["post-6765","page","type-page","status-publish","hentry"],"_links":{"self":[{"href":"https:\/\/lagh-univ.dz\/en\/wp-json\/wp\/v2\/pages\/6765","targetHints":{"allow":["GET"]}}],"collection":[{"href":"https:\/\/lagh-univ.dz\/en\/wp-json\/wp\/v2\/pages"}],"about":[{"href":"https:\/\/lagh-univ.dz\/en\/wp-json\/wp\/v2\/types\/page"}],"author":[{"embeddable":true,"href":"https:\/\/lagh-univ.dz\/en\/wp-json\/wp\/v2\/users\/1"}],"replies":[{"embeddable":true,"href":"https:\/\/lagh-univ.dz\/en\/wp-json\/wp\/v2\/comments?post=6765"}],"version-history":[{"count":1,"href":"https:\/\/lagh-univ.dz\/en\/wp-json\/wp\/v2\/pages\/6765\/revisions"}],"predecessor-version":[{"id":6777,"href":"https:\/\/lagh-univ.dz\/en\/wp-json\/wp\/v2\/pages\/6765\/revisions\/6777"}],"wp:attachment":[{"href":"https:\/\/lagh-univ.dz\/en\/wp-json\/wp\/v2\/media?parent=6765"}],"wp:term":[{"taxonomy":"author","embeddable":true,"href":"https:\/\/lagh-univ.dz\/en\/wp-json\/wp\/v2\/coauthors?post=6765"}],"curies":[{"name":"wp","href":"https:\/\/api.w.org\/{rel}","templated":true}]}}