{"id":7636,"date":"2018-07-18T18:59:00","date_gmt":"2018-07-18T20:59:00","guid":{"rendered":"https:\/\/lagh-univ.dz\/humaine-faculte-secretaire-generale\/"},"modified":"2020-02-19T09:19:10","modified_gmt":"2020-02-19T11:19:10","slug":"humaine-faculte-secretaire-generale","status":"publish","type":"page","link":"https:\/\/lagh-univ.dz\/en\/humaine-faculte-secretaire-generale\/","title":{"rendered":"Humaine-Facult\u00e9-Secr\u00e9taire g\u00e9n\u00e9rale"},"content":{"rendered":"<p style=\"text-align: center\"><span style=\"font-family: 'Book Antiqua', Palatino;font-size: 14pt;color: #000000\"><strong>The General Secretariat <\/strong><\/span><\/p>\n<p style=\"text-align: left\"><span style=\"font-family: 'Book Antiqua', Palatino;font-size: 14pt;color: #000000\">The General Secretariat office contributes to the continuity of development at the faculty level, as well as protecting its rights through careful monitoring and updating of its policy in light of respecting the laws in force.<\/span><\/p>\n<p style=\"text-align: left\"><span style=\"font-family: 'Book Antiqua', Palatino;font-size: 14pt;color: #000000\">It is headed by Mr.: Jamal Qumairi<\/span><\/p>\n<p style=\"text-align: left\"><span style=\"font-family: 'Book Antiqua', Palatino;font-size: 14pt;color: #000000\">Email: d.goumiri@lagh-univ.dz<\/span><\/p>\n<p style=\"text-align: left\"><span style=\"font-family: 'Book Antiqua', Palatino;font-size: 14pt;color: #000000\">\u00a0 \u00a0The General Secretariat shall undertake the following\u00a0 :<\/span><\/p>\n<ul style=\"text-align: left\">\n<li><span style=\"font-family: 'Book Antiqua', Palatino;font-size: 14pt;color: #000000\">Prepare a draft plan for the conduct of human resources for the faculty and ensure its implementation<\/span><\/li>\n<li><span style=\"font-family: 'Book Antiqua', Palatino;font-size: 14pt;color: #000000\">Running the career path for faculty users<\/span><\/li>\n<li><span style=\"font-family: 'Book Antiqua', Palatino;font-size: 14pt;color: #000000\">Ensure that the archive and faculty documentation are managed and maintained<\/span><\/li>\n<li><span style=\"font-family: 'Book Antiqua', Palatino;font-size: 14pt;color: #000000\">Prepare the faculty budget project and ensure its implementation<\/span><\/li>\n<li><span style=\"font-family: 'Book Antiqua', Palatino;font-size: 14pt;color: #000000\">Promoting scientific, cultural and sporting activities for students in coordination with the relevant bodies of the university -directorate<\/span><\/li>\n<li><span style=\"font-family: 'Book Antiqua', Palatino;font-size: 14pt;color: #000000\">Managing the movable and real estate means of the faculty and ensuring their maintenance<\/span><\/li>\n<li><span style=\"font-family: 'Book Antiqua', Palatino;font-size: 14pt;color: #000000\">Ensure implementation of the college internal security plan<\/span><\/li>\n<\/ul>\n<p style=\"text-align: left\"><span style=\"font-family: 'Book Antiqua', Palatino;font-size: 14pt;color: #000000\">The General Secretariat includes the Office of the Secretary General as well as the following interests\u00a0 :<\/span><\/p>\n<p style=\"text-align: left\"><span style=\"font-family: 'Book Antiqua', Palatino;font-size: 14pt;color: #000000\">The Employees and Employees Authority is headed by Mr. Salah Rotal<\/span><\/p>\n<p style=\"text-align: left\"><span style=\"font-family: 'Book Antiqua', Palatino;font-size: 14pt;color: #000000\">Email: s.routal@lagh-univ.dz<\/span><\/p>\n<p style=\"text-align: left\"><span style=\"font-family: 'Book Antiqua', Palatino;font-size: 14pt;color: #000000\">The Finance and Accounting Department is headed by Mr<\/span><\/p>\n<p style=\"text-align: left\"><span style=\"font-family: 'Book Antiqua', Palatino;font-size: 14pt;color: #000000\">Email\u00a0 :<\/span><\/p>\n<p style=\"text-align: left\"><span style=\"font-family: 'Book Antiqua', Palatino;font-size: 14pt;color: #000000\">The General Utilities Authority is headed by Mr. Gwaidar Rami Mohiuddin<\/span><\/p>\n<p style=\"text-align: left\"><span style=\"font-family: 'Book Antiqua', Palatino;font-size: 14pt;color: #000000\">Email: djouiderramy@gmail.com<\/span><\/p>\n<p style=\"text-align: left\"><span style=\"font-family: 'Book Antiqua', Palatino;font-size: 14pt;color: #000000\">The Scientific, Cultural and Sports Activities Department is headed by<\/span><\/p>\n<p style=\"text-align: left\"><span style=\"font-family: 'Book Antiqua', Palatino;font-size: 14pt;color: #000000\">\u00a0Email\u00a0 :<\/span><\/p>\n","protected":false},"excerpt":{"rendered":"<p>The General Secretariat The General Secretariat office contributes to the continuity of development at the faculty level, as well as protecting its rights through careful monitoring and updating of its policy in light of respecting the laws in force. It is headed by Mr.: Jamal Qumairi Email: d.goumiri@lagh-univ.dz \u00a0 \u00a0The General Secretariat shall undertake the [&hellip;]<\/p>\n","protected":false},"author":12,"featured_media":0,"parent":0,"menu_order":0,"comment_status":"closed","ping_status":"closed","template":"elementor_header_footer","meta":{"_exactmetrics_skip_tracking":false,"_exactmetrics_sitenote_active":false,"_exactmetrics_sitenote_note":"","_exactmetrics_sitenote_category":0,"footnotes":""},"coauthors":[531],"class_list":["post-7636","page","type-page","status-publish","hentry"],"_links":{"self":[{"href":"https:\/\/lagh-univ.dz\/en\/wp-json\/wp\/v2\/pages\/7636","targetHints":{"allow":["GET"]}}],"collection":[{"href":"https:\/\/lagh-univ.dz\/en\/wp-json\/wp\/v2\/pages"}],"about":[{"href":"https:\/\/lagh-univ.dz\/en\/wp-json\/wp\/v2\/types\/page"}],"author":[{"embeddable":true,"href":"https:\/\/lagh-univ.dz\/en\/wp-json\/wp\/v2\/users\/12"}],"replies":[{"embeddable":true,"href":"https:\/\/lagh-univ.dz\/en\/wp-json\/wp\/v2\/comments?post=7636"}],"version-history":[{"count":8,"href":"https:\/\/lagh-univ.dz\/en\/wp-json\/wp\/v2\/pages\/7636\/revisions"}],"predecessor-version":[{"id":29453,"href":"https:\/\/lagh-univ.dz\/en\/wp-json\/wp\/v2\/pages\/7636\/revisions\/29453"}],"wp:attachment":[{"href":"https:\/\/lagh-univ.dz\/en\/wp-json\/wp\/v2\/media?parent=7636"}],"wp:term":[{"taxonomy":"author","embeddable":true,"href":"https:\/\/lagh-univ.dz\/en\/wp-json\/wp\/v2\/coauthors?post=7636"}],"curies":[{"name":"wp","href":"https:\/\/api.w.org\/{rel}","templated":true}]}}