{"id":8572,"date":"2018-07-21T18:19:39","date_gmt":"2018-07-21T18:19:39","guid":{"rendered":"https:\/\/lagh-univ.dz\/bibliotheque-bibliotheque-centrales-presentation\/"},"modified":"2024-11-20T10:15:00","modified_gmt":"2024-11-20T09:15:00","slug":"bibliotheque-bibliotheque-centrales-presentation","status":"publish","type":"page","link":"https:\/\/lagh-univ.dz\/en\/bibliotheque-bibliotheque-centrales-presentation\/","title":{"rendered":"Biblioth\u00e8que &#8211; Biblioth\u00e8que centrales-Pr\u00e9sentation"},"content":{"rendered":"<div id=\"s5_middle_top_wrap\">\n<div id=\"s5_middle_top\">\n<div id=\"s5_middle_top_inner\">\n<div id=\"s5_pos_middle_top_1\" class=\"s5_float_left\">\n<div class=\"module_round_box_outer\">\n<div class=\"module_round_box-none \">\n<div class=\"s5_module_box_1\">\n<div class=\"s5_module_box_2\">\n<div class=\"custom-none \">\n<div class=\"textwidget\"><\/div>\n<\/div>\n<\/div>\n<\/div>\n<\/div>\n<\/div>\n<\/div>\n<\/div>\n<\/div>\n<\/div>\n<div id=\"s5_component_wrap\">\n<div id=\"s5_component_wrap_inner\">\n<div class=\"blog-featured\">\n<div class=\"article_column\">\n<div class=\"item\">\n<div id=\"post-3724\" class=\"post-3724 page type-page status-publish hentry\">\n<div class=\"contentpaneopen_heading\">\n<h2><span style=\"font-size: 18pt\"><strong><span style=\"font-family: arabic-kufi;color: #000000;background-color: #cc99ff\"><a class=\"contentpagetitle\" style=\"color: #000000;background-color: #cc99ff\" title=\"Permalink to: \u062a\u0642\u062f\u064a\u0645 \u0627\u0644\u0645\u0643\u062a\u0628\u0629 \u0627\u0644\u0645\u0631\u0643\u0632\u064a\u0629\" href=\"https:\/\/lagh-univ.dz\/?p=3724\">\u062a\u0642\u062f\u064a\u0645 \u0627\u0644\u0645\u0643\u062a\u0628\u0629 \u0627\u0644\u0645\u0631\u0643\u0632\u064a\u0629<\/a><\/span><\/strong><\/span><\/h2>\n<\/div>\n<div class=\"s5_contentwrapper\">\n<p dir=\"RTL\" style=\"text-align: justify\"><span style=\"font-family: arabic-kufi;font-size: 14pt;color: #000000\">\u0627\u0641\u062a\u062a\u062d\u062a \u0627\u0644\u0645\u0643\u062a\u0628\u0629 \u0627\u0644\u0645\u0631\u0643\u0632\u064a\u0629 \u0641\u064a \u0633\u0628\u062a\u0645\u0628\u0631 2005 \u0645\u0646 \u0637\u0631\u0641 \u0627\u0644\u0633\u064a\u062f \u0631\u0626\u064a\u0633 \u0627\u0644\u062c\u0645\u0647\u0648\u0631\u064a\u0629\u060c \u0628\u0633\u0639\u0629 500 \u0645\u0642\u0639\u062f\u060c \u062a\u062a\u0631\u0628\u0639 \u0639\u0644\u0649 \u0645\u0633\u0627\u062d\u0629 \u0642\u062f\u0631\u0647\u0627 7225\u0645\u00b2. \u0648 \u062a\u062a\u0643\u0648\u0646 \u0645\u0646 \u062b\u0644\u0627\u062b\u0629 \u0637\u0648\u0627\u0628\u0642 \u062a\u062d\u062a\u0648\u064a \u0639\u0644\u0649 \u0645\u0635\u0627\u0644\u062d \u0645\u062e\u062a\u0644\u0641\u0629 \u062a\u0633\u0627\u0647\u0645 \u0641\u064a \u0625\u0646\u062c\u0627\u0632 \u0645\u0647\u0627\u0645 \u0627\u0644\u0645\u0643\u062a\u0628\u0629 \u0628\u0635\u0648\u0631\u0629 \u062c\u064a\u062f\u0629.<\/span><\/p>\n<p dir=\"RTL\"><span style=\"font-family: arabic-kufi;font-size: 14pt;color: #000000\">\u062a\u0642\u0639 \u0627\u0644\u0645\u0643\u062a\u0628\u0629 \u0627\u0644\u0645\u0631\u0643\u0632\u064a\u0629 \u0645\u0628\u0627\u0634\u0631\u0629 \u0623\u0645\u0627\u0645 \u0645\u0631\u0643\u0632 \u0627\u0644\u0625\u0639\u0644\u0627\u0645 \u0627\u0644\u0622\u0644\u064a \u0648 \u062e\u0644\u0641\u0647\u0627 \u0627\u0644\u0645\u0631\u0643\u0632 \u0627\u0644\u0637\u0628\u064a \u0648 \u0628\u0631\u064a\u062f \u0627\u0644\u062c\u0632\u0627\u0626\u0631.<\/span><\/p>\n<p><span style=\"font-family: arabic-kufi;font-size: 14pt;color: #000000\">\u00a0<\/span><\/p>\n<p dir=\"RTL\"><span style=\"font-family: arabic-kufi;font-size: 14pt;color: #000000\"><b>\u0623\u0647\u062f\u0627\u0641 \u0627\u0644\u0645\u0643\u062a\u0628\u0629 \u0648 \u062a\u0637\u0644\u0639\u0627\u062a\u0647\u0627 :<\/b><b><\/b><\/span><\/p>\n<p dir=\"RTL\" style=\"text-align: justify\"><span style=\"font-family: arabic-kufi;font-size: 14pt;color: #000000\"><b>&#8211;\u00a0<\/b>\u0627\u0644\u0645\u0633\u0627\u06be\u0645\u0629 \u0641\u064a \u0645\u0639\u0631\u0641\u0629 \u0627\u0644\u0623\u0631\u0635\u062f\u0629 \u0648\u0627\u0644\u0645\u062c\u0645\u0648\u0639\u0627\u062a \u0648 \u0627\u0644\u0633\u0644\u0627\u0633\u0644 \u0627\u0644\u062a\u0627\u0628\u0639\u0629 \u0644\u0645\u0643\u062a\u0628\u0627\u062a \u0627\u0644\u0643\u0644\u064a\u0627\u062a .<\/span><\/p>\n<p dir=\"RTL\" style=\"text-align: justify\"><span style=\"font-family: arabic-kufi;font-size: 14pt;color: #000000\">&#8211; \u0627\u0644\u0645\u0634\u0627\u0631\u0643\u0629 \u0641\u064a \u0625\u0646\u0634\u0627\u0621 \u0634\u0628\u0643\u0627\u062a \u0648\u0648\u0636\u0639 \u0623\u0633\u0633 \u0628\u0646\u0648\u0643 \u0627\u0644\u0645\u0639\u0644\u0648\u0645\u0627\u062a \u0645\u0639 \u0625\u0646\u0634\u0627\u0621 \u0648\u0645\u062a\u0627\u0628\u0639\u0629 \u0635\u0641\u062d\u0629 \u0627\u0644\u0648\u0627\u0628 \u0627\u0644\u062e\u0627\u0635\u0629 \u0628\u0627\u0644\u0645\u0643\u062a\u0628\u0629 \u0641\u064a \u0625\u0637\u0627\u0631 \u0645\u0648\u0642\u0639 \u0627\u0644\u062c\u0627\u0645\u0639\u0629.<\/span><\/p>\n<p dir=\"RTL\" style=\"text-align: justify\"><span style=\"font-family: arabic-kufi;font-size: 14pt;color: #000000\">&#8211; \u0627\u0633\u062a\u0639\u0645\u0627\u0644 \u0648\u062a\u0639\u0645\u06cc\u0645 \u0627\u0644\u062a\u0642\u0646\u06cc\u0627\u062a \u0627\u0644\u062d\u062f\u06cc\u062b\u0629 \u0644\u0644\u0627\u062a\u0635\u0627\u0644 \u0628\u0627\u0644\u0645\u0643\u062a\u0628\u0627\u062a.<\/span><\/p>\n<p dir=\"RTL\" style=\"text-align: justify\"><span style=\"font-family: arabic-kufi;font-size: 14pt;color: #000000\">&#8211; \u0648\u0636\u0639 \u0633\u06cc\u0627\u0633\u0629 \u0627\u0644\u0645\u0643\u062a\u0628\u0629 \u0627\u0644\u0627\u0641\u062a\u0631\u0627\u0636\u06cc\u0629 \u0648 \u0648\u0636\u0639 \u0633\u06cc\u0627\u0633\u0629 \u0645\u062d\u0643\u0645\u0629 \u0644\u062d\u0641\u0638 \u0627\u0644\u062a\u0631\u0627\u062b \u0627\u0644\u0648\u062b\u0627\u0626\u0642\u064a \u0644\u0644\u062c\u0627\u0645\u0639\u0629 \u0639\u0628\u0631 \u0628\u0631\u0646\u0627\u0645\u062c (DSpace).<\/span><\/p>\n<p dir=\"RTL\" style=\"text-align: justify\"><span style=\"font-family: arabic-kufi;font-size: 14pt;color: #000000\">&#8211; \u0627\u0644\u0645\u0633\u0627\u0647\u0645\u0629 \u0641\u064a \u0625\u062b\u0631\u0627\u0621 \u0627\u0644\u0645\u0648\u0627\u0642\u0639 \u0627\u0644\u0625\u0644\u0643\u062a\u0631\u0648\u0646\u064a\u0629 \u0627\u0644\u0648\u0637\u0646\u064a\u0629 \u0627\u0644\u062e\u0627\u0635\u0629 \u0628\u0627\u0644\u0628\u062d\u062b \u0627\u0644\u0639\u0644\u0645\u064a (<a style=\"color: #000000\" title=\"catalogue collectif d\\'alg\u00e9rie\" href=\"http:\/\/www.ccdz.cerist.dz\/\">CCDZ<\/a>\u060c<a style=\"color: #000000\" title=\"\u0627\u0644\u0628\u0648\u0627\u0628\u0629 \u0627\u0644\u0648\u0637\u0646\u064a\u0629 \u0644\u0644\u0625\u0634\u0639\u0627\u0631 \u0639\u0646 \u0627\u0644\u0623\u0637\u0631\u0648\u062d\u0627\u062a\" href=\"http:\/\/www.pnst.cerist.dz\/\" target=\"_blank\" rel=\"noopener noreferrer\">pnst<\/a>).<\/span><\/p>\n<p dir=\"RTL\"><span style=\"font-family: arabic-kufi;font-size: 14pt;color: #000000\"><strong>\u0627\u0644\u0637\u0627\u0628\u0642 \u0627\u0644\u0623\u0631\u0636\u064a<\/strong>:<\/span><\/p>\n<p dir=\"RTL\" style=\"text-align: justify\"><span style=\"font-family: arabic-kufi;font-size: 14pt;color: #000000\">1-\u0645\u0643\u062a\u0628 \u0627\u0644\u0625\u0639\u0644\u0627\u0645 \u0648 \u0627\u0644\u062a\u0648\u062c\u064a\u0647 :\u00a0<b><\/b>\u0645\u0647\u0645\u062a\u0647 \u0627\u0644\u0633\u0647\u0631 \u0639\u0644\u0649 \u0627\u0644\u0646\u0638\u0627\u0645\u060c \u0627\u0644\u0645\u0631\u0627\u0642\u0628\u0629\u060c \u0648 \u062a\u0646\u0638\u064a\u0645 \u062d\u0631\u0643\u0629 \u0627\u0644\u0637\u0644\u0627\u0628 \u062f\u0627\u062e\u0644 \u0627\u0644\u0645\u0643\u062a\u0628\u0629.<b><\/b><\/span><\/p>\n<p dir=\"RTL\" style=\"text-align: justify\"><span style=\"font-family: arabic-kufi;font-size: 14pt;color: #000000\">2- \u0634\u0628\u0640\u0627\u0643 \u0627\u0644\u0625\u0639\u0627\u0631\u0629 : \u062a\u062a\u0645 \u0641\u064a\u0647 \u0639\u0645\u0644\u064a\u0629 \u0627\u0644\u0625\u0639\u0627\u0631\u0629\u060c \u062a\u0648\u062c\u064a\u0647 \u0627\u0644\u0637\u0644\u0628\u0629 \u0648 \u0645\u0633\u0627\u0639\u062f\u062a\u0647\u0645 \u0641\u064a \u0623\u0628\u062d\u0627\u062b\u0647\u0645.<\/span><\/p>\n<p style=\"text-align: justify\"><span style=\"font-family: arabic-kufi;font-size: 14pt;color: #000000\">3- \u0642\u0627\u0639\u0629 \u0627\u0644\u0645\u0637\u0627\u0644\u0639\u0629 : \u0647\u0630\u0647 \u0627\u0644\u0642\u0627\u0639\u0629 \u0645\u062c\u0647\u0632\u0629 \u0628\u0640 190 \u0645\u0642\u0639\u062f \u0627\u0644\u0637\u0644\u0628\u0629.<\/span><\/p>\n<p dir=\"RTL\" style=\"text-align: justify\"><span style=\"font-family: arabic-kufi;font-size: 14pt;color: #000000\">4- \u0642\u0627\u0639\u0629 \u0627\u0644\u0628\u062d\u062b :\u00a0\u0645\u062c\u0647\u0632\u0629 \u0628\u0640 19 \u062c\u0647\u0627\u0632 \u062d\u0627\u0633\u0648\u0628 \u0644\u062a\u0645\u0643\u064a\u0646 \u0627\u0644\u0637\u0644\u0628\u0629 \u0627\u0644\u0628\u062d\u062b \u0627\u0644\u0628\u064a\u0628\u0644\u064a\u0648\u063a\u0631\u0627\u0641\u064a \u0641\u064a \u0642\u0627\u0639\u062f\u0629 \u0627\u0644\u0628\u064a\u0627\u0646\u0627\u062a \u0627\u0644\u062e\u0627\u0635\u0629 \u0628\u0627\u0644\u0645\u0643\u062a\u0628\u0629.<\/span><\/p>\n<p dir=\"RTL\" style=\"text-align: justify\"><span style=\"font-family: arabic-kufi;font-size: 14pt;color: #000000\">5- \u0642\u0627\u0639\u0629 \u0627\u0644\u0627\u0646\u062a\u0631\u0646\u062a :\u00a0\u0645\u062c\u0647\u0632\u0629 \u0628\u0640 52 \u062c\u0647\u0627\u0632 \u062d\u0627\u0633\u0648\u0628 \u062d\u064a\u062b \u064a\u062a\u0645 \u062a\u0642\u062f\u064a\u0645 \u0645\u0633\u0627\u0639\u062f\u0629 \u062a\u0642\u0646\u064a\u0629 \u0644\u0644\u0637\u0644\u0628\u0629\u060c \u0645\u0646 \u0623\u062c\u0644 \u0627\u0644\u062a\u0635\u0641\u062d \u0639\u0644\u0649 \u0634\u0628\u0643\u0629 \u0627\u0644\u0625\u0646\u062a\u0631\u0646\u062a \u0645\u0639 \u0648\u062c\u0648\u062f \u062e\u062f\u0645\u0629 WIFI .<\/span><\/p>\n<p dir=\"RTL\"><span style=\"font-family: arabic-kufi;font-size: 14pt;color: #000000\">6- \u0625\u062f\u0627\u0631\u0629 \u0627\u0644\u0645\u0643\u062a\u0628\u0629 :<\/span><\/p>\n<p dir=\"RTL\"><span style=\"font-family: arabic-kufi;font-size: 14pt;color: #000000\">\u00a0 \u00a0 \u0623 &#8211; \u0645\u0643\u062a\u0628 \u0645\u062d\u0627\u0641\u0638\u0629 \u0627\u0644\u0645\u0643\u062a\u0628\u0629 .<\/span><\/p>\n<p dir=\"RTL\"><span style=\"font-family: arabic-kufi;font-size: 14pt;color: #000000\">\u00a0\u00a0\u00a0 \u0628 &#8211; \u0645\u0643\u062a\u0628 \u0627\u0644\u062a\u0648\u062c\u064a\u0647.<\/span><\/p>\n<p dir=\"RTL\"><span style=\"font-family: arabic-kufi;font-size: 14pt;color: #000000\">\u00a0\u00a0\u00a0 \u062c &#8211; \u0645\u0643\u062a\u0628 \u0627\u0644\u0628\u062d\u062b \u0627\u0644\u0628\u064a\u0628\u0644\u064a\u0648\u063a\u0631\u0627\u0641\u064a.<\/span><\/p>\n<p dir=\"RTL\"><span style=\"font-family: arabic-kufi;font-size: 14pt;color: #000000\">\u00a0\u00a0\u00a0 \u062f &#8211; \u0645\u0643\u062a\u0628 \u0627\u0644\u0627\u0642\u062a\u0646\u0627\u0621\u0627\u062a .<\/span><\/p>\n<p dir=\"RTL\"><span style=\"font-family: arabic-kufi;font-size: 14pt;color: #000000\">7 &#8211; \u0642\u0627\u0639\u0629 \u0639\u0631\u0636 .<\/span><\/p>\n<p dir=\"RTL\"><span style=\"font-family: arabic-kufi;font-size: 14pt;color: #000000\"><strong>\u0627\u0644\u0637\u0627\u0628\u0642 \u0627\u0644\u0623\u0648\u0644:<\/strong><\/span><\/p>\n<p dir=\"RTL\"><span style=\"font-family: arabic-kufi;font-size: 14pt;color: #000000\">1- \u0642\u0627\u0639\u0629 \u0627\u0644\u0627\u0646\u062a\u0631\u0646\u062a \u0644\u0644\u0623\u0633\u0627\u062a\u0630\u0629: \u0645\u062c\u0647\u0632\u0629 \u0628\u0640 15 \u062c\u0647\u0627\u0632 \u062d\u0627\u0633\u0648\u0628 .<\/span><\/p>\n<p dir=\"RTL\"><span style=\"font-family: arabic-kufi;font-size: 14pt;color: #000000\">2- \u0642\u0627\u0639\u0629 \u0627\u0644\u0645\u0637\u0627\u0644\u0639\u0629 \u0644\u0644\u0637\u0644\u0628\u0629 : \u0645\u062c\u0647\u0632\u0629 \u0628\u0640 190 \u0645\u0642\u0639\u062f .<\/span><\/p>\n<p dir=\"RTL\"><span style=\"font-family: arabic-kufi;font-size: 14pt;color: #000000\">3- \u0645\u0643\u062a\u0628 \u0627\u0644\u0645\u0639\u0627\u0644\u062c\u0629.<\/span><\/p>\n<p dir=\"RTL\"><span style=\"font-family: arabic-kufi;font-size: 14pt;color: #000000\"><strong>\u0627\u0644\u0637\u0627\u0628\u0642 \u0627\u0644\u062b\u0627\u0646\u064a:<\/strong><\/span><\/p>\n<p dir=\"RTL\"><span style=\"font-family: arabic-kufi;font-size: 14pt;color: #000000\">1-\u0642\u0627\u0639\u0629 \u0627\u0644\u0645\u0637\u0627\u0644\u0639\u0629 \u0644\u0644\u0637\u0644\u0628\u0629 :\u00a0\u0645\u062c\u0647\u0632\u0629 \u0628\u0640 190 \u0645\u0642\u0639\u062f .<\/span><\/p>\n<p align=\"right\"><span style=\"font-family: arabic-kufi;font-size: 14pt;color: #000000\">2- \u0645\u0643\u062a\u0628 \u0627\u0644\u0645\u0630\u0643\u0631\u0627\u062a : \u062a\u062d\u062a\u0648\u0649 \u0639\u0644\u0649 \u0623\u0637\u0631\u0648\u062d\u0627\u062a \u0627\u0644\u062f\u0643\u062a\u0648\u0631\u0627\u0647 \u0648 \u0627\u0644\u0645\u0627\u062c\u0633\u062a\u064a\u0631 \u0648 \u0645\u0630\u0643\u0631\u0627\u062a \u062a\u062e\u0631\u062c .<\/span><\/p>\n<p dir=\"RTL\"><span style=\"font-family: arabic-kufi;font-size: 14pt;color: #000000\">3- \u0645\u0643\u062a\u0628 \u0627\u0644\u062f\u0648\u0631\u064a\u0627\u062a \u0648 \u0627\u0644\u0645\u062c\u0644\u0627\u062a : \u062a\u062d\u062a\u0648\u064a \u0639\u0644\u0649 103 \u0639\u0646\u0627\u0648\u064a\u0646 \u060c\u0643\u0645\u0627 \u062a\u0642\u062f\u0645 \u0643\u062a\u064a\u0628\u0627\u062a \u0648\u062f\u0644\u064a\u0644 \u0627\u0644\u062a\u062f\u0631\u064a\u0633 \u0641\u064a \u0627\u0644\u062c\u0627\u0645\u0639\u0627\u062a \u0627\u0644\u0623\u062c\u0646\u0628\u064a\u0629.<\/span><\/p>\n<\/div>\n<\/div>\n<\/div>\n<\/div>\n<\/div>\n<\/div>\n<\/div>\n","protected":false},"excerpt":{"rendered":"<p>\u062a\u0642\u062f\u064a\u0645 \u0627\u0644\u0645\u0643\u062a\u0628\u0629 \u0627\u0644\u0645\u0631\u0643\u0632\u064a\u0629 \u0627\u0641\u062a\u062a\u062d\u062a \u0627\u0644\u0645\u0643\u062a\u0628\u0629 \u0627\u0644\u0645\u0631\u0643\u0632\u064a\u0629 \u0641\u064a \u0633\u0628\u062a\u0645\u0628\u0631 2005 \u0645\u0646 \u0637\u0631\u0641 \u0627\u0644\u0633\u064a\u062f \u0631\u0626\u064a\u0633 \u0627\u0644\u062c\u0645\u0647\u0648\u0631\u064a\u0629\u060c \u0628\u0633\u0639\u0629 500 \u0645\u0642\u0639\u062f\u060c \u062a\u062a\u0631\u0628\u0639 \u0639\u0644\u0649 \u0645\u0633\u0627\u062d\u0629 \u0642\u062f\u0631\u0647\u0627 7225\u0645\u00b2. \u0648 \u062a\u062a\u0643\u0648\u0646 \u0645\u0646 \u062b\u0644\u0627\u062b\u0629 \u0637\u0648\u0627\u0628\u0642 \u062a\u062d\u062a\u0648\u064a \u0639\u0644\u0649 \u0645\u0635\u0627\u0644\u062d \u0645\u062e\u062a\u0644\u0641\u0629 \u062a\u0633\u0627\u0647\u0645 \u0641\u064a \u0625\u0646\u062c\u0627\u0632 \u0645\u0647\u0627\u0645 \u0627\u0644\u0645\u0643\u062a\u0628\u0629 \u0628\u0635\u0648\u0631\u0629 \u062c\u064a\u062f\u0629. \u062a\u0642\u0639 \u0627\u0644\u0645\u0643\u062a\u0628\u0629 \u0627\u0644\u0645\u0631\u0643\u0632\u064a\u0629 \u0645\u0628\u0627\u0634\u0631\u0629 \u0623\u0645\u0627\u0645 \u0645\u0631\u0643\u0632 \u0627\u0644\u0625\u0639\u0644\u0627\u0645 \u0627\u0644\u0622\u0644\u064a \u0648 \u062e\u0644\u0641\u0647\u0627 \u0627\u0644\u0645\u0631\u0643\u0632 \u0627\u0644\u0637\u0628\u064a \u0648 \u0628\u0631\u064a\u062f \u0627\u0644\u062c\u0632\u0627\u0626\u0631. \u00a0 \u0623\u0647\u062f\u0627\u0641 [&hellip;]<\/p>\n","protected":false},"author":14,"featured_media":0,"parent":0,"menu_order":0,"comment_status":"open","ping_status":"closed","template":"elementor_header_footer","meta":{"_exactmetrics_skip_tracking":false,"_exactmetrics_sitenote_active":false,"_exactmetrics_sitenote_note":"","_exactmetrics_sitenote_category":0,"footnotes":""},"coauthors":[545],"class_list":["post-8572","page","type-page","status-publish","hentry"],"_links":{"self":[{"href":"https:\/\/lagh-univ.dz\/en\/wp-json\/wp\/v2\/pages\/8572","targetHints":{"allow":["GET"]}}],"collection":[{"href":"https:\/\/lagh-univ.dz\/en\/wp-json\/wp\/v2\/pages"}],"about":[{"href":"https:\/\/lagh-univ.dz\/en\/wp-json\/wp\/v2\/types\/page"}],"author":[{"embeddable":true,"href":"https:\/\/lagh-univ.dz\/en\/wp-json\/wp\/v2\/users\/14"}],"replies":[{"embeddable":true,"href":"https:\/\/lagh-univ.dz\/en\/wp-json\/wp\/v2\/comments?post=8572"}],"version-history":[{"count":9,"href":"https:\/\/lagh-univ.dz\/en\/wp-json\/wp\/v2\/pages\/8572\/revisions"}],"predecessor-version":[{"id":39997,"href":"https:\/\/lagh-univ.dz\/en\/wp-json\/wp\/v2\/pages\/8572\/revisions\/39997"}],"wp:attachment":[{"href":"https:\/\/lagh-univ.dz\/en\/wp-json\/wp\/v2\/media?parent=8572"}],"wp:term":[{"taxonomy":"author","embeddable":true,"href":"https:\/\/lagh-univ.dz\/en\/wp-json\/wp\/v2\/coauthors?post=8572"}],"curies":[{"name":"wp","href":"https:\/\/api.w.org\/{rel}","templated":true}]}}