{"id":8580,"date":"2018-12-24T15:24:47","date_gmt":"2018-12-24T17:24:47","guid":{"rendered":"https:\/\/lagh-univ.dz\/cellule-daccompagnement-pedagogique-textes-reglementaires\/"},"modified":"2024-11-20T10:15:13","modified_gmt":"2024-11-20T09:15:13","slug":"cellule-daccompagnement-pedagogique-textes-reglementaires","status":"publish","type":"page","link":"https:\/\/lagh-univ.dz\/en\/cellule-daccompagnement-pedagogique-textes-reglementaires\/","title":{"rendered":"Cellule d&#8217;accompagnement p\u00e9dagogique-Textes r\u00e9gl\u00e9mentaires"},"content":{"rendered":"","protected":false},"excerpt":{"rendered":"","protected":false},"author":1,"featured_media":0,"parent":0,"menu_order":0,"comment_status":"closed","ping_status":"closed","template":"elementor_header_footer","meta":{"_exactmetrics_skip_tracking":false,"_exactmetrics_sitenote_active":false,"_exactmetrics_sitenote_note":"","_exactmetrics_sitenote_category":0,"footnotes":""},"coauthors":[],"class_list":["post-8580","page","type-page","status-publish","hentry"],"_links":{"self":[{"href":"https:\/\/lagh-univ.dz\/en\/wp-json\/wp\/v2\/pages\/8580","targetHints":{"allow":["GET"]}}],"collection":[{"href":"https:\/\/lagh-univ.dz\/en\/wp-json\/wp\/v2\/pages"}],"about":[{"href":"https:\/\/lagh-univ.dz\/en\/wp-json\/wp\/v2\/types\/page"}],"author":[{"embeddable":true,"href":"https:\/\/lagh-univ.dz\/en\/wp-json\/wp\/v2\/users\/1"}],"replies":[{"embeddable":true,"href":"https:\/\/lagh-univ.dz\/en\/wp-json\/wp\/v2\/comments?post=8580"}],"version-history":[{"count":1,"href":"https:\/\/lagh-univ.dz\/en\/wp-json\/wp\/v2\/pages\/8580\/revisions"}],"predecessor-version":[{"id":62082,"href":"https:\/\/lagh-univ.dz\/en\/wp-json\/wp\/v2\/pages\/8580\/revisions\/62082"}],"wp:attachment":[{"href":"https:\/\/lagh-univ.dz\/en\/wp-json\/wp\/v2\/media?parent=8580"}],"wp:term":[{"taxonomy":"author","embeddable":true,"href":"https:\/\/lagh-univ.dz\/en\/wp-json\/wp\/v2\/coauthors?post=8580"}],"curies":[{"name":"wp","href":"https:\/\/api.w.org\/{rel}","templated":true}]}}