{"id":8722,"date":"2019-01-18T07:58:03","date_gmt":"2019-01-18T09:58:03","guid":{"rendered":"https:\/\/lagh-univ.dz\/laboratoires-des-recherches-ledmascd-equipes-de-recherche\/"},"modified":"2024-11-20T10:25:03","modified_gmt":"2024-11-20T09:25:03","slug":"laboratoires-des-recherches-ledmascd-equipes-de-recherche","status":"publish","type":"page","link":"https:\/\/lagh-univ.dz\/en\/laboratoires-des-recherches-ledmascd-equipes-de-recherche\/","title":{"rendered":"Laboratoires des recherches- LeDMaScD-Equipes de recherche"},"content":{"rendered":"<p dir=\"ltr\" style=\"text-align: left\">[su_spoiler title=&#8221;<strong>\u00c9quipe 01 : <\/strong>&#8221; style=&#8221;fancy&#8221;]<\/p>\n<table style=\"height: 133px\" width=\"476\">\n<tbody>\n<tr>\n<td style=\"width: 112px\"><\/td>\n<td style=\"width: 112px\"><\/td>\n<td style=\"width: 112px\"><\/td>\n<td style=\"width: 112px\"><\/td>\n<\/tr>\n<tr>\n<td style=\"width: 112px\"><\/td>\n<td style=\"width: 112px\"><\/td>\n<td style=\"width: 112px\"><\/td>\n<td style=\"width: 112px\"><\/td>\n<\/tr>\n<tr>\n<td style=\"width: 112px\"><\/td>\n<td style=\"width: 112px\"><\/td>\n<td style=\"width: 112px\"><\/td>\n<td style=\"width: 112px\"><\/td>\n<\/tr>\n<tr>\n<td style=\"width: 112px\"><\/td>\n<td style=\"width: 112px\"><\/td>\n<td style=\"width: 112px\"><\/td>\n<td style=\"width: 112px\"><\/td>\n<\/tr>\n<tr>\n<td style=\"width: 112px\"><\/td>\n<td style=\"width: 112px\"><\/td>\n<td style=\"width: 112px\"><\/td>\n<td style=\"width: 112px\"><\/td>\n<\/tr>\n<\/tbody>\n<\/table>\n<p>[\/su_spoiler]<\/p>\n<p>&nbsp;<\/p>\n<p>&nbsp;<\/p>\n<p>&nbsp;<\/p>\n<p>&nbsp;<\/p>\n<p>&nbsp;<\/p>\n<p>&nbsp;<\/p>\n<p>&nbsp;<\/p>\n<p>&nbsp;<\/p>\n<p>&nbsp;<\/p>\n<p dir=\"ltr\">[su_spoiler title=&#8221;<strong>Equipe 2 : <span style=\"color: #0000ff\">Mat\u00e9riaux Ferromagn\u00e9tiques et Isolants &#8211; Conducteurs <\/span><\/strong>&#8221; style=&#8221;fancy&#8221;]Ici votre d\u00e9scription [\/su_spoiler]<\/p>\n<p dir=\"ltr\">[su_spoiler title=&#8221;<strong>Equipe 03 :\u00a0 <\/strong>&#8221; style=&#8221;fancy&#8221;]Ici votre d\u00e9scription [\/su_spoiler]<\/p>\n<p dir=\"ltr\">[su_spoiler title=&#8221;<strong>Equipe 04 : <span style=\"color: #0000ff\">C\u00e9ramiques <\/span><\/strong>&#8221; style=&#8221;fancy&#8221;]Ici votre d\u00e9scription [\/su_spoiler]<\/p>\n","protected":false},"excerpt":{"rendered":"<p>[su_spoiler title=&#8221;\u00c9quipe 01 : &#8221; style=&#8221;fancy&#8221;] [\/su_spoiler] &nbsp; &nbsp; &nbsp; &nbsp; &nbsp; &nbsp; &nbsp; &nbsp; &nbsp; [su_spoiler title=&#8221;Equipe 2 : Mat\u00e9riaux Ferromagn\u00e9tiques et Isolants &#8211; Conducteurs &#8221; style=&#8221;fancy&#8221;]Ici votre d\u00e9scription [\/su_spoiler] [su_spoiler title=&#8221;Equipe 03 :\u00a0 &#8221; style=&#8221;fancy&#8221;]Ici votre d\u00e9scription [\/su_spoiler] [su_spoiler title=&#8221;Equipe 04 : C\u00e9ramiques &#8221; style=&#8221;fancy&#8221;]Ici votre d\u00e9scription [\/su_spoiler]<\/p>\n","protected":false},"author":13,"featured_media":0,"parent":0,"menu_order":0,"comment_status":"closed","ping_status":"closed","template":"elementor_header_footer","meta":{"_exactmetrics_skip_tracking":false,"_exactmetrics_sitenote_active":false,"_exactmetrics_sitenote_note":"","_exactmetrics_sitenote_category":0,"footnotes":""},"coauthors":[533],"class_list":["post-8722","page","type-page","status-publish","hentry"],"_links":{"self":[{"href":"https:\/\/lagh-univ.dz\/en\/wp-json\/wp\/v2\/pages\/8722","targetHints":{"allow":["GET"]}}],"collection":[{"href":"https:\/\/lagh-univ.dz\/en\/wp-json\/wp\/v2\/pages"}],"about":[{"href":"https:\/\/lagh-univ.dz\/en\/wp-json\/wp\/v2\/types\/page"}],"author":[{"embeddable":true,"href":"https:\/\/lagh-univ.dz\/en\/wp-json\/wp\/v2\/users\/13"}],"replies":[{"embeddable":true,"href":"https:\/\/lagh-univ.dz\/en\/wp-json\/wp\/v2\/comments?post=8722"}],"version-history":[{"count":19,"href":"https:\/\/lagh-univ.dz\/en\/wp-json\/wp\/v2\/pages\/8722\/revisions"}],"predecessor-version":[{"id":20721,"href":"https:\/\/lagh-univ.dz\/en\/wp-json\/wp\/v2\/pages\/8722\/revisions\/20721"}],"wp:attachment":[{"href":"https:\/\/lagh-univ.dz\/en\/wp-json\/wp\/v2\/media?parent=8722"}],"wp:term":[{"taxonomy":"author","embeddable":true,"href":"https:\/\/lagh-univ.dz\/en\/wp-json\/wp\/v2\/coauthors?post=8722"}],"curies":[{"name":"wp","href":"https:\/\/api.w.org\/{rel}","templated":true}]}}