{"id":8864,"date":"2019-01-18T11:08:56","date_gmt":"2019-01-18T13:08:56","guid":{"rendered":"https:\/\/lagh-univ.dz\/laboratoires-des-recherches-lsf-production-scientifique-projets-de-recherche\/"},"modified":"2025-11-06T17:47:38","modified_gmt":"2025-11-06T16:47:38","slug":"laboratoires-des-recherches-lsf-production-scientifique-projets-de-recherche","status":"publish","type":"page","link":"https:\/\/lagh-univ.dz\/en\/laboratoires-des-recherches-lsf-production-scientifique-projets-de-recherche\/","title":{"rendered":"Laboratoires des recherches- LSF -Production scientifique-Projets de recherche"},"content":{"rendered":"<p><a href=\"https:\/\/lagh-univ.dz\/\"><br \/>\n\t\t\t\t\t\t\t<img decoding=\"async\" width=\"396\" height=\"75\" src=\"https:\/\/lagh-univ.dz\/wp-content\/uploads\/2023\/02\/s5_logo.png\" alt=\"\" srcset=\"https:\/\/lagh-univ.dz\/wp-content\/uploads\/2023\/02\/s5_logo.png 396w, https:\/\/lagh-univ.dz\/wp-content\/uploads\/2023\/02\/s5_logo-300x57.png 300w\" sizes=\"(max-width: 396px) 100vw, 396px\" \/>\t\t\t\t\t\t\t\t<\/a><br \/>\n\t\t\t\t\t<a href=\"https:\/\/www.facebook.com\/laghuniv.dz\" target=\"_blank\"><br \/>\n\t\t\t\t\t\tFacebook<br \/>\n\t\t\t\t\t\t\t\t\t\t\t<\/a><br \/>\n\t\t\t\t\t<a href=\"https:\/\/www.youtube.com\/@universite_de_laghouat\" target=\"_blank\"><br \/>\n\t\t\t\t\t\tYoutube<br \/>\n\t\t\t\t\t\t\t\t\t\t\t<\/a><\/p>\n<p dir=\"ltr\" style=\"text-align: center\"><strong>Research projects &#8211; LSF<\/strong><\/p>\n<p dir=\"ltr\" style=\"text-align: left\"><strong>Research projects since 2018 &#8211; Team title 4\u00a0: Physico-chemistry of micro and meso porous materials<\/strong><\/p>\n<table dir=\"ltr\" width=\"603\">\n<tbody>\n<tr>\n<td width=\"186\"><strong>Project<\/strong><\/td>\n<td width=\"145\"><strong>Entitled<\/strong><\/td>\n<td width=\"116\"><strong>Head of the project<\/strong><\/td>\n<td width=\"155\"><strong>E-mail<\/strong><\/td>\n<\/tr>\n<tr>\n<td width=\"186\">&nbsp;<br \/>\n&nbsp;<br \/>\n&nbsp;<br \/>\n&nbsp;<br \/>\n&nbsp;<br \/>\n&nbsp;<br \/>\n&nbsp;<br \/>\n&nbsp;<br \/>\nB00L01UN030120180003<\/td>\n<td width=\"145\">Study of the variability of the chemical composition of the primary (polyphenols, fatty acids, tocopherols) and secondary (essential oils) metabolites for a selection of local medicinal plants, then the investigation of the effect of this variability (chemotypes) on activity biological and \/ or antioxidant.<\/td>\n<td width=\"116\">Gourine Nadhir<\/td>\n<td width=\"155\">n.gourine@lagh-univ.dz<\/td>\n<\/tr>\n<\/tbody>\n<\/table>\n<p dir=\"ltr\" style=\"text-align: left\">\u00a0<\/p>\n<p dir=\"ltr\" style=\"text-align: left\">\u00a0<\/p>\n<p dir=\"ltr\" style=\"text-align: left\"><strong>Research projects since 2018 &#8211; Team title 5\u00a0: Biophysical and biochemical interaction of molecules of primary and secondary metabolisms<\/strong><\/p>\n<p dir=\"ltr\" style=\"text-align: left\">\u00a0<\/p>\n<table dir=\"ltr\" width=\"659\">\n<tbody>\n<tr>\n<td width=\"175\"><strong>Project<\/strong><\/td>\n<td width=\"172\"><strong>Entitled<\/strong><\/td>\n<td width=\"125\"><strong>Head of the project<\/strong><\/td>\n<td width=\"186\"><strong>E-mail<\/strong><\/td>\n<\/tr>\n<tr>\n<td width=\"175\">PRFU 2019-2022. Code\u00a0: B00L01UN030120190002\u00a0<\/td>\n<td width=\"172\">Activit\u00e9s antidiab\u00e9tiques des extraits de quelques esp\u00e8ces v\u00e9g\u00e9tales locales\u00a0<\/td>\n<td width=\"125\">DJERIDANE Amar<\/td>\n<td width=\"186\">a.djeridane@lagh-univ.dz<\/td>\n<\/tr>\n<\/tbody>\n<\/table>\n<p dir=\"ltr\" style=\"text-align: left\">\u00a0<\/p>\n","protected":false},"excerpt":{"rendered":"<p>Facebook Youtube Research projects &#8211; LSF Research projects since 2018 &#8211; Team title 4\u00a0: Physico-chemistry of micro and meso porous materials Project Entitled Head of the project E-mail &nbsp; &nbsp; &nbsp; &nbsp; &nbsp; &nbsp; &nbsp; &nbsp; B00L01UN030120180003 Study of the variability of the chemical composition of the primary (polyphenols, fatty acids, tocopherols) and secondary (essential [&hellip;]<\/p>\n","protected":false},"author":11,"featured_media":0,"parent":0,"menu_order":0,"comment_status":"closed","ping_status":"closed","template":"elementor_header_footer","meta":{"_exactmetrics_skip_tracking":false,"_exactmetrics_sitenote_active":false,"_exactmetrics_sitenote_note":"","_exactmetrics_sitenote_category":0,"footnotes":""},"coauthors":[530],"class_list":["post-8864","page","type-page","status-publish","hentry"],"_links":{"self":[{"href":"https:\/\/lagh-univ.dz\/en\/wp-json\/wp\/v2\/pages\/8864","targetHints":{"allow":["GET"]}}],"collection":[{"href":"https:\/\/lagh-univ.dz\/en\/wp-json\/wp\/v2\/pages"}],"about":[{"href":"https:\/\/lagh-univ.dz\/en\/wp-json\/wp\/v2\/types\/page"}],"author":[{"embeddable":true,"href":"https:\/\/lagh-univ.dz\/en\/wp-json\/wp\/v2\/users\/11"}],"replies":[{"embeddable":true,"href":"https:\/\/lagh-univ.dz\/en\/wp-json\/wp\/v2\/comments?post=8864"}],"version-history":[{"count":5,"href":"https:\/\/lagh-univ.dz\/en\/wp-json\/wp\/v2\/pages\/8864\/revisions"}],"predecessor-version":[{"id":70537,"href":"https:\/\/lagh-univ.dz\/en\/wp-json\/wp\/v2\/pages\/8864\/revisions\/70537"}],"wp:attachment":[{"href":"https:\/\/lagh-univ.dz\/en\/wp-json\/wp\/v2\/media?parent=8864"}],"wp:term":[{"taxonomy":"author","embeddable":true,"href":"https:\/\/lagh-univ.dz\/en\/wp-json\/wp\/v2\/coauthors?post=8864"}],"curies":[{"name":"wp","href":"https:\/\/api.w.org\/{rel}","templated":true}]}}