{"id":9238,"date":"2018-07-18T19:53:07","date_gmt":"2018-07-18T19:53:07","guid":{"rendered":"https:\/\/lagh-univ.dz\/technologie-graduation-service-denseignement-et-evaluation\/"},"modified":"2020-02-18T12:36:36","modified_gmt":"2020-02-18T14:36:36","slug":"technologie-graduation-service-denseignement-et-evaluation","status":"publish","type":"page","link":"https:\/\/lagh-univ.dz\/en\/faculte-de-technologie\/technologie-graduation-service-denseignement-et-evaluation\/","title":{"rendered":"Technologie-Graduation-service d\u2019enseignement et evaluation"},"content":{"rendered":"<p dir=\"ltr\"><span style=\"color: #ff0000\"><strong><span class=\"tlid-translation translation\" lang=\"fr\"><span class=\"\" title=\"\">Teatching and Evaluation Service :<\/span><\/span><\/strong><\/span><\/p>\n<p dir=\"ltr\"><span style=\"color: #000000\">chef de service: <strong>Ben touati soufian<\/strong><\/span><\/p>\n<p dir=\"ltr\"><span style=\"color: #000000\">Email: <a style=\"color: #000000\" href=\"mailto:Bentouati.sof@gmail.com\">Bentouati.sof@gmail.com<\/a><\/span><\/p>\n<p dir=\"ltr\"><span style=\"color: #000000\">Tel: 029521160\u00a0 ext. :232<br \/>\n<\/span><\/p>\n<p dir=\"ltr\"><span style=\"font-family: Book Antiqua, Palatino;font-size: 14pt;color: #000000\">Assisted by Mr. Hammadi Ahmed.<\/span><\/p>\n<p dir=\"ltr\"><span class=\"tlid-translation translation\" lang=\"fr\" style=\"color: #000000\"><span class=\"\" title=\"\"><span style=\"color: #000000\">\u00a0<\/span><\/span><\/span><\/p>\n<p dir=\"ltr\" style=\"text-align: left\"><span style=\"font-family: Book Antiqua, Palatino;font-size: 14pt;color: #0000ff\">Service tasks:<\/span><\/p>\n<ul>\n<li style=\"text-align: left\"><span style=\"font-family: Book Antiqua, Palatino;font-size: 14pt;color: #000000\">Verify the deliberations minutes.<\/span><\/li>\n<li style=\"text-align: left\"><span style=\"font-family: Book Antiqua, Palatino;font-size: 14pt;color: #000000\">Issue school certificates, student cards and transcripts for previous promotions.<\/span><\/li>\n<li style=\"text-align: left\"><span style=\"font-family: Book Antiqua, Palatino;font-size: 14pt;color: #000000\">Monitor the authentication process for documents issued by the faculty.<\/span><\/li>\n<\/ul>\n<p dir=\"ltr\">[su_spoiler title=&#8221;Demande de d\u00e9livrance d&#8217;une deuxi\u00e8me copie de la carte d&#8217;\u00e9tudiant&#8221; style=&#8221;fancy&#8221; icon=&#8221;caret&#8221;]<\/p>\n<p dir=\"ltr\" style=\"text-align: left\"><span class=\"tlid-translation translation\" lang=\"en\"><span title=\"\">&#8211;<span style=\"font-family: Book Antiqua, Palatino;font-size: 14pt;color: #000000\"> handwritten request<\/span><\/span><br \/>\n<span style=\"font-family: Book Antiqua, Palatino;font-size: 14pt;color: #000000\" title=\"\">&#8211; A declaration of loss or theft &#8230; (issued by the National Security Authority)<\/span><br \/>\n<span style=\"font-family: Book Antiqua, Palatino;font-size: 14pt;color: #000000\" title=\"\">&#8211; A copy of the registration certificate<\/span><br \/>\n<span class=\"\" style=\"font-family: Book Antiqua, Palatino;font-size: 14pt;color: #000000\" title=\"\">&#8211; Photo<\/span><\/span><\/p>\n<p dir=\"ltr\">[\/su_spoiler]<\/p>\n<p dir=\"ltr\">\n","protected":false},"excerpt":{"rendered":"<p>Teatching and Evaluation Service : chef de service: Ben touati soufian Email: Bentouati.sof@gmail.com Tel: 029521160\u00a0 ext. :232 Assisted by Mr. Hammadi Ahmed. \u00a0 Service tasks: Verify the deliberations minutes. Issue school certificates, student cards and transcripts for previous promotions. Monitor the authentication process for documents issued by the faculty. [su_spoiler title=&#8221;Demande de d\u00e9livrance d&#8217;une deuxi\u00e8me [&hellip;]<\/p>\n","protected":false},"author":13,"featured_media":0,"parent":6783,"menu_order":0,"comment_status":"closed","ping_status":"closed","template":"elementor_header_footer","meta":{"_exactmetrics_skip_tracking":false,"_exactmetrics_sitenote_active":false,"_exactmetrics_sitenote_note":"","_exactmetrics_sitenote_category":0,"footnotes":""},"coauthors":[533],"class_list":["post-9238","page","type-page","status-publish","hentry"],"_links":{"self":[{"href":"https:\/\/lagh-univ.dz\/en\/wp-json\/wp\/v2\/pages\/9238","targetHints":{"allow":["GET"]}}],"collection":[{"href":"https:\/\/lagh-univ.dz\/en\/wp-json\/wp\/v2\/pages"}],"about":[{"href":"https:\/\/lagh-univ.dz\/en\/wp-json\/wp\/v2\/types\/page"}],"author":[{"embeddable":true,"href":"https:\/\/lagh-univ.dz\/en\/wp-json\/wp\/v2\/users\/13"}],"replies":[{"embeddable":true,"href":"https:\/\/lagh-univ.dz\/en\/wp-json\/wp\/v2\/comments?post=9238"}],"version-history":[{"count":8,"href":"https:\/\/lagh-univ.dz\/en\/wp-json\/wp\/v2\/pages\/9238\/revisions"}],"predecessor-version":[{"id":28799,"href":"https:\/\/lagh-univ.dz\/en\/wp-json\/wp\/v2\/pages\/9238\/revisions\/28799"}],"up":[{"embeddable":true,"href":"https:\/\/lagh-univ.dz\/en\/wp-json\/wp\/v2\/pages\/6783"}],"wp:attachment":[{"href":"https:\/\/lagh-univ.dz\/en\/wp-json\/wp\/v2\/media?parent=9238"}],"wp:term":[{"taxonomy":"author","embeddable":true,"href":"https:\/\/lagh-univ.dz\/en\/wp-json\/wp\/v2\/coauthors?post=9238"}],"curies":[{"name":"wp","href":"https:\/\/api.w.org\/{rel}","templated":true}]}}