{"id":9258,"date":"2018-07-18T19:35:49","date_gmt":"2018-07-18T19:35:49","guid":{"rendered":"https:\/\/lagh-univ.dz\/technologie-formation-licence\/"},"modified":"2020-02-18T07:26:12","modified_gmt":"2020-02-18T09:26:12","slug":"technologie-formation-licence","status":"publish","type":"page","link":"https:\/\/lagh-univ.dz\/en\/faculte-de-technologie\/technologie-formation-licence\/","title":{"rendered":"Technologie- formation-licence"},"content":{"rendered":"<p>&nbsp;<\/p>\n<p dir=\"ltr\" style=\"text-align: left\"><span style=\"font-size: 18pt\"><strong><span style=\"color: #ffffff;background-color: #3366ff;font-family: 'Book Antiqua', Palatino\"> <span class=\"tlid-translation translation\" lang=\"en\"><span class=\"\" title=\"\">licence training<\/span><\/span> <\/span><\/strong><\/span><\/p>\n<p>&nbsp;<\/p>\n<table class=\" alignleft\" style=\"height: 312px\">\n<tbody>\n<tr style=\"height: 24px\">\n<td style=\"background-color: #faae16;height: 24px;width: 197.483px;text-align: left\"><span style=\"font-family: Book Antiqua, Palatino;font-size: 14pt;color: #000000\"><strong>D\u00e9partement<\/strong><\/span><\/td>\n<td style=\"background-color: #faae16;height: 24px;width: 235px;text-align: left\"><span style=\"font-family: Book Antiqua, Palatino;font-size: 14pt;color: #000000\"><strong>Sp\u00e9cialit\u00e9s<\/strong><\/span><\/td>\n<\/tr>\n<tr style=\"height: 24px\">\n<td style=\"height: 96px;width: 197.483px;text-align: left\" rowspan=\"4\"><span class=\"tlid-translation translation\" lang=\"en\" style=\"font-family: Book Antiqua, Palatino;font-size: 14pt;color: #000000\"><span class=\"\" title=\"\">Process Engineering<\/span><\/span><\/td>\n<td style=\"height: 24px;width: 235px;text-align: left\"><span class=\"tlid-translation translation\" lang=\"en\" style=\"font-family: Book Antiqua, Palatino;font-size: 14pt;color: #000000\"><span class=\"\" title=\"\">Industrial health and safety<\/span><\/span><\/td>\n<\/tr>\n<tr style=\"height: 24px\">\n<td style=\"height: 24px;width: 235px;text-align: left\"><span class=\"tlid-translation translation\" lang=\"en\" style=\"font-family: Book Antiqua, Palatino;font-size: 14pt;color: #000000\"><span class=\"\" title=\"\">Process Engineering<\/span><\/span><\/td>\n<\/tr>\n<tr style=\"height: 24px\">\n<td style=\"height: 24px;width: 235px;text-align: left\"><span class=\"tlid-translation translation\" lang=\"en\" style=\"font-family: Book Antiqua, Palatino;font-size: 14pt;color: #000000\"><span class=\"\" title=\"\">hydrocarbons<\/span><\/span><\/td>\n<\/tr>\n<tr style=\"height: 24px\">\n<td style=\"height: 24px;width: 235px;text-align: left\"><span class=\"tlid-translation translation\" lang=\"en\" style=\"font-family: Book Antiqua, Palatino;font-size: 14pt;color: #000000\"><span class=\"\" title=\"\">Refining and petrochemicals<\/span><\/span><\/td>\n<\/tr>\n<tr style=\"height: 24px\">\n<td style=\"height: 72px;width: 197.483px;text-align: left\" rowspan=\"3\">\n<span lang=\"en\" style=\"font-family: Book Antiqua, Palatino;font-size: 14pt;color: #000000\">Mechanical engineering<\/span><\/pre>\n<\/td>\n<td style=\"height: 24px;width: 235px;text-align: left\"><span class=\"tlid-translation translation\" lang=\"en\" style=\"font-family: Book Antiqua, Palatino;font-size: 14pt;color: #000000\"><span class=\"\" title=\"\">energy<\/span><\/span><\/td>\n<\/tr>\n<tr style=\"height: 24px\">\n<td style=\"height: 24px;width: 235px;text-align: left\"><span class=\"tlid-translation translation\" lang=\"en\" style=\"font-family: Book Antiqua, Palatino;font-size: 14pt;color: #000000\"><span class=\"\" title=\"\">Mechanical construction<\/span><\/span><\/td>\n<\/tr>\n<tr style=\"height: 24px\">\n<td style=\"height: 24px;width: 235px;text-align: left\"><span class=\"tlid-translation translation\" lang=\"en\" style=\"font-family: Book Antiqua, Palatino;font-size: 14pt;color: #000000\"><span class=\"\" title=\"\">Materials Engineering<\/span><\/span><\/td>\n<\/tr>\n<tr style=\"height: 24px\">\n<td style=\"height: 48px;width: 197.483px;text-align: left\" rowspan=\"2\"><span class=\"tlid-translation translation\" lang=\"en\" style=\"font-family: Book Antiqua, Palatino;font-size: 14pt;color: #000000\"><span class=\"\" title=\"\">Electronic<\/span><\/span><\/td>\n<td style=\"height: 24px;width: 235px;text-align: left\"><span class=\"tlid-translation translation\" lang=\"en\" style=\"font-family: Book Antiqua, Palatino;font-size: 14pt;color: #000000\"><span class=\"\" title=\"\">Electronic<\/span><\/span><\/td>\n<\/tr>\n<tr style=\"height: 24px\">\n<td style=\"height: 24px;width: 235px;text-align: left\"><span style=\"font-family: Book Antiqua, Palatino;font-size: 14pt;color: #000000\">T\u00e9l\u00e9communications<\/span><\/td>\n<\/tr>\n<tr style=\"height: 24px\">\n<td style=\"height: 72px;width: 197.483px;text-align: left\" rowspan=\"3\"><span class=\"tlid-translation translation\" lang=\"en\" style=\"font-family: Book Antiqua, Palatino;font-size: 14pt;color: #000000\"><span class=\"\" title=\"\">Electrical<\/span><\/span><\/td>\n<td style=\"height: 24px;width: 235px;text-align: left\"><span class=\"tlid-translation translation\" lang=\"en\" style=\"font-family: Book Antiqua, Palatino;font-size: 14pt;color: #000000\"><span class=\"\" title=\"\">Electrical<\/span><\/span><\/td>\n<\/tr>\n<tr style=\"height: 24px\">\n<td style=\"height: 24px;width: 235px;text-align: left\"><span class=\"tlid-translation translation\" lang=\"en\" style=\"font-family: Book Antiqua, Palatino;font-size: 14pt;color: #000000\"><span class=\"\" title=\"\">Electromechanical<\/span><\/span><\/td>\n<\/tr>\n<tr style=\"height: 24px\">\n<td style=\"height: 24px;width: 235px;text-align: left\"><span style=\"font-family: Book Antiqua, Palatino;font-size: 14pt;color: #000000\">Automatic<\/span><\/td>\n<\/tr>\n<\/tbody>\n<\/table>\n<p>&nbsp;<\/p>\n<p>&nbsp;<\/p>\n<p>&nbsp;<\/p>\n<p>&nbsp;<\/p>\n<p>&nbsp;<\/p>\n<p>&nbsp;<\/p>\n<p>&nbsp;<\/p>\n<p>&nbsp;<\/p>\n<p>&nbsp;<\/p>\n<p>&nbsp;<\/p>\n<p>&nbsp;<\/p>\n","protected":false},"excerpt":{"rendered":"<p>&nbsp; licence training &nbsp; D\u00e9partement Sp\u00e9cialit\u00e9s Process Engineering Industrial health and safety Process Engineering hydrocarbons Refining and petrochemicals Mechanical engineering energy Mechanical construction Materials Engineering Electronic Electronic T\u00e9l\u00e9communications Electrical Electrical Electromechanical Automatic &nbsp; &nbsp; &nbsp; &nbsp; &nbsp; &nbsp; &nbsp; &nbsp; &nbsp; &nbsp; &nbsp;<\/p>\n","protected":false},"author":13,"featured_media":0,"parent":6783,"menu_order":0,"comment_status":"closed","ping_status":"closed","template":"elementor_header_footer","meta":{"_exactmetrics_skip_tracking":false,"_exactmetrics_sitenote_active":false,"_exactmetrics_sitenote_note":"","_exactmetrics_sitenote_category":0,"footnotes":""},"coauthors":[533],"class_list":["post-9258","page","type-page","status-publish","hentry"],"_links":{"self":[{"href":"https:\/\/lagh-univ.dz\/en\/wp-json\/wp\/v2\/pages\/9258","targetHints":{"allow":["GET"]}}],"collection":[{"href":"https:\/\/lagh-univ.dz\/en\/wp-json\/wp\/v2\/pages"}],"about":[{"href":"https:\/\/lagh-univ.dz\/en\/wp-json\/wp\/v2\/types\/page"}],"author":[{"embeddable":true,"href":"https:\/\/lagh-univ.dz\/en\/wp-json\/wp\/v2\/users\/13"}],"replies":[{"embeddable":true,"href":"https:\/\/lagh-univ.dz\/en\/wp-json\/wp\/v2\/comments?post=9258"}],"version-history":[{"count":9,"href":"https:\/\/lagh-univ.dz\/en\/wp-json\/wp\/v2\/pages\/9258\/revisions"}],"predecessor-version":[{"id":28429,"href":"https:\/\/lagh-univ.dz\/en\/wp-json\/wp\/v2\/pages\/9258\/revisions\/28429"}],"up":[{"embeddable":true,"href":"https:\/\/lagh-univ.dz\/en\/wp-json\/wp\/v2\/pages\/6783"}],"wp:attachment":[{"href":"https:\/\/lagh-univ.dz\/en\/wp-json\/wp\/v2\/media?parent=9258"}],"wp:term":[{"taxonomy":"author","embeddable":true,"href":"https:\/\/lagh-univ.dz\/en\/wp-json\/wp\/v2\/coauthors?post=9258"}],"curies":[{"name":"wp","href":"https:\/\/api.w.org\/{rel}","templated":true}]}}