{"id":9321,"date":"2018-07-21T11:17:31","date_gmt":"2018-07-21T11:17:31","guid":{"rendered":"https:\/\/lagh-univ.dz\/technologie-departement-genie-des-procedes-administration\/"},"modified":"2019-12-03T08:22:03","modified_gmt":"2019-12-03T10:22:03","slug":"technologie-departement-genie-des-procedes-administration","status":"publish","type":"page","link":"https:\/\/lagh-univ.dz\/en\/technologie-departement-genie-des-procedes\/technologie-departement-genie-des-procedes-administration\/","title":{"rendered":"Technologie-Departement- g\u00e9nie des proc\u00e9d\u00e9s-administration"},"content":{"rendered":"<p>&nbsp;<\/p>\n<table class=\" alignleft\" style=\"height: 279px;width: 871px\" width=\"645\">\n<tbody>\n<tr>\n<td dir=\"ltr\" style=\"width: 315px;background-color: #e0a40b\"><span style=\"font-family: 'Book Antiqua', Palatino;font-size: 14pt\"><strong>Head of D\u00e9partement<\/strong><\/span><\/td>\n<td dir=\"ltr\" style=\"width: 556px;height: 59px;background-color: #e0a40b\"><span style=\"font-family: 'Book Antiqua', Palatino;font-size: 14pt\"><strong>Vice Head of Departement Responsible for Graduation<\/strong><\/span><\/td>\n<\/tr>\n<tr style=\"height: 220px\">\n<td style=\"width: 315px;height: 220px\">\n<p dir=\"rtl\" style=\"text-align: left\"><span style=\"font-family: 'Book Antiqua', Palatino;font-size: 14pt\">Taouti Mohamed ben abdallah-\u00a0<\/span><\/p>\n<p dir=\"ltr\"><span style=\"font-family: 'Book Antiqua', Palatino;font-size: 14pt\">Email :<span style=\"font-family: arabic-kufi;font-size: 14pt\"><span style=\"color: #3366ff\">mb.taouti@lagh-univ.dz<\/span><\/span><\/span><\/p>\n<p dir=\"ltr\"><span style=\"font-family: 'Book Antiqua', Palatino;font-size: 14pt\">Tel : <span style=\"font-family: arabic-kufi;font-size: 14pt\">029145332\/029145439\u00a0<\/span><\/span><\/p>\n<\/td>\n<td dir=\"ltr\" style=\"width: 556px;height: 220px\">\n<p dir=\"rtl\" style=\"text-align: left\"><span style=\"font-family: 'Book Antiqua', Palatino;font-size: 14pt\">Charef Mahmoud &#8211;\u00a0<\/span><\/p>\n<p dir=\"ltr\"><span style=\"font-family: 'Book Antiqua', Palatino;font-size: 14pt\">Email :<span style=\"font-family: arabic-kufi;font-size: 14pt\"><span style=\"color: #3366ff\">mb.taouti@lagh-univ.dz<\/span><\/span> <\/span><\/p>\n<p dir=\"ltr\"><span style=\"font-family: 'Book Antiqua', Palatino;font-size: 14pt\">Tel : <span style=\"font-family: arabic-kufi;font-size: 14pt\">029145332\/029145439\u00a0<\/span><\/span><\/p>\n<\/td>\n<\/tr>\n<\/tbody>\n<\/table>\n<p>&nbsp;<\/p>\n","protected":false},"excerpt":{"rendered":"<p>&nbsp; Head of D\u00e9partement Vice Head of Departement Responsible for Graduation Taouti Mohamed ben abdallah-\u00a0 Email :mb.taouti@lagh-univ.dz Tel : 029145332\/029145439\u00a0 Charef Mahmoud &#8211;\u00a0 Email :mb.taouti@lagh-univ.dz Tel : 029145332\/029145439\u00a0 &nbsp;<\/p>\n","protected":false},"author":13,"featured_media":0,"parent":9224,"menu_order":0,"comment_status":"closed","ping_status":"closed","template":"elementor_header_footer","meta":{"_exactmetrics_skip_tracking":false,"_exactmetrics_sitenote_active":false,"_exactmetrics_sitenote_note":"","_exactmetrics_sitenote_category":0,"footnotes":""},"coauthors":[533],"class_list":["post-9321","page","type-page","status-publish","hentry"],"_links":{"self":[{"href":"https:\/\/lagh-univ.dz\/en\/wp-json\/wp\/v2\/pages\/9321","targetHints":{"allow":["GET"]}}],"collection":[{"href":"https:\/\/lagh-univ.dz\/en\/wp-json\/wp\/v2\/pages"}],"about":[{"href":"https:\/\/lagh-univ.dz\/en\/wp-json\/wp\/v2\/types\/page"}],"author":[{"embeddable":true,"href":"https:\/\/lagh-univ.dz\/en\/wp-json\/wp\/v2\/users\/13"}],"replies":[{"embeddable":true,"href":"https:\/\/lagh-univ.dz\/en\/wp-json\/wp\/v2\/comments?post=9321"}],"version-history":[{"count":6,"href":"https:\/\/lagh-univ.dz\/en\/wp-json\/wp\/v2\/pages\/9321\/revisions"}],"predecessor-version":[{"id":20051,"href":"https:\/\/lagh-univ.dz\/en\/wp-json\/wp\/v2\/pages\/9321\/revisions\/20051"}],"up":[{"embeddable":true,"href":"https:\/\/lagh-univ.dz\/en\/wp-json\/wp\/v2\/pages\/9224"}],"wp:attachment":[{"href":"https:\/\/lagh-univ.dz\/en\/wp-json\/wp\/v2\/media?parent=9321"}],"wp:term":[{"taxonomy":"author","embeddable":true,"href":"https:\/\/lagh-univ.dz\/en\/wp-json\/wp\/v2\/coauthors?post=9321"}],"curies":[{"name":"wp","href":"https:\/\/api.w.org\/{rel}","templated":true}]}}