{"id":9325,"date":"2018-07-21T11:19:53","date_gmt":"2018-07-21T11:19:53","guid":{"rendered":"https:\/\/lagh-univ.dz\/technologie-departement-genie-des-procedes-emploi-du-temps-licence\/"},"modified":"2020-02-17T08:33:12","modified_gmt":"2020-02-17T10:33:12","slug":"technologie-departement-genie-des-procedes-emploi-du-temps-licence","status":"publish","type":"page","link":"https:\/\/lagh-univ.dz\/en\/technologie-departement-genie-des-procedes\/technologie-departement-genie-des-procedes-emploi-du-temps-licence\/","title":{"rendered":"Technologie-Departement- g\u00e9nie des proc\u00e9d\u00e9s- Emploi du temps -licence"},"content":{"rendered":"<p dir=\"ltr\" style=\"text-align: left\"><img decoding=\"async\" class=\"wp-image-19603 alignleft\" src=\"https:\/\/lagh-univ.dz\/wp-content\/uploads\/2019\/11\/images-2.jpg\" alt=\"\" width=\"78\" height=\"78\" srcset=\"https:\/\/lagh-univ.dz\/wp-content\/uploads\/2019\/11\/images-2.jpg 225w, https:\/\/lagh-univ.dz\/wp-content\/uploads\/2019\/11\/images-2-150x150.jpg 150w\" sizes=\"(max-width: 78px) 100vw, 78px\" \/><\/p>\n<p dir=\"ltr\">\n<p dir=\"ltr\">\n<p dir=\"ltr\" style=\"text-align: left\"><span style=\"font-family: Book Antiqua, Palatino;font-size: 14pt;color: #000000\"><div class='w3eden'><!-- WPDM Link Template: Default Template -->\n\n<div class=\"link-template-default card mb-2\">\n    <div class=\"card-body\">\n        <div class=\"media\">\n            <div class=\"mr-3 img-48\"><img decoding=\"async\" class=\"wpdm_icon\" alt=\"Icon\"   src=\"https:\/\/lagh-univ.dz\/wp-content\/plugins\/download-manager\/assets\/file-type-icons\/pdf.svg\" \/><\/div>\n            <div class=\"media-body\">\n                <h3 class=\"package-title\"><a href='https:\/\/lagh-univ.dz\/en\/download\/time-scedules-licence-semester5-process-engineering\/'>Time scedules licence-semester5- Process Engineering<\/a><\/h3>\n                <div class=\"text-muted text-small\"><i class=\"fas fa-copy\"><\/i> 1 file(s) <i class=\"fas fa-hdd ml-3\"><\/i> 310.07 KB<\/div>\n            <\/div>\n            <div class=\"ml-3\">\n                <a class='wpdm-download-link download-on-click btn btn-primary btn-xs' rel='nofollow' href='#' data-downloadurl=\"https:\/\/lagh-univ.dz\/en\/download\/time-scedules-licence-semester5-process-engineering\/?wpdmdl=20091&refresh=69eaff4f398ee1777008463\">Download<\/a>\n            <\/div>\n        <\/div>\n    <\/div>\n<\/div>\n\n<\/div><\/span><\/p>\n<hr \/>\n<p>&nbsp;<\/p>\n<p dir=\"ltr\" style=\"text-align: left\"><span style=\"font-family: Book Antiqua, Palatino;font-size: 14pt;color: #000000\"><div class='w3eden'><!-- WPDM Link Template: Default Template -->\n\n<div class=\"link-template-default card mb-2\">\n    <div class=\"card-body\">\n        <div class=\"media\">\n            <div class=\"mr-3 img-48\"><img decoding=\"async\" class=\"wpdm_icon\" alt=\"Icon\"   src=\"https:\/\/lagh-univ.dz\/wp-content\/plugins\/download-manager\/assets\/file-type-icons\/pdf.svg\" \/><\/div>\n            <div class=\"media-body\">\n                <h3 class=\"package-title\"><a href='https:\/\/lagh-univ.dz\/en\/download\/time-scedules-licence-second-semestre-process-engineering\/'>Time scedules Licence second semestre -Process Engineering<\/a><\/h3>\n                <div class=\"text-muted text-small\"><i class=\"fas fa-copy\"><\/i> 1 file(s) <i class=\"fas fa-hdd ml-3\"><\/i> 681.65 KB<\/div>\n            <\/div>\n            <div class=\"ml-3\">\n                <a class='wpdm-download-link download-on-click btn btn-primary btn-xs' rel='nofollow' href='#' data-downloadurl=\"https:\/\/lagh-univ.dz\/en\/download\/time-scedules-licence-second-semestre-process-engineering\/?wpdmdl=27779&refresh=69eaff4f403201777008463\">Download<\/a>\n            <\/div>\n        <\/div>\n    <\/div>\n<\/div>\n\n<\/div><\/span><\/p>\n<p>&nbsp;<\/p>\n<p>&nbsp;<\/p>\n<p>&nbsp;<\/p>\n<p>&nbsp;<\/p>\n","protected":false},"excerpt":{"rendered":"<p>&nbsp; &nbsp; &nbsp; &nbsp; &nbsp;<\/p>\n","protected":false},"author":13,"featured_media":0,"parent":9224,"menu_order":0,"comment_status":"closed","ping_status":"closed","template":"elementor_header_footer","meta":{"_exactmetrics_skip_tracking":false,"_exactmetrics_sitenote_active":false,"_exactmetrics_sitenote_note":"","_exactmetrics_sitenote_category":0,"footnotes":""},"coauthors":[533],"class_list":["post-9325","page","type-page","status-publish","hentry"],"_links":{"self":[{"href":"https:\/\/lagh-univ.dz\/en\/wp-json\/wp\/v2\/pages\/9325","targetHints":{"allow":["GET"]}}],"collection":[{"href":"https:\/\/lagh-univ.dz\/en\/wp-json\/wp\/v2\/pages"}],"about":[{"href":"https:\/\/lagh-univ.dz\/en\/wp-json\/wp\/v2\/types\/page"}],"author":[{"embeddable":true,"href":"https:\/\/lagh-univ.dz\/en\/wp-json\/wp\/v2\/users\/13"}],"replies":[{"embeddable":true,"href":"https:\/\/lagh-univ.dz\/en\/wp-json\/wp\/v2\/comments?post=9325"}],"version-history":[{"count":5,"href":"https:\/\/lagh-univ.dz\/en\/wp-json\/wp\/v2\/pages\/9325\/revisions"}],"predecessor-version":[{"id":27789,"href":"https:\/\/lagh-univ.dz\/en\/wp-json\/wp\/v2\/pages\/9325\/revisions\/27789"}],"up":[{"embeddable":true,"href":"https:\/\/lagh-univ.dz\/en\/wp-json\/wp\/v2\/pages\/9224"}],"wp:attachment":[{"href":"https:\/\/lagh-univ.dz\/en\/wp-json\/wp\/v2\/media?parent=9325"}],"wp:term":[{"taxonomy":"author","embeddable":true,"href":"https:\/\/lagh-univ.dz\/en\/wp-json\/wp\/v2\/coauthors?post=9325"}],"curies":[{"name":"wp","href":"https:\/\/api.w.org\/{rel}","templated":true}]}}