{"id":9331,"date":"2018-07-21T11:18:42","date_gmt":"2018-07-21T11:18:42","guid":{"rendered":"https:\/\/lagh-univ.dz\/technologie-departement-genie-des-procedes-formations-licence\/"},"modified":"2019-12-04T07:49:23","modified_gmt":"2019-12-04T09:49:23","slug":"technologie-departement-genie-des-procedes-formations-licence","status":"publish","type":"page","link":"https:\/\/lagh-univ.dz\/en\/technologie-departement-genie-des-procedes\/technologie-departement-genie-des-procedes-formations-licence\/","title":{"rendered":"Technologie-Departement- g\u00e9nie des proc\u00e9d\u00e9s-formations -licence"},"content":{"rendered":"<table class=\" alignleft\" style=\"height: 45px;width: 533px\" width=\"442\">\n<tbody>\n<tr style=\"height: 44px\">\n<td dir=\"rtl\" style=\"width: 523px;background-color: #f5bc11;border-color: #e88307;height: 44px;text-align: left\"><span style=\"font-family: 'Book Antiqua', Palatino;font-size: 14pt;color: #000000\">\u00a0The Sectors and Specialties of\u00a0 licence in Process Engineering\u00a0 \u00a0<u><br \/>\n<\/u><\/span><\/td>\n<\/tr>\n<\/tbody>\n<\/table>\n<p>&nbsp;<\/p>\n<table class=\"alignleft\" style=\"width: 538px\" border=\"1\" width=\"558\">\n<tbody>\n<tr>\n<td dir=\"ltr\" style=\"background-color: #1f7adb;border-color: #faf7f7;border-style: solid;width: 260px\" height=\"40\"><span style=\"font-family: 'Book Antiqua', Palatino;font-size: 14pt;color: #000000\">Sectors<\/span><\/td>\n<td dir=\"ltr\" style=\"background-color: #1f7adb;border-color: #faf7f7;border-style: solid;width: 278px\"><span style=\"font-family: 'Book Antiqua', Palatino;font-size: 14pt;color: #000000\">Specialties<\/span><\/td>\n<\/tr>\n<tr>\n<td dir=\"ltr\" style=\"width: 260px\" height=\"20\"><span style=\"font-family: 'Book Antiqua', Palatino;font-size: 14pt\">Hygiene and industrial safety<\/span><\/td>\n<td dir=\"ltr\" style=\"width: 278px\" height=\"20\"><span style=\"font-family: 'Book Antiqua', Palatino;font-size: 14pt\">Hygiene and industrial safety<\/span><\/td>\n<\/tr>\n<tr>\n<td dir=\"ltr\" style=\"width: 260px\" height=\"20\"><span style=\"font-family: 'Book Antiqua', Palatino;font-size: 14pt\">Petrochemical Industrials<\/span><\/td>\n<td dir=\"ltr\" style=\"width: 278px\" height=\"20\"><span style=\"font-family: 'Book Antiqua', Palatino;font-size: 14pt\">Refining and Petrochemicals<\/span><\/td>\n<\/tr>\n<tr>\n<td dir=\"ltr\" style=\"width: 260px\" height=\"20\"><span style=\"font-family: 'Book Antiqua', Palatino;font-size: 14pt\">hydrocarbons<\/span><\/td>\n<td dir=\"ltr\" style=\"width: 278px\" height=\"20\"><span style=\"font-family: 'Book Antiqua', Palatino;font-size: 14pt\">hydrocarbons<\/span><\/td>\n<\/tr>\n<\/tbody>\n<\/table>\n","protected":false},"excerpt":{"rendered":"<p>\u00a0The Sectors and Specialties of\u00a0 licence in Process Engineering\u00a0 \u00a0 &nbsp; Sectors Specialties Hygiene and industrial safety Hygiene and industrial safety Petrochemical Industrials Refining and Petrochemicals hydrocarbons hydrocarbons<\/p>\n","protected":false},"author":13,"featured_media":0,"parent":9224,"menu_order":0,"comment_status":"closed","ping_status":"closed","template":"elementor_header_footer","meta":{"_exactmetrics_skip_tracking":false,"_exactmetrics_sitenote_active":false,"_exactmetrics_sitenote_note":"","_exactmetrics_sitenote_category":0,"footnotes":""},"coauthors":[533],"class_list":["post-9331","page","type-page","status-publish","hentry"],"_links":{"self":[{"href":"https:\/\/lagh-univ.dz\/en\/wp-json\/wp\/v2\/pages\/9331","targetHints":{"allow":["GET"]}}],"collection":[{"href":"https:\/\/lagh-univ.dz\/en\/wp-json\/wp\/v2\/pages"}],"about":[{"href":"https:\/\/lagh-univ.dz\/en\/wp-json\/wp\/v2\/types\/page"}],"author":[{"embeddable":true,"href":"https:\/\/lagh-univ.dz\/en\/wp-json\/wp\/v2\/users\/13"}],"replies":[{"embeddable":true,"href":"https:\/\/lagh-univ.dz\/en\/wp-json\/wp\/v2\/comments?post=9331"}],"version-history":[{"count":6,"href":"https:\/\/lagh-univ.dz\/en\/wp-json\/wp\/v2\/pages\/9331\/revisions"}],"predecessor-version":[{"id":20172,"href":"https:\/\/lagh-univ.dz\/en\/wp-json\/wp\/v2\/pages\/9331\/revisions\/20172"}],"up":[{"embeddable":true,"href":"https:\/\/lagh-univ.dz\/en\/wp-json\/wp\/v2\/pages\/9224"}],"wp:attachment":[{"href":"https:\/\/lagh-univ.dz\/en\/wp-json\/wp\/v2\/media?parent=9331"}],"wp:term":[{"taxonomy":"author","embeddable":true,"href":"https:\/\/lagh-univ.dz\/en\/wp-json\/wp\/v2\/coauthors?post=9331"}],"curies":[{"name":"wp","href":"https:\/\/api.w.org\/{rel}","templated":true}]}}