{"id":9333,"date":"2018-07-21T11:19:19","date_gmt":"2018-07-21T11:19:19","guid":{"rendered":"https:\/\/lagh-univ.dz\/technologie-departement-genie-des-procedes-formations-master\/"},"modified":"2019-12-04T07:47:09","modified_gmt":"2019-12-04T09:47:09","slug":"technologie-departement-genie-des-procedes-formations-master","status":"publish","type":"page","link":"https:\/\/lagh-univ.dz\/en\/technologie-departement-genie-des-procedes\/technologie-departement-genie-des-procedes-formations-master\/","title":{"rendered":"Technologie-Departement- g\u00e9nie des proc\u00e9d\u00e9s-formations -master"},"content":{"rendered":"<table class=\" alignleft\" style=\"height: 32px;width: 569px\" width=\"442\">\n<tbody>\n<tr style=\"height: 44px\">\n<td dir=\"rtl\" style=\"width: 559px;background-color: #f5bc11;border-color: #e88307;height: 32px;text-align: left\"><span style=\"font-family: 'Book Antiqua', Palatino;font-size: 14pt;color: #000000\">\u00a0The Sectors and Specialties of\u00a0 Master in Process Engineering\u00a0 \u00a0<u><br \/>\n<\/u><\/span><\/td>\n<\/tr>\n<\/tbody>\n<\/table>\n<p>&nbsp;<\/p>\n<p>&nbsp;<\/p>\n<table class=\"aligncenter alignleft\" style=\"width: 564px\" border=\"1\" width=\"623\">\n<tbody>\n<tr>\n<td style=\"width: 272px;text-align: left;background-color: #3097e6\"><span style=\"font-family: 'Book Antiqua', Palatino;font-size: 14pt;color: #ffffff\">Sectors <\/span><\/td>\n<td style=\"width: 278px;text-align: left;background-color: #3097e6\"><span style=\"font-family: 'Book Antiqua', Palatino;font-size: 14pt;color: #ffffff\">Specialties <\/span><\/td>\n<\/tr>\n<tr>\n<td style=\"width: 272px;text-align: left;vertical-align: middle\" rowspan=\"3\"><span style=\"font-family: 'Book Antiqua', Palatino;font-size: 14pt;color: #000000\">Process Engineering<\/span><\/td>\n<td style=\"width: 278px;text-align: left\" height=\"20\"><span style=\"font-family: 'Book Antiqua', Palatino;font-size: 14pt\">Chemical Engineering<\/span><\/td>\n<\/tr>\n<tr>\n<td style=\"width: 278px;text-align: left\" height=\"20\"><span style=\"font-family: 'Book Antiqua', Palatino;font-size: 14pt\">Pharmaceutical Process Engineering<\/span><\/td>\n<\/tr>\n<tr>\n<td style=\"width: 278px;text-align: left\" height=\"20\"><span style=\"font-family: 'Book Antiqua', Palatino;font-size: 14pt\">Materials Process Engineering<\/span><\/td>\n<\/tr>\n<tr>\n<td style=\"width: 272px;text-align: left\"><span style=\"font-family: 'Book Antiqua', Palatino;font-size: 14pt\">Environmental Science and Engineering<\/span><\/td>\n<td style=\"width: 278px;text-align: left\"><span style=\"font-family: 'Book Antiqua', Palatino;font-size: 14pt\">G\u00e9nie des proc\u00e9d\u00e9s de l\u2019environnement<\/span><\/td>\n<\/tr>\n<tr>\n<td style=\"width: 272px;text-align: left\"><span style=\"font-family: 'Book Antiqua', Palatino;font-size: 14pt\">hydrocarbon<\/span><\/td>\n<td style=\"width: 278px;text-align: left\" height=\"20\"><span style=\"font-family: 'Book Antiqua', Palatino;font-size: 14pt\">hydrocarbon<\/span><\/td>\n<\/tr>\n<tr>\n<td dir=\"rtl\" style=\"width: 272px;text-align: left\" height=\"20\"><span style=\"font-family: 'Book Antiqua', Palatino;font-size: 14pt\">Petrochemical Industries<\/span><\/td>\n<td dir=\"ltr\" style=\"width: 278px;text-align: left\" height=\"20\">\n<div class=\"tlid-input input\">\n<div class=\"source-wrap\">\n<div class=\"input-full-height-wrapper tlid-input-full-height-wrapper\">\n<div class=\"source-input\">\n<div class=\"source-footer-wrap source-or-target-footer\">\n<div class=\"character-count tlid-character-count\">\n<div class=\"cc-ctr normal\"><span style=\"font-family: 'Book Antiqua', Palatino;font-size: 14pt\">petrochemistry<\/span><\/div>\n<\/div>\n<\/div>\n<\/div>\n<\/div>\n<\/div>\n<\/div>\n<\/td>\n<\/tr>\n<\/tbody>\n<\/table>\n","protected":false},"excerpt":{"rendered":"<p>\u00a0The Sectors and Specialties of\u00a0 Master in Process Engineering\u00a0 \u00a0 &nbsp; &nbsp; Sectors Specialties Process Engineering Chemical Engineering Pharmaceutical Process Engineering Materials Process Engineering Environmental Science and Engineering G\u00e9nie des proc\u00e9d\u00e9s de l\u2019environnement hydrocarbon hydrocarbon Petrochemical Industries petrochemistry<\/p>\n","protected":false},"author":13,"featured_media":0,"parent":9224,"menu_order":0,"comment_status":"closed","ping_status":"closed","template":"elementor_header_footer","meta":{"_exactmetrics_skip_tracking":false,"_exactmetrics_sitenote_active":false,"_exactmetrics_sitenote_note":"","_exactmetrics_sitenote_category":0,"footnotes":""},"coauthors":[533],"class_list":["post-9333","page","type-page","status-publish","hentry"],"_links":{"self":[{"href":"https:\/\/lagh-univ.dz\/en\/wp-json\/wp\/v2\/pages\/9333","targetHints":{"allow":["GET"]}}],"collection":[{"href":"https:\/\/lagh-univ.dz\/en\/wp-json\/wp\/v2\/pages"}],"about":[{"href":"https:\/\/lagh-univ.dz\/en\/wp-json\/wp\/v2\/types\/page"}],"author":[{"embeddable":true,"href":"https:\/\/lagh-univ.dz\/en\/wp-json\/wp\/v2\/users\/13"}],"replies":[{"embeddable":true,"href":"https:\/\/lagh-univ.dz\/en\/wp-json\/wp\/v2\/comments?post=9333"}],"version-history":[{"count":6,"href":"https:\/\/lagh-univ.dz\/en\/wp-json\/wp\/v2\/pages\/9333\/revisions"}],"predecessor-version":[{"id":20171,"href":"https:\/\/lagh-univ.dz\/en\/wp-json\/wp\/v2\/pages\/9333\/revisions\/20171"}],"up":[{"embeddable":true,"href":"https:\/\/lagh-univ.dz\/en\/wp-json\/wp\/v2\/pages\/9224"}],"wp:attachment":[{"href":"https:\/\/lagh-univ.dz\/en\/wp-json\/wp\/v2\/media?parent=9333"}],"wp:term":[{"taxonomy":"author","embeddable":true,"href":"https:\/\/lagh-univ.dz\/en\/wp-json\/wp\/v2\/coauthors?post=9333"}],"curies":[{"name":"wp","href":"https:\/\/api.w.org\/{rel}","templated":true}]}}