{"id":9361,"date":"2018-07-21T11:21:57","date_gmt":"2018-07-21T11:21:57","guid":{"rendered":"https:\/\/lagh-univ.dz\/science-departement-agronomie\/"},"modified":"2024-11-20T10:33:54","modified_gmt":"2024-11-20T09:33:54","slug":"science-departement-agronomie","status":"publish","type":"page","link":"https:\/\/lagh-univ.dz\/en\/science-departement-agronomie\/","title":{"rendered":"Science-Departement- Agronomie"},"content":{"rendered":"<p><span style=\"color: #000000;font-family: arabic-kufi;font-size: 14pt\"><img fetchpriority=\"high\" decoding=\"async\" class=\"aligncenter wp-image-29031 \" src=\"https:\/\/lagh-univ.dz\/wp-content\/uploads\/2020\/02\/AGR-300x59.png\" alt=\"\" width=\"727\" height=\"143\" srcset=\"https:\/\/lagh-univ.dz\/wp-content\/uploads\/2020\/02\/AGR-300x59.png 300w, https:\/\/lagh-univ.dz\/wp-content\/uploads\/2020\/02\/AGR-768x150.png 768w, https:\/\/lagh-univ.dz\/wp-content\/uploads\/2020\/02\/AGR.png 1005w\" sizes=\"(max-width: 727px) 100vw, 727px\" \/><\/span><\/p>\n<p style=\"text-align: center\"><strong><span style=\"font-size: 18pt;color: #ff0000;font-family: arabic-kufi\">\u0627\u0644\u062a\u0639\u0631\u064a\u0641 \u0628\u0642\u0633\u0645 \u0627\u0644\u0639\u0644\u0648\u0645 \u0627\u0644\u0641\u0644\u0627\u062d\u064a\u0629\u00a0<\/span><\/strong><\/p>\n<p><span style=\"font-family: arabic-kufi;color: #000000;font-size: 14pt\">\u00a0\u0641\u064a \u0633\u0646\u0629 2011 \u062a\u0645 \u0641\u062a\u062d \u0647\u0630\u0627 \u0627\u0644\u0642\u0633\u0645 \u0628\u0635\u0641\u0629 \u0645\u0633\u062a\u0642\u0644\u0629 \u062d\u064a\u062b \u0643\u0627\u0646 \u062a\u0627\u0628\u0639\u0627<\/span><\/p>\n<p><span style=\"font-family: arabic-kufi;color: #000000;font-size: 14pt\">\u0641\u064a \u0627\u0644\u0628\u062f\u0627\u064a\u0629 \u0625\u0644\u0649 \u0642\u0633\u0645 \u0627\u0644\u0628\u064a\u0648\u0644\u0648\u062c\u064a\u0627 \u0641\u0623\u0635\u0628\u062d \u064a\u0634\u0631\u0641\u00a0\u0639\u0644\u0649 \u062a\u0643\u0648\u064a\u0646<\/span><\/p>\n<p><span style=\"font-family: arabic-kufi;color: #000000;font-size: 14pt\">\u0645\u0647\u0646\u062f\u0633\u064a \u062f\u0648\u0644\u0629 \u0641\u064a \u0627\u0644\u0639\u0644\u0648\u0645 \u0627\u0644\u0641\u0644\u0627\u062d\u064a\u0629. \u00a0 \u00a0 \u00a0 \u00a0 \u00a0<\/span><\/p>\n<p><span style=\"font-family: arabic-kufi;color: #000000;font-size: 14pt\">\u0645\u0647\u0646\u062f\u0633 \u062f\u0648\u0644\u0629 \u0641\u064a \u0627\u0644\u0639\u0644\u0648\u0645 \u0627\u0644\u0632\u0631\u0627\u0639\u064a\u0629 :<\/span><\/p>\n<p><span style=\"font-family: arabic-kufi;color: #000000;font-size: 14pt\">\u064a\u0628\u062f\u0623 \u0645\u0634\u0648\u0627\u0631 \u0627\u0644\u0637\u0627\u0644\u0628 \u0628\u0627\u0644\u062f\u0631\u0627\u0633\u0629 \u0644\u0645\u062f\u0629 \u062b\u0644\u0627\u062b \u0633\u0646\u0648\u0627\u062a<\/span><\/p>\n<p><span style=\"font-family: arabic-kufi;color: #000000;font-size: 14pt\">\u0641\u064a \u0627\u0644\u062c\u0630\u0639 \u0627\u0644\u0645\u0634\u062a\u0631\u0643 \u062d\u062a\u0649 \u064a\u062a\u0645\u0643\u0646 \u0641\u064a\u0645\u0627<\/span><\/p>\n<p><span style=\"font-family: arabic-kufi;color: #000000;font-size: 14pt\">\u0628\u0639\u062f \u0645\u0646 \u0627\u062e\u062a\u064a\u0627\u0631 \u0627\u0644\u062a\u062e\u0635\u0635 \u0627\u0644\u0645\u0646\u0627\u0633\u0628 \u0648\u0641\u0642 \u0643\u0641\u0627\u0621\u062a\u0647.<\/span><\/p>\n<p><span style=\"font-family: arabic-kufi;color: #000000;font-size: 14pt\">\u064a\u062a\u0648\u0641\u0631 \u0627\u0644\u0642\u0633\u0645 \u0639\u0644\u0649 \u0627\u062e\u062a\u0635\u0627\u0635\u064a\u0646 \u0648 \u0647\u0645\u0627 :<\/span><\/p>\n<p><span style=\"font-family: arabic-kufi;color: #000000;font-size: 14pt\">&#8211; \u0625\u0646\u062a\u0627\u062c \u0648 \u062a\u062d\u0633\u064a\u0646 \u0627\u0644\u0646\u0628\u0627\u062a\u00a0Production et Am\u00e9lioration des V\u00e9g\u00e9taux<\/span><\/p>\n<p><span style=\"font-family: arabic-kufi;color: #000000;font-size: 14pt\">&#8211; \u0641\u0644\u0627\u062d\u0629 \u0635\u062d\u0631\u0627\u0648\u064a\u0629\u00a0Agronomie Saharienne<\/span><\/p>\n<p><span style=\"color: #000000;font-family: arabic-kufi;font-size: 14pt\"><img decoding=\"async\" class=\"aligncenter wp-image-27151 \" src=\"https:\/\/lagh-univ.dz\/wp-content\/uploads\/2020\/02\/Agro-300x169.png\" alt=\"\" width=\"382\" height=\"215\" srcset=\"https:\/\/lagh-univ.dz\/wp-content\/uploads\/2020\/02\/Agro-300x169.png 300w, https:\/\/lagh-univ.dz\/wp-content\/uploads\/2020\/02\/Agro-768x432.png 768w, https:\/\/lagh-univ.dz\/wp-content\/uploads\/2020\/02\/Agro-1024x575.png 1024w, https:\/\/lagh-univ.dz\/wp-content\/uploads\/2020\/02\/Agro-1062x596.png 1062w, https:\/\/lagh-univ.dz\/wp-content\/uploads\/2020\/02\/Agro-770x433.png 770w, https:\/\/lagh-univ.dz\/wp-content\/uploads\/2020\/02\/Agro-243x137.png 243w, https:\/\/lagh-univ.dz\/wp-content\/uploads\/2020\/02\/Agro-171x96.png 171w\" sizes=\"(max-width: 382px) 100vw, 382px\" \/><\/span><\/p>\n","protected":false},"excerpt":{"rendered":"<p>\u0627\u0644\u062a\u0639\u0631\u064a\u0641 \u0628\u0642\u0633\u0645 \u0627\u0644\u0639\u0644\u0648\u0645 \u0627\u0644\u0641\u0644\u0627\u062d\u064a\u0629\u00a0 \u00a0\u0641\u064a \u0633\u0646\u0629 2011 \u062a\u0645 \u0641\u062a\u062d \u0647\u0630\u0627 \u0627\u0644\u0642\u0633\u0645 \u0628\u0635\u0641\u0629 \u0645\u0633\u062a\u0642\u0644\u0629 \u062d\u064a\u062b \u0643\u0627\u0646 \u062a\u0627\u0628\u0639\u0627 \u0641\u064a \u0627\u0644\u0628\u062f\u0627\u064a\u0629 \u0625\u0644\u0649 \u0642\u0633\u0645 \u0627\u0644\u0628\u064a\u0648\u0644\u0648\u062c\u064a\u0627 \u0641\u0623\u0635\u0628\u062d \u064a\u0634\u0631\u0641\u00a0\u0639\u0644\u0649 \u062a\u0643\u0648\u064a\u0646 \u0645\u0647\u0646\u062f\u0633\u064a \u062f\u0648\u0644\u0629 \u0641\u064a \u0627\u0644\u0639\u0644\u0648\u0645 \u0627\u0644\u0641\u0644\u0627\u062d\u064a\u0629. \u00a0 \u00a0 \u00a0 \u00a0 \u00a0 \u0645\u0647\u0646\u062f\u0633 \u062f\u0648\u0644\u0629 \u0641\u064a \u0627\u0644\u0639\u0644\u0648\u0645 \u0627\u0644\u0632\u0631\u0627\u0639\u064a\u0629 : \u064a\u0628\u062f\u0623 \u0645\u0634\u0648\u0627\u0631 \u0627\u0644\u0637\u0627\u0644\u0628 \u0628\u0627\u0644\u062f\u0631\u0627\u0633\u0629 \u0644\u0645\u062f\u0629 \u062b\u0644\u0627\u062b \u0633\u0646\u0648\u0627\u062a \u0641\u064a \u0627\u0644\u062c\u0630\u0639 \u0627\u0644\u0645\u0634\u062a\u0631\u0643 \u062d\u062a\u0649 \u064a\u062a\u0645\u0643\u0646 \u0641\u064a\u0645\u0627 \u0628\u0639\u062f \u0645\u0646 [&hellip;]<\/p>\n","protected":false},"author":11,"featured_media":0,"parent":0,"menu_order":0,"comment_status":"closed","ping_status":"closed","template":"elementor_header_footer","meta":{"_exactmetrics_skip_tracking":false,"_exactmetrics_sitenote_active":false,"_exactmetrics_sitenote_note":"","_exactmetrics_sitenote_category":0,"footnotes":""},"coauthors":[530],"class_list":["post-9361","page","type-page","status-publish","hentry"],"_links":{"self":[{"href":"https:\/\/lagh-univ.dz\/en\/wp-json\/wp\/v2\/pages\/9361","targetHints":{"allow":["GET"]}}],"collection":[{"href":"https:\/\/lagh-univ.dz\/en\/wp-json\/wp\/v2\/pages"}],"about":[{"href":"https:\/\/lagh-univ.dz\/en\/wp-json\/wp\/v2\/types\/page"}],"author":[{"embeddable":true,"href":"https:\/\/lagh-univ.dz\/en\/wp-json\/wp\/v2\/users\/11"}],"replies":[{"embeddable":true,"href":"https:\/\/lagh-univ.dz\/en\/wp-json\/wp\/v2\/comments?post=9361"}],"version-history":[{"count":9,"href":"https:\/\/lagh-univ.dz\/en\/wp-json\/wp\/v2\/pages\/9361\/revisions"}],"predecessor-version":[{"id":31050,"href":"https:\/\/lagh-univ.dz\/en\/wp-json\/wp\/v2\/pages\/9361\/revisions\/31050"}],"wp:attachment":[{"href":"https:\/\/lagh-univ.dz\/en\/wp-json\/wp\/v2\/media?parent=9361"}],"wp:term":[{"taxonomy":"author","embeddable":true,"href":"https:\/\/lagh-univ.dz\/en\/wp-json\/wp\/v2\/coauthors?post=9361"}],"curies":[{"name":"wp","href":"https:\/\/api.w.org\/{rel}","templated":true}]}}