{"id":9413,"date":"2018-07-18T18:58:19","date_gmt":"2018-07-18T20:58:19","guid":{"rendered":"https:\/\/lagh-univ.dz\/science-faculte-secretaire-generale\/"},"modified":"2024-11-20T10:33:53","modified_gmt":"2024-11-20T09:33:53","slug":"science-faculte-secretaire-generale","status":"publish","type":"page","link":"https:\/\/lagh-univ.dz\/en\/science-faculte-secretaire-generale\/","title":{"rendered":"Science -Facult\u00e9-https:\/\/lagh-univ.dz\/science-faculte-secretaire-generale\/Secr\u00e9taire g\u00e9n\u00e9rale"},"content":{"rendered":"<p style=\"text-align: center\"><strong><span style=\"color: #0000ff\"><span style=\"font-family: arabic-kufi;font-size: 14pt\">\u0627\u0644\u0623\u0645\u0627\u0646\u0629 \u0627\u0644\u0639\u0627\u0645\u0629<\/span><\/span><\/strong><\/p>\n<p><strong><span style=\"color: #0000ff\"><span style=\"font-family: arabic-kufi;font-size: 14pt\">1.\u0627\u0644\u0623\u0645\u064a\u0646 \u0627\u0644\u0639\u0627\u0645: \u0639\u062b\u0645\u0627\u0646\u064a \u0641\u0636\u064a\u0644\u0629<\/span><\/span><\/strong><\/p>\n<ul>\n<li><span style=\"font-family: arabic-kufi;font-size: 14pt;color: #000000\">\u0627\u0644\u0628\u0631\u064a\u062f \u0627\u0644\u0625\u0643\u062a\u0631\u0648\u0646\u064a : <strong>f.otmani@lagh-univ.dz<\/strong><\/span><img decoding=\"async\" class=\"alignleft wp-image-26629 size-full\" style=\"line-height: 24px;text-align: start\" src=\"https:\/\/lagh-univ.dz\/wp-content\/uploads\/2020\/02\/otmani.jpg\" alt=\"\" width=\"95\" height=\"124\" \/><\/li>\n<li><span style=\"font-family: arabic-kufi;font-size: 14pt;color: #000000\">\u0627\u0644\u0647\u0627\u062a\u0641: 00 53 14 029<\/span><\/li>\n<\/ul>\n<p><strong><span style=\"color: #0000ff\"><span style=\"font-family: arabic-kufi;font-size: 14pt\">\u00a0 \u0627\u0644\u0645\u0647\u0627\u0645 \u0648 \u0627\u0644\u0627\u062e\u062a\u0635\u0627\u0635\u0627\u062a:<\/span><\/span><\/strong><\/p>\n<ul>\n<li><span style=\"font-family: arabic-kufi;font-size: 14pt;color: #000000\">\u062a\u062d\u0636\u064a\u0631 \u0645\u0634\u0631\u0648\u0639 \u0645\u062e\u0637\u0637 \u062a\u0633\u064a\u064a\u0631 \u0627\u0644\u0645\u0648\u0627\u0631\u062f \u0627\u0644\u0628\u0634\u0631\u064a\u0629 \u0644\u0644\u0643\u0644\u064a\u0629 \u0648\u0636\u0645\u0627\u0646 \u062a\u0646\u0641\u064a\u0630\u0647.<\/span><\/li>\n<li><span style=\"font-family: arabic-kufi;font-size: 14pt;color: #000000\">\u062a\u0633\u064a\u064a\u0631 \u0627\u0644\u0645\u0633\u0627\u0631 \u0627\u0644\u0645\u0647\u0646\u064a \u0644\u0645\u0633\u062a\u062e\u062f\u0645\u064a \u0627\u0644\u0643\u0644\u064a\u0629.<\/span><\/li>\n<li><span style=\"font-family: arabic-kufi;font-size: 14pt;color: #000000\">\u0636\u0645\u0627\u0646 \u062a\u0633\u064a\u064a\u0631 \u0627\u0644\u0623\u0631\u0634\u064a\u0641 \u0648\u062a\u0648\u062b\u064a\u0642 \u0627\u0644\u0643\u0644\u064a\u0629 \u0648\u0627\u0644\u0645\u062d\u0627\u0641\u0638\u0629 \u0639\u0644\u064a\u0647\u0645\u0627.<\/span><\/li>\n<li><span style=\"font-family: arabic-kufi;font-size: 14pt;color: #000000\">\u062a\u062d\u0636\u064a\u0631 \u0645\u0634\u0631\u0648\u0639 \u0645\u064a\u0632\u0627\u0646\u064a\u0629 \u0627\u0644\u0643\u0644\u064a\u0629 \u0648\u0636\u0645\u0627\u0646 \u062a\u0646\u0641\u064a\u0630\u0647.<\/span><\/li>\n<li><span style=\"font-family: arabic-kufi;font-size: 14pt;color: #000000\">\u062a\u0631\u0642\u064a\u0629 \u0627\u0644\u0623\u0646\u0634\u0637\u0629 \u0627\u0644\u0639\u0644\u0645\u064a\u0629 \u0648\u0627\u0644\u062b\u0642\u0627\u0641\u064a\u0629 \u0648\u0627\u0644\u0631\u064a\u0627\u0636\u064a\u0629 \u0644\u0641\u0627\u0626\u062f\u0629 \u0627\u0644\u0637\u0644\u0628\u0629.<\/span><\/li>\n<li><span style=\"font-family: arabic-kufi;font-size: 14pt;color: #000000\">\u062a\u0633\u064a\u064a\u0631 \u0627\u0644\u0648\u0633\u0627\u0626\u0644 \u0627\u0644\u0645\u0646\u0642\u0648\u0644\u0629 \u0648\u0627\u0644\u0639\u0642\u0627\u0631\u064a\u0629 \u0644\u0644\u0643\u0644\u064a\u0629 \u0648\u0627\u0644\u0633\u0647\u0631 \u0639\u0644\u0649 \u0635\u064a\u0627\u0646\u062a\u0647\u0627.<\/span><\/li>\n<\/ul>\n<p>&nbsp;<\/p>\n<p><strong><span style=\"color: #0000ff\"><span style=\"font-family: arabic-kufi;font-size: 14pt\">2-\u0645\u0635\u0627\u0644\u062d \u0627\u0644\u0623\u0645\u0627\u0646\u0629 \u0627\u0644\u0639\u0627\u0645\u0629:<\/span><\/span><\/strong><\/p>\n<ul>\n<li><strong><span style=\"font-family: arabic-kufi;font-size: 14pt;color: #0000ff\">\u0645\u0635\u0644\u062d\u0629 \u0627\u0644\u0645\u0633\u062a\u062e\u062f\u0645\u064a\u0646: <\/span><\/strong><\/li>\n<\/ul>\n<ul>\n<li><span style=\"font-family: arabic-kufi;font-size: 14pt;color: #000000\">\u0631\u0626\u064a\u0633 \u0627\u0644\u0645\u0635\u0644\u062d\u0629 : \/<\/span><\/li>\n<li><span style=\"font-family: arabic-kufi;font-size: 14pt;color: #000000\">\u0627\u0644\u0628\u0631\u064a\u062f \u0627\u0644\u0625\u0643\u062a\u0631\u0648\u0646\u064a : \/<\/span><\/li>\n<li><span style=\"font-family: arabic-kufi;font-size: 14pt;color: #000000\">\u0627\u0644\u0647\u0627\u062a\u0641: \/<\/span><\/li>\n<\/ul>\n<p>&nbsp;<\/p>\n<p><strong><span style=\"color: #0000ff\"><span style=\"font-family: arabic-kufi;font-size: 14pt\">\u0627\u0644\u0645\u0647\u0627\u0645 \u0648 \u0627\u0644\u0627\u062e\u062a\u0635\u0627\u0635\u0627\u062a:<\/span><\/span><\/strong><\/p>\n<ul>\n<li><span style=\"font-family: arabic-kufi;font-size: 14pt;color: #000000\">\u064a\u0636\u0645\u0646 \u062e\u062f\u0645\u0629 \u0634\u062e\u0635\u064a\u0629 \u0645\u062a\u0627\u0628\u0639\u0629 \u0627\u0644\u0645\u0648\u0638\u0641 \u0645\u0646 \u0627\u0644\u064a\u0648\u0645 \u0627\u0644\u0630\u064a \u062a\u0645 \u062a\u062b\u0628\u064a\u062a\u0647 \u062d\u062a\u0649 \u0627\u0644\u062a\u0642\u0627\u0639\u062f.<\/span><\/li>\n<li><span style=\"font-family: arabic-kufi;font-size: 14pt;color: #000000\">\u062a\u062a\u0636\u0645\u0646 \u0627\u0644\u062e\u062f\u0645\u0629 \u0627\u0644\u0634\u062e\u0635\u064a\u0629 \u0642\u0633\u0645\u064a\u0646: \u0642\u0633\u0645 \u0645\u0646 \u0627\u0644\u0623\u0633\u0627\u062a\u0630\u0629 \u0648\u0627\u0644\u0639\u0645\u0627\u0644<\/span><\/li>\n<\/ul>\n<p>&nbsp;<\/p>\n<p><img decoding=\"async\" class=\"alignleft wp-image-26632 \" style=\"line-height: 24px;text-align: right\" src=\"https:\/\/lagh-univ.dz\/wp-content\/uploads\/2020\/02\/\u0628\u0644\u0639\u064a\u062f\u064a-\u0623\u062d\u0645\u062f-\u0646\u0635\u0631-\u0627\u0644\u062f\u064a\u0646.jpg\" alt=\"\" width=\"102\" height=\"130\" \/><\/p>\n<ul>\n<li><strong><span style=\"color: #0000ff\"><span style=\"font-family: arabic-kufi;font-size: 14pt\">\u0645\u0635\u0644\u062d\u0629 \u0627\u0644\u0645\u064a\u0632\u0627\u0646\u064a\u0629 \u0648 \u0627\u0644\u0645\u062d\u0627\u0633\u0628\u0629<\/span><\/span><\/strong><\/li>\n<\/ul>\n<ul>\n<li><span style=\"font-family: arabic-kufi;font-size: 14pt;color: #000000\">\u0631\u0626\u064a\u0633 \u0627\u0644\u0645\u0635\u0644\u062d\u0629 : \u0628\u0644\u0639\u064a\u062f\u064a \u0623\u062d\u0645\u062f \u0646\u0635\u0631 \u0627\u0644\u062f\u064a\u0646<\/span><\/li>\n<li><span style=\"font-family: arabic-kufi;font-size: 14pt;color: #000000\">\u0627\u0644\u0628\u0631\u064a\u062f \u0627\u0644\u0625\u0643\u062a\u0631\u0648\u0646\u064a : a.belaidi@lagh-univ.dz<\/span><\/li>\n<li><span style=\"font-family: arabic-kufi;font-size: 14pt;color: #000000\">\u0627\u0644\u0647\u0627\u062a\u0641: \/<\/span><\/li>\n<\/ul>\n<p>&nbsp;<\/p>\n<p>&nbsp;<\/p>\n<ul>\n<li><strong><span style=\"color: #0000ff\"><span style=\"font-family: arabic-kufi;font-size: 14pt\">\u0645\u0635\u0644\u062d\u0629 \u0627\u0644\u0648\u0633\u0627\u0626\u0644 \u0648\u0627\u0644\u0635\u064a\u0627\u0646\u0629<\/span><\/span><\/strong><img decoding=\"async\" class=\"alignleft wp-image-26635 \" style=\"color: #000000;font-family: arabic-kufi;font-size: 18.6667px;line-height: 28px\" src=\"https:\/\/lagh-univ.dz\/wp-content\/uploads\/2020\/02\/Aouay-205x300.jpg\" alt=\"\" width=\"97\" height=\"142\" srcset=\"https:\/\/lagh-univ.dz\/wp-content\/uploads\/2020\/02\/Aouay-205x300.jpg 205w, https:\/\/lagh-univ.dz\/wp-content\/uploads\/2020\/02\/Aouay.jpg 361w\" sizes=\"(max-width: 97px) 100vw, 97px\" \/><\/li>\n<\/ul>\n<ul>\n<li><span style=\"font-family: arabic-kufi;font-size: 14pt;color: #000000\">\u0631\u0626\u064a\u0633 \u0627\u0644\u0645\u0635\u0644\u062d\u0629 : \u0639\u0648\u0627\u064a \u0645\u062d\u0645\u062f<\/span><\/li>\n<li><span style=\"font-family: arabic-kufi;font-size: 14pt;color: #000000\">\u0627\u0644\u0628\u0631\u064a\u062f \u0627\u0644\u0625\u0643\u062a\u0631\u0648\u0646\u064a : m.aouay@lagh-univ.dz<\/span><\/li>\n<li style=\"text-align: right\"><span style=\"font-family: arabic-kufi;font-size: 14pt;color: #000000\">\u0627\u0644\u0647\u0627\u062a\u0641:\u00a0 \u00a0\/<\/span><\/li>\n<\/ul>\n<p>&nbsp;<\/p>\n","protected":false},"excerpt":{"rendered":"<p>\u0627\u0644\u0623\u0645\u0627\u0646\u0629 \u0627\u0644\u0639\u0627\u0645\u0629 1.\u0627\u0644\u0623\u0645\u064a\u0646 \u0627\u0644\u0639\u0627\u0645: \u0639\u062b\u0645\u0627\u0646\u064a \u0641\u0636\u064a\u0644\u0629 \u0627\u0644\u0628\u0631\u064a\u062f \u0627\u0644\u0625\u0643\u062a\u0631\u0648\u0646\u064a : f.otmani@lagh-univ.dz \u0627\u0644\u0647\u0627\u062a\u0641: 00 53 14 029 \u00a0 \u0627\u0644\u0645\u0647\u0627\u0645 \u0648 \u0627\u0644\u0627\u062e\u062a\u0635\u0627\u0635\u0627\u062a: \u062a\u062d\u0636\u064a\u0631 \u0645\u0634\u0631\u0648\u0639 \u0645\u062e\u0637\u0637 \u062a\u0633\u064a\u064a\u0631 \u0627\u0644\u0645\u0648\u0627\u0631\u062f \u0627\u0644\u0628\u0634\u0631\u064a\u0629 \u0644\u0644\u0643\u0644\u064a\u0629 \u0648\u0636\u0645\u0627\u0646 \u062a\u0646\u0641\u064a\u0630\u0647. \u062a\u0633\u064a\u064a\u0631 \u0627\u0644\u0645\u0633\u0627\u0631 \u0627\u0644\u0645\u0647\u0646\u064a \u0644\u0645\u0633\u062a\u062e\u062f\u0645\u064a \u0627\u0644\u0643\u0644\u064a\u0629. \u0636\u0645\u0627\u0646 \u062a\u0633\u064a\u064a\u0631 \u0627\u0644\u0623\u0631\u0634\u064a\u0641 \u0648\u062a\u0648\u062b\u064a\u0642 \u0627\u0644\u0643\u0644\u064a\u0629 \u0648\u0627\u0644\u0645\u062d\u0627\u0641\u0638\u0629 \u0639\u0644\u064a\u0647\u0645\u0627. \u062a\u062d\u0636\u064a\u0631 \u0645\u0634\u0631\u0648\u0639 \u0645\u064a\u0632\u0627\u0646\u064a\u0629 \u0627\u0644\u0643\u0644\u064a\u0629 \u0648\u0636\u0645\u0627\u0646 \u062a\u0646\u0641\u064a\u0630\u0647. \u062a\u0631\u0642\u064a\u0629 \u0627\u0644\u0623\u0646\u0634\u0637\u0629 \u0627\u0644\u0639\u0644\u0645\u064a\u0629 \u0648\u0627\u0644\u062b\u0642\u0627\u0641\u064a\u0629 \u0648\u0627\u0644\u0631\u064a\u0627\u0636\u064a\u0629 \u0644\u0641\u0627\u0626\u062f\u0629 \u0627\u0644\u0637\u0644\u0628\u0629. \u062a\u0633\u064a\u064a\u0631 \u0627\u0644\u0648\u0633\u0627\u0626\u0644 [&hellip;]<\/p>\n","protected":false},"author":1,"featured_media":0,"parent":0,"menu_order":0,"comment_status":"closed","ping_status":"closed","template":"elementor_header_footer","meta":{"_exactmetrics_skip_tracking":false,"_exactmetrics_sitenote_active":false,"_exactmetrics_sitenote_note":"","_exactmetrics_sitenote_category":0,"footnotes":""},"coauthors":[217,530],"class_list":["post-9413","page","type-page","status-publish","hentry"],"_links":{"self":[{"href":"https:\/\/lagh-univ.dz\/en\/wp-json\/wp\/v2\/pages\/9413","targetHints":{"allow":["GET"]}}],"collection":[{"href":"https:\/\/lagh-univ.dz\/en\/wp-json\/wp\/v2\/pages"}],"about":[{"href":"https:\/\/lagh-univ.dz\/en\/wp-json\/wp\/v2\/types\/page"}],"author":[{"embeddable":true,"href":"https:\/\/lagh-univ.dz\/en\/wp-json\/wp\/v2\/users\/1"}],"replies":[{"embeddable":true,"href":"https:\/\/lagh-univ.dz\/en\/wp-json\/wp\/v2\/comments?post=9413"}],"version-history":[{"count":13,"href":"https:\/\/lagh-univ.dz\/en\/wp-json\/wp\/v2\/pages\/9413\/revisions"}],"predecessor-version":[{"id":49084,"href":"https:\/\/lagh-univ.dz\/en\/wp-json\/wp\/v2\/pages\/9413\/revisions\/49084"}],"wp:attachment":[{"href":"https:\/\/lagh-univ.dz\/en\/wp-json\/wp\/v2\/media?parent=9413"}],"wp:term":[{"taxonomy":"author","embeddable":true,"href":"https:\/\/lagh-univ.dz\/en\/wp-json\/wp\/v2\/coauthors?post=9413"}],"curies":[{"name":"wp","href":"https:\/\/api.w.org\/{rel}","templated":true}]}}