{"id":9676,"date":"2019-01-20T07:45:43","date_gmt":"2019-01-20T09:45:43","guid":{"rendered":"https:\/\/lagh-univ.dz\/sociale-faculte-secretaire-generale\/"},"modified":"2020-02-11T09:17:48","modified_gmt":"2020-02-11T11:17:48","slug":"sociale-faculte-secretaire-generale","status":"publish","type":"page","link":"https:\/\/lagh-univ.dz\/en\/sociale-formation\/sociale-faculte-secretaire-generale\/","title":{"rendered":"sociale-Facult\u00e9-Secr\u00e9taire g\u00e9n\u00e9rale"},"content":{"rendered":"<p dir=\"ltr\"><span style=\"color: #008000;font-size: 14pt;font-family: 'Book Antiqua', Palatino\"><strong>General Secretariat<\/strong><\/span><\/p>\n<p dir=\"ltr\"><span style=\"color: #0000ff;font-size: 14pt;font-family: 'Book Antiqua', Palatino\"><strong>Secretary-general:<\/strong> <span style=\"color: #993300\">Miloudi bel Gasem<\/span><\/span><\/p>\n<p dir=\"ltr\"><strong><span style=\"color: #000000;font-size: 14pt;font-family: 'Book Antiqua', Palatino\">Word by the secretary-general:<\/span><\/strong><\/p>\n<p dir=\"ltr\"><span style=\"color: #000000;font-size: 14pt;font-family: 'Book Antiqua', Palatino\">Through this site, I am pleased to welcome all the university community in general and the faculty members in particular. I am very thankful to the tremendous and purposeful efforts done for the advancement of the scientific, intellectual and cultural level of the university institution.<\/span><\/p>\n<p dir=\"ltr\"><span style=\"color: #000000;font-size: 14pt;font-family: 'Book Antiqua', Palatino\">These efforts required from everyone to display all capabilities with series of intellectual activities. More emphasis is made on the importance of the effective participation of these groups in order for the university to put a new imprint in scientific, intellectual and cultural fields. It aimsat preparing the activation of the role of its program to make the educational process a success and to urge a continuation of efforts at the same pace and enthusiasm. All that to complete the process and put a set of controls and guidelines that must be adhered to and not be violated.<\/span><\/p>\n<p dir=\"ltr\"><span style=\"color: #000000;font-size: 14pt;font-family: 'Book Antiqua', Palatino\">Our aim is also to complement the lofty goals of the system of higher education and scientific research, which constitute the interface of human knowledge that seeks to raise awareness in all areas that would open the horizon to offer some solutions in the scientific and intellectual field. There is no room for us except with hard work and continuous creativity on the scientific and practical levels to achieve leadership and keep pace with the ranks of the major universities towards progress and prosperity, which benefits the country and the people.<\/span><\/p>\n<p dir=\"ltr\" style=\"text-align: right\"><span style=\"color: #000000;font-size: 14pt;font-family: 'Book Antiqua', Palatino\"><strong>Secretary General of the College of Social Sciences\u00a0 \u00a0 \u00a0<\/strong><\/span><\/p>\n<p dir=\"ltr\" style=\"text-align: right\"><span style=\"color: #000000;font-size: 14pt;font-family: 'Book Antiqua', Palatino\"><strong>Belgasem Miloudi\u00a0\u00a0 \u00a0<\/strong><\/span><\/p>\n<p dir=\"ltr\"><span style=\"color: #000000;font-size: 14pt;font-family: 'Book Antiqua', Palatino\">Email: \u00a0 <a style=\"color: #000000\" href=\"mailto:t.bentahar@lagh-univ.dz\">miloudu @lagh-univ.d<\/a>Z<\/span><\/p>\n<p dir=\"ltr\"><span style=\"color: #000000;font-size: 14pt;font-family: 'Book Antiqua', Palatino\">Phone number: 0662515775<\/span><\/p>\n<p dir=\"ltr\"><span style=\"color: #993300\"><strong><span style=\"font-size: 14pt;font-family: 'Book Antiqua', Palatino\">Tasks and functions:<\/span><\/strong><\/span><\/p>\n<ul>\n<li><span style=\"color: #000000;font-size: 14pt;font-family: 'Book Antiqua', Palatino\">The preparation of the faculty human resources management project plan and ensure its implementation.<\/span><\/li>\n<li><span style=\"color: #000000;font-size: 14pt;font-family: 'Book Antiqua', Palatino\">Running the career path for faculty personal.<\/span><\/li>\n<li><span style=\"color: #000000;font-size: 14pt;font-family: 'Book Antiqua', Palatino\">Ensure the archive management, documenting, and maintaining the faculty.<\/span><\/li>\n<li><span style=\"color: #000000;font-size: 14pt;font-family: 'Book Antiqua', Palatino\">Prepare the faculty budget project and ensure its implementation.<\/span><\/li>\n<li><span style=\"color: #000000;font-size: 14pt;font-family: 'Book Antiqua', Palatino\">Promoting scientific, cultural and sports activities for students.<\/span><\/li>\n<li><span style=\"color: #000000;font-size: 14pt;font-family: 'Book Antiqua', Palatino\">Managing the movable and real estate means of the college, and ensuring its maintenance.<\/span><\/li>\n<\/ul>\n<p dir=\"ltr\"><span style=\"color: #008000;font-size: 14pt;font-family: 'Book Antiqua', Palatino\"><strong>Staff of the general secretariat<\/strong><\/span><\/p>\n<p dir=\"ltr\"><span style=\"color: #993300;font-size: 14pt;font-family: 'Book Antiqua', Palatino\"><strong>Service staff<\/strong><\/span><\/p>\n<p dir=\"ltr\"><span style=\"color: #000000;font-size: 14pt;font-family: 'Book Antiqua', Palatino\">Chief of staff: ChouchaLamine .<\/span><\/p>\n<p dir=\"ltr\"><span style=\"color: #000000;font-size: 14pt;font-family: 'Book Antiqua', Palatino\">Email: <a style=\"color: #000000\" href=\"mailto:chouchalamine@yahoo.fr\">chouchalamine@yahoo.fr<\/a><\/span><\/p>\n<p dir=\"ltr\"><span style=\"color: #000000;font-size: 14pt;font-family: 'Book Antiqua', Palatino\">Phone number: 0699745970<\/span><\/p>\n<p dir=\"ltr\"><span style=\"color: #000000;font-size: 14pt;font-family: 'Book Antiqua', Palatino\"><strong>Tasks and functions:<\/strong><\/span><\/p>\n<p dir=\"ltr\"><span style=\"color: #000000;font-size: 14pt;font-family: 'Book Antiqua', Palatino\">It ensures a personal service and follows the employee from the first day of working until retirement.<\/span><\/p>\n<p dir=\"ltr\"><span style=\"color: #000000;font-size: 14pt;font-family: 'Book Antiqua', Palatino\">The personal service includes two parts: one of professors and one of workers.<\/span><\/p>\n<p dir=\"ltr\"><span style=\"color: #993300;font-size: 14pt;font-family: 'Book Antiqua', Palatino\"><strong>Budget and Accounting department<\/strong><\/span><\/p>\n<p dir=\"ltr\"><span style=\"color: #000000;font-size: 14pt;font-family: 'Book Antiqua', Palatino\">Chief of staff: Ali ben Attia<\/span><\/p>\n<p dir=\"ltr\"><span style=\"color: #000000;font-size: 14pt;font-family: 'Book Antiqua', Palatino\">Email: <a style=\"color: #000000\" href=\"mailto:benatia77@gmail.com\">benatia77@gmail.com<\/a><\/span><\/p>\n<p dir=\"ltr\"><span style=\"color: #993300;font-size: 14pt;font-family: 'Book Antiqua', Palatino\"><strong>Means and maintenance department<\/strong><\/span><\/p>\n<p dir=\"ltr\"><span style=\"color: #000000;font-size: 14pt;font-family: 'Book Antiqua', Palatino\"><strong>C<\/strong>hief of staff: Chouaib Mustafa<\/span><\/p>\n<p dir=\"ltr\"><span style=\"color: #000000;font-size: 14pt;font-family: 'Book Antiqua', Palatino\">Phone number: 0669515012<\/span><\/p>\n","protected":false},"excerpt":{"rendered":"<p>General Secretariat Secretary-general: Miloudi bel Gasem Word by the secretary-general: Through this site, I am pleased to welcome all the university community in general and the faculty members in particular. I am very thankful to the tremendous and purposeful efforts done for the advancement of the scientific, intellectual and cultural level of the university institution. [&hellip;]<\/p>\n","protected":false},"author":1,"featured_media":0,"parent":9722,"menu_order":0,"comment_status":"closed","ping_status":"closed","template":"elementor_header_footer","meta":{"_exactmetrics_skip_tracking":false,"_exactmetrics_sitenote_active":false,"_exactmetrics_sitenote_note":"","_exactmetrics_sitenote_category":0,"footnotes":""},"coauthors":[217,532],"class_list":["post-9676","page","type-page","status-publish","hentry"],"_links":{"self":[{"href":"https:\/\/lagh-univ.dz\/en\/wp-json\/wp\/v2\/pages\/9676","targetHints":{"allow":["GET"]}}],"collection":[{"href":"https:\/\/lagh-univ.dz\/en\/wp-json\/wp\/v2\/pages"}],"about":[{"href":"https:\/\/lagh-univ.dz\/en\/wp-json\/wp\/v2\/types\/page"}],"author":[{"embeddable":true,"href":"https:\/\/lagh-univ.dz\/en\/wp-json\/wp\/v2\/users\/1"}],"replies":[{"embeddable":true,"href":"https:\/\/lagh-univ.dz\/en\/wp-json\/wp\/v2\/comments?post=9676"}],"version-history":[{"count":6,"href":"https:\/\/lagh-univ.dz\/en\/wp-json\/wp\/v2\/pages\/9676\/revisions"}],"predecessor-version":[{"id":25237,"href":"https:\/\/lagh-univ.dz\/en\/wp-json\/wp\/v2\/pages\/9676\/revisions\/25237"}],"up":[{"embeddable":true,"href":"https:\/\/lagh-univ.dz\/en\/wp-json\/wp\/v2\/pages\/9722"}],"wp:attachment":[{"href":"https:\/\/lagh-univ.dz\/en\/wp-json\/wp\/v2\/media?parent=9676"}],"wp:term":[{"taxonomy":"author","embeddable":true,"href":"https:\/\/lagh-univ.dz\/en\/wp-json\/wp\/v2\/coauthors?post=9676"}],"curies":[{"name":"wp","href":"https:\/\/api.w.org\/{rel}","templated":true}]}}