{"id":9814,"date":"2018-07-18T18:58:51","date_gmt":"2018-07-18T18:58:51","guid":{"rendered":"https:\/\/lagh-univ.dz\/droit-faculte-secretaire-generale\/"},"modified":"2020-02-22T22:40:47","modified_gmt":"2020-02-23T00:40:47","slug":"droit-faculte-secretaire-generale","status":"publish","type":"page","link":"https:\/\/lagh-univ.dz\/en\/droit-formation\/droit-faculte-secretaire-generale\/","title":{"rendered":"Droit-Facult\u00e9-Secr\u00e9taire g\u00e9n\u00e9rale"},"content":{"rendered":"<p style=\"text-align: center\"><span style=\"font-size: 18pt;font-family: 'Times New Roman', Times\">Secretary General&#8217;s Word<\/span><\/p>\n<p style=\"text-align: left\">\u00a0<span style=\"font-family: 'Times New Roman', Times;font-size: 14pt\">: Mr. Teggari Tahar mail<\/span><\/p>\n<p style=\"text-align: left\"><span style=\"font-family: 'Times New Roman', Times;font-size: 14pt\"><u>In the name of God, the most gracious, the most merciful<\/u><\/span><\/p>\n<p style=\"text-align: left\"><span style=\"font-family: 'Times New Roman', Times;font-size: 14pt\"><u>And peace and blessings of God be upon our lord Muhammad, his family and companions<\/u><\/span><\/p>\n<p style=\"text-align: left\"><span style=\"font-family: 'Times New Roman', Times;font-size: 14pt\">It is a matter of elation and honor that we salute our students, teachers and employees who have been promoted to advance our faculty and have spent the dark nights, to lead the way up and up, regardless of the challenges and hardships against everything that weaves against our nation and mortgages its future, inspiring the honesty of the just martyrs who sacrificed the highest of what they have. The greatness of the country to enjoy freedom<\/span><\/p>\n<p style=\"text-align: left\"><span style=\"font-family: 'Times New Roman', Times;font-size: 14pt\">We bring knowledge, seriousness and discipline, and we make our faculty a beacon of science and light on which all Everyone who wants success passes it<\/span><\/p>\n<p style=\"text-align: left\"><span style=\"font-family: 'Times New Roman', Times;font-size: 14pt\">We ask God to pay all the students, professors and employees all the . best<\/span><\/p>\n<p style=\"text-align: left\"><span style=\"font-family: 'Times New Roman', Times;font-size: 14pt\">Missions<\/span><\/p>\n<ul>\n<li style=\"text-align: left\"><span style=\"font-family: 'Times New Roman', Times;font-size: 14pt\">Prepare the draft human resources plan for the faculty and ensure its implementation<\/span><\/li>\n<li style=\"text-align: left\"><span style=\"font-family: 'Times New Roman', Times;font-size: 14pt\">Ensure the preservation of the archive<\/span><\/li>\n<li style=\"text-align: left\"><span style=\"font-family: 'Times New Roman', Times;font-size: 14pt\">Preparation of the draft budget and the pursuit of its implementation<\/span><\/li>\n<li style=\"text-align: left\"><span style=\"font-family: 'Times New Roman', Times;font-size: 14pt\">&#8211; Programming with the relevant bodies in the presidency of the university for scientific, cultural and sports activities in favor of students<\/span><\/li>\n<li style=\"text-align: left\"><span style=\"font-family: 'Times New Roman', Times;font-size: 14pt\">The operation of the means of furniture and structures and work to maintain and maintain- Prepare the faculty&#8217;s internal security plan<\/span><\/li>\n<\/ul>\n","protected":false},"excerpt":{"rendered":"<p>Secretary General&#8217;s Word \u00a0: Mr. Teggari Tahar mail In the name of God, the most gracious, the most merciful And peace and blessings of God be upon our lord Muhammad, his family and companions It is a matter of elation and honor that we salute our students, teachers and employees who have been promoted to [&hellip;]<\/p>\n","protected":false},"author":9,"featured_media":0,"parent":9856,"menu_order":0,"comment_status":"closed","ping_status":"closed","template":"elementor_header_footer","meta":{"_exactmetrics_skip_tracking":false,"_exactmetrics_sitenote_active":false,"_exactmetrics_sitenote_note":"","_exactmetrics_sitenote_category":0,"footnotes":""},"coauthors":[525],"class_list":["post-9814","page","type-page","status-publish","hentry"],"_links":{"self":[{"href":"https:\/\/lagh-univ.dz\/en\/wp-json\/wp\/v2\/pages\/9814","targetHints":{"allow":["GET"]}}],"collection":[{"href":"https:\/\/lagh-univ.dz\/en\/wp-json\/wp\/v2\/pages"}],"about":[{"href":"https:\/\/lagh-univ.dz\/en\/wp-json\/wp\/v2\/types\/page"}],"author":[{"embeddable":true,"href":"https:\/\/lagh-univ.dz\/en\/wp-json\/wp\/v2\/users\/9"}],"replies":[{"embeddable":true,"href":"https:\/\/lagh-univ.dz\/en\/wp-json\/wp\/v2\/comments?post=9814"}],"version-history":[{"count":8,"href":"https:\/\/lagh-univ.dz\/en\/wp-json\/wp\/v2\/pages\/9814\/revisions"}],"predecessor-version":[{"id":30403,"href":"https:\/\/lagh-univ.dz\/en\/wp-json\/wp\/v2\/pages\/9814\/revisions\/30403"}],"up":[{"embeddable":true,"href":"https:\/\/lagh-univ.dz\/en\/wp-json\/wp\/v2\/pages\/9856"}],"wp:attachment":[{"href":"https:\/\/lagh-univ.dz\/en\/wp-json\/wp\/v2\/media?parent=9814"}],"wp:term":[{"taxonomy":"author","embeddable":true,"href":"https:\/\/lagh-univ.dz\/en\/wp-json\/wp\/v2\/coauthors?post=9814"}],"curies":[{"name":"wp","href":"https:\/\/api.w.org\/{rel}","templated":true}]}}