{"id":9908,"date":"2018-07-18T18:59:22","date_gmt":"2018-07-18T18:59:22","guid":{"rendered":"https:\/\/lagh-univ.dz\/sport-faculte-secretaire-generale\/"},"modified":"2022-03-18T14:30:03","modified_gmt":"2022-03-18T13:30:03","slug":"sport-faculte-secretaire-generale","status":"publish","type":"page","link":"https:\/\/lagh-univ.dz\/en\/sport-formation\/sport-faculte-secretaire-generale\/","title":{"rendered":"Sport-Facult\u00e9-Secr\u00e9taire g\u00e9n\u00e9rale"},"content":{"rendered":"<p dir=\"ltr\" style=\"text-align: center\"><span style=\"color: #0000ff\"><strong><span style=\"text-decoration: underline\"><span style=\"font-family: 'Times New Roman', Times;font-size: 18pt\">General\u00a0 Secretary Of\u00a0\u00a0 STAPS Institute In Laghouat<\/span><\/span><\/strong><\/span><\/p>\n<p dir=\"ltr\"><strong style=\"color: #ff0000\"><span style=\"font-family: 'Times New Roman', Times;font-size: 14pt\"><img decoding=\"async\" class=\" wp-image-23786 alignright\" src=\"https:\/\/lagh-univ.dz\/wp-content\/uploads\/2020\/02\/\u0627\u0644\u0633\u064a\u062f-\u0639\u0628\u062f-\u0627\u0644\u062c\u0628\u0627\u0631-\u0628\u0646-\u062b\u0627\u0628\u062a.png\" alt=\"\" width=\"151\" height=\"160\" \/><\/span><\/strong><\/p>\n<p dir=\"ltr\"><span style=\"text-decoration: underline;color: #ff0000\"><strong><span style=\"font-family: 'Times New Roman', Times;font-size: 14pt\">General\u00a0 Secretary:<\/span><\/strong><\/span><\/p>\n<p dir=\"ltr\"><span style=\"font-family: 'Times New Roman', Times;font-size: 14pt;color: #000000\"><strong><u>M<\/u>\/ <\/strong><strong>Benthabet Abdeldjabbar<\/strong><\/span><\/p>\n<p dir=\"ltr\" style=\"text-align: left\"><span style=\"font-family: 'Times New Roman', Times;font-size: 14pt;color: #000000\"><strong><u>Phone number:<\/u><\/strong><\/span><\/p>\n<p dir=\"ltr\" style=\"text-align: left\"><strong style=\"color: #000000;font-family: 'Times New Roman', Times;font-size: 14pt\"><u>Gmail:<\/u><\/strong><strong style=\"color: #000000;font-family: 'Times New Roman', Times;font-size: 14pt\"> ben.abdeldjbar@lagh-univ.dz<\/strong><\/p>\n<p dir=\"ltr\" style=\"text-align: justify\"><span style=\"text-decoration: underline;color: #ff0000\"><strong><span style=\"font-family: 'Times New Roman', Times;font-size: 14pt\">Word of \u00a0General\u00a0 Secretary of\u00a0\u00a0 STAPS Institute in Laghouat:<\/span><\/strong><\/span><\/p>\n<p dir=\"ltr\" style=\"text-align: justify\"><span style=\"font-family: 'Times New Roman', Times;font-size: 14pt;color: #000000\">\u00a0Dear colleagues, welcome to the STAPS of\u00a0 LAGHOUAT Institute, <\/span><span style=\"font-family: 'Times New Roman', Times;font-size: 14pt;color: #000000\">It is with great pleasure that I write these few words to you, on behalf of our newly created establishment, to wish you every success in the exercise of your new missions and important responsibilities.<\/span><\/p>\n<p dir=\"ltr\" style=\"text-align: justify\"><span style=\"text-decoration: underline;color: #ff0000\"><strong><span style=\"font-family: 'Times New Roman', Times;font-size: 14pt\">The general secretary is \u00a0responsible for:<\/span><\/strong><\/span><\/p>\n<p dir=\"ltr\" style=\"text-align: justify\"><span style=\"font-family: 'Times New Roman', Times;font-size: 14pt;color: #000000\">&#8211; ensure the management of the careers of institute\u00a0 staff while respecting the authority of the institutes,<\/span><\/p>\n<p dir=\"ltr\" style=\"text-align: justify\"><span style=\"font-family: 'Times New Roman', Times;font-size: 14pt;color: #000000\">&#8211; prepare the institute&#8217;s budget proposal and monitor its execution,<\/span><\/p>\n<p dir=\"ltr\" style=\"text-align: justify\"><span style=\"font-family: 'Times New Roman', Times;font-size: 14pt;color: #000000\">&#8211; ensure the follow-up of the financing of the activities of research laboratories,<\/span><\/p>\n<p dir=\"ltr\" style=\"text-align: justify\"><span style=\"font-family: 'Times New Roman', Times;font-size: 14pt;color: #000000\">&#8211; to ensure the proper functioning of the common services of the university,<\/span><\/p>\n<p dir=\"ltr\" style=\"text-align: justify\"><span style=\"font-family: 'Times New Roman', Times;font-size: 14pt;color: #000000\">&#8211; to implement the programs of cultural and sporting activities of the institute and to promote them,<\/span><\/p>\n<p dir=\"ltr\" style=\"text-align: justify\"><span style=\"font-family: 'Times New Roman', Times;font-size: 14pt;color: #000000\">&#8211; ensure the monitoring and coordination of the institute&#8217;s internal security plans in conjunction with the office of the internal security rectorate,<\/span><\/p>\n<p dir=\"ltr\" style=\"text-align: justify\"><span style=\"font-family: 'Times New Roman', Times;font-size: 14pt;color: #000000\">&#8211; ensuring the management and conservation of the archives and documentation of the rectorate,<\/span><\/p>\n<p dir=\"ltr\" style=\"text-align: justify\"><span style=\"font-family: 'Times New Roman', Times;font-size: 14pt;color: #000000\">&#8211; ensure the operation and management of the university&#8217;s order office.<\/span><\/p>\n<p dir=\"ltr\"><span style=\"text-decoration: underline;color: #ff0000\"><strong><span style=\"font-family: 'Times New Roman', Times;font-size: 14pt\">The services of the General Secretariat:<\/span><\/strong><\/span><\/p>\n<p dir=\"ltr\"><span style=\"font-family: 'Times New Roman', Times;font-size: 14pt;color: #ff0000\"><strong><u>Service of\u00a0 Personnel:<\/u><\/strong><\/span><\/p>\n<p dir=\"ltr\"><span style=\"font-family: 'Times New Roman', Times;font-size: 14pt;color: #000000\"><strong><u>head of service: <\/u><\/strong><u>Khalat Kihal Mohamed Lamin<\/u><\/span><\/p>\n<p dir=\"ltr\"><span style=\"font-family: 'Times New Roman', Times;font-size: 14pt;color: #000000\"><strong><u>Gmail: <\/u><\/strong><u>amine_joy@hotmail.com<\/u><\/span><\/p>\n<p dir=\"ltr\"><span style=\"font-family: 'Times New Roman', Times;font-size: 14pt;color: #000000\"><strong><u>Phone number:<\/u><\/strong><\/span><\/p>\n<p dir=\"ltr\"><span style=\"font-family: 'Times New Roman', Times;font-size: 14pt;color: #ff0000\"><strong><u><span class=\"tlid-translation translation\" lang=\"en\"><span title=\"\">Service <\/span>of\u00a0\u00a0<span class=\"\" title=\"\">finance and accounting<\/span><\/span>:<\/u><\/strong><\/span><\/p>\n<p dir=\"ltr\"><span style=\"font-family: 'Times New Roman', Times;font-size: 14pt;color: #000000\"><strong><u>head of service: <\/u><\/strong><u>Zaabta Widade<\/u><\/span><\/p>\n<p dir=\"ltr\"><span style=\"font-family: 'Times New Roman', Times;font-size: 14pt;color: #000000\"><strong><u>Gmail: <\/u><\/strong><u>widade_za@hotmail.com<\/u><\/span><\/p>\n<p dir=\"ltr\"><span style=\"font-family: 'Times New Roman', Times;font-size: 14pt;color: #000000\"><strong><u>Phone number:<\/u><\/strong><\/span><\/p>\n<p dir=\"ltr\"><span style=\"font-family: 'Times New Roman', Times;font-size: 14pt;color: #ff0000\"><strong><u>Means and maintenance service:<\/u><\/strong><\/span><\/p>\n<p dir=\"ltr\"><span style=\"font-family: 'Times New Roman', Times;font-size: 14pt;color: #000000\"><strong><u>head of service:<\/u><\/strong><u> Ben Atia Ismaaille<\/u><\/span><\/p>\n<p dir=\"ltr\"><span style=\"font-family: 'Times New Roman', Times;font-size: 14pt;color: #000000\"><strong><u>Gmail: <\/u><\/strong><u>isma_ben@gmail.com<\/u><\/span><\/p>\n<p dir=\"ltr\"><span style=\"font-family: 'Times New Roman', Times;font-size: 14pt;color: #000000\"><strong><u>Phone number:<\/u><\/strong><\/span><\/p>\n<p dir=\"ltr\">\n","protected":false},"excerpt":{"rendered":"<p>General\u00a0 Secretary Of\u00a0\u00a0 STAPS Institute In Laghouat General\u00a0 Secretary: M\/ Benthabet Abdeldjabbar Phone number: Gmail: ben.abdeldjbar@lagh-univ.dz Word of \u00a0General\u00a0 Secretary of\u00a0\u00a0 STAPS Institute in Laghouat: \u00a0Dear colleagues, welcome to the STAPS of\u00a0 LAGHOUAT Institute, It is with great pleasure that I write these few words to you, on behalf of our newly created establishment, to [&hellip;]<\/p>\n","protected":false},"author":15,"featured_media":0,"parent":9944,"menu_order":0,"comment_status":"closed","ping_status":"closed","template":"elementor_header_footer","meta":{"_exactmetrics_skip_tracking":false,"_exactmetrics_sitenote_active":false,"_exactmetrics_sitenote_note":"","_exactmetrics_sitenote_category":0,"footnotes":""},"coauthors":[534],"class_list":["post-9908","page","type-page","status-publish","hentry"],"_links":{"self":[{"href":"https:\/\/lagh-univ.dz\/en\/wp-json\/wp\/v2\/pages\/9908","targetHints":{"allow":["GET"]}}],"collection":[{"href":"https:\/\/lagh-univ.dz\/en\/wp-json\/wp\/v2\/pages"}],"about":[{"href":"https:\/\/lagh-univ.dz\/en\/wp-json\/wp\/v2\/types\/page"}],"author":[{"embeddable":true,"href":"https:\/\/lagh-univ.dz\/en\/wp-json\/wp\/v2\/users\/15"}],"replies":[{"embeddable":true,"href":"https:\/\/lagh-univ.dz\/en\/wp-json\/wp\/v2\/comments?post=9908"}],"version-history":[{"count":7,"href":"https:\/\/lagh-univ.dz\/en\/wp-json\/wp\/v2\/pages\/9908\/revisions"}],"predecessor-version":[{"id":30305,"href":"https:\/\/lagh-univ.dz\/en\/wp-json\/wp\/v2\/pages\/9908\/revisions\/30305"}],"up":[{"embeddable":true,"href":"https:\/\/lagh-univ.dz\/en\/wp-json\/wp\/v2\/pages\/9944"}],"wp:attachment":[{"href":"https:\/\/lagh-univ.dz\/en\/wp-json\/wp\/v2\/media?parent=9908"}],"wp:term":[{"taxonomy":"author","embeddable":true,"href":"https:\/\/lagh-univ.dz\/en\/wp-json\/wp\/v2\/coauthors?post=9908"}],"curies":[{"name":"wp","href":"https:\/\/api.w.org\/{rel}","templated":true}]}}