{"id":10282,"date":"2019-02-07T10:27:13","date_gmt":"2019-02-07T12:27:13","guid":{"rendered":"https:\/\/lagh-univ.dz\/langue-departement-arabe-presentation\/"},"modified":"2019-12-04T07:53:07","modified_gmt":"2019-12-04T09:53:07","slug":"langue-departement-arabe-presentation","status":"publish","type":"page","link":"https:\/\/lagh-univ.dz\/fr\/langue-departement-arabe\/langue-departement-arabe-presentation\/","title":{"rendered":"Langue-Departement- arabe- presentation"},"content":{"rendered":"<p dir=\"ltr\" style=\"text-align: left\"><span style=\"font-family: Book Antiqua, Palatino;font-size: 14pt;color: #000000\">\u00a0<\/span><\/p>\n<div id=\"s5_component_wrap\" dir=\"ltr\" style=\"text-align: left\">\n<div id=\"s5_component_wrap_inner\">\n<div class=\"blog-featured\">\n<div>\n<div class=\"article_column\">\n<div class=\"item\">\n<div id=\"post-1332\" class=\"post-1332 page type-page status-publish hentry\">\n<div class=\"contentpaneopen_heading\">\n<h2><\/h2>\n<h2 style=\"text-align: center\"><span style=\"font-family: Book Antiqua, Palatino;font-size: 18pt;color: #000000\">Pr\u00e9sentation du d\u00e9partement de langue et de lettres arabes<\/span><\/h2>\n<p><img fetchpriority=\"high\" decoding=\"async\" class=\"size-medium wp-image-2821 aligncenter\" src=\"http:\/\/old.lagh-univ.dz\/wp-content\/uploads\/2014\/07\/dep_lettre-300x225.jpg\" alt=\"dep_lettre\" width=\"300\" height=\"225\" \/><\/p>\n<\/div>\n<div class=\"s5_contentwrapper\">\n<div>\n<p><span style=\"font-family: Book Antiqua, Palatino;font-size: 14pt;color: #000000\">\u00a0\u00a0\u00a0\u00a0\u00a0\u00a0\u00a0\u00a0\u00a0\u00a0 Le d\u00e9partement de langue et de lettres arabes offre des opportunit\u00e9s de formation pour plus de 1000 \u00e9tudiants. L\u2019encadrement est assur\u00e9 par 45 enseignants permanents dont, 19 professeurs de l\u2019enseignement sup\u00e9rieur, 17 maitres de conf\u00e9rences\u00a0 \u2018\u2018A\u2019\u2019, 03 maitres de conf\u00e9rences \u2018\u2018B\u2019\u2019, 06 maitres assistants\u00a0 \u2018\u2018A\u2019\u2019 et 08 maitres assistants \u2018\u2018B\u2019\u2019, en plus de la contribution de 02 enseignants associ\u00e9s r\u00e9partis sur des modules de langues \u00e9trang\u00e8res.<\/span><\/p>\n<p><span style=\"font-family: Book Antiqua, Palatino;font-size: 14pt;color: #000000\">Le d\u00e9partement dispose d\u201901 amphith\u00e9\u00e2tre, 12 salles de cours ainsi que l\u2019exploitation commune des amphith\u00e9\u00e2tres de l\u2019\u00e9tablissement avec les d\u00e9partements des autres facult\u00e9s.<\/span><\/p>\n<p><span style=\"font-family: Book Antiqua, Palatino;font-size: 14pt;color: #000000\">Le d\u00e9partement a pu mettre en place 04 laboratoires de recherche\u00a0:<\/span><\/p>\n<p><span style=\"font-family: Book Antiqua, Palatino;font-size: 14pt;color: #000000\">1.\u00a0 Laboratoire de langue et de litt\u00e9rature arabes\u00a0;<\/span><\/p>\n<p><span style=\"font-family: Book Antiqua, Palatino;font-size: 14pt;color: #000000\">2. Laboratoire des Sciences du Langage\u00a0;<\/span><\/p>\n<p><span style=\"font-family: Book Antiqua, Palatino;font-size: 14pt;color: #000000\">3.\u00a0 Laboratoire de pragmatique linguistique\u00a0;<\/span><\/p>\n<p><span style=\"font-family: Book Antiqua, Palatino;font-size: 14pt;color: #000000\">4. Laboratoire de linguistique contrastive.<\/span><\/p>\n<p><span style=\"font-family: Book Antiqua, Palatino;font-size: 14pt;color: #000000\">Ces quatre laboratoires abritent des \u00e9quipes de recherche qui \u00e9voluent, depuis des ann\u00e9es, \u00e0 travers des projets dans les domaines suivants\u00a0:<\/span><\/p>\n<p><span style=\"font-family: Book Antiqua, Palatino;font-size: 14pt;color: #000000\">1.\u00a0\u00a0 Recherche sur le terrain ;<\/span><\/p>\n<p><span style=\"font-family: Book Antiqua, Palatino;font-size: 14pt;color: #000000\">2. Recherche th\u00e9orique ;<\/span><\/p>\n<p><span style=\"font-family: Book Antiqua, Palatino;font-size: 14pt;color: #000000\">3.\u00a0\u00a0 Recherche pratique ;<\/span><\/p>\n<p><span style=\"font-family: Book Antiqua, Palatino;font-size: 14pt;color: #000000\">4.\u00a0\u00a0\u00a0 Recherche dans le domaine des m\u00e9thodes p\u00e9dagogiques, langagi\u00e8res, litt\u00e9raires et les domaines adjacents.<\/span><\/p>\n<p><span style=\"font-family: Book Antiqua, Palatino;font-size: 14pt;color: #000000\">\u00a0\u00a0\u00a0\u00a0\u00a0\u00a0\u00a0\u00a0\u00a0\u00a0 Le d\u00e9partement, en collaboration avec ces laboratoires, a publi\u00e9 plus de 20 livres et recherches, en plus de 03 revues, \u00e0 l\u2019instar de la revue les lettres et des langues, la revue du chercheur et la revue des sciences du langage.<\/span><\/p>\n<p><span style=\"font-family: Book Antiqua, Palatino;font-size: 14pt;color: #000000\">\u00a0\u00a0\u00a0\u00a0\u00a0\u00a0\u00a0\u00a0\u00a0\u00a0\u00a0 Le d\u00e9partement organise r\u00e9guli\u00e8rement des concours de magist\u00e8re et cela depuis l\u2019ann\u00e9e 2005, date d\u2019organisation du premier concours, dans les domaines de la langue, des lettres et de la critique litt\u00e9raires. Ceci a permis aux \u00e9tudiants de poursuivre leurs \u00e9tudes dans de meilleures conditions. Plusieurs d\u2019entre eux ont pu d\u00e9crocher leurs grades de magister, pour se voir recrut\u00e9s au d\u00e9partement-m\u00eame au sein duquel ils ont \u00e9t\u00e9 form\u00e9s. D&rsquo;autres exercent dans d\u2019autres \u00e9tablissements universitaires du pays.<\/span><\/p>\n<p><span style=\"font-family: Book Antiqua, Palatino;font-size: 14pt;color: #000000\">\u00a0\u00a0\u00a0\u00a0\u00a0\u00a0\u00a0\u00a0\u00a0\u00a0\u00a0\u00a0 Le d\u00e9partement de langue et de litt\u00e9rature arabe organise des activit\u00e9s sp\u00e9cifiques comme les manifestations scientifiques internationales et nationales dans les domaines des sciences du langage, de la litt\u00e9rature et de la critique litt\u00e9raire et aussi dans les domaines adjacents.<\/span><\/p>\n<p><span style=\"font-family: Book Antiqua, Palatino;font-size: 14pt;color: #000000\">\u00a0\u00a0\u00a0\u00a0\u00a0\u00a0\u00a0\u00a0\u00a0\u00a0\u00a0\u00a0\u00a0 Le d\u00e9partement dispose d\u2019un club de litt\u00e9rature pour les \u00e9tudiants, baptis\u00e9 \u2018\u2018AL-Khalil Ibn Ahmed AL-Farahidi\u2019\u2019 ayant pour but d\u2019encourager les jeunes talents qui s\u2019int\u00e9ressent \u00e0 la litt\u00e9rature ainsi que la prise en consid\u00e9ration de leurs contributions durant les comm\u00e9morations de journ\u00e9es nationales, religieuses et autres.<\/span><\/p>\n<p><span style=\"font-family: Book Antiqua, Palatino;font-size: 14pt;color: #000000\">\u00a0\u00a0\u00a0\u00a0\u00a0\u00a0\u00a0\u00a0\u00a0\u00a0\u00a0\u00a0\u00a0 Le d\u00e9partement de langue et de litt\u00e9rature arabe envisage la cr\u00e9ation d\u2019une biblioth\u00e8que d\u00e9di\u00e9e aux \u00e9tudiants du d\u00e9partement. Cette biblioth\u00e8que contiendra les plus importants ouvrages demand\u00e9s, les th\u00e8ses et les m\u00e9moires soutenus, que peuvent consulter les \u00e9tudiants au cours de la r\u00e9alisation de leurs travaux de recherche afin d\u2019installer un bon climat de recherche au sein du d\u00e9partement.\u00a0\u00a0 <\/span><\/p>\n<div class=\"w3eden\">\n<div class=\"wpdm-link-tpl link-btn [color]\" data-durl=\"http:\/\/en.lagh-univ.dz\/accueilf\/?wpdmdl=5603\">\n<div class=\"media\">\n<div class=\"media-body\">\n<div><\/div>\n<\/div>\n<\/div>\n<\/div>\n<div><\/div>\n<\/div>\n<p dir=\"RTL\" lang=\"AR-SA\"><span style=\"font-family: Book Antiqua, Palatino;font-size: 14pt;color: #000000\"><span lang=\"AR-SA\">\u00a0<\/span><\/span><\/p>\n<div class=\"sharedaddy sd-sharing-enabled\">\n<div class=\"robots-nocontent sd-block sd-social sd-social-official sd-sharing\">\n<h3 class=\"sd-title\"><\/h3>\n<div class=\"sd-content\"><\/div>\n<\/div>\n<\/div>\n<div class=\"entry-utility\"><\/div>\n<div><\/div>\n<\/div>\n<\/div>\n<\/div>\n<\/div>\n<div class=\"artseperator\"><\/div>\n<div><\/div>\n<\/div>\n<\/div>\n<\/div>\n<div><\/div>\n<\/div>\n<\/div>\n<p dir=\"ltr\" style=\"font-weight: 400;text-align: left\"><span style=\"font-family: Book Antiqua, Palatino;font-size: 14pt;color: #000000\">\u00a0<\/span><\/p>\n","protected":false},"excerpt":{"rendered":"<p>\u00a0 Pr\u00e9sentation du d\u00e9partement de langue et de lettres arabes \u00a0\u00a0\u00a0\u00a0\u00a0\u00a0\u00a0\u00a0\u00a0\u00a0 Le d\u00e9partement de langue et de lettres arabes offre des opportunit\u00e9s de formation pour plus de 1000 \u00e9tudiants. L\u2019encadrement est assur\u00e9 par 45 enseignants permanents dont, 19 professeurs de l\u2019enseignement sup\u00e9rieur, 17 maitres de conf\u00e9rences\u00a0 \u2018\u2018A\u2019\u2019, 03 maitres de conf\u00e9rences \u2018\u2018B\u2019\u2019, 06 maitres assistants\u00a0 [&hellip;]<\/p>\n","protected":false},"author":1,"featured_media":0,"parent":10235,"menu_order":0,"comment_status":"closed","ping_status":"closed","template":"elementor_header_footer","meta":{"_exactmetrics_skip_tracking":false,"_exactmetrics_sitenote_active":false,"_exactmetrics_sitenote_note":"","_exactmetrics_sitenote_category":0,"footnotes":""},"coauthors":[217,529],"class_list":["post-10282","page","type-page","status-publish","hentry"],"_links":{"self":[{"href":"https:\/\/lagh-univ.dz\/fr\/wp-json\/wp\/v2\/pages\/10282","targetHints":{"allow":["GET"]}}],"collection":[{"href":"https:\/\/lagh-univ.dz\/fr\/wp-json\/wp\/v2\/pages"}],"about":[{"href":"https:\/\/lagh-univ.dz\/fr\/wp-json\/wp\/v2\/types\/page"}],"author":[{"embeddable":true,"href":"https:\/\/lagh-univ.dz\/fr\/wp-json\/wp\/v2\/users\/1"}],"replies":[{"embeddable":true,"href":"https:\/\/lagh-univ.dz\/fr\/wp-json\/wp\/v2\/comments?post=10282"}],"version-history":[{"count":9,"href":"https:\/\/lagh-univ.dz\/fr\/wp-json\/wp\/v2\/pages\/10282\/revisions"}],"predecessor-version":[{"id":20174,"href":"https:\/\/lagh-univ.dz\/fr\/wp-json\/wp\/v2\/pages\/10282\/revisions\/20174"}],"up":[{"embeddable":true,"href":"https:\/\/lagh-univ.dz\/fr\/wp-json\/wp\/v2\/pages\/10235"}],"wp:attachment":[{"href":"https:\/\/lagh-univ.dz\/fr\/wp-json\/wp\/v2\/media?parent=10282"}],"wp:term":[{"taxonomy":"author","embeddable":true,"href":"https:\/\/lagh-univ.dz\/fr\/wp-json\/wp\/v2\/coauthors?post=10282"}],"curies":[{"name":"wp","href":"https:\/\/api.w.org\/{rel}","templated":true}]}}