{"id":20363,"date":"2019-12-07T08:41:46","date_gmt":"2019-12-07T10:41:46","guid":{"rendered":"https:\/\/lagh-univ.dz\/?page_id=20363"},"modified":"2019-12-07T08:50:25","modified_gmt":"2019-12-07T10:50:25","slug":"revues-bidayat","status":"publish","type":"page","link":"https:\/\/lagh-univ.dz\/fr\/revues-bidayat\/","title":{"rendered":"Revues-Bidayat"},"content":{"rendered":"<p dir=\"ltr\" style=\"text-align: center;\"><span style=\"font-family: 'Book Antiqua', Palatino; color: #ff0000; font-size: 14pt;\"><strong><u>Pr\u00e9sentation de la revue<\/u><\/strong><\/span><\/p>\n<p dir=\"ltr\" style=\"text-align: justify;\"><span style=\"font-family: 'Book Antiqua', Palatino; color: #000000; font-size: 14pt;\">BIDAYAT est une Revue universitaire trimestrielle internationale \u00e0\u00a0 comit\u00e9s de lecture scientifique et organes consultatifs internationaux\u00a0; elle s\u2019int\u00e9resse \u00e0 la publication des recherches et des \u00e9tudes linguistiques, litt\u00e9raires et critiques; aussi bien qu\u2019aux \u00a0\u00e9tudes intellectuelles dans le domaine des sciences humaines en g\u00e9n\u00e9ral, elle s\u2019attache aussi aux \u00a0recherches \u00a0et aux\u00a0 \u00e9tudes ayant trait \u00e0 la litt\u00e9rature mondiale \u00a0<\/span><\/p>\n<p dir=\"ltr\" style=\"text-align: justify;\"><span style=\"font-family: 'Book Antiqua', Palatino; color: #000000; font-size: 14pt;\">La revue \u00a0re\u00e7oit des recherches et des \u00e9tudes s\u00e9rieuses en langues arabe, anglaise, espagnole et fran\u00e7aise et traite \u00e9galement des activit\u00e9s scientifiques et universitaires par le biais de s\u00e9minaires et de colloques nationales et internationales qui r\u00e9pondent aux exigences \u00a0et aux r\u00e8gles scientifiques et m\u00e9thodologiques qui les qualifient pour la publication.<\/span><\/p>\n<p dir=\"ltr\" style=\"text-align: justify;\"><span style=\"font-family: 'Book Antiqua', Palatino; color: #000000; font-size: 14pt;\">Elle est sous la supervision de deux instances scientifiques\u00a0:<\/span><\/p>\n<ul dir=\"ltr\" style=\"text-align: justify;\">\n<li><span style=\"font-family: 'Book Antiqua', Palatino; color: #000000; font-size: 14pt;\">Une instance consultative compos\u00e9e d\u2019universitaires et de chercheurs universitaires hautement qualifi\u00e9s, de l\u2019int\u00e9rieur du pays et de l\u2019\u00e9tranger.<\/span><\/li>\n<li><span style=\"font-family: 'Book Antiqua', Palatino; color: #000000; font-size: 14pt;\">Une instance scientifique compos\u00e9e d\u2019enseignant-chercheurs, elle se r\u00e9unit p\u00e9riodiquement pour \u00e9valuer les recherches et les articles.<\/span><\/li>\n<\/ul>\n<p dir=\"ltr\" style=\"text-align: justify;\"><span style=\"font-family: 'Book Antiqua', Palatino; color: #000000; font-size: 14pt;\">La revue BIDAYAT \u00a0\u00a0qui publie son troisi\u00e8me num\u00e9ro, suscite \u00a0un grand engouement parmi \u00a0les chercheurs et les universitaires de l\u2019int\u00e9rieur du pays comme ceux de l\u2019ext\u00e9rieur.<\/span><\/p>\n<p dir=\"ltr\" style=\"text-align: center;\"><span style=\"font-family: 'Book Antiqua', Palatino; color: #ff0000; font-size: 14pt;\"><strong><u>Les objectifs de la revue\u00a0<\/u><\/strong><\/span><\/p>\n<p dir=\"ltr\" style=\"text-align: justify;\"><span style=\"font-family: 'Book Antiqua', Palatino; color: #000000; font-size: 14pt;\"><strong><u><br \/>\n<\/u><\/strong>\u00a0\u00a0\u00a0\u00a0\u00a0\u00a0\u00a0 L\u2019objectif de la revue BIDAYAT est de contribuer au d\u00e9veloppement de la recherche litt\u00e9raire et linguistique, des questions du patrimoine, de la modernit\u00e9 et des sciences humaines en g\u00e9n\u00e9ral via la publication de recherches universitaires et d\u2019\u00e9tudes d\u2019une grande valeur scientifique.<\/span><\/p>\n<p dir=\"ltr\" style=\"text-align: justify;\"><span style=\"font-family: 'Book Antiqua', Palatino; color: #000000; font-size: 14pt;\"><strong>Correspondance<\/strong>\u00a0: Les recherches et les articles scientifiques doivent \u00eatre envoy\u00e9s sur le courrier \u00e9lectronique\u00a0:<\/span><\/p>\n<p dir=\"ltr\" style=\"text-align: justify;\"><span style=\"font-family: 'Book Antiqua', Palatino; color: #000000; font-size: 14pt;\"><a style=\"color: #000000;\" href=\"mailto:revue.bidayat@gmail.com\">revue.bidayat@gmail.com<\/a><\/span><\/p>\n<p dir=\"ltr\" style=\"text-align: justify;\"><span style=\"font-family: 'Book Antiqua', Palatino; color: #000000; font-size: 14pt;\"><a style=\"color: #000000;\" href=\"mailto:bidayat@lagh-univ.dz\">bidayat@lagh-univ.dz<\/a><\/span><\/p>\n","protected":false},"excerpt":{"rendered":"<p>Pr\u00e9sentation de la revue BIDAYAT est une Revue universitaire trimestrielle internationale \u00e0\u00a0 comit\u00e9s de lecture scientifique et organes consultatifs internationaux\u00a0; elle s\u2019int\u00e9resse \u00e0 la publication des recherches et des \u00e9tudes linguistiques, litt\u00e9raires et critiques; aussi bien qu\u2019aux \u00a0\u00e9tudes intellectuelles dans le domaine des sciences humaines en g\u00e9n\u00e9ral, elle s\u2019attache aussi aux \u00a0recherches \u00a0et aux\u00a0 \u00e9tudes [&hellip;]<\/p>\n","protected":false},"author":1,"featured_media":0,"parent":0,"menu_order":0,"comment_status":"closed","ping_status":"closed","template":"elementor_header_footer","meta":{"_exactmetrics_skip_tracking":false,"_exactmetrics_sitenote_active":false,"_exactmetrics_sitenote_note":"","_exactmetrics_sitenote_category":0,"footnotes":""},"coauthors":[217],"class_list":["post-20363","page","type-page","status-publish","hentry"],"_links":{"self":[{"href":"https:\/\/lagh-univ.dz\/fr\/wp-json\/wp\/v2\/pages\/20363","targetHints":{"allow":["GET"]}}],"collection":[{"href":"https:\/\/lagh-univ.dz\/fr\/wp-json\/wp\/v2\/pages"}],"about":[{"href":"https:\/\/lagh-univ.dz\/fr\/wp-json\/wp\/v2\/types\/page"}],"author":[{"embeddable":true,"href":"https:\/\/lagh-univ.dz\/fr\/wp-json\/wp\/v2\/users\/1"}],"replies":[{"embeddable":true,"href":"https:\/\/lagh-univ.dz\/fr\/wp-json\/wp\/v2\/comments?post=20363"}],"version-history":[{"count":4,"href":"https:\/\/lagh-univ.dz\/fr\/wp-json\/wp\/v2\/pages\/20363\/revisions"}],"predecessor-version":[{"id":20367,"href":"https:\/\/lagh-univ.dz\/fr\/wp-json\/wp\/v2\/pages\/20363\/revisions\/20367"}],"wp:attachment":[{"href":"https:\/\/lagh-univ.dz\/fr\/wp-json\/wp\/v2\/media?parent=20363"}],"wp:term":[{"taxonomy":"author","embeddable":true,"href":"https:\/\/lagh-univ.dz\/fr\/wp-json\/wp\/v2\/coauthors?post=20363"}],"curies":[{"name":"wp","href":"https:\/\/api.w.org\/{rel}","templated":true}]}}