{"id":20758,"date":"2019-12-12T11:51:17","date_gmt":"2019-12-12T13:51:17","guid":{"rendered":"https:\/\/lagh-univ.dz\/?page_id=20758"},"modified":"2020-02-06T10:00:45","modified_gmt":"2020-02-06T12:00:45","slug":"metamat","status":"publish","type":"page","link":"https:\/\/lagh-univ.dz\/fr\/laboratoires-des-recherches-ltss-equipes-de-recherche\/metamat\/","title":{"rendered":"METAMAT"},"content":{"rendered":"<p>&nbsp;<\/p>\n<p>&nbsp;<\/p>\n<p style=\"text-align: center;\"><strong>Laboratoire de T\u00e9l\u00e9communications, Signaux et Syst\u00e8mes<\/strong><\/p>\n<p>&nbsp;<\/p>\n<table style=\"height: 120px; width: 809px;\" width=\"245\">\n<tbody>\n<tr style=\"height: 72px;\">\n<td style=\"width: 422.383px; height: 72px;\"><a href=\"https:\/\/lagh-univ.dz\/fr\/laboratoires-des-recherches-ltss-equipes-de-recherche\/metamat\/\"><span style=\"color: #0000ff;\"><strong>Equipe 1\u00a0: M\u00e9tamat\u00e9riaux et Mat\u00e9riaux \u00e0 Bandes Interdites \u00c9lectromagn\u00e9tiques<\/strong><\/span><\/a><\/td>\n<td style=\"width: 370.617px; height: 72px;\"><span style=\"color: #0000ff;\"><a style=\"color: #0000ff;\" href=\"https:\/\/lagh-univ.dz\/fr\/laboratoires-des-recherches-ltss-equipes-de-recherche\/hshf\/\"><strong>Equipe 2 : H\u00e9t\u00e9ro Structure et Hyperefr\u00e9quences<\/strong><\/a><\/span><\/td>\n<\/tr>\n<tr style=\"height: 48px;\">\n<td style=\"width: 422.383px; height: 48px;\"><span style=\"color: #0000ff;\"><a style=\"color: #0000ff;\" href=\"https:\/\/lagh-univ.dz\/fr\/laboratoires-des-recherches-ltss-equipes-de-recherche\/sip\/\"><strong>Equipe 3 :\u00a0 Signal, Imagerie et Parole<\/strong><\/a><\/span><\/td>\n<td style=\"width: 370.617px; height: 48px;\"><span style=\"color: #0000ff;\"><a style=\"color: #0000ff;\" href=\"https:\/\/lagh-univ.dz\/fr\/laboratoires-des-recherches-ltss-equipes-de-recherche\/cs\/\"><strong>Equipe 4 :\u00a0 Contr\u00f4le de Syst\u00e8mes<\/strong><\/a><\/span><\/td>\n<\/tr>\n<\/tbody>\n<\/table>\n<p><strong>\u00a0\u00a0\u00a0\u00a0\u00a0 <\/strong><strong>Equipe 1\u00a0: M\u00e9tamat\u00e9riaux et Mat\u00e9riaux \u00e0 Bandes Interdites \u00c9lectromagn\u00e9tiques<\/strong><\/p>\n<p><strong>Chef d\u2019\u00e9quipe\u00a0: Professeur BOUZOUAD Mouloud<\/strong><\/p>\n<p dir=\"ltr\">\u00a0Membres :<\/p>\n<table dir=\"ltr\" width=\"656\">\n<tbody>\n<tr>\n<td>Nom<\/td>\n<td>Pr\u00e9nom<\/td>\n<td>Grade<\/td>\n<\/tr>\n<tr>\n<td width=\"173\">BOUZOUAD<\/td>\n<td width=\"110\">Mouloud<\/td>\n<td>Professeur<\/td>\n<\/tr>\n<tr>\n<td>Benabdelkrim<\/td>\n<td>Abdelkrim<\/td>\n<td>MAA<\/td>\n<\/tr>\n<tr>\n<td>Bouras<\/td>\n<td>Khedidja<\/td>\n<td>Doctorant<\/td>\n<\/tr>\n<tr>\n<td>LABIAD<\/td>\n<td>Abdelhadi<\/td>\n<td>Doctorant<\/td>\n<\/tr>\n<tr>\n<td>Attachi<\/td>\n<td>Sidali<\/td>\n<td>Doctorant<\/td>\n<\/tr>\n<\/tbody>\n<\/table>\n<p dir=\"ltr\">L\u2019objectif de recherche de cette \u00e9quipe est de concevoir et de d\u00e9velopper de nouvelles structures m\u00e9tamat\u00e9riaux 2D et 2D+1\/2, agiles. \u00a0L\u2019id\u00e9e principale r\u00e9side dans la possibilit\u00e9, en agissant sur chaque cellule \u00e9l\u00e9mentaire composant la structure m\u00e9tamat\u00e9riaux (2D ou 2D+1\/2), de programmer son comportement et d\u2019obtenir des r\u00e9ponses \u00e9lectromagn\u00e9tiques \u00e0 la carte et \u00ab taill\u00e9es sur mesure \u00bb, ce qui permet de r\u00e9aliser des structures agiles ayant des param\u00e8tres effectifs programmables. Par empilement de ces structures planaires (2D) et agiles, il est possible de r\u00e9aliser des mat\u00e9riaux 3D, plus pr\u00e9cis\u00e9ment (2D+1\/2), agiles dont on peut programmer, en temps r\u00e9el, le comportement \u00e9lectromagn\u00e9tique de tout volume arbitraire du mat\u00e9riau.<\/p>\n<p dir=\"ltr\">Une premi\u00e8re application de ces structures agiles est la conception d\u2019antennes agiles, dont il est possible de contr\u00f4ler, en temps r\u00e9el, les caract\u00e9ristiques d\u2019une (gain, fr\u00e9quence de travail et diagramme de rayonnement).<\/p>\n<p dir=\"ltr\">Une deuxi\u00e8me application innovante consiste \u00e0 concevoir des rad\u00f4mes agiles qui en plus d\u2019assurer les propri\u00e9t\u00e9s a\u00e9rodynamiques et de transparence requises, doivent permettre d\u2019am\u00e9liorer et de contr\u00f4ler les performances des antennes qu\u2019ils prot\u00e8gent. L\u2019agilit\u00e9 des rad\u00f4mes est une exigence de la furtivit\u00e9 qui est un point important pour les activit\u00e9s li\u00e9es \u00e0 la d\u00e9fense (Guerre Electronique).<\/p>\n<p dir=\"ltr\">Il est envisageable aussi d\u2019utiliser ces structures agiles, pour modifier la SER (Surface Equivalente Radar) des radars. Les m\u00e9tamat\u00e9riaux offrent des possibilit\u00e9s int\u00e9ressantes pour modifier la SER des objets qui est un param\u00e8tre essentiel dans les applications radar. La SER permet entre autre de d\u00e9terminer si une cible sera d\u00e9tectable ou non par un radar. et fournit \u00e9galement des informations permettant son identification.<\/p>\n<p dir=\"ltr\">Finalement, les r\u00e9sultats des simulations seront Confront\u00e9s aux mesures exp\u00e9rimentales : Extraction des param\u00e8tres constitutifs effectifs et de l\u2019indice de r\u00e9fraction.<\/p>\n<p dir=\"ltr\">Caract\u00e9riser exp\u00e9rimentalement les antennes agiles, en mesurant leurs gains et leurs diagrammes de rayonnement de ces antennes.<\/p>\n","protected":false},"excerpt":{"rendered":"<p>&nbsp; &nbsp; Laboratoire de T\u00e9l\u00e9communications, Signaux et Syst\u00e8mes &nbsp; Equipe 1\u00a0: M\u00e9tamat\u00e9riaux et Mat\u00e9riaux \u00e0 Bandes Interdites \u00c9lectromagn\u00e9tiques Equipe 2 : H\u00e9t\u00e9ro Structure et Hyperefr\u00e9quences Equipe 3 :\u00a0 Signal, Imagerie et Parole Equipe 4 :\u00a0 Contr\u00f4le de Syst\u00e8mes \u00a0\u00a0\u00a0\u00a0\u00a0 Equipe 1\u00a0: M\u00e9tamat\u00e9riaux et Mat\u00e9riaux \u00e0 Bandes Interdites \u00c9lectromagn\u00e9tiques Chef d\u2019\u00e9quipe\u00a0: Professeur BOUZOUAD Mouloud \u00a0Membres : [&hellip;]<\/p>\n","protected":false},"author":27,"featured_media":0,"parent":8897,"menu_order":0,"comment_status":"closed","ping_status":"closed","template":"","meta":{"_exactmetrics_skip_tracking":false,"_exactmetrics_sitenote_active":false,"_exactmetrics_sitenote_note":"","_exactmetrics_sitenote_category":0,"footnotes":""},"coauthors":[555],"class_list":["post-20758","page","type-page","status-publish","hentry"],"_links":{"self":[{"href":"https:\/\/lagh-univ.dz\/fr\/wp-json\/wp\/v2\/pages\/20758","targetHints":{"allow":["GET"]}}],"collection":[{"href":"https:\/\/lagh-univ.dz\/fr\/wp-json\/wp\/v2\/pages"}],"about":[{"href":"https:\/\/lagh-univ.dz\/fr\/wp-json\/wp\/v2\/types\/page"}],"author":[{"embeddable":true,"href":"https:\/\/lagh-univ.dz\/fr\/wp-json\/wp\/v2\/users\/27"}],"replies":[{"embeddable":true,"href":"https:\/\/lagh-univ.dz\/fr\/wp-json\/wp\/v2\/comments?post=20758"}],"version-history":[{"count":9,"href":"https:\/\/lagh-univ.dz\/fr\/wp-json\/wp\/v2\/pages\/20758\/revisions"}],"predecessor-version":[{"id":23615,"href":"https:\/\/lagh-univ.dz\/fr\/wp-json\/wp\/v2\/pages\/20758\/revisions\/23615"}],"up":[{"embeddable":true,"href":"https:\/\/lagh-univ.dz\/fr\/wp-json\/wp\/v2\/pages\/8897"}],"wp:attachment":[{"href":"https:\/\/lagh-univ.dz\/fr\/wp-json\/wp\/v2\/media?parent=20758"}],"wp:term":[{"taxonomy":"author","embeddable":true,"href":"https:\/\/lagh-univ.dz\/fr\/wp-json\/wp\/v2\/coauthors?post=20758"}],"curies":[{"name":"wp","href":"https:\/\/api.w.org\/{rel}","templated":true}]}}