{"id":20768,"date":"2019-12-12T12:09:32","date_gmt":"2019-12-12T14:09:32","guid":{"rendered":"https:\/\/lagh-univ.dz\/?page_id=20768"},"modified":"2019-12-12T12:11:29","modified_gmt":"2019-12-12T14:11:29","slug":"hshf","status":"publish","type":"page","link":"https:\/\/lagh-univ.dz\/fr\/laboratoires-des-recherches-ltss-equipes-de-recherche\/hshf\/","title":{"rendered":"hshf"},"content":{"rendered":"<p>&nbsp;<\/p>\n<p><strong>Laboratoire de T\u00e9l\u00e9communications, Signaux et Syst\u00e8mes<\/strong><\/p>\n<p>&nbsp;<\/p>\n<table width=\"245\">\n<tbody>\n<tr>\n<td><a href=\"https:\/\/lagh-univ.dz\/fr\/laboratoires-des-recherches-ltss-equipes-de-recherche\/metamat\/\"><strong>Equipe 1\u00a0: M\u00e9tamat\u00e9riaux et Mat\u00e9riaux \u00e0 Bandes Interdites \u00c9lectromagn\u00e9tiques<\/strong><\/a><\/td>\n<td><a href=\"https:\/\/lagh-univ.dz\/fr\/laboratoires-des-recherches-ltss-equipes-de-recherche\/hshf\/\"><strong>Equipe 2 : H\u00e9t\u00e9ro Structure et Hyperefr\u00e9quences<\/strong><\/a><\/td>\n<\/tr>\n<tr>\n<td><a href=\"https:\/\/lagh-univ.dz\/fr\/laboratoires-des-recherches-ltss-equipes-de-recherche\/sir\/\"><strong>Equipe 3 :\u00a0 Signal, Imagerie et Parole<\/strong><\/a><\/td>\n<td><a href=\"https:\/\/lagh-univ.dz\/fr\/laboratoires-des-recherches-ltss-equipes-de-recherche\/cs\/\"><strong>Equipe 4 :\u00a0 Contr\u00f4le de Syst\u00e8mes<\/strong><\/a><\/td>\n<\/tr>\n<\/tbody>\n<\/table>\n<p><strong>\u00a0\u00a0\u00a0\u00a0\u00a0<\/strong><\/p>\n<p dir=\"ltr\"><a href=\"https:\/\/lagh-univ.dz\/fr\/laboratoires-des-recherches-ltss-equipes-de-recherche\/hshf\/\"><strong>Equipe 2 : H\u00e9t\u00e9ro Structure et Hyperefr\u00e9quences<\/strong><\/a><\/p>\n<p dir=\"ltr\"><strong>Chef d\u2019\u00e9quipe : Professeur ZERDOUM Rachid<\/strong><\/p>\n<p dir=\"ltr\"><strong>\u00a0Membres :<\/strong><\/p>\n<table dir=\"ltr\" width=\"656\">\n<tbody>\n<tr>\n<td>Nom<\/td>\n<td>Pr\u00e9nom<\/td>\n<td>Grade<\/td>\n<\/tr>\n<tr>\n<td>ZERDOUM<\/td>\n<td>Mouloud<\/td>\n<td>Professeur<\/td>\n<\/tr>\n<tr>\n<td>Tidjani<\/td>\n<td>Nassima<\/td>\n<td>MCB<\/td>\n<\/tr>\n<tr>\n<td>Sonne<\/td>\n<td>Abdelkader<\/td>\n<td>MCB<\/td>\n<\/tr>\n<tr>\n<td>Ouchar<\/td>\n<td>Ali<\/td>\n<td>Professeur<\/td>\n<\/tr>\n<tr>\n<td>Belmecheri<\/td>\n<td>Mecheri Zeid<\/td>\n<td>Doctorant<\/td>\n<\/tr>\n<\/tbody>\n<\/table>\n","protected":false},"excerpt":{"rendered":"<p>&nbsp; Laboratoire de T\u00e9l\u00e9communications, Signaux et Syst\u00e8mes &nbsp; Equipe 1\u00a0: M\u00e9tamat\u00e9riaux et Mat\u00e9riaux \u00e0 Bandes Interdites \u00c9lectromagn\u00e9tiques Equipe 2 : H\u00e9t\u00e9ro Structure et Hyperefr\u00e9quences Equipe 3 :\u00a0 Signal, Imagerie et Parole Equipe 4 :\u00a0 Contr\u00f4le de Syst\u00e8mes \u00a0\u00a0\u00a0\u00a0\u00a0 Equipe 2 : H\u00e9t\u00e9ro Structure et Hyperefr\u00e9quences Chef d\u2019\u00e9quipe : Professeur ZERDOUM Rachid \u00a0Membres : Nom Pr\u00e9nom [&hellip;]<\/p>\n","protected":false},"author":27,"featured_media":0,"parent":8897,"menu_order":0,"comment_status":"closed","ping_status":"closed","template":"","meta":{"_exactmetrics_skip_tracking":false,"_exactmetrics_sitenote_active":false,"_exactmetrics_sitenote_note":"","_exactmetrics_sitenote_category":0,"footnotes":""},"coauthors":[555],"class_list":["post-20768","page","type-page","status-publish","hentry"],"_links":{"self":[{"href":"https:\/\/lagh-univ.dz\/fr\/wp-json\/wp\/v2\/pages\/20768","targetHints":{"allow":["GET"]}}],"collection":[{"href":"https:\/\/lagh-univ.dz\/fr\/wp-json\/wp\/v2\/pages"}],"about":[{"href":"https:\/\/lagh-univ.dz\/fr\/wp-json\/wp\/v2\/types\/page"}],"author":[{"embeddable":true,"href":"https:\/\/lagh-univ.dz\/fr\/wp-json\/wp\/v2\/users\/27"}],"replies":[{"embeddable":true,"href":"https:\/\/lagh-univ.dz\/fr\/wp-json\/wp\/v2\/comments?post=20768"}],"version-history":[{"count":3,"href":"https:\/\/lagh-univ.dz\/fr\/wp-json\/wp\/v2\/pages\/20768\/revisions"}],"predecessor-version":[{"id":20771,"href":"https:\/\/lagh-univ.dz\/fr\/wp-json\/wp\/v2\/pages\/20768\/revisions\/20771"}],"up":[{"embeddable":true,"href":"https:\/\/lagh-univ.dz\/fr\/wp-json\/wp\/v2\/pages\/8897"}],"wp:attachment":[{"href":"https:\/\/lagh-univ.dz\/fr\/wp-json\/wp\/v2\/media?parent=20768"}],"wp:term":[{"taxonomy":"author","embeddable":true,"href":"https:\/\/lagh-univ.dz\/fr\/wp-json\/wp\/v2\/coauthors?post=20768"}],"curies":[{"name":"wp","href":"https:\/\/api.w.org\/{rel}","templated":true}]}}