{"id":20772,"date":"2019-12-12T12:16:33","date_gmt":"2019-12-12T14:16:33","guid":{"rendered":"https:\/\/lagh-univ.dz\/?page_id=20772"},"modified":"2019-12-12T12:19:50","modified_gmt":"2019-12-12T14:19:50","slug":"sip","status":"publish","type":"page","link":"https:\/\/lagh-univ.dz\/fr\/laboratoires-des-recherches-ltss-equipes-de-recherche\/sip\/","title":{"rendered":"SIP"},"content":{"rendered":"<p><strong>Laboratoire de T\u00e9l\u00e9communications, Signaux et Syst\u00e8mes<\/strong><\/p>\n<p>&nbsp;<\/p>\n<table style=\"width: 723px\" width=\"245\">\n<tbody>\n<tr>\n<td style=\"width: 362.517px\"><a href=\"https:\/\/lagh-univ.dz\/fr\/laboratoires-des-recherches-ltss-equipes-de-recherche\/metamat\/\"><strong>Equipe 1\u00a0: M\u00e9tamat\u00e9riaux et Mat\u00e9riaux \u00e0 Bandes Interdites \u00c9lectromagn\u00e9tiques<\/strong><\/a><\/td>\n<td style=\"width: 344.483px\"><a href=\"https:\/\/lagh-univ.dz\/fr\/laboratoires-des-recherches-ltss-equipes-de-recherche\/hshf\/\"><strong>Equipe 2 : H\u00e9t\u00e9ro Structure et Hyperefr\u00e9quences<\/strong><\/a><\/td>\n<\/tr>\n<tr>\n<td style=\"width: 362.517px\"><a href=\"https:\/\/lagh-univ.dz\/fr\/laboratoires-des-recherches-ltss-equipes-de-recherche\/sip\/\"><strong>Equipe 3 :\u00a0 Signal, Imagerie et Parole<\/strong><\/a><\/td>\n<td style=\"width: 344.483px\"><a href=\"https:\/\/lagh-univ.dz\/fr\/laboratoires-des-recherches-ltss-equipes-de-recherche\/cs\/\"><strong>Equipe 4 :\u00a0 Contr\u00f4le de Syst\u00e8mes<\/strong><\/a><\/td>\n<\/tr>\n<\/tbody>\n<\/table>\n<p><strong>\u00a0\u00a0\u00a0\u00a0<\/strong><\/p>\n<p dir=\"ltr\"><a href=\"https:\/\/lagh-univ.dz\/fr\/laboratoires-des-recherches-ltss-equipes-de-recherche\/sip\/\"><strong>Equipe 3 :\u00a0 Signal, Imagerie et Parole<\/strong><\/a><\/p>\n<p dir=\"ltr\"><strong>Chef d\u2019\u00e9quipe : Professeur CHOUIREB Fatima<\/strong><\/p>\n<p dir=\"ltr\"><strong>\u00a0Membres :<\/strong><\/p>\n<table dir=\"ltr\" width=\"656\">\n<tbody>\n<tr>\n<td>Nom<\/td>\n<td>Pr\u00e9nom<\/td>\n<td>Grade<\/td>\n<\/tr>\n<tr>\n<td>CHOUIREB<\/td>\n<td>Fatima<\/td>\n<td>Professeur<\/td>\n<\/tr>\n<tr>\n<td>CHELLALI<\/td>\n<td>Sefouane<\/td>\n<td>MCB<\/td>\n<\/tr>\n<tr>\n<td>BENKOUIDER<\/td>\n<td>Fatiha<\/td>\n<td>MCB<\/td>\n<\/tr>\n<tr>\n<td>KORIBA<\/td>\n<td>Mustapha<\/td>\n<td>MAA<\/td>\n<\/tr>\n<tr>\n<td>REGUIEGUE<\/td>\n<td>Mourad<\/td>\n<td>MCB<\/td>\n<\/tr>\n<tr>\n<td>SEHAIRI<\/td>\n<td>Kamel<\/td>\n<td>MCB<\/td>\n<\/tr>\n<tr>\n<td>FEKNOUS<\/td>\n<td>Safia<\/td>\n<td>MAA<\/td>\n<\/tr>\n<tr>\n<td>ZITOUNI<\/td>\n<td>Abdelkader<\/td>\n<td>MAA<\/td>\n<\/tr>\n<tr>\n<td>ZAIANI<\/td>\n<td>Mohamed<\/td>\n<td>MAA<\/td>\n<\/tr>\n<tr>\n<td>KERDJIDJ<\/td>\n<td>Oussama<\/td>\n<td>MCB<\/td>\n<\/tr>\n<tr>\n<td style=\"text-align: justify\">BIRANE<\/td>\n<td style=\"text-align: justify\">Abdelkader<\/td>\n<td style=\"text-align: justify\">MAA<\/td>\n<\/tr>\n<tr style=\"text-align: justify\">\n<td>BENCHERIF<\/td>\n<td>Aissa<\/td>\n<td>Doctorant<\/td>\n<\/tr>\n<tr style=\"text-align: justify\">\n<td>AHMINE<\/td>\n<td>Yassine<\/td>\n<td>Doctorant<\/td>\n<\/tr>\n<\/tbody>\n<\/table>\n<p dir=\"ltr\" style=\"text-align: justify\">Les actions de recherche envisag\u00e9es par cette \u00e9quipe, portent sur trois axes principaux : le traitement automatique de la parole et la synth\u00e8se vocale, l&rsquo;analyse et la synth\u00e8se des images satellitaires, et la vision artificielle et ses applications en robotique mobile \u00e0 savoir: l&rsquo;asservissement visuel et le SLAM (Localisation et Cartographie Simultan\u00e9es) .<\/p>\n<p dir=\"ltr\" style=\"text-align: justify\"><strong>Axe A: traitement automatique de la parole et synth\u00e8se vocale<\/strong><\/p>\n<p dir=\"ltr\" style=\"text-align: justify\">Nous nous int\u00e9ressons au traitement et \u00e0 la synth\u00e8se de la parole . Entre autre, au probl\u00e8me de la reconnaissance robuste de la parole continue dans diff\u00e9rents environnements, comme dans les surfaces commerciales, les environnements mobiles ou tout autre sc\u00e9nario o\u00f9 le bruit de fond est in\u00e9vitable. Un autre aspect de nos objectifs concerne l&rsquo;utilisation de l\u2019information audio-visuelle pour l\u2019am\u00e9lioration des performances des syst\u00e8mes de reconnaissance de la parole sur un syst\u00e8me mobile.<\/p>\n<p dir=\"ltr\" style=\"text-align: justify\"><strong>Axe B : Syst\u00e8mes d\u2019information urbain pour la gestion de l\u2019espace<\/strong><\/p>\n<p dir=\"ltr\" style=\"text-align: justify\">Les techniques de t\u00e9l\u00e9d\u00e9tection disponibles, utilisant des v\u00e9hicules spatiaux, r\u00e9pondent ais\u00e9ment aux probl\u00e8mes d\u2019informations en fournissant p\u00e9riodiquement des informations rapides et pr\u00e9cises et \u00e0 jours. L\u2019imagerie satellitaires trait\u00e9e et int\u00e9gr\u00e9e dans un syst\u00e8me d\u2019information urbain constitue, \u00e0 cet effet, un moyen efficace et rapide pour estimer l\u2019\u00e9valuation d&rsquo;un paysage urbain et proposer des sc\u00e9narios de d\u00e9veloppent harmonieux.<\/p>\n<p dir=\"ltr\" style=\"text-align: justify\"><strong>Axe C: Vision artificielle en robotique mobile<\/strong><\/p>\n<p dir=\"ltr\" style=\"text-align: justify\">La localisation pr\u00e9cise d&rsquo;un robot mobile dans son environnement et la r\u00e9alisation d&rsquo;une carte de cet environnement (SLAM), ainsi que les m\u00e9thodes d&rsquo;asservissement visuel permettent de doter le robot d&rsquo;une certaine intelligente lui conf\u00e9rant la capacit\u00e9 de naviguer de mani\u00e8re autonome dans cet environnement et d&rsquo;effectuer les taches confi\u00e9es. Notre onjectifs est d&rsquo;apporter notre contribution dans ce domaine.<\/p>\n","protected":false},"excerpt":{"rendered":"<p>Laboratoire de T\u00e9l\u00e9communications, Signaux et Syst\u00e8mes &nbsp; Equipe 1\u00a0: M\u00e9tamat\u00e9riaux et Mat\u00e9riaux \u00e0 Bandes Interdites \u00c9lectromagn\u00e9tiques Equipe 2 : H\u00e9t\u00e9ro Structure et Hyperefr\u00e9quences Equipe 3 :\u00a0 Signal, Imagerie et Parole Equipe 4 :\u00a0 Contr\u00f4le de Syst\u00e8mes \u00a0\u00a0\u00a0\u00a0 Equipe 3 :\u00a0 Signal, Imagerie et Parole Chef d\u2019\u00e9quipe : Professeur CHOUIREB Fatima \u00a0Membres : Nom Pr\u00e9nom Grade [&hellip;]<\/p>\n","protected":false},"author":27,"featured_media":0,"parent":8897,"menu_order":0,"comment_status":"closed","ping_status":"closed","template":"","meta":{"_exactmetrics_skip_tracking":false,"_exactmetrics_sitenote_active":false,"_exactmetrics_sitenote_note":"","_exactmetrics_sitenote_category":0,"footnotes":""},"coauthors":[555],"class_list":["post-20772","page","type-page","status-publish","hentry"],"_links":{"self":[{"href":"https:\/\/lagh-univ.dz\/fr\/wp-json\/wp\/v2\/pages\/20772","targetHints":{"allow":["GET"]}}],"collection":[{"href":"https:\/\/lagh-univ.dz\/fr\/wp-json\/wp\/v2\/pages"}],"about":[{"href":"https:\/\/lagh-univ.dz\/fr\/wp-json\/wp\/v2\/types\/page"}],"author":[{"embeddable":true,"href":"https:\/\/lagh-univ.dz\/fr\/wp-json\/wp\/v2\/users\/27"}],"replies":[{"embeddable":true,"href":"https:\/\/lagh-univ.dz\/fr\/wp-json\/wp\/v2\/comments?post=20772"}],"version-history":[{"count":4,"href":"https:\/\/lagh-univ.dz\/fr\/wp-json\/wp\/v2\/pages\/20772\/revisions"}],"predecessor-version":[{"id":20777,"href":"https:\/\/lagh-univ.dz\/fr\/wp-json\/wp\/v2\/pages\/20772\/revisions\/20777"}],"up":[{"embeddable":true,"href":"https:\/\/lagh-univ.dz\/fr\/wp-json\/wp\/v2\/pages\/8897"}],"wp:attachment":[{"href":"https:\/\/lagh-univ.dz\/fr\/wp-json\/wp\/v2\/media?parent=20772"}],"wp:term":[{"taxonomy":"author","embeddable":true,"href":"https:\/\/lagh-univ.dz\/fr\/wp-json\/wp\/v2\/coauthors?post=20772"}],"curies":[{"name":"wp","href":"https:\/\/api.w.org\/{rel}","templated":true}]}}